{"id":1012,"date":"2024-03-12T12:55:35","date_gmt":"2024-03-12T09:55:35","guid":{"rendered":"http:\/\/wp.dogadernegi.net\/?page_id=1012"},"modified":"2025-08-21T17:25:03","modified_gmt":"2025-08-21T14:25:03","slug":"urfa-bozkirlari","status":"publish","type":"page","link":"https:\/\/dogadernegi.org\/tr\/calismalarimiz\/ekosistemler\/bozkirlar\/urfa-bozkirlari\/","title":{"rendered":"Urfa Bozk\u0131rlar\u0131"},"content":{"rendered":"\n<div class=\"wp-block-uagb-container container uagb-block-788621ff alignfull uagb-is-root-container\"><div class=\"uagb-container-inner-blocks-wrap\">\n<p>T\u00fcrkiye\u2019nin en geni\u015f bozk\u0131r ekosistemlerinden biri olan Urfa Bozk\u0131rlar\u0131, nesli tehlike alt\u0131nda olan ceylan, \u00e7izgili s\u0131rtlan, uzun kulakl\u0131 \u00e7\u00f6l kirpisi, toy, \u00e7\u00f6l ko\u015far\u0131, kelaynak, \u00e7\u00f6l varan\u0131 ve F\u0131rat kaplumba\u011fas\u0131 gibi bir\u00e7ok t\u00fcre ev sahipli\u011fi yapar.<\/p>\n\n\n\n<p>Urfa Bozk\u0131rlar\u0131\u2019ndaki ya\u015fam\u0131n\u0131n korunmas\u0131 i\u00e7in uzun y\u0131llard\u0131r \u00e7al\u0131\u015fmalar y\u00fcr\u00fct\u00fcyoruz. Urfa k\u00f6ylerindeki \u00e7ocuklara y\u00f6nelik e\u011fitim programlar\u0131 d\u00fczenliyor, \u00e7obanlar ve evde \u00e7al\u0131\u015fan kad\u0131nlar i\u00e7in \u00f6zel projeler ger\u00e7ekle\u015ftiriyoruz. Nadir t\u00fcrlerin ya\u015fad\u0131\u011f\u0131 alanlardaki \u00e7iftlik sahipleriyle birebir g\u00f6r\u00fc\u015ferek, bu canl\u0131lar\u0131n pestisitlerden korunmas\u0131 ve yuvalar\u0131n\u0131n tahrip edilmemesi i\u00e7in \u00f6nlemler al\u0131yoruz.<\/p>\n\n\n\n<p>Ancak yeni tar\u0131m alanlar\u0131n\u0131n a\u00e7\u0131lmas\u0131, sulama projeleri, tar\u0131mda kullan\u0131lan kimyasallar, ta\u015f ocaklar\u0131, avc\u0131l\u0131k, a\u015f\u0131r\u0131 otlatma ve barajlar bozk\u0131r ekosistemine b\u00fcy\u00fck zarar veriyor.&nbsp;<\/p>\n\n\n\n<p>B\u00f6lgede ger\u00e7ekle\u015ftirdi\u011fimiz \u00e7al\u0131\u015fmalarla Urfa Bozk\u0131rlar\u0131\u2019ndaki ceylanlar\u0131n say\u0131s\u0131n\u0131n 50\u2019den 500\u2019lere kadar y\u00fckselmesine yard\u0131mc\u0131 olduk. 2003 y\u0131l\u0131nda b\u00f6lgede sadece 25 birey olan kelaynaklar\u0131n say\u0131s\u0131, \u00e7al\u0131\u015fmalar\u0131m\u0131z\u0131n da katk\u0131s\u0131yla, 2015 y\u0131l\u0131nda yakla\u015f\u0131k 200 bireye ula\u015ft\u0131. T\u00fcrkiye\u2019de ya\u015fayan bir kertenkele t\u00fcr\u00fc olan \u00e7\u00f6l varan\u0131n\u0131 ilk kez g\u00f6r\u00fcnt\u00fcleyerek, bu t\u00fcr\u00fcn ya\u015fam alan\u0131n\u0131 k\u00f6yl\u00fclerle birlikte s\u00fcrekli g\u00f6zlem alt\u0131nda tuttuk. Ayr\u0131ca, Anadolu\u2019nun son s\u0131rtlanlar\u0131n\u0131 korumak amac\u0131yla, izleme \u00e7al\u0131\u015fmalar\u0131 ger\u00e7ekle\u015ftirdik ve insan &#8211; s\u0131rtlan \u00e7at\u0131\u015fmas\u0131n\u0131 \u00f6nlemek i\u00e7in b\u00f6lge halk\u0131yla ortakl\u0131klar geli\u015ftirdik. Nesli kritik d\u00fczeyde tehlike alt\u0131nda olan s\u00fcrmeli k\u0131zku\u015flar\u0131n\u0131n g\u00f6\u00e7 d\u00f6nemlerinde konaklad\u0131\u011f\u0131 alanlar\u0131 belirlemek amac\u0131yla her y\u0131l b\u00f6lgede g\u00f6n\u00fcll\u00fclerimizle saha \u00e7al\u0131\u015fmalar\u0131 ger\u00e7ekle\u015ftiriyoruz. Bu nadir canl\u0131lar\u0131n ya\u015fad\u0131\u011f\u0131 ekosistemlerin korunmas\u0131 ve geli\u015ftirilmesi i\u00e7in \u00e7al\u0131\u015fmalar\u0131m\u0131z\u0131 s\u00fcrd\u00fcr\u00fcyoruz.<\/p>\n<\/div><\/div>\n","protected":false},"excerpt":{"rendered":"<p>T\u00fcrkiye\u2019nin en geni\u015f bozk\u0131r ekosistemlerinden biri olan Urfa Bozk\u0131rlar\u0131, nesli tehlike alt\u0131nda olan ceylan, \u00e7izgili s\u0131rtlan, uzun kulakl\u0131 \u00e7\u00f6l kirpisi, toy, \u00e7\u00f6l ko\u015far\u0131, kelaynak, \u00e7\u00f6l varan\u0131 ve F\u0131rat kaplumba\u011fas\u0131 gibi bir\u00e7ok t\u00fcre ev sahipli\u011fi yapar. Urfa Bozk\u0131rlar\u0131\u2019ndaki ya\u015fam\u0131n\u0131n korunmas\u0131 i\u00e7in uzun y\u0131llard\u0131r \u00e7al\u0131\u015fmalar y\u00fcr\u00fct\u00fcyoruz. Urfa k\u00f6ylerindeki \u00e7ocuklara y\u00f6nelik e\u011fitim programlar\u0131 d\u00fczenliyor, \u00e7obanlar ve evde \u00e7al\u0131\u015fan [&#8230;]<\/p>\n<p><a class=\"dd-btn dd-btn-secondary text-sm\" href=\"https:\/\/dogadernegi.org\/tr\/calismalarimiz\/ekosistemler\/bozkirlar\/urfa-bozkirlari\/\">Daha Fazlas\u0131n\u0131 Oku&#8230;<span class=\"dd-sr-only\"> from Urfa Bozk\u0131rlar\u0131<\/span><\/a><\/p>\n","protected":false},"author":10,"featured_media":0,"parent":26462,"menu_order":0,"comment_status":"closed","ping_status":"closed","template":"page-templates\/fullheightcover.php","meta":{"_acf_changed":false,"_uag_custom_page_level_css":"","footnotes":""},"class_list":["post-1012","page","type-page","status-publish","hentry"],"acf":[],"uagb_featured_image_src":{"full":false,"thumbnail":false,"medium":false,"medium_large":false,"large":false,"1536x1536":false,"2048x2048":false},"uagb_author_info":{"display_name":"A. Erdem \u015eent\u00fcrk","author_link":"https:\/\/dogadernegi.org\/tr\/author\/erdem\/"},"uagb_comment_info":0,"uagb_excerpt":"T\u00fcrkiye\u2019nin en geni\u015f bozk\u0131r ekosistemlerinden biri olan Urfa Bozk\u0131rlar\u0131, nesli tehlike alt\u0131nda olan ceylan, \u00e7izgili s\u0131rtlan, uzun kulakl\u0131 \u00e7\u00f6l kirpisi, toy, \u00e7\u00f6l ko\u015far\u0131, kelaynak, \u00e7\u00f6l varan\u0131 ve F\u0131rat kaplumba\u011fas\u0131 gibi bir\u00e7ok t\u00fcre ev sahipli\u011fi yapar. Urfa Bozk\u0131rlar\u0131\u2019ndaki ya\u015fam\u0131n\u0131n korunmas\u0131 i\u00e7in uzun y\u0131llard\u0131r \u00e7al\u0131\u015fmalar y\u00fcr\u00fct\u00fcyoruz. Urfa k\u00f6ylerindeki \u00e7ocuklara y\u00f6nelik e\u011fitim programlar\u0131 d\u00fczenliyor, \u00e7obanlar ve evde \u00e7al\u0131\u015fan&hellip;","_links":{"self":[{"href":"https:\/\/dogadernegi.org\/tr\/wp-json\/wp\/v2\/pages\/1012","targetHints":{"allow":["GET"]}}],"collection":[{"href":"https:\/\/dogadernegi.org\/tr\/wp-json\/wp\/v2\/pages"}],"about":[{"href":"https:\/\/dogadernegi.org\/tr\/wp-json\/wp\/v2\/types\/page"}],"author":[{"embeddable":true,"href":"https:\/\/dogadernegi.org\/tr\/wp-json\/wp\/v2\/users\/10"}],"replies":[{"embeddable":true,"href":"https:\/\/dogadernegi.org\/tr\/wp-json\/wp\/v2\/comments?post=1012"}],"version-history":[{"count":0,"href":"https:\/\/dogadernegi.org\/tr\/wp-json\/wp\/v2\/pages\/1012\/revisions"}],"up":[{"embeddable":true,"href":"https:\/\/dogadernegi.org\/tr\/wp-json\/wp\/v2\/pages\/26462"}],"wp:attachment":[{"href":"https:\/\/dogadernegi.org\/tr\/wp-json\/wp\/v2\/media?parent=1012"}],"curies":[{"name":"wp","href":"https:\/\/api.w.org\/{rel}","templated":true}]}}