{"id":1015,"date":"2015-09-04T14:46:30","date_gmt":"2015-09-04T11:46:30","guid":{"rendered":"http:\/\/wp.dogadernegi.net\/?page_id=1015"},"modified":"2026-04-02T13:03:22","modified_gmt":"2026-04-02T10:03:22","slug":"kuslar-icin-guvenli-goc-yollari","status":"publish","type":"page","link":"https:\/\/dogadernegi.org\/tr\/kuslar-icin-guvenli-goc-yollari\/","title":{"rendered":"Ku\u015flar i\u00e7in G\u00fcvenli G\u00f6\u00e7 Yollar\u0131"},"content":{"rendered":"\n<figure class=\"wp-block-image size-large\"><img loading=\"lazy\" decoding=\"async\" width=\"1024\" height=\"683\" src=\"https:\/\/dogadernegi.org\/wp-content\/uploads\/2026\/03\/6-2-1-1024x683.jpg\" alt=\"\" class=\"wp-image-27952\" srcset=\"https:\/\/dogadernegi.org\/wp-content\/uploads\/2026\/03\/6-2-1-1024x683.jpg 1024w, https:\/\/dogadernegi.org\/wp-content\/uploads\/2026\/03\/6-2-1-300x200.jpg 300w, https:\/\/dogadernegi.org\/wp-content\/uploads\/2026\/03\/6-2-1-768x512.jpg 768w, https:\/\/dogadernegi.org\/wp-content\/uploads\/2026\/03\/6-2-1-1536x1024.jpg 1536w, https:\/\/dogadernegi.org\/wp-content\/uploads\/2026\/03\/6-2-1-2048x1366.jpg 2048w\" sizes=\"auto, (max-width: 1024px) 100vw, 1024px\" \/><\/figure>\n\n\n\n<p>T\u00fcrkiye, biyo\u00e7e\u015fitlilik a\u00e7\u0131s\u0131ndan \u00f6zel olarak tan\u0131mlanan D\u00fcnya\u2019daki 36 s\u0131cak noktan\u0131n \u00fc\u00e7\u00fcn\u00fc s\u0131n\u0131rlar\u0131 i\u00e7erisinde bar\u0131nd\u0131r\u0131yor. Zengin bir biyo\u00e7e\u015fitlili\u011fe sahip olan T\u00fcrkiye, \u00f6nemli ku\u015f g\u00f6\u00e7 yollar\u0131n\u0131n kesi\u015fti\u011fi bir b\u00f6lge olarak \u00f6zellikle Avrupa ve Afrika k\u0131talar\u0131 aras\u0131nda ekolojik bir k\u00f6pr\u00fc g\u00f6revi \u00fcstleniyor. Ancak s\u00fcz\u00fclerek g\u00f6\u00e7 eden ku\u015f t\u00fcrleri i\u00e7in g\u00f6\u00e7 yollar\u0131nda bir\u00e7ok tehdit bulunuyor. Bu tehditler ku\u015flar\u0131n uzun g\u00f6\u00e7 yolculuklar\u0131n\u0131 tamamlayamamas\u0131na neden oluyor. Bu tehditlerin ba\u015f\u0131nda ise elektrik \u00e7arpmas\u0131 geliyor. G\u00f6\u00e7 s\u0131ras\u0131nda dinlenmek i\u00e7in mola veren g\u00f6\u00e7men ku\u015flar\u0131n tercihlerinden biri olan elektrik direklerinde izolasyon olmad\u0131\u011f\u0131 i\u00e7in bu durum hayatlar\u0131n\u0131 kaybetmelerine neden oluyor.<\/p>\n\n\n\n<figure class=\"wp-block-image size-large alignnone size-full wp-image-25574\"><img loading=\"lazy\" decoding=\"async\" width=\"1024\" height=\"683\" src=\"https:\/\/dogadernegi.org\/wp-content\/uploads\/2026\/03\/sah-kartal_Ozden-Saglam-1024x683.jpg\" alt=\"\" class=\"wp-image-27953\" srcset=\"https:\/\/dogadernegi.org\/wp-content\/uploads\/2026\/03\/sah-kartal_Ozden-Saglam-1024x683.jpg 1024w, https:\/\/dogadernegi.org\/wp-content\/uploads\/2026\/03\/sah-kartal_Ozden-Saglam-300x200.jpg 300w, https:\/\/dogadernegi.org\/wp-content\/uploads\/2026\/03\/sah-kartal_Ozden-Saglam-768x512.jpg 768w, https:\/\/dogadernegi.org\/wp-content\/uploads\/2026\/03\/sah-kartal_Ozden-Saglam.jpg 1050w\" sizes=\"auto, (max-width: 1024px) 100vw, 1024px\" \/><figcaption class=\"wp-element-caption\">\u015eah Kartal \u00d6zden Sa\u011flam<\/figcaption><\/figure>\n\n\n\n<p>Ku\u015flar, g\u00f6\u00e7 yolculuklar\u0131nda \u00e7ok say\u0131da tehditle kar\u015f\u0131 kar\u015f\u0131ya. Dinlenme alanlar\u0131n\u0131n yok edilmesi, zehirlenme, avc\u0131l\u0131k gibi tehditlerin yan\u0131nda, bu yolculuk s\u0131ras\u0131ndaki ba\u015fl\u0131ca problem ise izole edilmemi\u015f elektrik direkleri. G\u00f6\u00e7 s\u0131ras\u0131nda dinlenmek i\u00e7in mola veren ku\u015flar\u0131n tercih etti\u011fi duraklar aras\u0131nda elektrik direkleri de yer al\u0131yor. Bu direklerin izole edilmemi\u015f olmas\u0131 durumunda ise ku\u015flar elektrik ak\u0131m\u0131na kap\u0131larak \u00f6l\u00fcyor. Bu direklerin do\u011fru \u015fekilde izole edilmesi, elektrik \u00e7arpmas\u0131 tehdidini b\u00fcy\u00fck \u00f6l\u00e7\u00fcde ortadan kald\u0131r\u0131yor.<\/p>\n\n\n\n<figure class=\"wp-block-image size-large alignnone wp-image-25576 size-full\"><img loading=\"lazy\" decoding=\"async\" width=\"1024\" height=\"683\" src=\"https:\/\/dogadernegi.org\/wp-content\/uploads\/2026\/03\/kucuk-akbaba_Birdlife-Europe-scaled-1-1024x683.jpeg\" alt=\"\" class=\"wp-image-27954\" srcset=\"https:\/\/dogadernegi.org\/wp-content\/uploads\/2026\/03\/kucuk-akbaba_Birdlife-Europe-scaled-1-1024x683.jpeg 1024w, https:\/\/dogadernegi.org\/wp-content\/uploads\/2026\/03\/kucuk-akbaba_Birdlife-Europe-scaled-1-300x200.jpeg 300w, https:\/\/dogadernegi.org\/wp-content\/uploads\/2026\/03\/kucuk-akbaba_Birdlife-Europe-scaled-1-768x512.jpeg 768w, https:\/\/dogadernegi.org\/wp-content\/uploads\/2026\/03\/kucuk-akbaba_Birdlife-Europe-scaled-1-1536x1024.jpeg 1536w, https:\/\/dogadernegi.org\/wp-content\/uploads\/2026\/03\/kucuk-akbaba_Birdlife-Europe-scaled-1-2048x1366.jpeg 2048w\" sizes=\"auto, (max-width: 1024px) 100vw, 1024px\" \/><figcaption class=\"wp-element-caption\">K\u00fc\u00e7\u00fck Akbaba BirdLife Europe<\/figcaption><\/figure>\n\n\n\n<p>2017 y\u0131l\u0131nda ba\u015flad\u0131\u011f\u0131m\u0131z k\u00fc\u00e7\u00fck akbaba koruma \u00e7al\u0131\u015fmalar\u0131 kapsam\u0131nda g\u00f6\u00e7 yollar\u0131n\u0131n 40 km\u2019lik b\u00f6l\u00fcm\u00fcnde elektrik da\u011f\u0131t\u0131m \u015firketi ile birlikte izolasyon \u00e7al\u0131\u015fmalar\u0131 ger\u00e7ekle\u015ftirdik. Bu \u00e7al\u0131\u015fmalar\u0131n yap\u0131ld\u0131\u011f\u0131 alanlarda elektrik \u00e7arpmas\u0131 vakas\u0131n\u0131n olmad\u0131\u011f\u0131 belirledik.<\/p>\n\n\n\n<p><strong>Elektrik Hatlar\u0131n\u0131n \u0130zolasyonu i\u00e7in Geni\u015f Kapsaml\u0131 \u00c7al\u0131\u015fmalar Ba\u015fl\u0131yor.<br><br><\/strong>G\u00f6\u00e7 yollar\u0131n\u0131n g\u00fcvenli hale gelmesi amac\u0131yla Kuzey Makedonya, Bulgaristan ve T\u00fcrkiye\u2019de tehlikeli elektrik hatlar\u0131n\u0131n belirlenmesi ve izole edilmesi i\u00e7in bir \u00e7al\u0131\u015fma ba\u015flatt\u0131k. \u00c7al\u0131\u015fmam\u0131z, Bulgaristan Elektrik Da\u011f\u0131t\u0131m \u015eirketi (EP Yug) \u00f6nc\u00fcl\u00fc\u011f\u00fcnde, BirdLife Bulgaristan (BSPB), BirdLife Makedonya (MES) ve Makedonya Elektrik Da\u011f\u0131t\u0131m \u015eirketi (EVN Macedonia) i\u015fbirli\u011finde ger\u00e7ekle\u015ftiriliyor.<\/p>\n\n\n\n<p><strong>\u00c7al\u0131\u015fmaya ili\u015fkin a\u00e7\u0131klamalarda bulunan Do\u011fa Derne\u011fi Koruma Program a\u0131 Koordinat\u00f6r\u00fc \u015eafak Arslan, \u015fu ifadeleri kulland\u0131:<\/strong><\/p>\n\n\n\n<p>\u201cLeylek, pelikan, \u015fahin, kartal ve akbaba gibi s\u00fcz\u00fclerek g\u00f6\u00e7 eden binlerce ku\u015f, k\u0131\u015flama ve \u00fcreme alanlar\u0131 aras\u0131ndaki d\u00fczenli g\u00f6\u00e7 hareketlerinde T\u00fcrkiye\u2019den ge\u00e7mek zorunda kal\u0131yor. T\u00fcrkiye, ku\u015f g\u00f6\u00e7\u00fc a\u00e7\u0131s\u0131ndan son derece kritik bir konumda yer al\u0131yor. Bu uzun ve zorlu yolculuk s\u0131ras\u0131nda ku\u015flar dinlenmek i\u00e7in mola vermek zorunda kal\u0131yor ve s\u0131kl\u0131kla elektrik direklerini tercih ediyor.<\/p>\n\n\n\n<div class=\"wp-block-group is-nowrap is-layout-flex wp-container-core-group-is-layout-ad2f72ca wp-block-group-is-layout-flex\">\n<p>Ancak izole edilmemi\u015f elektrik direkleri, ku\u015flar i\u00e7in \u00f6l\u00fcmc\u00fcl bir tehdit olu\u015fturuyor. Dinlenmek amac\u0131yla bu direklere konan ku\u015flar, elektrik ak\u0131m\u0131na kap\u0131larak hayatlar\u0131n\u0131 kaybedebiliyor. Oysa bu tehdidi \u00f6nlemek olduk\u00e7a basit: Direklerin do\u011fru \u015fekilde izole edilmesi.<\/p>\n<\/div>\n\n\n\n<p>2017 y\u0131l\u0131ndan bu yana y\u00fcr\u00fctt\u00fc\u011f\u00fcm\u00fcz \u00e7al\u0131\u015fmalar, do\u011fru izolasyon uygulamalar\u0131n\u0131n ku\u015f \u00f6l\u00fcmlerini tamamen durdurabildi\u011fini somut verilerle ortaya koydu. \u015eimdi bu tecr\u00fcbeyi uluslararas\u0131 bir boyuta ta\u015f\u0131yoruz. 2030 y\u0131l\u0131na kadar yaln\u0131zca T\u00fcrkiye\u2019de, Trakya\u2019dan Hatay\u2019a uzanan hat boyunca 5.000 elektrik dire\u011fini g\u00fcvenli hale getirerek ku\u015flara g\u00fcvenli bir g\u00f6\u00e7 koridoru sa\u011flamay\u0131 hedefliyoruz.\u201d<\/p>\n\n\n\n<p><strong>\u00c7al\u0131\u015fmada, k\u00fcresel olarak nesli tehlike alt\u0131nda olan \u015fah kartal ve k\u00fc\u00e7\u00fck akbaba t\u00fcrleri ba\u015fta olmak \u00fczere, s\u00fcz\u00fclerek g\u00f6\u00e7 eden ku\u015f t\u00fcrlerinin g\u00fcvenli bir \u015fekilde g\u00f6\u00e7 yolculuklar\u0131n\u0131 tamamlamas\u0131 hedefleniyor. Bu kapsamda \u00e7al\u0131\u015fma 2030 y\u0131l\u0131na kadar;<\/strong><\/p>\n\n\n\n<p>-\u00c7arp\u0131lma vakalar\u0131n\u0131n y\u00fcksek oldu\u011fu b\u00f6lgelerinin belirlenmesi ve haritaland\u0131r\u0131lmas\u0131,<\/p>\n\n\n\n<p>-Elektrik \u015firketleri aras\u0131nda aktif bir a\u011f kurulmas\u0131,<\/p>\n\n\n\n<p>-\u00c7al\u0131\u015fma s\u0131n\u0131rlar\u0131 i\u00e7erisinde 5000\u2019i T\u00fcrkiye\u2019de olmak \u00fczere 17.000&#8217;den fazla tehlikeli elektrik dire\u011finin izole edilmesi ve elektrik hatlar\u0131na 2.500 ku\u015f y\u00f6nlendiricisinin kurulmas\u0131 gibi faaliyetleri kaps\u0131yor.&nbsp;<\/p>\n\n\n\n<p><strong>\u00c7al\u0131\u015fmalar\u0131n sonunda, T\u00fcrkiye i\u00e7in kapsaml\u0131 bir g\u00f6\u00e7 yollar\u0131 risk envanteri olu\u015fturulacak; izole edilmi\u015f hat verileriyle birlikte farkl\u0131 b\u00f6lgeler ve farkl\u0131 t\u00fcrler i\u00e7in daha sonra yap\u0131lacak yeni \u00e7al\u0131\u015fmalara y\u00f6n verecek bilimsel altl\u0131klar sa\u011flanacak.<\/strong><\/p>\n\n\n<div class=\"wp-block-image\">\n<figure class=\"aligncenter size-full is-resized\"><img loading=\"lazy\" decoding=\"async\" width=\"1024\" height=\"146\" src=\"https:\/\/dogadernegi.org\/wp-content\/uploads\/2026\/03\/sp.png\" alt=\"\" class=\"wp-image-27956\" style=\"aspect-ratio:7.013637420223407;width:486px;height:auto\" srcset=\"https:\/\/dogadernegi.org\/wp-content\/uploads\/2026\/03\/sp.png 1024w, https:\/\/dogadernegi.org\/wp-content\/uploads\/2026\/03\/sp-300x43.png 300w, https:\/\/dogadernegi.org\/wp-content\/uploads\/2026\/03\/sp-768x110.png 768w\" sizes=\"auto, (max-width: 1024px) 100vw, 1024px\" \/><\/figure>\n<\/div>\n\n\n<p><\/p>\n","protected":false},"excerpt":{"rendered":"<p>T\u00fcrkiye, biyo\u00e7e\u015fitlilik a\u00e7\u0131s\u0131ndan \u00f6zel olarak tan\u0131mlanan D\u00fcnya\u2019daki 36 s\u0131cak noktan\u0131n \u00fc\u00e7\u00fcn\u00fc s\u0131n\u0131rlar\u0131 i\u00e7erisinde bar\u0131nd\u0131r\u0131yor. Zengin bir biyo\u00e7e\u015fitlili\u011fe sahip olan T\u00fcrkiye, \u00f6nemli ku\u015f g\u00f6\u00e7 yollar\u0131n\u0131n kesi\u015fti\u011fi bir b\u00f6lge olarak \u00f6zellikle Avrupa ve Afrika k\u0131talar\u0131 aras\u0131nda ekolojik bir k\u00f6pr\u00fc g\u00f6revi \u00fcstleniyor. Ancak s\u00fcz\u00fclerek g\u00f6\u00e7 eden ku\u015f t\u00fcrleri i\u00e7in g\u00f6\u00e7 yollar\u0131nda bir\u00e7ok tehdit bulunuyor. Bu tehditler ku\u015flar\u0131n uzun [&#8230;]<\/p>\n<p><a class=\"dd-btn dd-btn-secondary text-sm\" href=\"https:\/\/dogadernegi.org\/tr\/kuslar-icin-guvenli-goc-yollari\/\">Daha Fazlas\u0131n\u0131 Oku&#8230;<span class=\"dd-sr-only\"> from Ku\u015flar i\u00e7in G\u00fcvenli G\u00f6\u00e7 Yollar\u0131<\/span><\/a><\/p>\n","protected":false},"author":10,"featured_media":0,"parent":0,"menu_order":0,"comment_status":"closed","ping_status":"closed","template":"page-templates\/fullheightcover.php","meta":{"_acf_changed":false,"_uag_custom_page_level_css":"","footnotes":""},"class_list":["post-1015","page","type-page","status-publish","hentry"],"acf":[],"uagb_featured_image_src":{"full":false,"thumbnail":false,"medium":false,"medium_large":false,"large":false,"1536x1536":false,"2048x2048":false},"uagb_author_info":{"display_name":"A. Erdem \u015eent\u00fcrk","author_link":"https:\/\/dogadernegi.org\/tr\/author\/erdem\/"},"uagb_comment_info":0,"uagb_excerpt":"T\u00fcrkiye, biyo\u00e7e\u015fitlilik a\u00e7\u0131s\u0131ndan \u00f6zel olarak tan\u0131mlanan D\u00fcnya\u2019daki 36 s\u0131cak noktan\u0131n \u00fc\u00e7\u00fcn\u00fc s\u0131n\u0131rlar\u0131 i\u00e7erisinde bar\u0131nd\u0131r\u0131yor. Zengin bir biyo\u00e7e\u015fitlili\u011fe sahip olan T\u00fcrkiye, \u00f6nemli ku\u015f g\u00f6\u00e7 yollar\u0131n\u0131n kesi\u015fti\u011fi bir b\u00f6lge olarak \u00f6zellikle Avrupa ve Afrika k\u0131talar\u0131 aras\u0131nda ekolojik bir k\u00f6pr\u00fc g\u00f6revi \u00fcstleniyor. Ancak s\u00fcz\u00fclerek g\u00f6\u00e7 eden ku\u015f t\u00fcrleri i\u00e7in g\u00f6\u00e7 yollar\u0131nda bir\u00e7ok tehdit bulunuyor. Bu tehditler ku\u015flar\u0131n uzun&hellip;","_links":{"self":[{"href":"https:\/\/dogadernegi.org\/tr\/wp-json\/wp\/v2\/pages\/1015","targetHints":{"allow":["GET"]}}],"collection":[{"href":"https:\/\/dogadernegi.org\/tr\/wp-json\/wp\/v2\/pages"}],"about":[{"href":"https:\/\/dogadernegi.org\/tr\/wp-json\/wp\/v2\/types\/page"}],"author":[{"embeddable":true,"href":"https:\/\/dogadernegi.org\/tr\/wp-json\/wp\/v2\/users\/10"}],"replies":[{"embeddable":true,"href":"https:\/\/dogadernegi.org\/tr\/wp-json\/wp\/v2\/comments?post=1015"}],"version-history":[{"count":4,"href":"https:\/\/dogadernegi.org\/tr\/wp-json\/wp\/v2\/pages\/1015\/revisions"}],"predecessor-version":[{"id":28203,"href":"https:\/\/dogadernegi.org\/tr\/wp-json\/wp\/v2\/pages\/1015\/revisions\/28203"}],"wp:attachment":[{"href":"https:\/\/dogadernegi.org\/tr\/wp-json\/wp\/v2\/media?parent=1015"}],"curies":[{"name":"wp","href":"https:\/\/api.w.org\/{rel}","templated":true}]}}