{"id":1114,"date":"2015-09-04T18:10:56","date_gmt":"2015-09-04T15:10:56","guid":{"rendered":"http:\/\/wp.dogadernegi.net\/?page_id=1114"},"modified":"2026-03-26T22:40:42","modified_gmt":"2026-03-26T19:40:42","slug":"onemli-doga-alanlari","status":"publish","type":"page","link":"https:\/\/dogadernegi.org\/tr\/calismalarimiz\/onemli-doga-alanlari\/","title":{"rendered":"\u00d6nemli Do\u011fa Alanlar\u0131"},"content":{"rendered":"\n<div class=\"wp-block-uagb-container uagb-block-0db01676 alignfull uagb-is-root-container\">\n<iframe \n  src=\"https:\/\/umap.openstreetmap.fr\/tr\/map\/turkiye-onemli-doga-alanlar_555075#6\/38.985155\/35.837402\"\n  style=\"width: 100%; min-height: 500px; border: none;\"\n  frameborder=\"0\"\n  allowfullscreen>\n<\/iframe>\n<\/div>\n\n\n\n<div class=\"wp-block-uagb-container uagb-block-60d417dc alignfull uagb-is-root-container\"><div class=\"uagb-container-inner-blocks-wrap\">\n<div class=\"wp-block-uagb-container uagb-block-87ef26ea\">\n<p class=\"scroll-margin-top-title\" id=\"oda-hakkinda\"><strong>\u00d6DA Hakk\u0131nda<\/strong><\/p>\n\n\n\n<p>\u00d6nemli Do\u011fa Alan\u0131 (\u00d6DA) kavram\u0131, hassas ve benzersiz do\u011fal alanlar\u0131 belirlemek \u00fczere kullan\u0131lan bir \u00f6nceliklendirme yakla\u015f\u0131m\u0131d\u0131r. Bunun i\u00e7in ba\u015fta nesli tehlike alt\u0131nda olan ve\/veya k\u0131s\u0131tl\u0131 bir co\u011frafi yay\u0131l\u0131\u015fa sahip canl\u0131 t\u00fcrleri olmak \u00fczere bir dizi ekolojik g\u00f6sterge kullan\u0131l\u0131r.&nbsp; \u00d6DA\u2019lar, alan korumaya ihtiya\u00e7 duyan t\u00fcr ve habitatlar\u0131n da\u011f\u0131l\u0131m ve n\u00fcfuslar\u0131n\u0131 esas alan standartlar,&nbsp; k\u00fcresel \u00f6l\u00e7ekte uygulanabilir e\u015fik de\u011ferlerine ba\u011fl\u0131 somut kriterler vas\u0131tas\u0131yla se\u00e7ilmektedir. \u00d6te yandan, \u00d6DA\u2019lar\u0131n belirlenmesinde bir dizi nicel e\u015fik de\u011feri kullan\u0131lmaktad\u0131r.<\/p>\n\n\n\n<p>Do\u011fa Derne\u011fi uzmanlar\u0131n\u0131n da aras\u0131nda bulundu\u011fu uluslararas\u0131 bir ekip 2004 y\u0131l\u0131nda D\u00fcnya Ku\u015flar\u0131 Koruma Kurumu (BirdLife International) taraf\u0131ndan y\u00fcr\u00fct\u00fclen \u201c\u00d6nemli Ku\u015f Alan\u0131\u201d \u00e7al\u0131\u015fmalar\u0131n\u0131 temel alarak \u00d6DA kriterlerinin&nbsp; ilk tasar\u0131m\u0131n\u0131 ortaya koydu. Ard\u0131ndan, 2016 y\u0131l\u0131nda D\u00fcnya Do\u011fay\u0131 Koruma Birli\u011fi (IUCN), \u00d6DA y\u00f6ntemini daha da geli\u015ftirerek \u00f6ncelikli alanlar\u0131n belirlenmesi i\u00e7in uluslararas\u0131 standart olarak kabul etti.<\/p>\n\n\n\n<p class=\"scroll-margin-top-title\" id=\"oda-kriterler\"><strong>Kriterler<\/strong><\/p>\n\n\n\n<p>IUCN\u2019in 2016\u2019da belirledi\u011fi yeni standarda g\u00f6re be\u015f ana \u00d6DA kriteri ve bir dizi alt kriteri bulunuyor:<\/p>\n\n\n\n<figure class=\"wp-block-table\"><table><tbody><tr><td><strong>A. Tehlike alt\u0131ndaki biyolojik \u00e7e\u015fitlilik<\/strong><\/td><\/tr><tr><td>A1. Tehlike alt\u0131ndaki t\u00fcrler<\/td><\/tr><tr><td>A2. Tehlike alt\u0131ndaki ekosistem \u00e7e\u015fitleri<\/td><\/tr><tr><td><strong>B. Dar yay\u0131l\u0131\u015fl\u0131 biyolojik \u00e7e\u015fitlilik<\/strong><\/td><\/tr><tr><td>B1. Dar yay\u0131l\u0131\u015fl\u0131 tekil t\u00fcrler<\/td><\/tr><tr><td>B2. Dar yay\u0131l\u0131\u015fl\u0131 birden fazla t\u00fcr\u00fcn birlikte bulunmas\u0131<\/td><\/tr><tr><td>B3. Dar yay\u0131l\u0131\u015fl\u0131 t\u00fcr topluluklar\u0131<\/td><\/tr><tr><td>B4. Dar yay\u0131l\u0131\u015fl\u0131 ekosistem \u00e7e\u015fitleri<\/td><\/tr><tr><td><strong>C. Ekolojik b\u00fct\u00fcnl\u00fck<\/strong><\/td><\/tr><tr><td><strong>D. Biyolojik s\u00fcre\u00e7ler<\/strong><\/td><\/tr><tr><td>D1. Yo\u011funla\u015fan t\u00fcrler<\/td><\/tr><tr><td>D2. Ekolojik s\u0131\u011f\u0131naklar<\/td><\/tr><tr><td>D3. \u00c7o\u011falma kaynaklar\u0131<\/td><\/tr><tr><td><strong>E. Say\u0131sal analizler arac\u0131l\u0131\u011f\u0131yla e\u015fsizlik, benzersizlik<\/strong><\/td><\/tr><\/tbody><\/table><\/figure>\n\n\n\n<p class=\"scroll-margin-top-title\" id=\"oda-yayinlar\"><strong>Yay\u0131nlar<\/strong><\/p>\n\n\n\n<p>\u00dclke \u00f6l\u00e7e\u011findeki ilk \u00d6DA envanterlerinden biri olan \u201cT\u00fcrkiye\u2019nin \u00d6nemli Do\u011fa Alanlar\u0131\u201d kitab\u0131, Do\u011fa Derne\u011fi\u2019nin koordinasyonu, pek \u00e7ok kurulu\u015fun ve bilim insan\u0131n\u0131n katk\u0131s\u0131yla 2006 y\u0131l\u0131nda tamamland\u0131. Sekiz farkl\u0131 canl\u0131 grubu i\u00e7in yap\u0131lan bu \u00e7al\u0131\u015fmada bitkiler, k\u0131z b\u00f6cekleri, kelebekler, i\u00e7 su bal\u0131klar\u0131, \u00e7ift ya\u015faml\u0131lar, s\u00fcr\u00fcngenler, ku\u015flar ve memeliler ile ilgili veriler sentezlendi ve sonu\u00e7 olarak 305 \u00d6DA tan\u0131mland\u0131. Do\u011fa Derne\u011fi\u2019nin bu \u00e7al\u0131\u015fmas\u0131na daha \u00f6nce farkl\u0131 uzman ve kurumlar taraf\u0131ndan haz\u0131rlanan \u00d6nemli Ku\u015f Alanlar\u0131, \u00d6nemli Bitki Alanlar\u0131 ile deniz kaplumba\u011fas\u0131 ve Akdeniz foku alanlar\u0131 \u00f6nemli birer altl\u0131k olu\u015fturdu.<\/p>\n\n\n\n<p class=\"scroll-margin-top-title\" id=\"oda-guncelleme\"><strong>\u00d6DA G\u00fcncelleme Program\u0131<\/strong><\/p>\n\n\n\n<p>Do\u011fa Derne\u011fi\u2019nin 2018 y\u0131l\u0131nda ba\u015flatt\u0131\u011f\u0131 \u00d6DA G\u00fcncelleme Program\u0131, T\u00fcrkiye ve d\u00fcnyadaki payda\u015flarla birlikte hareket ederek T\u00fcrkiye\u2019nin bu hassas ve benzersiz do\u011fal alanlar\u0131n\u0131 derinlemesine ara\u015ft\u0131rmak i\u00e7in haz\u0131rlanm\u0131\u015ft\u0131r. 2018 \u00d6DA G\u00fcncelleme Program\u0131\u2019n\u0131n hedefleri \u015funlard\u0131r:<\/p>\n\n\n\n<ul class=\"wp-block-list\">\n<li>\u00d6DA\u2019lar\u0131n g\u00fcncellenmesi, izlenmesi ve korunmas\u0131 i\u00e7in ilgili t\u00fcm payda\u015flar\u0131n yer ald\u0131\u011f\u0131 bir a\u011f olu\u015fturmak.<\/li>\n\n\n\n<li>IUCN\u2019in 2016 kriterlerine g\u00f6re T\u00fcrkiye\u2019nin \u00d6DA envanterini ve s\u0131n\u0131rlar\u0131n\u0131 g\u00f6zden ge\u00e7irmek ve g\u00fcncellemek.<\/li>\n\n\n\n<li>2006 y\u0131l\u0131ndan bu yana elde edilen g\u00fcncel biyolojik \u00e7e\u015fitlilik verilerini \u00d6DA envanterine dahil etmek.<\/li>\n<\/ul>\n<\/div>\n\n\n\n<div class=\"wp-block-uagb-container uagb-block-4a87ce5d\">\n<div class=\"wp-block-uagb-container uagb-layout-flex uagb-block-24520b90\">\n<p><strong>\u0130\u00e7indekiler<\/strong><\/p>\n\n\n\n<ul class=\"wp-block-list\">\n<li><a href=\"#oda-hakkinda\" data-type=\"internal\" data-id=\"#hakkinda\">Hakk\u0131nda  <\/a><\/li>\n\n\n\n<li><a href=\"#oda-kriterler\" data-type=\"internal\" data-id=\"#oda-kriterler\">Kriterler<\/a><\/li>\n\n\n\n<li><a href=\"#oda-yayinlar\">Yay\u0131nlar<\/a><\/li>\n\n\n\n<li><a href=\"#oda-guncelleme\">G\u00fcncelleme Program\u0131<\/a><\/li>\n\n\n\n<li><a href=\"#oda-haberler\">Haberler<\/a><\/li>\n<\/ul>\n<\/div>\n\n\n\n<div class=\"wp-block-uagb-container uagb-layout-flex uagb-block-9752fa37\">\n<p><strong>T\u00fcrkiye&#8217;nin \u00d6nemli Do\u011fa Alanlar\u0131 Kitab\u0131 <\/strong><\/p>\n\n\n\n<ul class=\"wp-block-list\">\n<li><a href=\"https:\/\/drive.google.com\/file\/d\/1tzQDqhPV9Ezw1YnDTsYhpi-ftIFf_YRy\/view?usp=drive_link\" target=\"_blank\" rel=\"noopener\">Giri\u015f Cilt 1<\/a><\/li>\n\n\n\n<li><a href=\"https:\/\/drive.google.com\/file\/d\/1YdSGXY0O1uOdO24Zgp3EpUhEVvBdr9Dr\/view?usp=drive_link\" target=\"_blank\" rel=\"noopener\">Marmara B\u00f6lgesi<\/a><\/li>\n\n\n\n<li><a href=\"https:\/\/drive.google.com\/file\/d\/1orMcZ5EnYksRaQvOhmUmRbdofe1AyU1Z\/view?usp=drive_link\" target=\"_blank\" rel=\"noopener\">Ege B\u00f6lgesi <\/a><\/li>\n\n\n\n<li><a href=\"https:\/\/drive.google.com\/file\/d\/1rXnQpcW4Lw1CweUbJFcXlhfqEE0BJDF4\/view?usp=drive_link\" target=\"_blank\" rel=\"noopener\">Akdeniz B\u00f6lgesi<\/a><\/li>\n\n\n\n<li><a href=\"https:\/\/drive.google.com\/file\/d\/18VNZi1oC60H2PFn_Z027G7-pCu7UXvOT\/view?usp=drive_link\" target=\"_blank\" rel=\"noopener\">Giri\u015f Cilt 2<\/a><\/li>\n\n\n\n<li><a href=\"https:\/\/drive.google.com\/file\/d\/1UCsTqQCa9Jk4yuALebmPI6TBtw2MUJry\/view?usp=drive_link\" target=\"_blank\" rel=\"noopener\">Orta Anadolu B\u00f6lgesi<\/a><\/li>\n\n\n\n<li><a href=\"https:\/\/drive.google.com\/file\/d\/1tR2vkI_Obelf4fqgF45Diz4JsUeEJi56\/view?usp=drive_link\" target=\"_blank\" rel=\"noopener\">Orta ve Bat\u0131 Karadeniz B\u00f6lgesi<\/a><\/li>\n\n\n\n<li><a href=\"https:\/\/drive.google.com\/file\/d\/1IWPG_RShVPGPpD9r6s4hlahaif5Ffc2T\/view?usp=drive_link\" target=\"_blank\" rel=\"noopener\">Do\u011fu Karadeniz B\u00f6lgesi<\/a><\/li>\n\n\n\n<li><a href=\"https:\/\/drive.google.com\/file\/d\/1iViEVXWE8DfzLSGdOki2UkMXdMcr7VbE\/view?usp=drive_link\" target=\"_blank\" rel=\"noopener\">Do\u011fu Anadolu B\u00f6lgesi<\/a><\/li>\n\n\n\n<li><a href=\"https:\/\/drive.google.com\/file\/d\/1Pn3tIqwkggRFiTaOwoIZF4nTA1oGR2El\/view?usp=drive_link\" target=\"_blank\" rel=\"noopener\">G\u00fcney Do\u011fu Anadolu B\u00f6lgesi<\/a><\/li>\n\n\n\n<li><a href=\"https:\/\/drive.google.com\/file\/d\/13S9VRxMMmoZiTLehqjQB_bAiPNkpONwF\/view?usp=drive_link\" target=\"_blank\" rel=\"noopener\">Ekler<\/a><\/li>\n<\/ul>\n<\/div>\n<\/div>\n<\/div><\/div>\n","protected":false},"excerpt":{"rendered":"<p>\u00d6DA Hakk\u0131nda \u00d6nemli Do\u011fa Alan\u0131 (\u00d6DA) kavram\u0131, hassas ve benzersiz do\u011fal alanlar\u0131 belirlemek \u00fczere kullan\u0131lan bir \u00f6nceliklendirme yakla\u015f\u0131m\u0131d\u0131r. Bunun i\u00e7in ba\u015fta nesli tehlike alt\u0131nda olan ve\/veya k\u0131s\u0131tl\u0131 bir co\u011frafi yay\u0131l\u0131\u015fa sahip canl\u0131 t\u00fcrleri olmak \u00fczere bir dizi ekolojik g\u00f6sterge kullan\u0131l\u0131r.&nbsp; \u00d6DA\u2019lar, alan korumaya ihtiya\u00e7 duyan t\u00fcr ve habitatlar\u0131n da\u011f\u0131l\u0131m ve n\u00fcfuslar\u0131n\u0131 esas alan standartlar,&nbsp; k\u00fcresel [&#8230;]<\/p>\n<p><a class=\"dd-btn dd-btn-secondary text-sm\" href=\"https:\/\/dogadernegi.org\/tr\/calismalarimiz\/onemli-doga-alanlari\/\">Daha Fazlas\u0131n\u0131 Oku&#8230;<span class=\"dd-sr-only\"> from \u00d6nemli Do\u011fa Alanlar\u0131<\/span><\/a><\/p>\n","protected":false},"author":10,"featured_media":0,"parent":24438,"menu_order":0,"comment_status":"closed","ping_status":"closed","template":"page-templates\/fullheightcover.php","meta":{"_acf_changed":false,"_uag_custom_page_level_css":"","footnotes":""},"class_list":["post-1114","page","type-page","status-publish","hentry"],"acf":[],"uagb_featured_image_src":{"full":false,"thumbnail":false,"medium":false,"medium_large":false,"large":false,"1536x1536":false,"2048x2048":false},"uagb_author_info":{"display_name":"A. Erdem \u015eent\u00fcrk","author_link":"https:\/\/dogadernegi.org\/tr\/author\/erdem\/"},"uagb_comment_info":0,"uagb_excerpt":"\u00d6DA Hakk\u0131nda \u00d6nemli Do\u011fa Alan\u0131 (\u00d6DA) kavram\u0131, hassas ve benzersiz do\u011fal alanlar\u0131 belirlemek \u00fczere kullan\u0131lan bir \u00f6nceliklendirme yakla\u015f\u0131m\u0131d\u0131r. Bunun i\u00e7in ba\u015fta nesli tehlike alt\u0131nda olan ve\/veya k\u0131s\u0131tl\u0131 bir co\u011frafi yay\u0131l\u0131\u015fa sahip canl\u0131 t\u00fcrleri olmak \u00fczere bir dizi ekolojik g\u00f6sterge kullan\u0131l\u0131r.&nbsp; \u00d6DA\u2019lar, alan korumaya ihtiya\u00e7 duyan t\u00fcr ve habitatlar\u0131n da\u011f\u0131l\u0131m ve n\u00fcfuslar\u0131n\u0131 esas alan standartlar,&nbsp; k\u00fcresel&hellip;","_links":{"self":[{"href":"https:\/\/dogadernegi.org\/tr\/wp-json\/wp\/v2\/pages\/1114","targetHints":{"allow":["GET"]}}],"collection":[{"href":"https:\/\/dogadernegi.org\/tr\/wp-json\/wp\/v2\/pages"}],"about":[{"href":"https:\/\/dogadernegi.org\/tr\/wp-json\/wp\/v2\/types\/page"}],"author":[{"embeddable":true,"href":"https:\/\/dogadernegi.org\/tr\/wp-json\/wp\/v2\/users\/10"}],"replies":[{"embeddable":true,"href":"https:\/\/dogadernegi.org\/tr\/wp-json\/wp\/v2\/comments?post=1114"}],"version-history":[{"count":8,"href":"https:\/\/dogadernegi.org\/tr\/wp-json\/wp\/v2\/pages\/1114\/revisions"}],"predecessor-version":[{"id":28174,"href":"https:\/\/dogadernegi.org\/tr\/wp-json\/wp\/v2\/pages\/1114\/revisions\/28174"}],"up":[{"embeddable":true,"href":"https:\/\/dogadernegi.org\/tr\/wp-json\/wp\/v2\/pages\/24438"}],"wp:attachment":[{"href":"https:\/\/dogadernegi.org\/tr\/wp-json\/wp\/v2\/media?parent=1114"}],"curies":[{"name":"wp","href":"https:\/\/api.w.org\/{rel}","templated":true}]}}