{"id":22047,"date":"2022-07-18T17:54:38","date_gmt":"2022-07-18T14:54:38","guid":{"rendered":"https:\/\/dogadernegi.org\/?page_id=22047"},"modified":"2025-08-21T17:55:21","modified_gmt":"2025-08-21T14:55:21","slug":"kisisel-verilerin-korunmasi-kanunu-aydinlatma-metni","status":"publish","type":"page","link":"https:\/\/dogadernegi.org\/tr\/kisisel-verilerin-korunmasi-kanunu-aydinlatma-metni\/","title":{"rendered":"Ki\u015fisel Verilerin Korunmas\u0131 Kanunu Ayd\u0131nlatma Metni"},"content":{"rendered":"\n<p><strong>6698 SAYILI K\u0130\u015e\u0130SEL VER\u0130LER\u0130N KORUNMASI KANUNU KAPSAMINDA DERNEK \u00dcYELER\u0130 VE DESTEK\u00c7\u0130LER\u0130 \u0130\u00c7\u0130N AYDINLATMA METN\u0130<\/strong><\/p>\n\n\n\n<p><strong>AYDINLATMA METN\u0130 AMACI VE KAPSAMI<\/strong><\/p>\n\n\n\n<p>Do\u011fa Derne\u011fi do\u011fa ve insan\u0131 birbirinden ayr\u0131 g\u00f6rmeyerek, \u00f6nemli do\u011fa alanlar\u0131 ba\u015fta olmak \u00fczere t\u00fcm T\u00fcrkiye\u2019de do\u011fan\u0131n ya\u015fat\u0131lmas\u0131 i\u00e7in \u00e7al\u0131\u015fan ve 2002 y\u0131l\u0131nda Ankara merkezli olarak kurulan bir sivil toplum kurulu\u015fudur.<\/p>\n\n\n\n<p>Do\u011fa Derne\u011fi ve Do\u011fa Derne\u011fi \u0130ktisadi \u0130\u015fletmeleri ki\u015fisel verilerin korunmas\u0131n\u0131n ve gizlili\u011fin ki\u015filerin temel hakk\u0131 oldu\u011funa inan\u0131r. 6698 say\u0131l\u0131 Ki\u015fisel Verilerin Korunmas\u0131 Kanunu (\u201cKVKK\u201d veya \u201cKanun\u201d olarak an\u0131lacakt\u0131r.) kapsam\u0131nda ki\u015fisel verilerinizin korunmas\u0131 i\u00e7in tedbir almaktay\u0131z. Ki\u015fisel Verilerinizi, KVKK ve ilgili yasal mevzuat kapsam\u0131nda ve \u201cveri sorumlusu\u201d s\u0131fat\u0131m\u0131zla a\u015fa\u011f\u0131da a\u00e7\u0131klanan sebeplerle ve y\u00f6ntemlerle i\u015flemekteyiz. Bu nedenle g\u00fcvenli\u011finizi korumak i\u00e7in y\u00fcr\u00fcrl\u00fckte olan kanun ve ilgili mevzuat kapsam\u0131ndaki ki\u015fisel verilerinizin korunmas\u0131n\u0131 \u00f6nemsiyoruz ve ki\u015fisel verilerinize dair ilgili haklar\u0131n\u0131z hakk\u0131nda sizi ayd\u0131nlatmak istiyoruz.<\/p>\n\n\n\n<p>Do\u011fa Derne\u011fi, Ki\u015fisel Verilerin \u0130\u015flenmesi Hakk\u0131nda Ayd\u0131nlatma Metni, KVKK\u2019n\u0131n 10. Maddesinde yer alan \u201cVeri Sorumlusu\u2019nun Ayd\u0131nlatma Y\u00fck\u00fcml\u00fcl\u00fc\u011f\u00fc\u201d ba\u015fl\u0131kl\u0131 maddesi uyar\u0131nca: veri sorumlusunun kimli\u011fi, ki\u015fisel verilerinizin toplanma y\u00f6ntemi ve hukuki sebebi, bu verilerin hangi ama\u00e7la i\u015flenece\u011fi, kimlere ve hangi ama\u00e7la aktar\u0131labilece\u011fi, veri i\u015fleme s\u00fcresi, KVKK\u2019 n\u0131n 11. Maddesinde say\u0131lan haklar\u0131n\u0131z\u0131n neler oldu\u011fu ve veri sorumlusuna ba\u015fvuruyla ile ilgili sizi en \u015feffaf \u015fekilde bilgilendirme amac\u0131yla haz\u0131rlanm\u0131\u015ft\u0131r. Ayd\u0131nlatma metninde \u201cKi\u015fisel Verileriniz\u201d i\u00e7in yap\u0131lan a\u00e7\u0131klamalar \u201c\u00d6zel Nitelikli Ki\u015fisel Veriler\u201d inizi de kapsamaktad\u0131r.<\/p>\n\n\n\n<p>\u0130sim, soy isim, cep telefon numaralar\u0131, e-mail adresleri, do\u011fum tarihi, ya\u015fad\u0131\u011f\u0131 \u015fehir, adres bilgileri, al\u0131\u015fveri\u015f bilgileri, ilgi alanlar\u0131, zevk ve be\u011feniler, \u00f6deme bilgileri ve elektronik programlar nedeniyle ula\u015f\u0131labilecek lokasyon bilgisi ve benzeri bilgiler \u201cKi\u015fisel Verileri\u201d olu\u015fturmaktad\u0131r. Sa\u011fl\u0131k, g\u00fcvenlik tedbirleri ile ilgili bilgiler, cinsiyet, etnik k\u00f6ken, \u0131rk ve benzeri bilgiler ise \u201c\u00d6zel Nitelikteki Ki\u015fisel Veriler\u201d i olu\u015fturmaktad\u0131r.<\/p>\n\n\n\n<p><strong>K\u0130\u015e\u0130SEL VER\u0130LER\u0130N KORUNMASINI SA\u011eLAYAN VER\u0130 SORUMLUSU<\/strong><\/p>\n\n\n\n<p>Dernek Unvan\u0131: Do\u011fa Derne\u011fi<br>Adres: Orhanl\u0131, 7102 Sok No:1, 35460 Seferihisar\/\u0130zmir<br>\u0130\u015fbu Ayd\u0131nlatma Metni kapsam\u0131nda \u201cDernek\u201d olarak an\u0131lacakt\u0131r.<\/p>\n\n\n\n<p><strong>K\u0130\u015e\u0130SEL VER\u0130LER\u0130N TOPLANMA Y\u00d6NTEM\u0130 VE HUKUK\u0130 NEDEN\u0130<\/strong><\/p>\n\n\n\n<p>Ki\u015fisel verileriniz, otomatik ya da otomatik olmayan y\u00f6ntemlerle, Do\u011fa Derne\u011fi\u2019nin ba\u011fl\u0131 birimleri ve Do\u011fa Derne\u011fi i\u00e7erisinde faaliyetlerin y\u00fcr\u00fct\u00fclebilmesi i\u00e7in kullan\u0131lan vas\u0131talarla s\u00f6zl\u00fc, yaz\u0131l\u0131 ya da elektronik olarak toplanabilecektir. Ki\u015fisel verileriniz mevzuatta belirtilen ya da i\u015fleme ama\u00e7lar\u0131n\u0131n \u00f6ng\u00f6rd\u00fc\u011f\u00fc s\u00fcre \u00e7er\u00e7evesinde i\u015flenebilecek ve hem dijital hem de fiziki ortamda muhafaza alt\u0131nda tutulabilecektir.<\/p>\n\n\n\n<p>Ki\u015fisel verileriniz, \u201c\u0130\u015flenen Ki\u015fisel Verileriniz ve \u0130\u015flenme Ama\u00e7lar\u0131\u201d ba\u015fl\u0131\u011f\u0131nda yer alan ama\u00e7lar do\u011frultusunda ve 6698 say\u0131l\u0131 Kanun\u2019un 5. Maddenin 2.f\u0131kras\u0131 uyar\u0131nca belirtilen;<\/p>\n\n\n\n<ul class=\"wp-block-list\">\n<li>Kanunlarda a\u00e7\u0131k\u00e7a \u00f6ng\u00f6r\u00fclmesi,<\/li>\n\n\n\n<li>Veri sorumlusunun hukuki y\u00fck\u00fcml\u00fcl\u00fc\u011f\u00fcn\u00fc yerine getirebilmesi i\u00e7in zorunlu olmas\u0131,<\/li>\n\n\n\n<li>Bir hakk\u0131n tesisi, kullan\u0131lmas\u0131 veya korunmas\u0131 i\u00e7in veri i\u015flemenin zorunlu olmas\u0131,<\/li>\n\n\n\n<li>Bir s\u00f6zle\u015fmenin kurulmas\u0131 veya ifas\u0131 ile do\u011frudan ilgi olmas\u0131,<\/li>\n\n\n\n<li>\u0130lgili ki\u015finin temel hak ve \u00f6zg\u00fcrl\u00fcklerine zarar vermemek kayd\u0131yla, veri sorumlusunun me\u015fru menfaatleri i\u00e7in veri i\u015flenmesinin zorunlu olmas\u0131,<\/li>\n<\/ul>\n\n\n\n<p>ki\u015fisel veri i\u015fleme \u015fartlar\u0131 kapsam\u0131nda i\u015flenmektedir.<\/p>\n\n\n\n<p>Dernek \u00fcye ve destek\u00e7isi olarak \u00f6zel nitelikli ki\u015fisel verileriniz, \u201c\u0130\u015flenen Ki\u015fisel Verileriniz ve \u0130\u015flenme Ama\u00e7lar\u0131\u201d ba\u015fl\u0131\u011f\u0131nda yer alan ama\u00e7lar do\u011frultusunda ve 6698 say\u0131l\u0131 Kanun\u2019un 6. Maddenin 3.f\u0131kras\u0131 uyar\u0131nca belirtilen kanunda \u00f6ng\u00f6r\u00fclen haller kapsam\u0131nda i\u015flenmektedir.<\/p>\n\n\n\n<p><strong>\u0130\u015eLENEN K\u0130\u015e\u0130SEL VER\u0130LER VE \u0130\u015eLENME AMACI<\/strong><\/p>\n\n\n\n<p>Ki\u015fisel Verileriniz yasal y\u00fck\u00fcml\u00fcl\u00fckler gere\u011fi veya Dernek i\u015f ve i\u015flemlerinde daha uygun bir hizmet verebilmek amac\u0131yla g\u00fcvenli bir \u015fekilde Ki\u015fisel Verilerin Korunmas\u0131 Kanunu\u2019na uygun bir \u015fekilde i\u015flenmektedir.<\/p>\n\n\n\n<p>Bu kapsamda KVKK\u2019n\u0131n 3. Maddesinin d bendine g\u00f6re veri, kimli\u011fi belirli veya belirlenebilir ger\u00e7ek ki\u015fiye ili\u015fkin her t\u00fcrl\u00fc bilgiyi i\u00e7erir.<\/p>\n\n\n\n<ul class=\"wp-block-list\">\n<li>Ad\u0131 ve soyad\u0131,<\/li>\n\n\n\n<li>Telefon numaras\u0131, adres, e-posta adresleri, faks gibi ileti\u015fim bilgileri,<\/li>\n\n\n\n<li>Cinsiyeti,<\/li>\n\n\n\n<li>Do\u011fum tarihi,<\/li>\n\n\n\n<li>E\u011fitim d\u00fczeyi,<\/li>\n\n\n\n<li>Etkinlik kat\u0131l\u0131mlar\u0131,<\/li>\n<\/ul>\n\n\n\n<p>Yasal d\u00fczenlemelerin olanak tan\u0131d\u0131\u011f\u0131 kapsamda genel toplant\u0131 ve etkinlik g\u00f6rsellerini olu\u015fturan foto\u011fraflar,<\/p>\n\n\n\n<p>gibi konular\u0131 i\u00e7eren bilgiler olup, ki\u015fiyi belirlenebilir k\u0131labilme \u00f6zelliklerine haiz olabilmeleri nedeniyle yasal mevzuatlar\u0131m\u0131zda ki\u015fisel veri olarak tan\u0131mlanmaktad\u0131r. Bahsi ge\u00e7en ki\u015fisel verilerinizin tutulma amac\u0131, yasal mevzuat\u0131n gerekli ve zorunlu k\u0131ld\u0131\u011f\u0131 di\u011fer durumlarda s\u00f6z konusu yasal gerekliliklerin yerine getirilebilmesidir.<\/p>\n\n\n\n<p>Do\u011fa Derne\u011fi taraf\u0131ndan ki\u015fisel verileriniz, i\u015fbu Gizlilik ve Veri G\u00fcvenli\u011fi Politikas\u0131 ve Ki\u015fisel Verilerin Korunmas\u0131 Kanunu uyar\u0131nca Ayd\u0131nlatma Metninde belirtilen ama\u00e7larla s\u0131n\u0131rl\u0131 olarak ve 6563 say\u0131l\u0131 Elektronik Ticaretin D\u00fczenlenmesi Hakk\u0131nda Kanun, 6698 say\u0131l\u0131 Ki\u015fisel Verilerin Korunmas\u0131 Kanunu ba\u015fta olmak \u00fczere ilgili yasal mevzuatlardan do\u011fan yasal y\u00fck\u00fcml\u00fcl\u00fc\u011f\u00fc nedeniyle yasalarda belirtilen s\u00fcre kadar taraf\u0131m\u0131zca i\u015flenmektedir.<\/p>\n\n\n\n<p>Ayr\u0131ca 6563 say\u0131l\u0131 Elektronik Ticaretin D\u00fczenlenmesi Hakk\u0131nda Kanun\u2019un 6.Maddesi uyar\u0131nca i\u015fbu metnin imzalanmas\u0131yla taraf\u0131n Do\u011fa Derne\u011fi \u0130ktisadi \u0130\u015fletmelerinin yapaca\u011f\u0131 ticari i\u015fler hakk\u0131nda ticari elektronik iletiler al\u0131nmas\u0131 onaylanm\u0131\u015f olup, Ticari \u0130leti\u015fim ve Ticari Elektronik \u0130letiler Hakk\u0131nda Y\u00f6netmelik\u2019in 5. Maddesi uyar\u0131nca Do\u011fa Derne\u011fi\u2019nin iktisadi i\u015fletmelerinin yapaca\u011f\u0131<\/p>\n\n\n\n<p>ticari i\u015f ve hizmetlere ili\u015fkin elektronik iletiyle bilgilendirme i\u015flemi i\u00e7in de ilgilinin ki\u015fisel verilerinin kullan\u0131lmas\u0131 s\u00f6z konusudur.<\/p>\n\n\n\n<p><strong>TOPLANAN VER\u0130LER\u0130N \u0130\u015eLENMES\u0130 VE \u0130\u015eLENME AMACI<\/strong><\/p>\n\n\n\n<p>Ki\u015fisel verilerin i\u015flenmesi, ki\u015fisel verilerin tamamen veya k\u0131smen otomatik olan yollarla elde edilmesi, kaydedilmesi, depolanmas\u0131, muhafaza edilmesi, de\u011fi\u015ftirilmesi, yeniden d\u00fczenlenmesi, a\u00e7\u0131klanmas\u0131, aktar\u0131lmas\u0131, devral\u0131nmas\u0131, elde edilebilir h\u00e2le getirilmesi, s\u0131n\u0131fland\u0131r\u0131lmas\u0131 ya da kullan\u0131lmas\u0131n\u0131n engellenmesi gibi veriler \u00fczerinde ger\u00e7ekle\u015ftirilen her t\u00fcrl\u00fc i\u015flemi ifade etmektedir. Buna ba\u011fl\u0131 olarak<\/p>\n\n\n\n<p>Dernek \u00fcye ve destek\u00e7isinin ki\u015fisel verileri;<\/p>\n\n\n\n<ul class=\"wp-block-list\">\n<li>Dernek ile ili\u015fkisi olan ger\u00e7ek ve\/veya t\u00fczel \u00fc\u00e7\u00fcnc\u00fc ki\u015fi, kurum ve kurulu\u015flar\u0131n (g\u00f6n\u00fcll\u00fcler, ziyaret\u00e7iler, i\u015f ortaklar\u0131 vb.) Dernek hizmetlerinden yararlanabilmeleri i\u00e7in gerekli \u00e7al\u0131\u015fmalar\u0131n ilgili birimlerimiz taraf\u0131ndan yap\u0131labilmesi,<\/li>\n\n\n\n<li>\u0130lgili mevzuat uyar\u0131nca Do\u011fa Derne\u011fi\u2019nin g\u00f6rev ve sorumluluklar\u0131 kapsam\u0131nda ger\u00e7ekle\u015ftirilecek hizmetlerin ifas\u0131,<\/li>\n\n\n\n<li>Dernekler Kanunu, Dernekler Y\u00f6netmeli\u011fi, 5651 Say\u0131l\u0131 \u0130nternet Ortam\u0131nda Yap\u0131lan Yay\u0131nlar\u0131n D\u00fczenlenmesi ve Bu Yay\u0131nlar Yoluyla \u0130\u015flenen Su\u00e7larla M\u00fccadele Edilmesi Hakk\u0131nda Kanun, t\u00fcm kanunlardan ve ikincil d\u00fczenlemelerden do\u011fan\/do\u011fabilecek yasal ve d\u00fczenleyici gereksinimlerin yerine getirilmesi ve bu kapsamda gerekli tedbirlerin al\u0131nabilmesi ve yetkili kamu kurum ve kurulu\u015flar\u0131nca yap\u0131lacak denetleme ve\/veya d\u00fczenleme g\u00f6revlerinin y\u00fcr\u00fct\u00fclmesi,<\/li>\n\n\n\n<li>Do\u011fa Derne\u011fi \u0130ktisadi \u0130\u015fletmelerinde yer alan \u00fcr\u00fcnlerin ve farkl\u0131 isimlerde yapaca\u011f\u0131 ticari i\u015flerin tan\u0131t\u0131m\u0131, pazarlanmas\u0131 ve tan\u0131n\u0131rl\u0131\u011f\u0131n\u0131 artt\u0131rmaya dair ilgilinin elektronik ileti\u015fim adreslerine iletilerin g\u00f6nderilmesi,<\/li>\n\n\n\n<li>Yarg\u0131 organlar\u0131n\u0131n ve\/veya idari makamlar\u0131n istedi\u011fi bilgi ve belge taleplerinin yerine getirilmesi,<\/li>\n\n\n\n<li>Derne\u011fe ba\u011fl\u0131 t\u00fcm merkez ve birimlerde sunulan hizmetlerin kullan\u0131m \u015fekline ili\u015fkin listeleme, raporlama, do\u011frulama analiz \u00e7al\u0131\u015fmas\u0131 yapmak, bu hususta istatistiki ve bilimsel bilgiler \u00fcretmek,<\/li>\n\n\n\n<li>Dernek ile payla\u015f\u0131lan ileti\u015fim kanallar\u0131 \u00fczerinden do\u011frudan dernek \u00fcye ve destek\u00e7ileriyle irtibata ge\u00e7ebilmek,<\/li>\n\n\n\n<li>Dernek b\u00fcnyesinde ger\u00e7ekle\u015ftirilecek hizmetlerin i\u00e7erikleri konusunda bilgilendirme yap\u0131labilmesi,<\/li>\n\n\n\n<li>S\u00f6z konusu hizmetlerinin iyile\u015ftirilmesi i\u00e7in kimli\u011fi if\u015fa edilmeden istatistiksel \u00e7al\u0131\u015fmalarda ki\u015fisel veri ve bilgilerin de\u011ferlendirilmesi,<\/li>\n\n\n\n<li>Do\u011fa Derne\u011fi\u2019nin \u00fcye ve destek\u00e7ilerine, etkinliklerine ili\u015fkin i\u00e7erikler, olanaklar ve yeniliklerinden haberdar edilmesi,<\/li>\n\n\n\n<li>Dernek \u00fcye ve destek\u00e7ilerinin ger\u00e7ekle\u015ftirece\u011fi \u015fik\u00e2yet ve ba\u015fvurular\u0131n de\u011ferlendirilebilmesi,<\/li>\n\n\n\n<li>Yetkili kurulu\u015flara mevzuattan kaynakl\u0131 bilgi verilmesi, ama\u00e7lar\u0131yla yasal d\u00fczenlemelerin gerektirdi\u011fi veya zorunlu k\u0131ld\u0131\u011f\u0131 \u015fekilde, yasal y\u00fck\u00fcml\u00fcl\u00fcklerin yerine getirilmesi<\/li>\n<\/ul>\n\n\n\n<p>ama\u00e7lar\u0131n\u0131n sa\u011flanmak \u00fczere i\u015flenecektir.<\/p>\n\n\n\n<p><strong>K\u0130\u015e\u0130SEL VER\u0130LER\u0130N \u0130\u015eLENMES\u0130NDE GENEL \u0130LKELER<\/strong><\/p>\n\n\n\n<p>Do\u011fa Derne\u011fi, ki\u015fisel verileri i\u015flerken;<\/p>\n\n\n\n<ul class=\"wp-block-list\">\n<li>Hukuka ve d\u00fcr\u00fcstl\u00fck kurallar\u0131na uygun olma,<\/li>\n\n\n\n<li>Do\u011fru ve gerekti\u011finde g\u00fcncel olma,<\/li>\n\n\n\n<li>Belirli, a\u00e7\u0131k ve me\u015fru ama\u00e7lar i\u00e7in i\u015fleme,<\/li>\n\n\n\n<li>\u0130\u015fledi\u011fi ama\u00e7la ba\u011flant\u0131l\u0131, s\u0131n\u0131rl\u0131 ve \u00f6l\u00e7\u00fcl\u00fc olma,<\/li>\n\n\n\n<li>\u0130\u015fledi\u011fi ama\u00e7 i\u00e7in gerekli olan s\u00fcre kadar muhafaza etmetemel ilkelerine uydu\u011funu ve uyaca\u011f\u0131n\u0131 kabul, beyan ve taahh\u00fct etmektedir. <strong>\u0130\u015eLENEN K\u0130\u015e\u0130SEL VER\u0130LER\u0130N K\u0130MLERE VE HANG\u0130 AMA\u00c7LA AKTARILAB\u0130LECE\u011e\u0130<\/strong> \u00a0 KVKK ve ilgili mevzuat uyar\u0131nca uygun g\u00fcvenlik d\u00fczeyini temin etmeye y\u00f6nelik gerekli her t\u00fcrl\u00fc teknik ve idari tedbirlerin al\u0131nmas\u0131n\u0131 sa\u011flayarak, Ki\u015fisel Verileriniz;<\/li>\n\n\n\n<li>\u0130lgili kamu kurum ve kurulu\u015flar\u0131n\u0131n talepleri do\u011frultusunda ve talep ama\u00e7lar\u0131yla s\u0131n\u0131rl\u0131 olarak hukuken yetkili kamu kurum ve kurulu\u015flar\u0131na,<\/li>\n\n\n\n<li>Kamu hizmetlerin yerine getirilebilmesi ve s\u00fcreklili\u011finin sa\u011flanabilmesi amac\u0131yla, i\u015f ortakl\u0131klar\u0131m\u0131za,<\/li>\n\n\n\n<li>Web sitesi \u00fczerinden \u00f6deme, aidat, ba\u011f\u0131\u015f ve yard\u0131m toplama faaliyetlerinin ger\u00e7ekle\u015ftirilebilmesi maksad\u0131yla ilgili \u00f6deme kurulu\u015flar\u0131 ve bankalara,<\/li>\n\n\n\n<li>\u0130lgili mevzuat h\u00fck\u00fcmlerine g\u00f6re kamu hizmeti niteli\u011findeki faaliyetlerimizin denetimi amac\u0131yla T.C. \u0130\u00e7i\u015fleri Bakanl\u0131\u011f\u0131 ve ilgili di\u011fer kurumlara,<\/li>\n\n\n\n<li>Dernek faaliyetlerimizi y\u00fcr\u00fctmek \u00fczere s\u00f6zle\u015fmesel olarak hizmet ald\u0131\u011f\u0131m\u0131z veya hizmet verdi\u011fimiz, i\u015f birli\u011fi yapt\u0131\u011f\u0131m\u0131z, yurt i\u00e7i ve yurt d\u0131\u015f\u0131 kurulu\u015flara,Ki\u015fisel Verilerin Korunmas\u0131 Kanunu\u2019nun 8. ve 9. maddesinde belirtilen ki\u015fisel veri i\u015fleme \u015fartlar\u0131 \u00e7er\u00e7evesinde aktar\u0131lmaktad\u0131r. <strong>VER\u0130 \u0130\u015eLEME S\u00dcRES\u0130 VE VER\u0130LER\u0130N MUHAFAZASI<\/strong> Ki\u015fisel verileriniz, i\u015fbu Ayd\u0131nlatma Metninde belirtilen ama\u00e7larla s\u0131n\u0131rl\u0131 olmak \u00fczere; Do\u011fa Derne\u011fi\u2019ne ba\u011fl\u0131 merkez ve birimlerinin tabi oldu\u011fu, ilgili t\u00fcm kanun ve sair yasal mevzuatta yer alan veri i\u015fleme ve zamana\u015f\u0131m\u0131 s\u00fcrelerine riayet edilerek i\u015flenecektir. Kanunlarda veri i\u015fleme s\u00fcrelerine ili\u015fkin de\u011fi\u015fiklik yap\u0131lmas\u0131 halinde, belirlenen yeni s\u00fcreler esas al\u0131nacakt\u0131r.<\/li>\n<\/ul>\n\n\n\n<p>Ki\u015fisel verileriniz, ama\u00e7la s\u0131n\u0131rl\u0131l\u0131k ilkesinin bir gere\u011fi olarak i\u015fbu Ayd\u0131nlatma Metninde a\u00e7\u0131klanan ama\u00e7lar\u0131n yerine getirilmesi ve her hal\u00fck\u00e2rda kanuni s\u00fcreler, Do\u011fa Derne\u011fi\u2019nin uygulamalar\u0131 uyar\u0131nca i\u015flenmesini gerektiren s\u00fcre ile s\u0131n\u0131rl\u0131 olarak i\u015flenmekte, s\u00fcrelerin dolmas\u0131 ard\u0131ndan ise silinmekte, yok edilmekte veya anonim hale getirilmektedir. Ki\u015fisel verilerinizin saklanma s\u00fcrelerine ili\u015fkin detayl\u0131 bilgi almak isterseniz ilgili ki\u015finin haklar\u0131 b\u00f6l\u00fcm\u00fcnde bulunan adresler \u00fczerinden bizimle ileti\u015fime ge\u00e7ebilirsiniz<\/p>\n\n\n\n<p><strong>\u0130LG\u0130L\u0130 K\u0130\u015e\u0130N\u0130N HAKLARININ KULLANILMASI<\/strong><\/p>\n\n\n\n<p>\u0130lgili ki\u015fi olarak s\u00f6z konusu kanunun 11.maddesi kapsam\u0131nda;<\/p>\n\n\n\n<ul class=\"wp-block-list\">\n<li>Ki\u015fisel verilerin i\u015flenip i\u015flenmedi\u011fini \u00f6\u011frenme,<\/li>\n\n\n\n<li>Ki\u015fisel verileri i\u015flenmi\u015fse buna ili\u015fkin bilgi talep etme,<\/li>\n\n\n\n<li>Ki\u015fisel verilerin i\u015flenme amac\u0131n\u0131 ve bunlar\u0131n amac\u0131na uygun kullan\u0131l\u0131p kullan\u0131lmad\u0131\u011f\u0131n\u0131 \u00f6\u011frenme,<\/li>\n\n\n\n<li>Yurt i\u00e7inde veya yurt d\u0131\u015f\u0131nda ki\u015fisel verilerin aktar\u0131ld\u0131\u011f\u0131 \u00fc\u00e7\u00fcnc\u00fc ki\u015fileri bilme,<\/li>\n\n\n\n<li>Ki\u015fisel verilerin eksik veya yanl\u0131\u015f i\u015flenmi\u015f olmas\u0131 h\u00e2linde bunlar\u0131n d\u00fczeltilmesini isteme,<\/li>\n\n\n\n<li>KVKK\u2019nun 7. maddesinde \u00f6ng\u00f6r\u00fclen \u015fartlar \u00e7er\u00e7evesinde ki\u015fisel verilerin silinmesini veya yok edilmesini isteme,<\/li>\n\n\n\n<li>(e) ve (f) bentleri uyar\u0131nca yap\u0131lan i\u015flemlerin, ki\u015fisel verilerin aktar\u0131ld\u0131\u011f\u0131 \u00fc\u00e7\u00fcnc\u00fc ki\u015filere bildirilmesini isteme,<\/li>\n\n\n\n<li>\u0130\u015flenen verilerin m\u00fcnhas\u0131ran otomatik sistemler vas\u0131tas\u0131yla analiz edilmesi suretiyle ki\u015finin kendisi aleyhine bir sonucun ortaya \u00e7\u0131kmas\u0131na itiraz etme,<\/li>\n\n\n\n<li>Ki\u015fisel verilerin kanuna ayk\u0131r\u0131 olarak i\u015flenmesi sebebiyle zarara u\u011framas\u0131 h\u00e2linde zarar\u0131n giderilmesini talep etmehaklar\u0131na sahipsiniz. Buna dair taleplerinizi \u201cVeri Sorumlusuna Ba\u015fvuru Usul ve Esaslar\u0131 Hakk\u0131nda Tebli\u011f\u2019e g\u00f6re \u201cOrhanl\u0131 Mah. 7102 Sk. No:1 Seferihisar\/\u0130zmir\u201dadresine yaz\u0131l\u0131 olarak veya doga@dogadernegi.org adresine e-postan\u0131z\u0131n Dernek sistemlerinde kay\u0131tl\u0131 olmas\u0131 \u015fart\u0131 ile e-posta adresine elektronik ortamdan iletmek suretiyle ba\u015fvurarak say\u0131lan haklar\u0131n\u0131 kullanabilecektir. Bu konuda daha detayl\u0131 d\u00fczenlemeye dogadernegi.org adresinde yer alan ayd\u0131nlatma ve ba\u015fvuru metnimizden ula\u015fabilirsiniz. <strong>VER\u0130 SORUMLUSUNA BA\u015eVURU<\/strong> \u00a0 \u0130lgili Kanunun 13. Maddesi uyar\u0131nca ki\u015fisel verisi i\u015flenen ki\u015fi, Do\u011fa Derne\u011fi taraf\u0131ndan i\u015flenen veya i\u015flendi\u011fi \u00f6\u011frenilen ki\u015fisel verileri hakk\u0131nda haklar\u0131n\u0131n kullan\u0131lmas\u0131na dair talepte bulunmas\u0131 halinde, hakk\u0131n kullan\u0131m\u0131 ile ba\u011flant\u0131l\u0131 en uygun zaman dilimi i\u00e7erisinde veri sorumlusu s\u0131fat\u0131yla Do\u011fa Derne\u011fi\u2019ne ba\u015fvurma y\u00fck\u00fcml\u00fcl\u00fc\u011f\u00fc alt\u0131nda oldu\u011funu kabul etmektedir.<\/li>\n<\/ul>\n\n\n\n<p>Belirtilen bilgi ve belgeler ile talep edilen hakka y\u00f6nelik a\u00e7\u0131klamalar i\u00e7eren talep dilek\u00e7esi \u201cOrhanl\u0131 Mah. 7102 Sk. No:1 Seferihisar\/\u0130zmir\u201dadresine g\u00f6nderilebilece\u011fi gibi noter kanal\u0131yla veya <strong><a href=\"mailto:doga@dogadernegi.org\">doga@dogadernegi.org<\/a><\/strong> mail adresine de iletebilecektir. Do\u011fa Derne\u011fi veri sorumlusu s\u0131fat\u0131 ile ba\u015fvuruda yer alan talepleri, talebin niteli\u011fine g\u00f6re en k\u0131sa s\u00fcrede ve en ge\u00e7 otuz g\u00fcn i\u00e7inde sonu\u00e7land\u0131raca\u011f\u0131n\u0131 kabul ve taahh\u00fct etmektedir.<\/p>\n","protected":false},"excerpt":{"rendered":"<p>6698 SAYILI K\u0130\u015e\u0130SEL VER\u0130LER\u0130N KORUNMASI KANUNU KAPSAMINDA DERNEK \u00dcYELER\u0130 VE DESTEK\u00c7\u0130LER\u0130 \u0130\u00c7\u0130N AYDINLATMA METN\u0130 AYDINLATMA METN\u0130 AMACI VE KAPSAMI Do\u011fa Derne\u011fi do\u011fa ve insan\u0131 birbirinden ayr\u0131 g\u00f6rmeyerek, \u00f6nemli do\u011fa alanlar\u0131 ba\u015fta olmak \u00fczere t\u00fcm T\u00fcrkiye\u2019de do\u011fan\u0131n ya\u015fat\u0131lmas\u0131 i\u00e7in \u00e7al\u0131\u015fan ve 2002 y\u0131l\u0131nda Ankara merkezli olarak kurulan bir sivil toplum kurulu\u015fudur. Do\u011fa Derne\u011fi ve Do\u011fa Derne\u011fi [&#8230;]<\/p>\n<p><a class=\"dd-btn dd-btn-secondary text-sm\" href=\"https:\/\/dogadernegi.org\/tr\/kisisel-verilerin-korunmasi-kanunu-aydinlatma-metni\/\">Daha Fazlas\u0131n\u0131 Oku&#8230;<span class=\"dd-sr-only\"> from Ki\u015fisel Verilerin Korunmas\u0131 Kanunu Ayd\u0131nlatma Metni<\/span><\/a><\/p>\n","protected":false},"author":10,"featured_media":0,"parent":0,"menu_order":0,"comment_status":"closed","ping_status":"closed","template":"","meta":{"_acf_changed":false,"_uag_custom_page_level_css":"","footnotes":""},"class_list":["post-22047","page","type-page","status-publish","hentry"],"acf":[],"uagb_featured_image_src":{"full":false,"thumbnail":false,"medium":false,"medium_large":false,"large":false,"1536x1536":false,"2048x2048":false},"uagb_author_info":{"display_name":"A. Erdem \u015eent\u00fcrk","author_link":"https:\/\/dogadernegi.org\/tr\/author\/erdem\/"},"uagb_comment_info":0,"uagb_excerpt":"6698 SAYILI K\u0130\u015e\u0130SEL VER\u0130LER\u0130N KORUNMASI KANUNU KAPSAMINDA DERNEK \u00dcYELER\u0130 VE DESTEK\u00c7\u0130LER\u0130 \u0130\u00c7\u0130N AYDINLATMA METN\u0130 AYDINLATMA METN\u0130 AMACI VE KAPSAMI Do\u011fa Derne\u011fi do\u011fa ve insan\u0131 birbirinden ayr\u0131 g\u00f6rmeyerek, \u00f6nemli do\u011fa alanlar\u0131 ba\u015fta olmak \u00fczere t\u00fcm T\u00fcrkiye\u2019de do\u011fan\u0131n ya\u015fat\u0131lmas\u0131 i\u00e7in \u00e7al\u0131\u015fan ve 2002 y\u0131l\u0131nda Ankara merkezli olarak kurulan bir sivil toplum kurulu\u015fudur. Do\u011fa Derne\u011fi ve Do\u011fa Derne\u011fi&hellip;","_links":{"self":[{"href":"https:\/\/dogadernegi.org\/tr\/wp-json\/wp\/v2\/pages\/22047","targetHints":{"allow":["GET"]}}],"collection":[{"href":"https:\/\/dogadernegi.org\/tr\/wp-json\/wp\/v2\/pages"}],"about":[{"href":"https:\/\/dogadernegi.org\/tr\/wp-json\/wp\/v2\/types\/page"}],"author":[{"embeddable":true,"href":"https:\/\/dogadernegi.org\/tr\/wp-json\/wp\/v2\/users\/10"}],"replies":[{"embeddable":true,"href":"https:\/\/dogadernegi.org\/tr\/wp-json\/wp\/v2\/comments?post=22047"}],"version-history":[{"count":0,"href":"https:\/\/dogadernegi.org\/tr\/wp-json\/wp\/v2\/pages\/22047\/revisions"}],"wp:attachment":[{"href":"https:\/\/dogadernegi.org\/tr\/wp-json\/wp\/v2\/media?parent=22047"}],"curies":[{"name":"wp","href":"https:\/\/api.w.org\/{rel}","templated":true}]}}