{"id":22051,"date":"2022-07-18T18:07:09","date_gmt":"2022-07-18T15:07:09","guid":{"rendered":"https:\/\/dogadernegi.org\/?page_id=22051"},"modified":"2025-08-21T18:04:25","modified_gmt":"2025-08-21T15:04:25","slug":"gizlilik-ilkeleri-ve-politikasi","status":"publish","type":"page","link":"https:\/\/dogadernegi.org\/tr\/gizlilik-ilkeleri-ve-politikasi\/","title":{"rendered":"Gizlilik \u0130lkeleri ve Politikas\u0131"},"content":{"rendered":"\n<p>Derne\u011fimiz, ki\u015fisel veri ve bilgileri b\u00fcy\u00fck bir gizlilik i\u00e7erisinde \u00f6zel ve gizli tutmay\u0131, bunu bir s\u0131r saklama y\u00fck\u00fcm\u00fc olarak addetmeyi ve gizlili\u011fin sa\u011flanmas\u0131 ve s\u00fcrd\u00fcr\u00fclmesi, gizli bilginin tamam\u0131n\u0131n veya herhangi bir k\u0131sm\u0131n\u0131n kamu alan\u0131na girmesini veya yetkisiz kullan\u0131m\u0131n\u0131 veya \u00fc\u00e7\u00fcnc\u00fc bir ki\u015fiye if\u015fas\u0131n\u0131 \u00f6nlemek i\u00e7in gerekli t\u00fcm tedbirleri almay\u0131 ve gerekli \u00f6zeni g\u00f6stermeyi taahh\u00fct etmektedir.<\/p>\n\n\n\n<p>DO\u011eA DERNE\u011e\u0130 \u00fcye ve destek\u00e7ilerinin e-posta adreslerini ve di\u011fer ki\u015fisel bilgileri hi\u00e7bir isim alt\u0131nda, hi\u00e7bir nedenle ve hi\u00e7bir muhatap nezdinde, yasal y\u00fck\u00fcml\u00fcl\u00fckler sakl\u0131 kalmak kayd\u0131yla, a\u00e7\u0131klamaz, satmaz, payla\u015fmaz ve k\u00f6t\u00fcye kullanmaz.<\/p>\n\n\n\n<p>DO\u011eA DERNE\u011e\u0130 \u00fcye ve destek\u00e7ilerinin banka hesap bilgileri ve e-posta adresleri, Ayd\u0131nlatma Metni kapsam\u0131nda detayl\u0131 olarak a\u00e7\u0131kland\u0131\u011f\u0131 \u00fczere dernek \u00fcye ve destek\u00e7ili\u011fine dair ilgili i\u015flemler ba\u015fta olmak \u00fczere verilecek hizmetin ger\u00e7ekle\u015ftirilmesi amac\u0131yla kullanmaktad\u0131r.<\/p>\n\n\n\n<p>DO\u011eA DERNE\u011e\u0130, e-posta adreslerini ve site kullan\u0131m\u0131na dair di\u011fer bilgilerle beraber ziyaret\u00e7i hareketlerini izleyerek daha verimli ve etkin k\u0131lmak, \u00fcye ve payda\u015flar\u0131 ad\u0131na daha \u00f6zel ve daha verimli \u00e7al\u0131\u015fabilmek amac\u0131yla analiz ederek yorumlamak ve i\u015f ortaklar\u0131 ile payla\u015fmak isteyebilir. Bu hususta 6698 Say\u0131l\u0131 Ki\u015fisel Verileri Koruma Kanunu kapsam\u0131nda hareket etmekte olup; konuya ili\u015fkin gizli bilgiler a\u00e7\u0131k r\u0131zan\u0131z olmaks\u0131z\u0131n -kanunda ve mevzuatta belirtilen zorunlu s\u00fcre\u00e7ler sakl\u0131 kalmakla birlikte- \u00fc\u00e7\u00fcnc\u00fc ki\u015filer ile payla\u015f\u0131lmayacak, aktar\u0131m ger\u00e7ekle\u015ftirilmeyecek veya herhangi bir \u015fekilde bilgilerinizi alenile\u015ftirilmeyecektir.<\/p>\n\n\n\n<p>Sitemizin kay\u0131t formunda kullan\u0131c\u0131lar\u0131m\u0131z, kimlik ve ileti\u015fim bilgilerini (isim, adres, telefon, email adresi&#8230;. gibi), istatiksel bilgilerini (mesleki deneyim&#8230;. vs.) ve ki\u015fiye \u00f6zel bilgilerini (kimlik numaras\u0131&#8230;. vb.) girmesi gerekebilmektedir. Bu formda ald\u0131\u011f\u0131m\u0131z ileti\u015fim bilgilerini belirten ve konuya ili\u015fkin 6698 Say\u0131l\u0131 Kanun kapsam\u0131nda a\u00e7\u0131k r\u0131zas\u0131n\u0131 veren kullan\u0131c\u0131lar\u0131m\u0131za, Derne\u011fimiz ve Derne\u011fimizin ili\u015fkili oldu\u011fu iktisadi i\u015fletmeler, Derne\u011fimiz taraf\u0131nca belirlenen firmalar hakk\u0131nda bilgi ve kampanya haberleri ve materyallerini g\u00f6ndermek i\u00e7in saklanacak, kaydedilecek, g\u00fcncellenecek, kullan\u0131lacak ve mevzuat\u0131n izin verdi\u011fi \u015fekilde i\u015flenecektir.<\/p>\n\n\n\n<p>Do\u011fa Derne\u011fi ve Do\u011fa Derne\u011fi \u0130ktisadi \u0130\u015fletmelerinde ger\u00e7ekle\u015ftirilen i\u015flemler neticesinde al\u0131nan finansal bilgiler, sat\u0131n al\u0131nan \u00fcr\u00fcn ve hizmetlerin bedelinin tahsil edilmesinde ve di\u011fer gerek duyulan durumlarda kullan\u0131lacakt\u0131r. Ki\u015fiye \u00f6zel bilgiler kullan\u0131c\u0131lar\u0131m\u0131z\u0131n sisteme giri\u015flerinde ve di\u011fer gerekti\u011fi durumlarda ki\u015finin kimli\u011finin do\u011frulanmas\u0131nda kullan\u0131lacakt\u0131r.<\/p>\n\n\n\n<p>\u0130statistiki bilgiler ve profil bilgileri ayr\u0131ca sitemizin i\u00e7inde de toplanmaktad\u0131r. Bu bilgiler istenilen t\u00fcm durumlarda kullan\u0131labilir. Ayr\u0131ca, IP adresiniz, 5651 say\u0131l\u0131 \u0130nternet Ortam\u0131nda Yap\u0131lan Yay\u0131nlar\u0131n D\u00fczenlenmesi ve Bu Yay\u0131nlar Yoluyla \u0130\u015flenen Su\u00e7larla M\u00fccadele Edilmesi Hakk\u0131nda Kanun\u2019dan kaynaklanan yasal y\u00fck\u00fcml\u00fcl\u00fc\u011f\u00fcm\u00fcz\u00fc yerine getirmek amac\u0131yla toplan\u0131r ve saklan\u0131r.<\/p>\n\n\n\n<p>DO\u011eA DERNE\u011e\u0130, g\u00fcvenli\u011finiz i\u00e7in kredi kart\u0131 bilgilerinizi hi\u00e7bir \u015fekilde saklamaz ve dolay\u0131s\u0131yla bu t\u00fcr bilgileri soramaz, istemez. Dernek \u00fcye ve destek\u00e7ili\u011fine dair i\u015flemler esnas\u0131nda DO\u011eA DERNE\u011e\u0130 \u00e7al\u0131\u015fanlar\u0131 dahil hi\u00e7 kimse Kredi Kart\u0131 bilgilerinizi g\u00f6remez,<\/p>\n\n\n\n<p>Kredi Kart\u0131 bilgileriniz ilgili Bankalara en y\u00fcksek g\u00fcvenlik standartlar\u0131 \u00e7er\u00e7evesinde ikili ba\u011flant\u0131larla iletilir.<\/p>\n\n\n\n<p>6698 Say\u0131l\u0131 Ki\u015fisel Verilerin Korunmas\u0131 Kanunu kapsam\u0131nda ki\u015fisel verilerinizin i\u015flenmesine ili\u015fkin bir tak\u0131m yasal haklara sahipsiniz. Bu haklar\u0131n\u0131z Ayd\u0131nlatma Metni\u2019nde detayl\u0131 olarak belirtilmi\u015f olup; detaylar i\u00e7in Ayd\u0131nlatma Metnini ziyaret edebilirsiniz.<\/p>\n\n\n\n<p>Gizilik Politikam\u0131zda her zaman de\u011fi\u015fiklik yapabiliriz. Esasl\u0131 de\u011fi\u015fiklikler yapt\u0131\u011f\u0131m\u0131zda size bunlar\u0131 bildirece\u011fiz.<\/p>\n\n\n\n<p><strong>B\u0130Z\u0130MLE \u0130LET\u0130\u015e\u0130ME GE\u00c7\u0130N<\/strong><\/p>\n\n\n\n<p>Bizimle her zaman <a href=\"mailto:doga@dogadernegi.org\">doga@dogadernegi.org<\/a> adresine yazarak veya sitemiz ileti\u015fim b\u00f6l\u00fcm\u00fcnden bu Gizlilik Politikas\u0131\u2019yla ilgili sorular\u0131n\u0131z ve yorumlar\u0131n\u0131z hakk\u0131nda ileti\u015fime ge\u00e7ebilirsiniz.<\/p>\n","protected":false},"excerpt":{"rendered":"<p>Derne\u011fimiz, ki\u015fisel veri ve bilgileri b\u00fcy\u00fck bir gizlilik i\u00e7erisinde \u00f6zel ve gizli tutmay\u0131, bunu bir s\u0131r saklama y\u00fck\u00fcm\u00fc olarak addetmeyi ve gizlili\u011fin sa\u011flanmas\u0131 ve s\u00fcrd\u00fcr\u00fclmesi, gizli bilginin tamam\u0131n\u0131n veya herhangi bir k\u0131sm\u0131n\u0131n kamu alan\u0131na girmesini veya yetkisiz kullan\u0131m\u0131n\u0131 veya \u00fc\u00e7\u00fcnc\u00fc bir ki\u015fiye if\u015fas\u0131n\u0131 \u00f6nlemek i\u00e7in gerekli t\u00fcm tedbirleri almay\u0131 ve gerekli \u00f6zeni g\u00f6stermeyi taahh\u00fct etmektedir. [&#8230;]<\/p>\n<p><a class=\"dd-btn dd-btn-secondary text-sm\" href=\"https:\/\/dogadernegi.org\/tr\/gizlilik-ilkeleri-ve-politikasi\/\">Daha Fazlas\u0131n\u0131 Oku&#8230;<span class=\"dd-sr-only\"> from Gizlilik \u0130lkeleri ve Politikas\u0131<\/span><\/a><\/p>\n","protected":false},"author":10,"featured_media":0,"parent":0,"menu_order":0,"comment_status":"closed","ping_status":"closed","template":"","meta":{"_acf_changed":false,"_uag_custom_page_level_css":"","footnotes":""},"class_list":["post-22051","page","type-page","status-publish","hentry"],"acf":[],"uagb_featured_image_src":{"full":false,"thumbnail":false,"medium":false,"medium_large":false,"large":false,"1536x1536":false,"2048x2048":false},"uagb_author_info":{"display_name":"A. Erdem \u015eent\u00fcrk","author_link":"https:\/\/dogadernegi.org\/tr\/author\/erdem\/"},"uagb_comment_info":0,"uagb_excerpt":"Derne\u011fimiz, ki\u015fisel veri ve bilgileri b\u00fcy\u00fck bir gizlilik i\u00e7erisinde \u00f6zel ve gizli tutmay\u0131, bunu bir s\u0131r saklama y\u00fck\u00fcm\u00fc olarak addetmeyi ve gizlili\u011fin sa\u011flanmas\u0131 ve s\u00fcrd\u00fcr\u00fclmesi, gizli bilginin tamam\u0131n\u0131n veya herhangi bir k\u0131sm\u0131n\u0131n kamu alan\u0131na girmesini veya yetkisiz kullan\u0131m\u0131n\u0131 veya \u00fc\u00e7\u00fcnc\u00fc bir ki\u015fiye if\u015fas\u0131n\u0131 \u00f6nlemek i\u00e7in gerekli t\u00fcm tedbirleri almay\u0131 ve gerekli \u00f6zeni g\u00f6stermeyi taahh\u00fct etmektedir.&hellip;","_links":{"self":[{"href":"https:\/\/dogadernegi.org\/tr\/wp-json\/wp\/v2\/pages\/22051","targetHints":{"allow":["GET"]}}],"collection":[{"href":"https:\/\/dogadernegi.org\/tr\/wp-json\/wp\/v2\/pages"}],"about":[{"href":"https:\/\/dogadernegi.org\/tr\/wp-json\/wp\/v2\/types\/page"}],"author":[{"embeddable":true,"href":"https:\/\/dogadernegi.org\/tr\/wp-json\/wp\/v2\/users\/10"}],"replies":[{"embeddable":true,"href":"https:\/\/dogadernegi.org\/tr\/wp-json\/wp\/v2\/comments?post=22051"}],"version-history":[{"count":0,"href":"https:\/\/dogadernegi.org\/tr\/wp-json\/wp\/v2\/pages\/22051\/revisions"}],"wp:attachment":[{"href":"https:\/\/dogadernegi.org\/tr\/wp-json\/wp\/v2\/media?parent=22051"}],"curies":[{"name":"wp","href":"https:\/\/api.w.org\/{rel}","templated":true}]}}