{"id":22055,"date":"2022-07-18T18:10:53","date_gmt":"2022-07-18T15:10:53","guid":{"rendered":"https:\/\/dogadernegi.org\/?page_id=22055"},"modified":"2025-08-21T18:04:00","modified_gmt":"2025-08-21T15:04:00","slug":"online-egitim-katilimcilari-i%cc%87cin-aydinlatma-metni","status":"publish","type":"page","link":"https:\/\/dogadernegi.org\/tr\/online-egitim-katilimcilari-i%cc%87cin-aydinlatma-metni\/","title":{"rendered":"Online E\u011fitim Kat\u0131l\u0131mc\u0131lar\u0131 \u0130\u00e7in Ayd\u0131nlatma Metni"},"content":{"rendered":"\n<p>Do\u011fa Derne\u011fi olarak 6698 say\u0131l\u0131 Ki\u015fisel Verilerin Korunmas\u0131 Kanunu (\u201cKVKK\u201d veya \u201cKanun\u201d olarak an\u0131lacakt\u0131r.) kapsam\u0131nda ki\u015fisel verilerinizin korunmas\u0131 i\u00e7in tedbir almaktay\u0131z. Ki\u015fisel Verilerinizi, KVKK ve ilgili yasal mevzuat kapsam\u0131nda ve \u201cveri sorumlusu\u201d s\u0131fat\u0131m\u0131zla a\u015fa\u011f\u0131da a\u00e7\u0131klanan sebeplerle ve y\u00f6ntemlerle i\u015flemekteyiz.<\/p>\n\n\n\n<p><strong>Veri Sorumlusu<\/strong><\/p>\n\n\n\n<p>Do\u011fa Derne\u011fi<\/p>\n\n\n\n<p><a href=\"mailto:doga@dogadernegi.org\">doga@dogadernegi.org <\/a><\/p>\n\n\n\n<p><strong>Ki\u015fisel Verilerinizin Toplanma Y\u00f6ntemi<\/strong> <\/p>\n\n\n\n<p>Ki\u015fisel verileriniz internet sitesi \u00fczerinden yapaca\u011f\u0131n\u0131z ba\u015fvurularda internet ortam\u0131nda kaydedilecektir. Bununla beraber uzaktan yap\u0131lan e\u011fitimlerde e\u011fitim s\u00fcresince kullan\u0131lan uygulama \u00fczerinden ki\u015fisel verileriniz toplanacakt\u0131r. <\/p>\n\n\n\n<p><strong>\u0130\u015flenen Ki\u015fisel Verileriniz ve \u0130\u015flenme Ama\u00e7lar\u0131<\/strong> <\/p>\n\n\n\n<p>Ki\u015fisel Verileriniz Ki\u015fisel Verilerin Korunmas\u0131 Kanunu kapsam\u0131nda fark\u0131ndal\u0131k e\u011fitimlerine kat\u0131l\u0131m\u0131n raporlanabilmesi, e\u011fitim kat\u0131l\u0131mc\u0131lar\u0131n\u0131n teyitlerinin sa\u011flanmas\u0131, e\u011fitimlerin denetimlerinin sa\u011flanmas\u0131, organizasyon ve etkinlik y\u00f6netimi amac\u0131yla g\u00fcvenli bir \u015fekilde i\u015flenmektedir. Do\u011fa Derne\u011fi\u2019nin mevcut ve gelecekte ger\u00e7ekle\u015ftirece\u011fi \u00e7al\u0131\u015fma, kampanya ve etkinliklerinden haberdar olmak i\u00e7in ileti\u015fime ge\u00e7ilebilmesi ad\u0131na edinilen ki\u015fisel veriler kullan\u0131lacakt\u0131r. Bu kapsamda a\u015fa\u011f\u0131da yer alan ki\u015fisel verileriniz toplanmaktad\u0131r.<\/p>\n\n\n\n<ul class=\"wp-block-list\">\n<li>Kimlik Verisi: Ad Soyad<\/li>\n\n\n\n<li>\u0130leti\u015fim Verisi: E-posta bilgisi \/ Telefon numaras\u0131 <\/li>\n<\/ul>\n\n\n\n<p>Toplanan ki\u015fisel verileriniz; 6698 say\u0131l\u0131 Kanun\u2019un 5. maddesinde belirtilen ki\u015fisel veri i\u015fleme \u015fartlar\u0131ndan s\u00f6zle\u015fmenin kurulmas\u0131 ve ifas\u0131 i\u00e7in gerekli olma ve me\u015fru menfaat hukuka uygunluk sebepleri d\u00e2hilinde i\u015flenecektir. \u0130\u015flenen Ki\u015fisel Verilerinizin Kimlere ve Hangi Ama\u00e7la Aktar\u0131labilece\u011fi KVKK ve ilgili mevzuat uyar\u0131nca uygun g\u00fcvenlik d\u00fczeyini temin etmeye y\u00f6nelik gerekli her t\u00fcrl\u00fc teknik ve idari tedbirlerin al\u0131nmas\u0131n\u0131 sa\u011flayarak, ki\u015fisel verileriniz yukar\u0131da belirtilen ama\u00e7lar do\u011frultusunda; Yaln\u0131zca Do\u011fa Derne\u011fi\u2019nin b\u00fcnyesinde muhafaza edilecek olup onay vermeniz halinde ayr\u0131ca e\u011fitim s\u00fcresince kullan\u0131lan uygulama ve mail sistemi kapsam\u0131nda ilgili sunuculara aktar\u0131lacakt\u0131r.<\/p>\n\n\n\n<p><strong>Veri \u0130\u015fleme S\u00fcresi ve Muhafaza S\u00fcresi<\/strong><\/p>\n\n\n\n<p>Ki\u015fisel verileriniz, i\u015fbu Ayd\u0131nlatma Metninde belirtilen ama\u00e7larla s\u0131n\u0131rl\u0131 olmak \u00fczere; Do\u011fa Derne\u011fi\u2019ne ba\u011fl\u0131 merkez ve birimlerinin tabi oldu\u011fu, ilgili t\u00fcm kanun ve sair yasal mevzuatta yer alan veri i\u015fleme ve zamana\u015f\u0131m\u0131 s\u00fcrelerine riayet edilerek i\u015flenecektir. Kanunlarda veri i\u015fleme s\u00fcrelerine ili\u015fkin de\u011fi\u015fiklik yap\u0131lmas\u0131 halinde, belirlenen yeni s\u00fcreler esas al\u0131nacakt\u0131r.<\/p>\n\n\n\n<p>Ki\u015fisel verileriniz, ama\u00e7la s\u0131n\u0131rl\u0131l\u0131k ilkesinin bir gere\u011fi olarak i\u015fbu Ayd\u0131nlatma Metninde a\u00e7\u0131klanan ama\u00e7lar\u0131n yerine getirilmesi ve her hal\u00fck\u00e2rda Dernek ve sivil toplum uygulamalar\u0131 uyar\u0131nca i\u015flenmesini gerektiren s\u00fcre ile s\u0131n\u0131rl\u0131 olarak i\u015flenmekte, s\u00fcrelerin dolmas\u0131 ard\u0131ndan ise ilgili kanunun 7. Maddesi uyar\u0131nca silinmekte, yok edilmekte veya anonim hale getirilmektedir.<\/p>\n\n\n\n<p><strong>\u0130lgili ki\u015finin Haklar\u0131 ve Bu Haklar\u0131n\u0131 Kullanmas\u0131<\/strong><\/p>\n\n\n\n<p>\u0130lgili ki\u015fi olarak, Kanunun ilgili ki\u015finin haklar\u0131n\u0131z\u0131n d\u00fczenlendi\u011fi 6698 Say\u0131l\u0131 Ki\u015fisel Verilerin Korunmas\u0131 Kanunu 11. maddesi kapsam\u0131ndaki taleplerinizi \u201cVeri Sorumlusuna Ba\u015fvuru Usul ve Esaslar\u0131 Hakk\u0131nda Tebli\u011fe\u201d g\u00f6re doga@dogadernegi.org e-posta adresine elektronik ortamda iletmek suretiyle say\u0131lan haklar\u0131n\u0131 kullanabilecektir. \u0130lgili ki\u015fiye haklar\u0131 ile ilgili cevaplar\u0131n sunulmas\u0131ndan \u00f6nce taraf\u0131m\u0131zca kimlik teyidi sa\u011flamak amac\u0131yla bilgi ve belge talep edilebilecektir. Bu konuda daha detayl\u0131 d\u00fczenlemeye dogadernegi.org. adresinde yer alan ayd\u0131nlatma ve ba\u015fvuru metnimizden ula\u015fabilirsiniz.<\/p>\n","protected":false},"excerpt":{"rendered":"<p>Do\u011fa Derne\u011fi olarak 6698 say\u0131l\u0131 Ki\u015fisel Verilerin Korunmas\u0131 Kanunu (\u201cKVKK\u201d veya \u201cKanun\u201d olarak an\u0131lacakt\u0131r.) kapsam\u0131nda ki\u015fisel verilerinizin korunmas\u0131 i\u00e7in tedbir almaktay\u0131z. Ki\u015fisel Verilerinizi, KVKK ve ilgili yasal mevzuat kapsam\u0131nda ve \u201cveri sorumlusu\u201d s\u0131fat\u0131m\u0131zla a\u015fa\u011f\u0131da a\u00e7\u0131klanan sebeplerle ve y\u00f6ntemlerle i\u015flemekteyiz. Veri Sorumlusu Do\u011fa Derne\u011fi doga@dogadernegi.org Ki\u015fisel Verilerinizin Toplanma Y\u00f6ntemi Ki\u015fisel verileriniz internet sitesi \u00fczerinden yapaca\u011f\u0131n\u0131z ba\u015fvurularda [&#8230;]<\/p>\n<p><a class=\"dd-btn dd-btn-secondary text-sm\" href=\"https:\/\/dogadernegi.org\/tr\/online-egitim-katilimcilari-i%cc%87cin-aydinlatma-metni\/\">Daha Fazlas\u0131n\u0131 Oku&#8230;<span class=\"dd-sr-only\"> from Online E\u011fitim Kat\u0131l\u0131mc\u0131lar\u0131 \u0130\u00e7in Ayd\u0131nlatma Metni<\/span><\/a><\/p>\n","protected":false},"author":10,"featured_media":0,"parent":0,"menu_order":0,"comment_status":"closed","ping_status":"closed","template":"","meta":{"_acf_changed":false,"_uag_custom_page_level_css":"","footnotes":""},"class_list":["post-22055","page","type-page","status-publish","hentry"],"acf":[],"uagb_featured_image_src":{"full":false,"thumbnail":false,"medium":false,"medium_large":false,"large":false,"1536x1536":false,"2048x2048":false},"uagb_author_info":{"display_name":"A. Erdem \u015eent\u00fcrk","author_link":"https:\/\/dogadernegi.org\/tr\/author\/erdem\/"},"uagb_comment_info":0,"uagb_excerpt":"Do\u011fa Derne\u011fi olarak 6698 say\u0131l\u0131 Ki\u015fisel Verilerin Korunmas\u0131 Kanunu (\u201cKVKK\u201d veya \u201cKanun\u201d olarak an\u0131lacakt\u0131r.) kapsam\u0131nda ki\u015fisel verilerinizin korunmas\u0131 i\u00e7in tedbir almaktay\u0131z. Ki\u015fisel Verilerinizi, KVKK ve ilgili yasal mevzuat kapsam\u0131nda ve \u201cveri sorumlusu\u201d s\u0131fat\u0131m\u0131zla a\u015fa\u011f\u0131da a\u00e7\u0131klanan sebeplerle ve y\u00f6ntemlerle i\u015flemekteyiz. Veri Sorumlusu Do\u011fa Derne\u011fi doga@dogadernegi.org Ki\u015fisel Verilerinizin Toplanma Y\u00f6ntemi Ki\u015fisel verileriniz internet sitesi \u00fczerinden yapaca\u011f\u0131n\u0131z ba\u015fvurularda&hellip;","_links":{"self":[{"href":"https:\/\/dogadernegi.org\/tr\/wp-json\/wp\/v2\/pages\/22055","targetHints":{"allow":["GET"]}}],"collection":[{"href":"https:\/\/dogadernegi.org\/tr\/wp-json\/wp\/v2\/pages"}],"about":[{"href":"https:\/\/dogadernegi.org\/tr\/wp-json\/wp\/v2\/types\/page"}],"author":[{"embeddable":true,"href":"https:\/\/dogadernegi.org\/tr\/wp-json\/wp\/v2\/users\/10"}],"replies":[{"embeddable":true,"href":"https:\/\/dogadernegi.org\/tr\/wp-json\/wp\/v2\/comments?post=22055"}],"version-history":[{"count":0,"href":"https:\/\/dogadernegi.org\/tr\/wp-json\/wp\/v2\/pages\/22055\/revisions"}],"wp:attachment":[{"href":"https:\/\/dogadernegi.org\/tr\/wp-json\/wp\/v2\/media?parent=22055"}],"curies":[{"name":"wp","href":"https:\/\/api.w.org\/{rel}","templated":true}]}}