{"id":22923,"date":"2023-06-13T17:05:11","date_gmt":"2023-06-13T14:05:11","guid":{"rendered":"https:\/\/dogadernegi.org\/?page_id=22923"},"modified":"2026-02-01T03:41:12","modified_gmt":"2026-02-01T00:41:12","slug":"doganin-haklarini-savunmak","status":"publish","type":"page","link":"https:\/\/dogadernegi.org\/tr\/calismalarimiz\/doga-kulturu\/doganin-haklarini-savunmak\/","title":{"rendered":"Do\u011fan\u0131n Haklar\u0131n\u0131 Savunmak"},"content":{"rendered":"\n<div class=\"wp-block-uagb-container container uagb-block-a3275ce3 default uagb-is-root-container\">\n<div class=\"wp-block-uagb-container uagb-block-6adc1215\">\n<p>Do\u011fan\u0131n hakk\u0131n\u0131 savunmak i\u00e7in en \u00f6nemli ara\u00e7lardan bir tanesi hukuktur. Bunun i\u00e7in Do\u011fa Derne\u011fi, hukuk\u00e7ular\u0131n ve do\u011fa hakk\u0131 savunucular\u0131n\u0131n uluslararas\u0131 bilgi ve belgelere eri\u015fimini kolayla\u015ft\u0131rmak i\u00e7in yeni bir alan olu\u015fturmaya karar verdi.<\/p>\n\n\n\n<p>\u201cHukuk ve Do\u011fa\u201d \u00e7at\u0131s\u0131 alt\u0131nda uluslararas\u0131 alandaki geli\u015fmeler ve kaynaklar derlenip yay\u0131nlanacakt\u0131r. Ayn\u0131 zamanda hukuk\u00e7ular i\u00e7in referans olu\u015fturabilecek nitelikte yeni belgelerin \u00e7evirileri yap\u0131lacak ve d\u00fczenli olarak payla\u015f\u0131lacakt\u0131r.<\/p>\n\n\n\n<p>Adalete eri\u015fim i\u00e7in en \u00f6nemli \u015fartlardan biri bilgiye ve belgeye eri\u015fmektir. Bilgi ve belgeler ula\u015f\u0131labilir ve eri\u015filebilir oldu\u011fu m\u00fcddet\u00e7e, onlardan yararlanmak m\u00fcmk\u00fcn olacakt\u0131r. Do\u011fa hakk\u0131 ve hukuku konusunda uluslararas\u0131 alanda yay\u0131nlanan metinleri bir araya toplaman\u0131n ve eri\u015fime a\u00e7man\u0131n bir ihtiya\u00e7 olmas\u0131 sebebiyle, bu web sayfas\u0131 hukuk ve do\u011fa alan\u0131ndaki bilgilere ve belgelere eri\u015fimi kolayla\u015ft\u0131rma amac\u0131n\u0131 ta\u015f\u0131nmaktad\u0131r.<\/p>\n\n\n\n<p>\u201cHukuk ve Do\u011fa\u201d sayfas\u0131nda Birle\u015fmi\u015f Milletler\u2019in do\u011fa savunuculu\u011fu i\u00e7in yay\u0131nlam\u0131\u015f oldu\u011fu rehberlere, raporlara, Avrupa \u0130nsan Haklar\u0131 Mahkemesi kararlar\u0131na, bilgi notlar\u0131na, Birle\u015fmi\u015f Milletler tavsiye kararlar\u0131na ve Genel Kurul kararlar\u0131na ula\u015fabilirsiniz. \u201c\u0130klim Adaleti\u201d konusundaki g\u00fcncel karar, e\u011fitim ve yay\u0131nlar da bu sayfada eri\u015fime a\u00e7\u0131lmaya devam edecektir.<\/p>\n\n\n\n<p>Hukuk ve Do\u011fa sayfas\u0131n\u0131 ortak bir \u00e7abayla ve imece halinde olu\u015fturmay\u0131 planl\u0131yoruz. Sizler de yay\u0131nlanmas\u0131n\u0131 arzu etti\u011finiz ve do\u011fan\u0131n hakk\u0131n\u0131 savunmaya katk\u0131da bulunaca\u011f\u0131n\u0131 d\u00fc\u015f\u00fcnd\u00fc\u011f\u00fcn\u00fcz yay\u0131n ve kararlar\u0131 bizimle payla\u015farak do\u011fan\u0131n hakk\u0131n\u0131 savunmaya katk\u0131da bulunabilirsiniz. Bu sayede Hukuk ve Do\u011fa Sayfas\u0131 da t\u0131pk\u0131 do\u011fan\u0131n kendisi gibi serpilip b\u00fcy\u00fcmeye, geli\u015fmeye devam edebilecektir.<\/p>\n\n\n\n<p>Hep birlikte do\u011fan\u0131n hakk\u0131n\u0131 savunmak ve iklim adaletini sa\u011flamak i\u00e7in buraday\u0131z!<\/p>\n<\/div>\n\n\n\n<div class=\"wp-block-uagb-container uagb-block-b2391c68\">\n<p><strong>Ayr\u0131nt\u0131l\u0131 bilgi i\u00e7in: <\/strong><\/p>\n\n\n\n<p><strong>\u0130pek Sezgin<\/strong><br>ipek.sezgin@dogadernegi.org<\/p>\n\n\n\n<p class=\"has-small-font-size\">**Bu sayfa ve bu sayfan\u0131n alt sayfalar\u0131 Hollanda B\u00fcy\u00fckel\u00e7ili\u011fi MATRA Fon Program\u0131 deste\u011fiyle y\u00fcr\u00fct\u00fclen bir proje kapsam\u0131nda haz\u0131rlanm\u0131\u015ft\u0131r. Bu yay\u0131n\u0131n i\u00e7eri\u011finden yaln\u0131zca Do\u011fa Derne\u011fi sorumlu olup herhangi bir \u015fekilde Hollanda B\u00fcy\u00fckel\u00e7ili\u011fi\u2019nin g\u00f6r\u00fc\u015flerini yans\u0131tmamaktad\u0131r.<\/p>\n\n\n\n<p class=\"has-small-font-size\">**This web page was prepared within the framework of a project supported by the Embassy of the Kingdom of the Netherlands MATRA Funding Programme. Doga Derne\u011fi is the sole responsible for the content of this video\/publication, and it does not reflect the official view of the Embassy of the Kingdom of the Netherlands.<\/p>\n<\/div>\n<\/div>\n\n\n\n\n\n\n","protected":false},"excerpt":{"rendered":"<p>Do\u011fan\u0131n hakk\u0131n\u0131 savunmak i\u00e7in en \u00f6nemli ara\u00e7lardan bir tanesi hukuktur. Bunun i\u00e7in Do\u011fa Derne\u011fi, hukuk\u00e7ular\u0131n ve do\u011fa hakk\u0131 savunucular\u0131n\u0131n uluslararas\u0131 bilgi ve belgelere eri\u015fimini kolayla\u015ft\u0131rmak i\u00e7in yeni bir alan olu\u015fturmaya karar verdi. \u201cHukuk ve Do\u011fa\u201d \u00e7at\u0131s\u0131 alt\u0131nda uluslararas\u0131 alandaki geli\u015fmeler ve kaynaklar derlenip yay\u0131nlanacakt\u0131r. Ayn\u0131 zamanda hukuk\u00e7ular i\u00e7in referans olu\u015fturabilecek nitelikte yeni belgelerin \u00e7evirileri yap\u0131lacak [&#8230;]<\/p>\n<p><a class=\"dd-btn dd-btn-secondary text-sm\" href=\"https:\/\/dogadernegi.org\/tr\/calismalarimiz\/doga-kulturu\/doganin-haklarini-savunmak\/\">Daha Fazlas\u0131n\u0131 Oku&#8230;<span class=\"dd-sr-only\"> from Do\u011fan\u0131n Haklar\u0131n\u0131 Savunmak<\/span><\/a><\/p>\n","protected":false},"author":10,"featured_media":25915,"parent":26019,"menu_order":0,"comment_status":"closed","ping_status":"closed","template":"page-templates\/fullheightcover.php","meta":{"_acf_changed":false,"_uag_custom_page_level_css":"","footnotes":""},"class_list":["post-22923","page","type-page","status-publish","has-post-thumbnail","hentry"],"acf":[],"uagb_featured_image_src":{"full":["https:\/\/dogadernegi.org\/wp-content\/uploads\/2024\/03\/orhanli-vadisi-jesotermal-enerji-davasi-cansu-kabakci.jpg",1920,1282,false],"thumbnail":["https:\/\/dogadernegi.org\/wp-content\/uploads\/2024\/03\/orhanli-vadisi-jesotermal-enerji-davasi-cansu-kabakci-300x300.jpg",300,300,true],"medium":["https:\/\/dogadernegi.org\/wp-content\/uploads\/2024\/03\/orhanli-vadisi-jesotermal-enerji-davasi-cansu-kabakci-300x200.jpg",300,200,true],"medium_large":["https:\/\/dogadernegi.org\/wp-content\/uploads\/2024\/03\/orhanli-vadisi-jesotermal-enerji-davasi-cansu-kabakci-768x513.jpg",768,513,true],"large":["https:\/\/dogadernegi.org\/wp-content\/uploads\/2024\/03\/orhanli-vadisi-jesotermal-enerji-davasi-cansu-kabakci-1024x684.jpg",1024,684,true],"1536x1536":["https:\/\/dogadernegi.org\/wp-content\/uploads\/2024\/03\/orhanli-vadisi-jesotermal-enerji-davasi-cansu-kabakci-1536x1026.jpg",1536,1026,true],"2048x2048":["https:\/\/dogadernegi.org\/wp-content\/uploads\/2024\/03\/orhanli-vadisi-jesotermal-enerji-davasi-cansu-kabakci.jpg",1920,1282,false]},"uagb_author_info":{"display_name":"A. Erdem \u015eent\u00fcrk","author_link":"https:\/\/dogadernegi.org\/tr\/author\/erdem\/"},"uagb_comment_info":0,"uagb_excerpt":"Do\u011fan\u0131n hakk\u0131n\u0131 savunmak i\u00e7in en \u00f6nemli ara\u00e7lardan bir tanesi hukuktur. Bunun i\u00e7in Do\u011fa Derne\u011fi, hukuk\u00e7ular\u0131n ve do\u011fa hakk\u0131 savunucular\u0131n\u0131n uluslararas\u0131 bilgi ve belgelere eri\u015fimini kolayla\u015ft\u0131rmak i\u00e7in yeni bir alan olu\u015fturmaya karar verdi. \u201cHukuk ve Do\u011fa\u201d \u00e7at\u0131s\u0131 alt\u0131nda uluslararas\u0131 alandaki geli\u015fmeler ve kaynaklar derlenip yay\u0131nlanacakt\u0131r. Ayn\u0131 zamanda hukuk\u00e7ular i\u00e7in referans olu\u015fturabilecek nitelikte yeni belgelerin \u00e7evirileri yap\u0131lacak&hellip;","_links":{"self":[{"href":"https:\/\/dogadernegi.org\/tr\/wp-json\/wp\/v2\/pages\/22923","targetHints":{"allow":["GET"]}}],"collection":[{"href":"https:\/\/dogadernegi.org\/tr\/wp-json\/wp\/v2\/pages"}],"about":[{"href":"https:\/\/dogadernegi.org\/tr\/wp-json\/wp\/v2\/types\/page"}],"author":[{"embeddable":true,"href":"https:\/\/dogadernegi.org\/tr\/wp-json\/wp\/v2\/users\/10"}],"replies":[{"embeddable":true,"href":"https:\/\/dogadernegi.org\/tr\/wp-json\/wp\/v2\/comments?post=22923"}],"version-history":[{"count":0,"href":"https:\/\/dogadernegi.org\/tr\/wp-json\/wp\/v2\/pages\/22923\/revisions"}],"up":[{"embeddable":true,"href":"https:\/\/dogadernegi.org\/tr\/wp-json\/wp\/v2\/pages\/26019"}],"wp:featuredmedia":[{"embeddable":true,"href":"https:\/\/dogadernegi.org\/tr\/wp-json\/wp\/v2\/media\/25915"}],"wp:attachment":[{"href":"https:\/\/dogadernegi.org\/tr\/wp-json\/wp\/v2\/media?parent=22923"}],"curies":[{"name":"wp","href":"https:\/\/api.w.org\/{rel}","templated":true}]}}