{"id":22928,"date":"2023-06-13T17:05:11","date_gmt":"2023-06-13T14:05:11","guid":{"rendered":"https:\/\/dogadernegi.org\/?page_id=22928"},"modified":"2025-08-21T17:25:03","modified_gmt":"2025-08-21T14:25:03","slug":"savunuculuk-ve-hukuki-yontemler","status":"publish","type":"page","link":"https:\/\/dogadernegi.org\/tr\/calismalarimiz\/doga-kulturu\/doganin-haklarini-savunmak\/savunuculuk-ve-hukuki-yontemler\/","title":{"rendered":"Savunuculuk ve Hukuki Y\u00f6ntemler"},"content":{"rendered":"\n<div class=\"wp-block-uagb-container uagb-block-68e33643 alignfull uagb-is-root-container\"><div class=\"uagb-container-inner-blocks-wrap\">\n<p><strong>BM Ba\u015fvuru Rehberi<\/strong><\/p>\n\n\n\n<p><a href=\"https:\/\/dogadernegi.org\/wp-content\/uploads\/2023\/06\/birlesmis-milletler-ozel-prosedurler-basvuru-rehberi.pdf\" target=\"_blank\" rel=\"noopener\">Birle\u015fmi\u015f Milletler \u00d6zel Prosed\u00fcrler Ba\u015fvuru Rehberi<\/a><\/p>\n\n\n\n<p><a href=\"https:\/\/dogadernegi.org\/wp-content\/uploads\/2023\/06\/birlesmis-milletler-sozlesme-mekanizmalari.pdf\" target=\"_blank\" rel=\"noopener\">Birle\u015fmi\u015f Milletler S\u00f6zle\u015fme Mekanizmalar\u0131<\/a><\/p>\n\n\n\n<p><a href=\"https:\/\/dogadernegi.org\/wp-content\/uploads\/2023\/06\/uluslararasi-insan-haklari-mekanizmalari-ve-basvuru-yontemleri-hakkinda-bilgi-notu.pdf\" target=\"_blank\" rel=\"noopener\">Uluslararas\u0131 \u0130nsan Haklar\u0131 Mekanizmalar\u0131 ve Ba\u015fvuru Y\u00f6ntemleri Hakk\u0131nda Bilgi Notu<\/a><\/p>\n\n\n\n<p><a href=\"https:\/\/dogadernegi.org\/wp-content\/uploads\/2023\/06\/birlesmis-milletler-ozel-usul-bildirimleri-turkce-brosur.pdf\" target=\"_blank\" rel=\"noopener\">Birle\u015fmi\u015f Milletler \u00d6zel Usul Bildirimleri T\u00fcrk\u00e7e Bro\u015f\u00fcr<\/a><\/p>\n\n\n\n<p><a href=\"https:\/\/dogadernegi.org\/wp-content\/uploads\/2023\/06\/birlesmis-milletler-insan-haklari-konseyi-sikayet-usulu.pdf\" target=\"_blank\" rel=\"noopener\">Birle\u015fmi\u015f Milletler \u0130nsan Haklar\u0131 Konseyi \u015eikayet Usul\u00fc<\/a><\/p>\n\n\n\n<p><a href=\"https:\/\/dogadernegi.org\/wp-content\/uploads\/2023\/06\/birlesmis-milletler-ozel-prosedurler-hakkinda-pratik-rehber.pdf\" target=\"_blank\" rel=\"noopener\">Birle\u015fmi\u015f Milletler \u00d6zel Prosed\u00fcrler Hakk\u0131nda Pratik Rehber<\/a><\/p>\n\n\n\n<p><strong>Kamu Denet\u00e7isi<\/strong><\/p>\n\n\n\n<p><strong>Bilgiye Eri\u015fim<\/strong><\/p>\n\n\n\n<p><a href=\"https:\/\/dogadernegi.org\/wp-content\/uploads\/2023\/06\/dilekce-hakki-ve-sivil-toplum-kuruluslari.pdf\" target=\"_blank\" rel=\"noopener\">Dilek\u00e7e Hakk\u0131 ve Sivil Toplum Kurulu\u015flar\u0131<\/a><\/p>\n\n\n\n<p><a href=\"https:\/\/dogadernegi.org\/wp-content\/uploads\/2023\/06\/cevresel-konularda-bilgiye-erisim-ve-aarhus-sozlesmesi-1.pdf\" target=\"_blank\" rel=\"noopener\">\u00c7evresel Konularda Bilgiye Eri\u015fim ve Aarhus S\u00f6zle\u015fmesi<\/a><\/p>\n\n\n\n<p><strong>Biyo\u00e7e\u015fitlilik ve Ekosistem Davalar\u0131<\/strong><\/p>\n\n\n\n<p><span style=\"font-weight: 400;\">Biyolojik \u00e7e\u015fitlilik, en anla\u015f\u0131l\u0131r ifadeyle ya\u015fam\u0131n \u00e7e\u015fitlili\u011fidir. \u0130\u00e7inde sadece t\u00fcr \u00e7e\u015fitlili\u011fini de\u011fil, genetik ve ekosistem \u00e7e\u015fitlili\u011fini de bar\u0131nd\u0131r\u0131r. Ancak milyonlarca y\u0131ldan beri var olan bu muazzam \u00e7e\u015fitlili\u011fin pek \u00e7ok nedenle kayba u\u011frad\u0131\u011f\u0131 g\u00f6r\u00fclmektedir. Bu nedenler i\u00e7inde habitatlardaki de\u011fi\u015fim, iklim de\u011fi\u015fikli\u011fi, a\u015f\u0131r\u0131 kullan\u0131m, avlanma ve kirlilik gibi fakt\u00f6rler bulunmaktad\u0131r. \u0130n\u015fa edilen ya\u015fam alanlar\u0131yla habitat\u0131n bozulmas\u0131na, avlanmaya, kaynaklar\u0131n kontrols\u00fcz kullan\u0131m\u0131na ve yarat\u0131lan kirlili\u011fe yak\u0131ndan bak\u0131ld\u0131\u011f\u0131nda insanl\u0131\u011f\u0131n bu kay\u0131ptaki pay\u0131 g\u00f6r\u00fclebilmektedir.<\/span><\/p>\n\n\n\n<p><span style=\"font-weight: 400;\">Do\u011faya bir b\u00fct\u00fcn olarak bak\u0131ld\u0131\u011f\u0131nda, do\u011fada kendine yer edinmi\u015f her varl\u0131\u011f\u0131n, insandan ba\u011f\u0131ms\u0131z olarak bir de\u011feri oldu\u011fu fark edilebilir. Do\u011fayla uyumlu bir ya\u015fam tesis edilmedi\u011fi ve bu y\u00f6ntem hukuk taraf\u0131ndan benimsenmedi\u011fi s\u00fcrece sorunlara kal\u0131c\u0131 ve b\u00fct\u00fcnc\u00fcl bir \u00e7\u00f6z\u00fcm bulmak ne yaz\u0131k ki m\u00fcmk\u00fcn g\u00f6z\u00fckm\u00fcyor. Do\u011fada her \u015feyin birbiriyle ba\u011flant\u0131l\u0131 oldu\u011funu fark edilmesi ve buna uygun bir ya\u015fam ve hukuk tesis edilmesi gerekmektedir.<\/span><\/p>\n\n\n\n<p><strong>Yaban Hayat\u0131 Savunmak<\/strong><\/p>\n\n\n\n<p><span style=\"font-weight: 400;\">Yaban hayat\u0131, do\u011frudan insan kontrol\u00fc olan evcille\u015ftirilmemi\u015f t\u00fcm hayvanlar ve k\u00fclt\u00fcre edilmemi\u015f t\u00fcm bitkileri de kapsayacak \u015fekilde, ya\u015fayan t\u00fcm canl\u0131lar\u0131 i\u00e7erisinde bar\u0131nd\u0131ran \u015femsiye bir terim olarak kar\u015f\u0131m\u0131za \u00e7\u0131kmaktad\u0131r. Ba\u015fka bir deyi\u015fle insan\u0131n kontrol\u00fcne alamad\u0131\u011f\u0131 t\u00fcrleri ve do\u011fal ya\u015fam\u0131 ifade etmektedir.<\/span><\/p>\n\n\n\n<p><span style=\"font-weight: 400;\">\u0130nsan ve yaban hayat\u0131n i\u00e7 i\u00e7e ge\u00e7ti\u011fi ve \u00f6zellikle s\u0131n\u0131rl\u0131 olan kaynaklar\u0131n ortakla\u015fa kullan\u0131ld\u0131\u011f\u0131 alanlarda insan ve yaban hayat\u0131 \u00e7at\u0131\u015fmas\u0131n\u0131n olmas\u0131 ka\u00e7\u0131n\u0131lmaz olmaktad\u0131r.&nbsp; Bu \u00e7at\u0131\u015fman\u0131n fark\u0131nda olmak ve var olan durumu insan-yaban hayat\u0131 etkile\u015fimi ve ortak ya\u015fam\u0131 olarak kabul edip \u00e7\u00f6z\u00fcmler bulmak gerekiyor. Ayr\u0131ca t\u00fcrlerin ortak ya\u015fam\u0131n\u0131 \u00f6nceleyen ve \u00e7at\u0131\u015fman\u0131n engellenmesi i\u00e7in s\u00fcrd\u00fcr\u00fclebilir \u00f6nlemler almak gerekiyor.&nbsp;<\/span><\/p>\n\n\n\n<p><span style=\"font-weight: 400;\">\u0130nsanlar\u0131n iklim de\u011fi\u015fikli\u011finde oldu\u011fu gibi, biyo\u00e7e\u015fitlilik kayb\u0131nda da sorunun \u00f6nemli bir par\u00e7as\u0131 oldu\u011fu g\u00f6r\u00fclmektedir. Ortak bir gelecek i\u00e7in ise sorunun bir par\u00e7as\u0131 olundu\u011fu kadar \u00e7\u00f6z\u00fcm\u00fcn de bir par\u00e7as\u0131 olunmal\u0131d\u0131r.<\/span><\/p>\n\n\n\n<p><a href=\"https:\/\/dogadernegi.org\/wp-content\/uploads\/2023\/06\/doganin-hakkini-savunmak-2021-yili-merkez-av-komisyonu-kararinin-iptali-davasi.pdf\" target=\"_blank\" rel=\"noopener\">&#8220;Do\u011fan\u0131n Hakk\u0131n\u0131 Savunmak&#8221; 2021 Y\u0131l\u0131 Merkez Av Komisyonu Karar\u0131n\u0131n \u0130ptali Davas\u0131<\/a><\/p>\n\n\n\n<p><a href=\"https:\/\/dogadernegi.org\/wp-content\/uploads\/2023\/06\/yaban-hayvanlarini-savunmak-av-ve-yaban-hayvanlari-yonetmelik-iptal-davasi.pdf\" target=\"_blank\" rel=\"noopener\">&#8220;Yaban Hayvanlar\u0131n\u0131 Savunmak&#8221; Av ve Yaban Hayvanlar\u0131 Y\u00f6netmelik \u0130ptali Davas\u0131<\/a><\/p>\n\n\n\n<p><strong>Ekosistem ve Yutak Alanlar\u0131 Savunmak<\/strong><\/p>\n\n\n\n<p><span style=\"font-weight: 400;\">Yutak kavram\u0131 bir sera gaz\u0131n\u0131, bir aerosol\u00fc veya bir sera gaz\u0131n\u0131n olu\u015fumunda rol\u00fc bulunan bir \u00f6nc\u00fc maddeyi atmosferden uzakla\u015ft\u0131ran herhangi bir i\u015flem, faaliyet veya mekanizma olarak tan\u0131mlanabilir. \u0130klim de\u011fi\u015fikli\u011fiyle m\u00fccadele ve \u201cnet s\u0131f\u0131r emisyon\u201d hedefine ula\u015fmak i\u00e7in yutak alanlar olduk\u00e7a \u00f6nemli bir yer tutuyor.<\/span><\/p>\n\n\n\n<p><span style=\"font-weight: 400;\">2016 y\u0131l\u0131nda imzalanan Paris \u0130klim Anla\u015fmas\u0131 ile devletler iklim de\u011fi\u015fikli\u011fine kar\u015f\u0131 harekete ge\u00e7eceklerini beyan ettiler. Bu sayede y\u00fczey s\u0131cakl\u0131\u011f\u0131ndaki ortalama k\u00fcresel art\u0131\u015f\u0131 y\u00fczy\u0131l\u0131n sonuna dek 1.5 derece ile s\u0131n\u0131rland\u0131rmak hedefleniyor. Anla\u015fman\u0131n be\u015finci maddesi ile devletlerin sera gaz\u0131 yutak ve rezervuarlar\u0131n\u0131 ve bu kapsamda ormanlar\u0131 uygun \u015fekilde muhafaza edip g\u00fc\u00e7lendirecekleri \u00f6ng\u00f6r\u00fclm\u00fc\u015ft\u00fcr.<\/span><\/p>\n\n\n\n<p><a href=\"https:\/\/dogadernegi.org\/wp-content\/uploads\/2023\/06\/zeytinin-hakkini-savunmak-yonetmelik-iptal-davasi.pdf\" target=\"_blank\" rel=\"noopener\">&#8220;Zeytinin Hakk\u0131n\u0131 Savunmak&#8221; Y\u00f6netmelik \u0130ptal Davas\u0131<\/a><\/p>\n<\/div><\/div>\n","protected":false},"excerpt":{"rendered":"<p>BM Ba\u015fvuru Rehberi Birle\u015fmi\u015f Milletler \u00d6zel Prosed\u00fcrler Ba\u015fvuru Rehberi Birle\u015fmi\u015f Milletler S\u00f6zle\u015fme Mekanizmalar\u0131 Uluslararas\u0131 \u0130nsan Haklar\u0131 Mekanizmalar\u0131 ve Ba\u015fvuru Y\u00f6ntemleri Hakk\u0131nda Bilgi Notu Birle\u015fmi\u015f Milletler \u00d6zel Usul Bildirimleri T\u00fcrk\u00e7e Bro\u015f\u00fcr Birle\u015fmi\u015f Milletler \u0130nsan Haklar\u0131 Konseyi \u015eikayet Usul\u00fc Birle\u015fmi\u015f Milletler \u00d6zel Prosed\u00fcrler Hakk\u0131nda Pratik Rehber Kamu Denet\u00e7isi Bilgiye Eri\u015fim Dilek\u00e7e Hakk\u0131 ve Sivil Toplum Kurulu\u015flar\u0131 \u00c7evresel [&#8230;]<\/p>\n<p><a class=\"dd-btn dd-btn-secondary text-sm\" href=\"https:\/\/dogadernegi.org\/tr\/calismalarimiz\/doga-kulturu\/doganin-haklarini-savunmak\/savunuculuk-ve-hukuki-yontemler\/\">Daha Fazlas\u0131n\u0131 Oku&#8230;<span class=\"dd-sr-only\"> from Savunuculuk ve Hukuki Y\u00f6ntemler<\/span><\/a><\/p>\n","protected":false},"author":10,"featured_media":0,"parent":22923,"menu_order":0,"comment_status":"closed","ping_status":"closed","template":"page-templates\/fullheightcover.php","meta":{"_acf_changed":false,"_uag_custom_page_level_css":"","footnotes":""},"class_list":["post-22928","page","type-page","status-publish","hentry"],"acf":[],"uagb_featured_image_src":{"full":false,"thumbnail":false,"medium":false,"medium_large":false,"large":false,"1536x1536":false,"2048x2048":false},"uagb_author_info":{"display_name":"A. Erdem \u015eent\u00fcrk","author_link":"https:\/\/dogadernegi.org\/tr\/author\/erdem\/"},"uagb_comment_info":0,"uagb_excerpt":"BM Ba\u015fvuru Rehberi Birle\u015fmi\u015f Milletler \u00d6zel Prosed\u00fcrler Ba\u015fvuru Rehberi Birle\u015fmi\u015f Milletler S\u00f6zle\u015fme Mekanizmalar\u0131 Uluslararas\u0131 \u0130nsan Haklar\u0131 Mekanizmalar\u0131 ve Ba\u015fvuru Y\u00f6ntemleri Hakk\u0131nda Bilgi Notu Birle\u015fmi\u015f Milletler \u00d6zel Usul Bildirimleri T\u00fcrk\u00e7e Bro\u015f\u00fcr Birle\u015fmi\u015f Milletler \u0130nsan Haklar\u0131 Konseyi \u015eikayet Usul\u00fc Birle\u015fmi\u015f Milletler \u00d6zel Prosed\u00fcrler Hakk\u0131nda Pratik Rehber Kamu Denet\u00e7isi Bilgiye Eri\u015fim Dilek\u00e7e Hakk\u0131 ve Sivil Toplum Kurulu\u015flar\u0131 \u00c7evresel&hellip;","_links":{"self":[{"href":"https:\/\/dogadernegi.org\/tr\/wp-json\/wp\/v2\/pages\/22928","targetHints":{"allow":["GET"]}}],"collection":[{"href":"https:\/\/dogadernegi.org\/tr\/wp-json\/wp\/v2\/pages"}],"about":[{"href":"https:\/\/dogadernegi.org\/tr\/wp-json\/wp\/v2\/types\/page"}],"author":[{"embeddable":true,"href":"https:\/\/dogadernegi.org\/tr\/wp-json\/wp\/v2\/users\/10"}],"replies":[{"embeddable":true,"href":"https:\/\/dogadernegi.org\/tr\/wp-json\/wp\/v2\/comments?post=22928"}],"version-history":[{"count":0,"href":"https:\/\/dogadernegi.org\/tr\/wp-json\/wp\/v2\/pages\/22928\/revisions"}],"up":[{"embeddable":true,"href":"https:\/\/dogadernegi.org\/tr\/wp-json\/wp\/v2\/pages\/22923"}],"wp:attachment":[{"href":"https:\/\/dogadernegi.org\/tr\/wp-json\/wp\/v2\/media?parent=22928"}],"curies":[{"name":"wp","href":"https:\/\/api.w.org\/{rel}","templated":true}]}}