{"id":23348,"date":"2023-08-22T15:42:53","date_gmt":"2023-08-22T12:42:53","guid":{"rendered":"https:\/\/dogadernegi.org\/?page_id=23348"},"modified":"2025-08-21T17:25:03","modified_gmt":"2025-08-21T14:25:03","slug":"yaban-hayati-suclari","status":"publish","type":"page","link":"https:\/\/dogadernegi.org\/tr\/calismalarimiz\/doga-kulturu\/doganin-haklarini-savunmak\/yaban-hayati-suclari\/","title":{"rendered":"Yaban Hayat\u0131 Su\u00e7lar\u0131"},"content":{"rendered":"\n<div class=\"wp-block-uagb-container uagb-block-57bcc8d1 alignfull uagb-is-root-container\"><div class=\"uagb-container-inner-blocks-wrap\">\n<p><span style=\"font-weight: 400;\"><strong>T\u00fcrkiye, zengin biyolojik \u00e7e\u015fitlili\u011fe ve farkl\u0131 ya\u015fam alanlar\u0131na ev sahipli\u011fi yapan bir co\u011frafya. G\u00fcn\u00fcm\u00fczde bu alanlar ve t\u00fcrler farkl\u0131 tehditlerle kar\u015f\u0131 kar\u015f\u0131ya. Maden, baraj, kentle\u015fme gibi faaliyetlerle ya\u015fam alanlar\u0131n\u0131n yok edilmesi, insan bask\u0131s\u0131n\u0131n artmas\u0131, avc\u0131l\u0131k, ka\u00e7ak\u00e7\u0131l\u0131k, iklim de\u011fi\u015fikli\u011fi, zehirlenme, yumurta ve a\u015f\u0131r\u0131 toplay\u0131c\u0131l\u0131k faaliyetleri t\u00fcrler \u00fczerindeki ana tehditlerden.<\/strong><\/span><\/p>\n\n\n\n<p><span style=\"font-size: 16px;\">Yaban hayvanlar\u0131n\u0131 ve ya\u015fam alanlar\u0131n\u0131 koruyan ulusal ve uluslararas\u0131 s\u00f6zle\u015fme ve kanunlar mevcut. Bunlar, T\u00fcrkiye\u2019deki biyo\u00e7e\u015fitlili\u011fi korumak i\u00e7in gerekli faaliyetleri i\u00e7eren maddelerden ve tan\u0131mlardan olu\u015fuyor.&nbsp;<\/span><\/p>\n\n\n\n<p><strong>Uluslararas\u0131 s\u00f6zle\u015fmelere \u00f6rnek olarak;<\/strong><\/p>\n\n\n\n<ul class=\"wp-block-list\">\n<li><span style=\"font-weight: 400;\">Ramsar&nbsp;<\/span><\/li>\n\n\n\n<li><span style=\"font-weight: 400;\">Biyolojik \u00c7e\u015fitlilik&nbsp;<\/span><\/li>\n\n\n\n<li><span style=\"font-weight: 400;\">Bern&nbsp;<\/span><\/li>\n\n\n\n<li><span style=\"font-weight: 400;\">Barselona S\u00f6zle\u015fmeleri verilebilir.&nbsp;<\/span><\/li>\n<\/ul>\n\n\n\n<p><strong>Ulusal s\u00f6zle\u015fmelere ve kanunlara ise \u00f6rnek olarak;<\/strong><\/p>\n\n\n\n<ul class=\"wp-block-list\">\n<li><span style=\"font-weight: 400;\">Sulak Alan Y\u00f6netmeli\u011fi<\/span><\/li>\n\n\n\n<li><span style=\"font-weight: 400;\">Orman Kanunu<\/span><\/li>\n\n\n\n<li><span style=\"font-weight: 400;\">Kara Avc\u0131l\u0131\u011f\u0131 Kanunu<\/span><\/li>\n\n\n\n<li><span style=\"font-weight: 400;\">\u00c7evre Kanunu<\/span><\/li>\n\n\n\n<li><span style=\"font-weight: 400;\">Milli Parklar Kanunu<\/span><\/li>\n\n\n\n<li><span style=\"font-weight: 400;\">K\u0131y\u0131 Kanununun Uygulanmas\u0131na Dair Y\u00f6netmelik<\/span><\/li>\n\n\n\n<li><span style=\"font-weight: 400;\">Korunan Alanlar\u0131n Tespit, Tescil ve Onay\u0131na \u0130li\u015fkin Usul ve Esaslara Dair Y\u00f6netmelik gibi ba\u015fl\u0131klar verilebilir.<\/span><\/li>\n<\/ul>\n\n\n\n<p><span style=\"font-weight: 400;\">Ya\u015fam alanlar\u0131 h\u0131zla yok edilen yaban hayvanlar\u0131 avc\u0131l\u0131k, zehirlenme ve ka\u00e7ak\u00e7\u0131l\u0131k gibi yaban hayat\u0131 su\u00e7lar\u0131yla da bask\u0131 alt\u0131nda. Yaban hayat\u0131 su\u00e7u, koruma yasalar\u0131n\u0131n aksine yaban hayvanlar\u0131na ve bitkilere kar\u015f\u0131 tehdit olu\u015fturan faaliyetlere verilen bir kavramd\u0131r. Yaban hayat\u0131 su\u00e7lar\u0131 \u00e7o\u011fu \u00fclkede oldu\u011fu gibi T\u00fcrkiye&#8217;de de \u00f6nemli bir tehdit. Ancak geni\u015f co\u011frafya ve insan kayna\u011f\u0131 eksikli\u011fi nedeniyle veriler yetersiz olup, tehdidin \u015fiddeti sadece tahminlere dayan\u0131yor. Do\u011frudan ya da dolayl\u0131 olarak zehirlenen, yasal ya da yasad\u0131\u015f\u0131 olarak avlanan ve ka\u00e7\u0131r\u0131lan yaban hayvanlar\u0131n\u0131n say\u0131s\u0131 bilinmiyor. Kontroller ve denetimler ise b\u00fcy\u00fck bir co\u011frafya olan T\u00fcrkiye i\u00e7in yetersiz kal\u0131yor.<\/span><\/p>\n\n\n\n<h2 class=\"wp-block-heading\"><strong>Yaban Hayat\u0131 Su\u00e7lar\u0131 Kapsam\u0131nda Yapt\u0131\u011f\u0131m\u0131z \u00c7al\u0131\u015fmalar<\/strong><\/h2>\n\n\n\n<p><strong>Yaban Hayvanlar\u0131 Zehirlenme Raporu<\/strong><\/p>\n\n\n\n<p><span style=\"font-weight: 400;\">Anadolu\u2019daki yaban hayvanlar\u0131 zehirlenmesine y\u00f6nelik yereldeki ki\u015filerle g\u00f6r\u00fc\u015fmeler ger\u00e7ekle\u015ftiriyor ve mevcut durumu \u00f6\u011frenmeye \u00e7al\u0131\u015f\u0131yoruz. Uzmanlarla haz\u0131rlad\u0131\u011f\u0131m\u0131z \u201c<a href=\"https:\/\/dogadernegi.org\/wp-content\/uploads\/2022\/11\/zehirlenme-raporu-web.pdf\" target=\"_blank\" rel=\"noopener\">Yaban Hayvanlar\u0131 Zehirlenme Raporu<\/a>\u201d ile T\u00fcrkiye\u2019deki zehirlenme tehdidinin \u00f6nemini ve \u00f6nemlerini ortaya koyduk. T\u00fcrler \u00fczerindeki avc\u0131l\u0131k tehditine kar\u015f\u0131 yapt\u0131\u011f\u0131m\u0131z savunuculuk \u00e7al\u0131\u015fmalar\u0131ndan birisi de avc\u0131l\u0131\u011f\u0131n engellenmesi i\u00e7in y\u00fcr\u00fctt\u00fc\u011f\u00fcm\u00fcz kampanya. 2018 y\u0131l\u0131nda ba\u015flatt\u0131\u011f\u0131m\u0131z avc\u0131l\u0131k kar\u015f\u0131t\u0131 kampanyayla T\u00fcrkiye\u2019de ulusal ve uluslararas\u0131 \u00f6l\u00e7ekte \u00e7al\u0131\u015fan STK\u2019larla bir araya geldik. Nesli d\u00fcnya \u00f6l\u00e7e\u011finde tehlike alt\u0131nda olan \u00fcveyik ve elmaba\u015f patka ku\u015f t\u00fcrlerinin av\u0131n\u0131n tamamen yasaklanmas\u0131 i\u00e7in ba\u015flatt\u0131\u011f\u0131m\u0131z ileti\u015fim kampanyas\u0131na y\u00fcz binlerce ki\u015fi destek oldu. Bu kapsamda yapt\u0131\u011f\u0131m\u0131z lobicilik faaliyetleriyle, Merkez Av Komisyonu\u2019nun canl\u0131 t\u00fcrlerini koruyan kararlar almas\u0131 i\u00e7in \u00e7al\u0131\u015fmalar ger\u00e7ekle\u015ftirdik. Kampanyam\u0131z sonras\u0131nda \u00fcveyik ve elmaba\u015f patka ku\u015f t\u00fcrlerinin av kotalar\u0131 d\u00fc\u015f\u00fcr\u00fcld\u00fc.<\/span><\/p>\n\n\n\n<figure class=\"wp-block-image size-full wp-image-23359\"><img decoding=\"async\" src=\"https:\/\/dogadernegi.org\/wp-content\/uploads\/2023\/08\/ekran-resmi-2023-08-22-15.51.28-scaled.jpg\" alt=\"\" class=\"wp-image-23359\"\/><figcaption class=\"wp-element-caption\">Nesli tehlike alt\u0131ndaki \u00fcveyik (<em>Streptopelia turtur<\/em>) &#8211; Murat Demirta\u015f<\/figcaption><\/figure>\n\n\n\n<p><span style=\"font-weight: 400;\">Yaban hayat\u0131 su\u00e7lar\u0131n\u0131n en aza indirilmesi ve ortadan kald\u0131r\u0131lmas\u0131 i\u00e7in fark\u0131ndal\u0131k \u00e7al\u0131\u015fmalar\u0131na ve kamu kurumlar\u0131yla g\u00f6r\u00fc\u015fmeye devam edece\u011fiz. Elde edilen veriler ilgili kurumlarla ve karar vericilerle payla\u015f\u0131lacakt\u0131r.<\/span><\/p>\n\n\n\n<p><strong>Roma Stratejik Plan\u0131<\/strong><\/p>\n\n\n\n<figure class=\"wp-block-image size-full\"><img loading=\"lazy\" decoding=\"async\" width=\"1914\" height=\"957\" src=\"https:\/\/dogadernegi.org\/wp-content\/uploads\/2024\/03\/roma-stratejik-plani-yayinda.jpg\" alt=\"\" class=\"wp-image-25939\" srcset=\"https:\/\/dogadernegi.org\/wp-content\/uploads\/2024\/03\/roma-stratejik-plani-yayinda.jpg 1914w, https:\/\/dogadernegi.org\/wp-content\/uploads\/2024\/03\/roma-stratejik-plani-yayinda-300x150.jpg 300w, https:\/\/dogadernegi.org\/wp-content\/uploads\/2024\/03\/roma-stratejik-plani-yayinda-1024x512.jpg 1024w, https:\/\/dogadernegi.org\/wp-content\/uploads\/2024\/03\/roma-stratejik-plani-yayinda-768x384.jpg 768w, https:\/\/dogadernegi.org\/wp-content\/uploads\/2024\/03\/roma-stratejik-plani-yayinda-1536x768.jpg 1536w\" sizes=\"auto, (max-width: 1914px) 100vw, 1914px\" \/><\/figure>\n\n\n\n<p>Roma Stratejik Plan\u0131, Avrupa ve Akdeniz B\u00f6lgesi\u2019nde ku\u015flar\u0131n yasad\u0131\u015f\u0131 olarak avlanmas\u0131n\u0131, yakalanmas\u0131n\u0131 ve ticaretinin yap\u0131lmas\u0131n\u0131 engellemek amac\u0131yla olu\u015fturuldu. Plan, Avrupa\u2019n\u0131n Yaban Hayat\u0131 ve Ya\u015fam Ortamlar\u0131n\u0131 Koruma S\u00f6zle\u015fmesi (Bern) sekreteryas\u0131 ve G\u00f6\u00e7men T\u00fcrlerin Korunmas\u0131 S\u00f6zle\u015fmesi (CMS) sekreteryas\u0131 \u00f6nc\u00fcl\u00fc\u011f\u00fcnde haz\u0131rland\u0131. Plan\u0131n T\u00fcrk\u00e7e \u00e7evirisi, karar vericiler ve sivil toplumun kullan\u0131m\u0131 amac\u0131yla Do\u011fa Derne\u011fi taraf\u0131ndan haz\u0131rland\u0131. Roma Stratejik Plan\u0131&#8217;na <a href=\"https:\/\/dogadernegi.org\/wp-content\/uploads\/2023\/12\/roma-stratejik-plan-05122023.pdf\" target=\"_blank\" rel=\"noopener\">linkten<\/a> ula\u015fabilirsiniz.<\/p>\n\n\n\n<h2 class=\"wp-block-heading\"><strong>Yaban Hayat\u0131 Su\u00e7lar\u0131 Kapsam\u0131nda Yapt\u0131\u011f\u0131m\u0131z \u0130leti\u015fim \u00c7al\u0131\u015fmalar\u0131<\/strong><\/h2>\n\n\n\n<h4 class=\"wp-block-heading\"><strong>Podcastler<\/strong><\/h4>\n\n\n\n<p><strong>Avc\u0131l\u0131ktan Do\u011fa Korumaya: Bir D\u00f6n\u00fc\u015f\u00fcm\u00fcn Hikayesi<\/strong><\/p>\n\n\n\n<p>Avc\u0131l\u0131ktan do\u011fa korumaya ge\u00e7i\u015f hikayesi nedir? Ka\u00e7ak avc\u0131larla nas\u0131l m\u00fccadele ediliyor? Yerelde hak m\u00fccadelesi verirken nas\u0131l zorluklarla kar\u015f\u0131la\u015f\u0131l\u0131yor?<\/p>\n\n\n\n<p>Podcast yay\u0131n\u0131m\u0131z\u0131 izlemek i\u00e7in <a href=\"https:\/\/www.youtube.com\/watch?v=FRpQSs7l4gc\" target=\"_blank\" rel=\"noopener\">linke<\/a> t\u0131klayabilirsiniz.<\/p>\n\n\n\n<p><strong>\u201c\u0130nsana avlanma hakk\u0131n\u0131 kim veriyor?\u201d<\/strong><\/p>\n\n\n\n<p>2021-2022 Av D\u00f6nemli Merkezi Av Komisyonu karar\u0131n\u0131n iptali ve y\u00fcr\u00fctmesinin durdurulmas\u0131 i\u00e7in Dan\u0131\u015ftay\u2019da a\u00e7\u0131lan davay\u0131 konu edindi\u011fimiz podcast yay\u0131n\u0131m\u0131z\u0131 izlemek i\u00e7in<a href=\"https:\/\/www.youtube.com\/watch?v=5iGzl91hP1U&amp;t=2s\" target=\"_blank\" rel=\"noopener\"> linke<\/a> t\u0131klayabilirsiniz.<\/p>\n\n\n\n<p><strong>Ba\u015fka bir canl\u0131y\u0131 \u00f6ld\u00fcrmenin sporu, turizmi, hobisi, ihalesi olamaz!<\/strong><\/p>\n\n\n\n<p><a href=\"https:\/\/www.change.org\/p\/avc%C4%B1l%C4%B1k-tamamen-yasaklans%C4%B1n-4ekimhayvanlar%C4%B1korumag%C3%BCn%C3%BC-avc%C4%B1l%C4%B1kcinayettir-tctarim-milliparklar\" target=\"_blank\" rel=\"noopener\">Avc\u0131l\u0131k Yasaklans\u0131n \u0130mza Kampanyas\u0131&#8217;na buradan ula\u015fabilirsiniz.<\/a><\/p>\n\n\n\n<h4 class=\"wp-block-heading\"><strong>Haber Linkleri;<\/strong><\/h4>\n\n\n\n<p><strong>&#8216;Kirlilik ve Avc\u0131l\u0131k Yuvalar\u0131 Vurdu&#8217;<\/strong> haber i\u00e7eri\u011fine ula\u015fmak i\u00e7in <a href=\"https:\/\/www.milliyet.com.tr\/gundem\/kirlilik-ve-avcilik-yuvalari-vurdu-6894783\" target=\"_blank\" rel=\"noopener\">t\u0131klay\u0131n.<\/a><\/p>\n\n\n\n<p><strong>&#8216;Nesli tehlike alt\u0131ndaki ku\u015flar i\u00e7in av izni verildi&#8217; <\/strong>haber i\u00e7eri\u011fine ula\u015fmak i\u00e7in <a href=\"https:\/\/yesilgazete.org\/nesli-tehlike-altindaki-kuslar-icin-av-izni-verildi\/\" target=\"_blank\" rel=\"noopener\">t\u0131klay\u0131n.<\/a><\/p>\n\n\n\n<p><strong>&#8216;T\u00fcrkiye&#8217;de nesli tehlike alt\u0131ndaki t\u00fcrler neden avlan\u0131yor?&#8217; <\/strong>haber i\u00e7eri\u011fine ula\u015fmak i\u00e7in <a href=\"https:\/\/www.bbc.com\/turkce\/articles\/cz5l5gxkz8zo\" target=\"_blank\" rel=\"noopener\">t\u0131klay\u0131n.<\/a><\/p>\n\n\n\n<p><strong>&#8216;Do\u011fa Derne\u011fi\u2019nden \u201cAvc\u0131l\u0131k yasaklans\u0131n\u201d \u00e7a\u011fr\u0131s\u0131!&#8217; <\/strong>haber i\u00e7eri\u011fine ula\u015fmak i\u00e7in <a href=\"https:\/\/www.evrensel.net\/haber\/493553\/doga-derneginden-avcilik-yasaklansin-cagrisi\" target=\"_blank\" rel=\"noopener\">t\u0131klay\u0131n.<\/a><\/p>\n\n\n\n<p><strong>&#8216;Yine Avc\u0131lar\u0131n \u0130stedi\u011fi Oldu, Nesli Tehlike Alt\u0131ndaki T\u00fcrlerin Avlan\u0131lmas\u0131na \u0130zin Verildi.&#8217;<\/strong><\/p>\n\n\n\n<p>haber i\u00e7eri\u011fine ula\u015fmak i\u00e7in <a href=\"https:\/\/dogadernegi.org\/yine-avcilarin-istedigi-oldu-nesli-tehlike-altindaki-turlerin-avlanilmasina-izin-verildi\/\" target=\"_blank\" rel=\"noopener\">t\u0131klay\u0131n.<\/a><\/p>\n\n\n\n<h4 class=\"wp-block-heading\"><strong>Film:<\/strong><\/h4>\n\n\n\n<p>\u0130\u00e7 Anadolu\u2019nun son flamingo kolonisini, flamingo ka\u00e7ak\u00e7\u0131l\u0131\u011f\u0131n\u0131, avc\u0131l\u0131ktan do\u011fa korumaya d\u00f6n\u00fc\u015f\u00fcm\u00fcn\u00fc anlatt\u0131\u011f\u0131 bir k\u0131sa film yay\u0131nland\u0131.<\/p>\n\n\n\n<figure class=\"wp-block-embed is-type-video is-provider-youtube wp-block-embed-youtube wp-embed-aspect-16-9 wp-has-aspect-ratio\"><div class=\"wp-block-embed__wrapper\">\n<iframe loading=\"lazy\" title=\"\u2018Avc\u0131l\u0131k ku\u015flara \u00f6l\u00fcm sunuyor, foto\u011fraf\u00e7\u0131l\u0131k ku\u015flar\u0131 \u00f6l\u00fcms\u00fczle\u015ftiriyor.\u2019\" width=\"500\" height=\"281\" src=\"https:\/\/www.youtube.com\/embed\/2Avh9zY9mMo?feature=oembed\" frameborder=\"0\" allow=\"accelerometer; autoplay; clipboard-write; encrypted-media; gyroscope; picture-in-picture; web-share\" referrerpolicy=\"strict-origin-when-cross-origin\" allowfullscreen><\/iframe>\n<\/div><\/figure>\n<\/div><\/div>\n\n\n\n<div class=\"wp-block-uagb-container uagb-block-4fd4d8a3 alignfull uagb-is-root-container\"><div class=\"uagb-container-inner-blocks-wrap\">\n\t\t\t<div class=\"wp-block-uagb-post-grid uagb-post-grid  uagb-post__image-position-top uagb-post__image-enabled uagb-block-714e4fc9     uagb-post__items uagb-post__columns-4 is-grid uagb-post__columns-tablet-2 uagb-post__columns-mobile-1 uagb-post__equal-height uagb-equal_height_inline-read-more-buttons\" data-total=\"1\" style=\"\">\n\n\t\t\t\t\t\t\t\t\t\t\t\t<article class=\"uagb-post__inner-wrap\">\t\t\t\t\t\t\t\t<h6 class=\"uagb-post__title uagb-post__text\">\n\t\t\t\t<a href=\"https:\/\/dogadernegi.org\/tr\/romastratejikplani\/\" target=\"_self\" rel=\"bookmark noopener noreferrer\">Yaban Hayat\u0131 Su\u00e7lar\u0131yla M\u00fccadele i\u00e7in yeni dok\u00fcman: Roma Stratejik Plan\u0131<\/a>\n\t\t\t<\/h6>\n\t\t\t\t\t\t<div class='uagb-post__text uagb-post-grid-byline'>\n\t\t\t\t\t\t\t\t<time datetime=\"2023-12-05T14:19:35+03:00\" class=\"uagb-post__date\">\n\t\t\t\t<span class=\"dashicons-calendar dashicons\"><\/span>\t\t\t\t\t5 Aral\u0131k 2023\t\t\t\t<\/time>\n\t\t\t\t\t\t<\/div>\n\t\t\t\t\t\t\t<div class='uagb-post__text uagb-post__excerpt'>\n\t\t\t\t\t<p>Roma Stratejik Plan\u0131, Avrupa ve Akdeniz B\u00f6lgesi&#8217;nde ku\u015flar\u0131n yasad\u0131\u015f\u0131 olarak avlanmas\u0131n\u0131, yakalanmas\u0131n\u0131 ve ticaretinin yap\u0131lmas\u0131n\u0131&#8230;\t\t\t\t<\/div>\n\t\t\t\t\t\t<div class=\"uagb-post__text uagb-post__cta wp-block-button\">\n\t\t\t\t<a class=\"wp-block-button__link uagb-text-link\" style=\"\" href=\"https:\/\/dogadernegi.org\/tr\/romastratejikplani\/\" target=\"_self\" rel=\"bookmark noopener noreferrer\">Devam\u0131<\/a>\n\t\t\t<\/div>\n\t\t\t\n\t\t\t\t\t\t\t\t\t<\/article>\n\t\t\t\t\t\t\t\t\t\t\t<\/div>\n\t\t\t<\/div><\/div>\n","protected":false},"excerpt":{"rendered":"<p>T\u00fcrkiye, zengin biyolojik \u00e7e\u015fitlili\u011fe ve farkl\u0131 ya\u015fam alanlar\u0131na ev sahipli\u011fi yapan bir co\u011frafya. G\u00fcn\u00fcm\u00fczde bu alanlar ve t\u00fcrler farkl\u0131 tehditlerle kar\u015f\u0131 kar\u015f\u0131ya. Maden, baraj, kentle\u015fme gibi faaliyetlerle ya\u015fam alanlar\u0131n\u0131n yok edilmesi, insan bask\u0131s\u0131n\u0131n artmas\u0131, avc\u0131l\u0131k, ka\u00e7ak\u00e7\u0131l\u0131k, iklim de\u011fi\u015fikli\u011fi, zehirlenme, yumurta ve a\u015f\u0131r\u0131 toplay\u0131c\u0131l\u0131k faaliyetleri t\u00fcrler \u00fczerindeki ana tehditlerden. Yaban hayvanlar\u0131n\u0131 ve ya\u015fam alanlar\u0131n\u0131 koruyan ulusal [&#8230;]<\/p>\n<p><a class=\"dd-btn dd-btn-secondary text-sm\" href=\"https:\/\/dogadernegi.org\/tr\/calismalarimiz\/doga-kulturu\/doganin-haklarini-savunmak\/yaban-hayati-suclari\/\">Daha Fazlas\u0131n\u0131 Oku&#8230;<span class=\"dd-sr-only\"> from Yaban Hayat\u0131 Su\u00e7lar\u0131<\/span><\/a><\/p>\n","protected":false},"author":10,"featured_media":25937,"parent":22923,"menu_order":0,"comment_status":"closed","ping_status":"closed","template":"page-templates\/fullheightcover.php","meta":{"_acf_changed":false,"_uag_custom_page_level_css":"","footnotes":""},"class_list":["post-23348","page","type-page","status-publish","has-post-thumbnail","hentry"],"acf":[],"uagb_featured_image_src":{"full":["https:\/\/dogadernegi.org\/wp-content\/uploads\/2024\/03\/elmabas-patka-birol-hatinoglu-e1710002973459.jpg",2487,1527,false],"thumbnail":["https:\/\/dogadernegi.org\/wp-content\/uploads\/2024\/03\/elmabas-patka-birol-hatinoglu-e1710002973459-300x300.jpg",300,300,true],"medium":["https:\/\/dogadernegi.org\/wp-content\/uploads\/2024\/03\/elmabas-patka-birol-hatinoglu-e1710002973459-300x184.jpg",300,184,true],"medium_large":["https:\/\/dogadernegi.org\/wp-content\/uploads\/2024\/03\/elmabas-patka-birol-hatinoglu-e1710002973459-768x472.jpg",768,472,true],"large":["https:\/\/dogadernegi.org\/wp-content\/uploads\/2024\/03\/elmabas-patka-birol-hatinoglu-e1710002973459-1024x629.jpg",1024,629,true],"1536x1536":["https:\/\/dogadernegi.org\/wp-content\/uploads\/2024\/03\/elmabas-patka-birol-hatinoglu-e1710002973459-1536x943.jpg",1536,943,true],"2048x2048":["https:\/\/dogadernegi.org\/wp-content\/uploads\/2024\/03\/elmabas-patka-birol-hatinoglu-e1710002973459-2048x1257.jpg",2048,1257,true]},"uagb_author_info":{"display_name":"A. Erdem \u015eent\u00fcrk","author_link":"https:\/\/dogadernegi.org\/tr\/author\/erdem\/"},"uagb_comment_info":0,"uagb_excerpt":"T\u00fcrkiye, zengin biyolojik \u00e7e\u015fitlili\u011fe ve farkl\u0131 ya\u015fam alanlar\u0131na ev sahipli\u011fi yapan bir co\u011frafya. G\u00fcn\u00fcm\u00fczde bu alanlar ve t\u00fcrler farkl\u0131 tehditlerle kar\u015f\u0131 kar\u015f\u0131ya. Maden, baraj, kentle\u015fme gibi faaliyetlerle ya\u015fam alanlar\u0131n\u0131n yok edilmesi, insan bask\u0131s\u0131n\u0131n artmas\u0131, avc\u0131l\u0131k, ka\u00e7ak\u00e7\u0131l\u0131k, iklim de\u011fi\u015fikli\u011fi, zehirlenme, yumurta ve a\u015f\u0131r\u0131 toplay\u0131c\u0131l\u0131k faaliyetleri t\u00fcrler \u00fczerindeki ana tehditlerden. Yaban hayvanlar\u0131n\u0131 ve ya\u015fam alanlar\u0131n\u0131 koruyan ulusal&hellip;","_links":{"self":[{"href":"https:\/\/dogadernegi.org\/tr\/wp-json\/wp\/v2\/pages\/23348","targetHints":{"allow":["GET"]}}],"collection":[{"href":"https:\/\/dogadernegi.org\/tr\/wp-json\/wp\/v2\/pages"}],"about":[{"href":"https:\/\/dogadernegi.org\/tr\/wp-json\/wp\/v2\/types\/page"}],"author":[{"embeddable":true,"href":"https:\/\/dogadernegi.org\/tr\/wp-json\/wp\/v2\/users\/10"}],"replies":[{"embeddable":true,"href":"https:\/\/dogadernegi.org\/tr\/wp-json\/wp\/v2\/comments?post=23348"}],"version-history":[{"count":0,"href":"https:\/\/dogadernegi.org\/tr\/wp-json\/wp\/v2\/pages\/23348\/revisions"}],"up":[{"embeddable":true,"href":"https:\/\/dogadernegi.org\/tr\/wp-json\/wp\/v2\/pages\/22923"}],"wp:featuredmedia":[{"embeddable":true,"href":"https:\/\/dogadernegi.org\/tr\/wp-json\/wp\/v2\/media\/25937"}],"wp:attachment":[{"href":"https:\/\/dogadernegi.org\/tr\/wp-json\/wp\/v2\/media?parent=23348"}],"curies":[{"name":"wp","href":"https:\/\/api.w.org\/{rel}","templated":true}]}}