{"id":24438,"date":"2024-02-16T23:31:06","date_gmt":"2024-02-16T20:31:06","guid":{"rendered":"https:\/\/dogadernegi.org\/?page_id=24438"},"modified":"2026-02-01T02:05:38","modified_gmt":"2026-01-31T23:05:38","slug":"calismalarimiz","status":"publish","type":"page","link":"https:\/\/dogadernegi.org\/tr\/calismalarimiz\/","title":{"rendered":"\u00c7al\u0131\u015fmalar\u0131m\u0131z"},"content":{"rendered":"\n\n\n\n\n\n\n\n\n\n\n\n","protected":false},"excerpt":{"rendered":"<p>\u00c7al\u0131\u015fmalar\u0131m\u0131z Foto\u011fraf: \u00a9 Ali \u0130hsan G\u00f6k\u00e7en Biyo\u00e7e\u015fitlilik ve \u0130klim Biyo\u00e7e\u015fitlilik; genetik \u00e7e\u015fitlilik, t\u00fcr \u00e7e\u015fitlili\u011fi ve ekosistem \u00e7e\u015fitlili\u011fi olmak \u00fczere \u00fc\u00e7 temel d\u00fczeyde tan\u0131mlanan, yery\u00fcz\u00fcndeki t\u00fcm canl\u0131 t\u00fcrleri ile ya\u015fam alanlar\u0131n\u0131n olu\u015fturdu\u011fu bir b\u00fct\u00fcn. Foto\u011fraf: \u00a9 C\u00fcneyt O\u011fuzt\u00fcz\u00fcn \u00d6nemli Do\u011fa Alanlar\u0131 Do\u011fa Derne\u011fi uzmanlar\u0131n\u0131n da aras\u0131nda bulundu\u011fu uluslararas\u0131 bir ekip 2004 y\u0131l\u0131nda D\u00fcnya Ku\u015flar\u0131 Koruma Kurumu [&#8230;]<\/p>\n<p><a class=\"dd-btn dd-btn-secondary text-sm\" href=\"https:\/\/dogadernegi.org\/tr\/calismalarimiz\/\">Daha Fazlas\u0131n\u0131 Oku&#8230;<span class=\"dd-sr-only\"> from \u00c7al\u0131\u015fmalar\u0131m\u0131z<\/span><\/a><\/p>\n","protected":false},"author":10,"featured_media":0,"parent":0,"menu_order":0,"comment_status":"closed","ping_status":"closed","template":"page-templates\/fullheightcover.php","meta":{"_acf_changed":false,"_uag_custom_page_level_css":"","footnotes":""},"class_list":["post-24438","page","type-page","status-publish","hentry"],"acf":[],"uagb_featured_image_src":{"full":false,"thumbnail":false,"medium":false,"medium_large":false,"large":false,"1536x1536":false,"2048x2048":false},"uagb_author_info":{"display_name":"A. Erdem \u015eent\u00fcrk","author_link":"https:\/\/dogadernegi.org\/tr\/author\/erdem\/"},"uagb_comment_info":0,"uagb_excerpt":"\u00c7al\u0131\u015fmalar\u0131m\u0131z Foto\u011fraf: \u00a9 Ali \u0130hsan G\u00f6k\u00e7en Biyo\u00e7e\u015fitlilik ve \u0130klim Biyo\u00e7e\u015fitlilik; genetik \u00e7e\u015fitlilik, t\u00fcr \u00e7e\u015fitlili\u011fi ve ekosistem \u00e7e\u015fitlili\u011fi olmak \u00fczere \u00fc\u00e7 temel d\u00fczeyde tan\u0131mlanan, yery\u00fcz\u00fcndeki t\u00fcm canl\u0131 t\u00fcrleri ile ya\u015fam alanlar\u0131n\u0131n olu\u015fturdu\u011fu bir b\u00fct\u00fcn. Foto\u011fraf: \u00a9 C\u00fcneyt O\u011fuzt\u00fcz\u00fcn \u00d6nemli Do\u011fa Alanlar\u0131 Do\u011fa Derne\u011fi uzmanlar\u0131n\u0131n da aras\u0131nda bulundu\u011fu uluslararas\u0131 bir ekip 2004 y\u0131l\u0131nda D\u00fcnya Ku\u015flar\u0131 Koruma Kurumu&hellip;","_links":{"self":[{"href":"https:\/\/dogadernegi.org\/tr\/wp-json\/wp\/v2\/pages\/24438","targetHints":{"allow":["GET"]}}],"collection":[{"href":"https:\/\/dogadernegi.org\/tr\/wp-json\/wp\/v2\/pages"}],"about":[{"href":"https:\/\/dogadernegi.org\/tr\/wp-json\/wp\/v2\/types\/page"}],"author":[{"embeddable":true,"href":"https:\/\/dogadernegi.org\/tr\/wp-json\/wp\/v2\/users\/10"}],"replies":[{"embeddable":true,"href":"https:\/\/dogadernegi.org\/tr\/wp-json\/wp\/v2\/comments?post=24438"}],"version-history":[{"count":0,"href":"https:\/\/dogadernegi.org\/tr\/wp-json\/wp\/v2\/pages\/24438\/revisions"}],"wp:attachment":[{"href":"https:\/\/dogadernegi.org\/tr\/wp-json\/wp\/v2\/media?parent=24438"}],"curies":[{"name":"wp","href":"https:\/\/api.w.org\/{rel}","templated":true}]}}