{"id":24644,"date":"2024-02-17T17:28:51","date_gmt":"2024-02-17T14:28:51","guid":{"rendered":"https:\/\/dogadernegi.org\/?page_id=24644"},"modified":"2026-04-12T17:01:39","modified_gmt":"2026-04-12T14:01:39","slug":"yayinlar","status":"publish","type":"page","link":"https:\/\/dogadernegi.org\/tr\/calismalarimiz\/yayinlar\/","title":{"rendered":"Yay\u0131nlar"},"content":{"rendered":"","protected":false},"excerpt":{"rendered":"<p> [&#8230;]<\/p>\n<p><a class=\"dd-btn dd-btn-secondary text-sm\" href=\"https:\/\/dogadernegi.org\/tr\/calismalarimiz\/yayinlar\/\">Daha Fazlas\u0131n\u0131 Oku&#8230;<span class=\"dd-sr-only\"> from Yay\u0131nlar<\/span><\/a><\/p>\n","protected":false},"author":10,"featured_media":0,"parent":24438,"menu_order":0,"comment_status":"closed","ping_status":"closed","template":"pages\/dd_pub.php","meta":{"_acf_changed":false,"_uag_custom_page_level_css":"","footnotes":""},"class_list":["post-24644","page","type-page","status-publish","hentry"],"acf":[],"uagb_featured_image_src":{"full":false,"thumbnail":false,"medium":false,"medium_large":false,"large":false,"1536x1536":false,"2048x2048":false},"uagb_author_info":{"display_name":"A. Erdem \u015eent\u00fcrk","author_link":"https:\/\/dogadernegi.org\/tr\/author\/erdem\/"},"uagb_comment_info":0,"uagb_excerpt":"[...]Daha Fazlas\u0131n\u0131 Oku... from Yay\u0131nlar","_links":{"self":[{"href":"https:\/\/dogadernegi.org\/tr\/wp-json\/wp\/v2\/pages\/24644","targetHints":{"allow":["GET"]}}],"collection":[{"href":"https:\/\/dogadernegi.org\/tr\/wp-json\/wp\/v2\/pages"}],"about":[{"href":"https:\/\/dogadernegi.org\/tr\/wp-json\/wp\/v2\/types\/page"}],"author":[{"embeddable":true,"href":"https:\/\/dogadernegi.org\/tr\/wp-json\/wp\/v2\/users\/10"}],"replies":[{"embeddable":true,"href":"https:\/\/dogadernegi.org\/tr\/wp-json\/wp\/v2\/comments?post=24644"}],"version-history":[{"count":3,"href":"https:\/\/dogadernegi.org\/tr\/wp-json\/wp\/v2\/pages\/24644\/revisions"}],"predecessor-version":[{"id":28221,"href":"https:\/\/dogadernegi.org\/tr\/wp-json\/wp\/v2\/pages\/24644\/revisions\/28221"}],"up":[{"embeddable":true,"href":"https:\/\/dogadernegi.org\/tr\/wp-json\/wp\/v2\/pages\/24438"}],"wp:attachment":[{"href":"https:\/\/dogadernegi.org\/tr\/wp-json\/wp\/v2\/media?parent=24644"}],"curies":[{"name":"wp","href":"https:\/\/api.w.org\/{rel}","templated":true}]}}