{"id":25810,"date":"2024-03-08T22:46:19","date_gmt":"2024-03-08T19:46:19","guid":{"rendered":"https:\/\/dogadernegi.org\/?page_id=25810"},"modified":"2026-03-20T21:14:06","modified_gmt":"2026-03-20T18:14:06","slug":"turler","status":"publish","type":"page","link":"https:\/\/dogadernegi.org\/tr\/calismalarimiz\/biyocesitlilik-ve-iklim\/turler\/","title":{"rendered":"T\u00fcrler"},"content":{"rendered":"\n\n\n\n\n\n\n\n\n\n\n\n\n\n\n\n\n\n\n\n\n\n\n\n","protected":false},"excerpt":{"rendered":"<p>K\u00fc\u00e7\u00fck Akbaba K\u00fc\u00e7\u00fck akbabalar (Neophron percnopterus), D\u00fcnya Do\u011fa Koruma Birli\u011fi\u2019nin (IUCN) K\u0131rm\u0131z\u0131 Listesi\u2019nde tehlikede (EN) kategorisinde yer al\u0131yor. T\u00fcr\u00fcn d\u00fcnyada 18.600- 54.000 bireyi kald\u0131\u011f\u0131 tahmin edilirken, Avrupa\u2019da ise pop\u00fclasyonlar\u0131 yaln\u0131zca 6.100-9.000 bireyden olu\u015fuyor. T\u00fcrkiye, bu nadir ku\u015f t\u00fcr\u00fcn\u00fcn Avrupa pop\u00fclasyonunun yar\u0131ya yak\u0131n\u0131na ev sahipli\u011fi yap\u0131yor. Bu nedenle k\u00fc\u00e7\u00fck akbaba ara\u015ft\u0131rma, koruma ve fark\u0131ndal\u0131k \u00e7al\u0131\u015fmalar\u0131 b\u00fcy\u00fck [&#8230;]<\/p>\n<p><a class=\"dd-btn dd-btn-secondary text-sm\" href=\"https:\/\/dogadernegi.org\/tr\/calismalarimiz\/biyocesitlilik-ve-iklim\/turler\/\">Daha Fazlas\u0131n\u0131 Oku&#8230;<span class=\"dd-sr-only\"> from T\u00fcrler<\/span><\/a><\/p>\n","protected":false},"author":10,"featured_media":24707,"parent":26959,"menu_order":0,"comment_status":"closed","ping_status":"closed","template":"page-templates\/fullheightcover.php","meta":{"_acf_changed":false,"_uag_custom_page_level_css":"","footnotes":""},"class_list":["post-25810","page","type-page","status-publish","has-post-thumbnail","hentry"],"acf":[],"uagb_featured_image_src":{"full":["https:\/\/dogadernegi.org\/wp-content\/uploads\/2018\/11\/cover-2-acigol-ali-ihsan-gokcen-scaled-1.jpg",2560,1554,false],"thumbnail":["https:\/\/dogadernegi.org\/wp-content\/uploads\/2018\/11\/cover-2-acigol-ali-ihsan-gokcen-scaled-1-300x300.jpg",300,300,true],"medium":["https:\/\/dogadernegi.org\/wp-content\/uploads\/2018\/11\/cover-2-acigol-ali-ihsan-gokcen-scaled-1-300x182.jpg",300,182,true],"medium_large":["https:\/\/dogadernegi.org\/wp-content\/uploads\/2018\/11\/cover-2-acigol-ali-ihsan-gokcen-scaled-1-768x466.jpg",768,466,true],"large":["https:\/\/dogadernegi.org\/wp-content\/uploads\/2018\/11\/cover-2-acigol-ali-ihsan-gokcen-scaled-1-1024x622.jpg",1024,622,true],"1536x1536":["https:\/\/dogadernegi.org\/wp-content\/uploads\/2018\/11\/cover-2-acigol-ali-ihsan-gokcen-scaled-1-1536x932.jpg",1536,932,true],"2048x2048":["https:\/\/dogadernegi.org\/wp-content\/uploads\/2018\/11\/cover-2-acigol-ali-ihsan-gokcen-scaled-1-2048x1243.jpg",2048,1243,true]},"uagb_author_info":{"display_name":"A. Erdem \u015eent\u00fcrk","author_link":"https:\/\/dogadernegi.org\/tr\/author\/erdem\/"},"uagb_comment_info":0,"uagb_excerpt":"K\u00fc\u00e7\u00fck Akbaba K\u00fc\u00e7\u00fck akbabalar (Neophron percnopterus), D\u00fcnya Do\u011fa Koruma Birli\u011fi\u2019nin (IUCN) K\u0131rm\u0131z\u0131 Listesi\u2019nde tehlikede (EN) kategorisinde yer al\u0131yor. T\u00fcr\u00fcn d\u00fcnyada 18.600- 54.000 bireyi kald\u0131\u011f\u0131 tahmin edilirken, Avrupa\u2019da ise pop\u00fclasyonlar\u0131 yaln\u0131zca 6.100-9.000 bireyden olu\u015fuyor. T\u00fcrkiye, bu nadir ku\u015f t\u00fcr\u00fcn\u00fcn Avrupa pop\u00fclasyonunun yar\u0131ya yak\u0131n\u0131na ev sahipli\u011fi yap\u0131yor. Bu nedenle k\u00fc\u00e7\u00fck akbaba ara\u015ft\u0131rma, koruma ve fark\u0131ndal\u0131k \u00e7al\u0131\u015fmalar\u0131 b\u00fcy\u00fck&hellip;","_links":{"self":[{"href":"https:\/\/dogadernegi.org\/tr\/wp-json\/wp\/v2\/pages\/25810","targetHints":{"allow":["GET"]}}],"collection":[{"href":"https:\/\/dogadernegi.org\/tr\/wp-json\/wp\/v2\/pages"}],"about":[{"href":"https:\/\/dogadernegi.org\/tr\/wp-json\/wp\/v2\/types\/page"}],"author":[{"embeddable":true,"href":"https:\/\/dogadernegi.org\/tr\/wp-json\/wp\/v2\/users\/10"}],"replies":[{"embeddable":true,"href":"https:\/\/dogadernegi.org\/tr\/wp-json\/wp\/v2\/comments?post=25810"}],"version-history":[{"count":0,"href":"https:\/\/dogadernegi.org\/tr\/wp-json\/wp\/v2\/pages\/25810\/revisions"}],"up":[{"embeddable":true,"href":"https:\/\/dogadernegi.org\/tr\/wp-json\/wp\/v2\/pages\/26959"}],"wp:featuredmedia":[{"embeddable":true,"href":"https:\/\/dogadernegi.org\/tr\/wp-json\/wp\/v2\/media\/24707"}],"wp:attachment":[{"href":"https:\/\/dogadernegi.org\/tr\/wp-json\/wp\/v2\/media?parent=25810"}],"curies":[{"name":"wp","href":"https:\/\/api.w.org\/{rel}","templated":true}]}}