{"id":25991,"date":"2024-03-12T12:49:43","date_gmt":"2024-03-12T09:49:43","guid":{"rendered":"https:\/\/dogadernegi.org\/?page_id=25991"},"modified":"2026-02-01T02:07:12","modified_gmt":"2026-01-31T23:07:12","slug":"ekosistemler","status":"publish","type":"page","link":"https:\/\/dogadernegi.org\/tr\/calismalarimiz\/ekosistemler\/","title":{"rendered":"Ekosistemler"},"content":{"rendered":"\n<p>Da\u011flar, bozk\u0131rlar, sulak alanlar ve ormanlar\u2026 Her biri, kendi i\u00e7inde say\u0131s\u0131z canl\u0131ya ev sahipli\u011fi yapan ve birbirine g\u00f6r\u00fcnmez ba\u011flarla ba\u011fl\u0131 olan ekosistemler. Her ekosistem, ya\u015fam\u0131n s\u00fcreklili\u011fini sa\u011flayan b\u00fcy\u00fck bir b\u00fct\u00fcn\u00fcn par\u00e7as\u0131. Bu \u00e7e\u015fitlilik, do\u011fan\u0131n kendi ritmini, dengesini ve s\u00fcreklili\u011fini olu\u015fturur.<\/p>\n\n\n\n\n\n\n\n\n\n\n","protected":false},"excerpt":{"rendered":"<p>Da\u011flar, bozk\u0131rlar, sulak alanlar ve ormanlar\u2026 Her biri, kendi i\u00e7inde say\u0131s\u0131z canl\u0131ya ev sahipli\u011fi yapan ve birbirine g\u00f6r\u00fcnmez ba\u011flarla ba\u011fl\u0131 olan ekosistemler. Her ekosistem, ya\u015fam\u0131n s\u00fcreklili\u011fini sa\u011flayan b\u00fcy\u00fck bir b\u00fct\u00fcn\u00fcn par\u00e7as\u0131. Bu \u00e7e\u015fitlilik, do\u011fan\u0131n kendi ritmini, dengesini ve s\u00fcreklili\u011fini olu\u015fturur. Sulak Alanlar Sulak alanlar insan dahil gezegendeki t\u00fcm canl\u0131lar i\u00e7in hayati \u00f6neme sahip. Sulak alanlar, [&#8230;]<\/p>\n<p><a class=\"dd-btn dd-btn-secondary text-sm\" href=\"https:\/\/dogadernegi.org\/tr\/calismalarimiz\/ekosistemler\/\">Daha Fazlas\u0131n\u0131 Oku&#8230;<span class=\"dd-sr-only\"> from Ekosistemler<\/span><\/a><\/p>\n","protected":false},"author":10,"featured_media":26429,"parent":24438,"menu_order":0,"comment_status":"closed","ping_status":"closed","template":"page-templates\/fullheightcover.php","meta":{"_acf_changed":false,"_uag_custom_page_level_css":"","footnotes":""},"class_list":["post-25991","page","type-page","status-publish","has-post-thumbnail","hentry"],"acf":[],"uagb_featured_image_src":{"full":["https:\/\/dogadernegi.org\/wp-content\/uploads\/2024\/06\/ekosistemler.jpg",2160,1536,false],"thumbnail":["https:\/\/dogadernegi.org\/wp-content\/uploads\/2024\/06\/ekosistemler-300x300.jpg",300,300,true],"medium":["https:\/\/dogadernegi.org\/wp-content\/uploads\/2024\/06\/ekosistemler-300x213.jpg",300,213,true],"medium_large":["https:\/\/dogadernegi.org\/wp-content\/uploads\/2024\/06\/ekosistemler-768x546.jpg",768,546,true],"large":["https:\/\/dogadernegi.org\/wp-content\/uploads\/2024\/06\/ekosistemler-1024x728.jpg",1024,728,true],"1536x1536":["https:\/\/dogadernegi.org\/wp-content\/uploads\/2024\/06\/ekosistemler-1536x1092.jpg",1536,1092,true],"2048x2048":["https:\/\/dogadernegi.org\/wp-content\/uploads\/2024\/06\/ekosistemler-2048x1456.jpg",2048,1456,true]},"uagb_author_info":{"display_name":"A. Erdem \u015eent\u00fcrk","author_link":"https:\/\/dogadernegi.org\/tr\/author\/erdem\/"},"uagb_comment_info":0,"uagb_excerpt":"Da\u011flar, bozk\u0131rlar, sulak alanlar ve ormanlar\u2026 Her biri, kendi i\u00e7inde say\u0131s\u0131z canl\u0131ya ev sahipli\u011fi yapan ve birbirine g\u00f6r\u00fcnmez ba\u011flarla ba\u011fl\u0131 olan ekosistemler. Her ekosistem, ya\u015fam\u0131n s\u00fcreklili\u011fini sa\u011flayan b\u00fcy\u00fck bir b\u00fct\u00fcn\u00fcn par\u00e7as\u0131. Bu \u00e7e\u015fitlilik, do\u011fan\u0131n kendi ritmini, dengesini ve s\u00fcreklili\u011fini olu\u015fturur. Sulak Alanlar Sulak alanlar insan dahil gezegendeki t\u00fcm canl\u0131lar i\u00e7in hayati \u00f6neme sahip. Sulak alanlar,&hellip;","_links":{"self":[{"href":"https:\/\/dogadernegi.org\/tr\/wp-json\/wp\/v2\/pages\/25991","targetHints":{"allow":["GET"]}}],"collection":[{"href":"https:\/\/dogadernegi.org\/tr\/wp-json\/wp\/v2\/pages"}],"about":[{"href":"https:\/\/dogadernegi.org\/tr\/wp-json\/wp\/v2\/types\/page"}],"author":[{"embeddable":true,"href":"https:\/\/dogadernegi.org\/tr\/wp-json\/wp\/v2\/users\/10"}],"replies":[{"embeddable":true,"href":"https:\/\/dogadernegi.org\/tr\/wp-json\/wp\/v2\/comments?post=25991"}],"version-history":[{"count":0,"href":"https:\/\/dogadernegi.org\/tr\/wp-json\/wp\/v2\/pages\/25991\/revisions"}],"up":[{"embeddable":true,"href":"https:\/\/dogadernegi.org\/tr\/wp-json\/wp\/v2\/pages\/24438"}],"wp:featuredmedia":[{"embeddable":true,"href":"https:\/\/dogadernegi.org\/tr\/wp-json\/wp\/v2\/media\/26429"}],"wp:attachment":[{"href":"https:\/\/dogadernegi.org\/tr\/wp-json\/wp\/v2\/media?parent=25991"}],"curies":[{"name":"wp","href":"https:\/\/api.w.org\/{rel}","templated":true}]}}