{"id":26019,"date":"2024-03-12T17:49:04","date_gmt":"2024-03-12T14:49:04","guid":{"rendered":"https:\/\/dogadernegi.org\/?page_id=26019"},"modified":"2026-02-01T03:00:37","modified_gmt":"2026-02-01T00:00:37","slug":"doga-kulturu","status":"publish","type":"page","link":"https:\/\/dogadernegi.org\/tr\/calismalarimiz\/doga-kulturu\/","title":{"rendered":"Do\u011fa K\u00fclt\u00fcr\u00fc"},"content":{"rendered":"\n<p>G\u00fcn\u00fcm\u00fczden bir y\u00fczy\u0131l \u00f6nce, d\u00fcnyan\u0131n d\u00f6rt bir yan\u0131ndaki topluluklar do\u011fayla g\u00fc\u00e7l\u00fc ba\u011flara sahipti ve bu ba\u011flar\u0131 ku\u015faktan ku\u015fa\u011fa aktar\u0131lan yerel bilgilerle s\u00fcrd\u00fcr\u00fcyordu. Ancak son y\u0131llarda bu ba\u011f tamamen koptu ve insan\u0131n do\u011fayla i\u015f birli\u011fi yaparak olu\u015fturdu\u011fu yerel bilgi bug\u00fcn kaybolmak \u00fczere olan miraslardan.<\/p>\n\n\n\n<p class=\"has-text-align-left\">Do\u011fa Derne\u011fi, ku\u015flar\u0131n ve daha geni\u015f ya\u015fam a\u011f\u0131n\u0131n do\u011frudan korunmas\u0131 \u00fczerinde \u00e7al\u0131\u015f\u0131rken, ayn\u0131 zamanda biyolojik \u00e7e\u015fitlili\u011fin korunmaya ihtiya\u00e7 duymayaca\u011f\u0131 bir k\u00fclt\u00fcr\u00fcn geli\u015ftirilmesini desteklemeye de \u00e7al\u0131\u015f\u0131r. Bu k\u00fclt\u00fcre de \u201cDo\u011fa K\u00fclt\u00fcr\u00fc\u201d denir. Do\u011fa k\u00fclt\u00fcr\u00fc, insanlar\u0131n d\u00fc\u015f\u00fcnme ve hareket etme bi\u00e7imlerinde, d\u00fcnya \u00fczerindeki insan etkisini azaltmak amac\u0131yla uzun vadeli bir d\u00f6n\u00fc\u015f\u00fcm\u00fc ifade eder. Do\u011fa k\u00fclt\u00fcr\u00fcn\u00fcn, e\u015fitlik, i\u015f birli\u011fi ve kar\u015f\u0131l\u0131kl\u0131l\u0131k gibi ortak de\u011ferlere dayanan \u00e7e\u015fitli yerel topluluklar\u0131n geleneklerine ve ya\u015fay\u0131\u015f bi\u00e7imlerine i\u015flenmi\u015ftir. Do\u011fadan kendini \u00fcst\u00fcn g\u00f6rmeyen i\u00e7inde ya\u015fayan t\u00fcrlerden sadece birisi oldu\u011fu anlay\u0131\u015f\u0131yla temellendirilmi\u015f bu d\u00fc\u015f\u00fcnce bi\u00e7imi do\u011fa k\u00fclt\u00fcr\u00fcn\u00fcn kilit ta\u015f\u0131d\u0131r.<\/p>\n\n\n\n<p class=\"has-text-align-left\">Do\u011fa k\u00fclt\u00fcr\u00fc \u00e7al\u0131\u015fmalar\u0131m\u0131z, t\u00fcrlerin pop\u00fclasyonlar\u0131n\u0131, \u00d6nemli Do\u011fa Alanlar\u0131&#8217;n\u0131 (\u00d6DA) ve daha geni\u015f peyzajlar\u0131 koruma ve restorasyon amac\u0131m\u0131zla bir tamamlay\u0131c\u0131 olma \u00f6zelli\u011fi ta\u015f\u0131maktad\u0131r. Bu nedenle, do\u011fa k\u00fclt\u00fcr\u00fcn\u00fc, kendi toplumlar\u0131m\u0131z\u0131n do\u011fas\u0131n\u0131 koruma ve onarma amac\u0131na adanm\u0131\u015f b\u00fct\u00fcn faaliyetlerimizin harc\u0131d\u0131r. Do\u011fa k\u00fclt\u00fcr\u00fc \u00e7al\u0131\u015fmalar\u0131m\u0131z esnas\u0131nda fark etti\u011fimiz en temel g\u00f6zlem bu k\u00fclt\u00fcr\u00fc olu\u015fturan bilgi birikiminin hem korunmas\u0131 gerekti\u011fi hem de ayn\u0131 zamanda bu bilginin ekosistemi korumak i\u00e7in bir y\u00f6ntem oldu\u011fudur. Bir sulak alan\u0131n insanlar taraf\u0131ndan nas\u0131l g\u00f6r\u00fcld\u00fc\u011f\u00fc ve ne \u015fekilde kullan\u0131ld\u0131\u011f\u0131&nbsp; bu sulak alan\u0131n korunmas\u0131 i\u00e7in olu\u015fturulacak politikalar\u0131n temellerini do\u011fa k\u00fclt\u00fcr\u00fcn\u00fcn belle\u011finde ta\u015f\u0131nmaktad\u0131r.&nbsp;<\/p>\n\n\n\n<p class=\"has-text-align-left\">Do\u011fan\u0131n kendi haklar\u0131 vard\u0131r; bu haklar\u0131n ihlali, t\u00fcm varl\u0131klar\u0131n ya\u015fam hakk\u0131 konusunda birbirine ba\u011fl\u0131 oldu\u011fu i\u00e7in ya\u015fam\u0131n yok olmas\u0131na yol a\u00e7ar. Do\u011fan\u0131n haklar\u0131n\u0131, evrensel bir adalet ilkesi ve do\u011fa k\u00fclt\u00fcr\u00fcn\u00fcn temel bir dire\u011fi olarak sayg\u0131yla kar\u015f\u0131l\u0131yor ve savunuyoruz. Bu nedenle Do\u011fa Derne\u011fi, di\u011fer hak savunuculu\u011fu yapan gruplara i\u015f birli\u011fi yaparak onlar\u0131n \u00e7al\u0131\u015fmalar\u0131na destek olmakta ve do\u011fan\u0131n haklar\u0131na y\u00f6nelik takdirin artmas\u0131 i\u00e7in enerji ve kapasite yaratmaktad\u0131r.<\/p>\n\n\n\n<p class=\"has-text-align-left\">Do\u011fa k\u00fclt\u00fcr\u00fc \u00e7al\u0131\u015fmalar\u0131m\u0131z\u0131n i\u00e7erisinde yer alan Kadim \u00dcretim Havzalar\u0131, daha geni\u015f peyzajlarda do\u011fa k\u00fclt\u00fcr\u00fcn\u00fcn ayak izini temsil eder. Bu peyzajlar sadece insanlara yiyecek ve di\u011fer temel ihtiya\u00e7lar\u0131 sa\u011flamakla kalmaz, ayn\u0131 zamanda biyolojik \u00e7e\u015fitlili\u011fin korunmas\u0131 ve iklim de\u011fi\u015fikli\u011fine uyum sa\u011flanmas\u0131 i\u00e7in b\u00fcy\u00fck f\u0131rsatlar sunuyor. Bu nedenle, Do\u011fa Derne\u011fi bu benzersiz peyzajlar\u0131n belirlenmesi ve s\u00fcrd\u00fcr\u00fclebilirli\u011fi i\u00e7in aktif olarak \u00e7al\u0131\u015fmaktad\u0131r.<\/p>\n\n\n\n<p>Do\u011fa Derne\u011fi taraf\u0131ndan kurulan Do\u011fa Okulu, T\u00fcrkiye\u2019nin farkl\u0131 b\u00f6lgelerinde kapsaml\u0131 sosyo-ekonomik ve s\u00f6zl\u00fc k\u00fclt\u00fcr ara\u015ft\u0131rmalar\u0131na dayanan biyolojik \u00e7e\u015fitlili\u011fin korunmas\u0131 ve do\u011fa k\u00fclt\u00fcr\u00fc \u00fczerine e\u011fitim programlar\u0131 uygulamaktad\u0131r. Do\u011fa Okulu\u2019nun ara\u015ft\u0131rma programlar\u0131, Derne\u011fin biyolojik \u00e7e\u015fitlilik \u00f6ncelikleri ile uyumlu olup, koruma zorluklar\u0131na y\u00f6nelik yenilik\u00e7i toplum temelli \u00e7\u00f6z\u00fcmler tasarlamay\u0131 ama\u00e7lamaktad\u0131r. Bu \u00e7al\u0131\u015fmalar\u0131n bulgular\u0131, Do\u011fa Okulu\u2019nun e\u011fitim programlar\u0131n\u0131n geli\u015ftirilmesinde de kullan\u0131lmaktad\u0131r.<\/p>\n\n\n\n\n","protected":false},"excerpt":{"rendered":"<p>G\u00fcn\u00fcm\u00fczden bir y\u00fczy\u0131l \u00f6nce, d\u00fcnyan\u0131n d\u00f6rt bir yan\u0131ndaki topluluklar do\u011fayla g\u00fc\u00e7l\u00fc ba\u011flara sahipti ve bu ba\u011flar\u0131 ku\u015faktan ku\u015fa\u011fa aktar\u0131lan yerel bilgilerle s\u00fcrd\u00fcr\u00fcyordu. Ancak son y\u0131llarda bu ba\u011f tamamen koptu ve insan\u0131n do\u011fayla i\u015f birli\u011fi yaparak olu\u015fturdu\u011fu yerel bilgi bug\u00fcn kaybolmak \u00fczere olan miraslardan. Do\u011fa Derne\u011fi, ku\u015flar\u0131n ve daha geni\u015f ya\u015fam a\u011f\u0131n\u0131n do\u011frudan korunmas\u0131 \u00fczerinde \u00e7al\u0131\u015f\u0131rken, [&#8230;]<\/p>\n<p><a class=\"dd-btn dd-btn-secondary text-sm\" href=\"https:\/\/dogadernegi.org\/tr\/calismalarimiz\/doga-kulturu\/\">Daha Fazlas\u0131n\u0131 Oku&#8230;<span class=\"dd-sr-only\"> from Do\u011fa K\u00fclt\u00fcr\u00fc<\/span><\/a><\/p>\n","protected":false},"author":10,"featured_media":24730,"parent":24438,"menu_order":0,"comment_status":"closed","ping_status":"closed","template":"page-templates\/fullheightcover.php","meta":{"_acf_changed":false,"_uag_custom_page_level_css":"","footnotes":""},"class_list":["post-26019","page","type-page","status-publish","has-post-thumbnail","hentry"],"acf":[],"uagb_featured_image_src":{"full":["https:\/\/dogadernegi.org\/wp-content\/uploads\/2024\/02\/22.jpg",2000,1335,false],"thumbnail":["https:\/\/dogadernegi.org\/wp-content\/uploads\/2024\/02\/22-300x300.jpg",300,300,true],"medium":["https:\/\/dogadernegi.org\/wp-content\/uploads\/2024\/02\/22-300x200.jpg",300,200,true],"medium_large":["https:\/\/dogadernegi.org\/wp-content\/uploads\/2024\/02\/22-768x513.jpg",768,513,true],"large":["https:\/\/dogadernegi.org\/wp-content\/uploads\/2024\/02\/22-1024x684.jpg",1024,684,true],"1536x1536":["https:\/\/dogadernegi.org\/wp-content\/uploads\/2024\/02\/22-1536x1025.jpg",1536,1025,true],"2048x2048":["https:\/\/dogadernegi.org\/wp-content\/uploads\/2024\/02\/22.jpg",2000,1335,false]},"uagb_author_info":{"display_name":"A. Erdem \u015eent\u00fcrk","author_link":"https:\/\/dogadernegi.org\/tr\/author\/erdem\/"},"uagb_comment_info":0,"uagb_excerpt":"G\u00fcn\u00fcm\u00fczden bir y\u00fczy\u0131l \u00f6nce, d\u00fcnyan\u0131n d\u00f6rt bir yan\u0131ndaki topluluklar do\u011fayla g\u00fc\u00e7l\u00fc ba\u011flara sahipti ve bu ba\u011flar\u0131 ku\u015faktan ku\u015fa\u011fa aktar\u0131lan yerel bilgilerle s\u00fcrd\u00fcr\u00fcyordu. Ancak son y\u0131llarda bu ba\u011f tamamen koptu ve insan\u0131n do\u011fayla i\u015f birli\u011fi yaparak olu\u015fturdu\u011fu yerel bilgi bug\u00fcn kaybolmak \u00fczere olan miraslardan. Do\u011fa Derne\u011fi, ku\u015flar\u0131n ve daha geni\u015f ya\u015fam a\u011f\u0131n\u0131n do\u011frudan korunmas\u0131 \u00fczerinde \u00e7al\u0131\u015f\u0131rken,&hellip;","_links":{"self":[{"href":"https:\/\/dogadernegi.org\/tr\/wp-json\/wp\/v2\/pages\/26019","targetHints":{"allow":["GET"]}}],"collection":[{"href":"https:\/\/dogadernegi.org\/tr\/wp-json\/wp\/v2\/pages"}],"about":[{"href":"https:\/\/dogadernegi.org\/tr\/wp-json\/wp\/v2\/types\/page"}],"author":[{"embeddable":true,"href":"https:\/\/dogadernegi.org\/tr\/wp-json\/wp\/v2\/users\/10"}],"replies":[{"embeddable":true,"href":"https:\/\/dogadernegi.org\/tr\/wp-json\/wp\/v2\/comments?post=26019"}],"version-history":[{"count":0,"href":"https:\/\/dogadernegi.org\/tr\/wp-json\/wp\/v2\/pages\/26019\/revisions"}],"up":[{"embeddable":true,"href":"https:\/\/dogadernegi.org\/tr\/wp-json\/wp\/v2\/pages\/24438"}],"wp:featuredmedia":[{"embeddable":true,"href":"https:\/\/dogadernegi.org\/tr\/wp-json\/wp\/v2\/media\/24730"}],"wp:attachment":[{"href":"https:\/\/dogadernegi.org\/tr\/wp-json\/wp\/v2\/media?parent=26019"}],"curies":[{"name":"wp","href":"https:\/\/api.w.org\/{rel}","templated":true}]}}