{"id":26290,"date":"2024-05-07T22:18:40","date_gmt":"2024-05-07T19:18:40","guid":{"rendered":"https:\/\/dogadernegi.org\/?page_id=26290"},"modified":"2025-08-21T17:25:03","modified_gmt":"2025-08-21T14:25:03","slug":"marmara-golu","status":"publish","type":"page","link":"https:\/\/dogadernegi.org\/tr\/calismalarimiz\/ekosistemler\/sulak-alanlar\/marmara-golu\/","title":{"rendered":"Marmara G\u00f6l\u00fc"},"content":{"rendered":"\n<div class=\"wp-block-uagb-container container uagb-block-788621ff alignfull uagb-is-root-container\"><div class=\"uagb-container-inner-blocks-wrap\">\n<p>Marmara G\u00f6l\u00fc, Manisa ilinin do\u011fusunda ve Gediz Nehri\u2019nin kuzeyinde yer al\u0131r. Sulak alan, G\u00f6rdes \u00c7ay\u0131 ve yer alt\u0131 sular\u0131yla beslenen, rezervuara d\u00f6n\u00fc\u015ft\u00fcr\u00fclm\u00fc\u015f bir tatl\u0131 su g\u00f6l\u00fc \u00f6zelli\u011fi ta\u015f\u0131r. Marmara G\u00f6l\u00fc, T\u00fcrkiye\u2019deki 305 \u00d6nemli Do\u011fa Alan\u0131\u2019ndan (\u00d6DA) biri. Alan ayn\u0131 zamanda Ulusal \u00d6neme Haiz Sulak Alan stat\u00fcs\u00fcne sahip. K\u0131\u015f aylar\u0131nda g\u00f6lde yakla\u015f\u0131k 65 bin su ku\u015fu g\u00f6zlemleniyor. Tepeli pelikan (<em>Pelicanus crispus)<\/em>, mahmuzlu k\u0131zku\u015fu (<em>Vanellus spinosus<\/em>), pasba\u015f patka (<em>Aythya nyroca<\/em>) ve alaca bal\u0131k\u00e7\u0131l (<em>Ardeola ralloides<\/em>) alanda kulu\u00e7kaya yatan \u00f6nemli su ku\u015flar\u0131. Fiyu (<em>Mareca penelope<\/em>), elmaba\u015f patka (<em>Aythya ferina<\/em>), k\u0131l\u0131\u00e7gaga (<em>Recurvirosta avosetta<\/em>) t\u00fcrlerinin \u00f6nemli pop\u00fclasyonlar\u0131 ve nesli tehlike alt\u0131na girmeye yak\u0131n olan tepeli pelikan t\u00fcr\u00fcn\u00fcn d\u00fcnya n\u00fcfusunun y\u00fczde 9\u2019u k\u0131\u015f aylar\u0131nda Marmara G\u00f6l\u00fc\u2019nde besleniyor ve k\u0131\u015f\u0131 burada ge\u00e7iriyor. Alan ku\u015flar a\u00e7\u0131s\u0131ndan \u00f6nemli bir konaklama, beslenme ve \u00fcreme alan\u0131. Marmara G\u00f6l\u00fc, 5 endemik tatl\u0131 su bal\u0131\u011f\u0131 t\u00fcr\u00fcne de ev sahipli\u011fi yap\u0131yor.<\/p>\n\n\n\n<p>Yanl\u0131\u015f tar\u0131m ve su politikalar\u0131 sebebiyle, \u00f6zellikle yeralt\u0131 ve yer\u00fcst\u00fc sular\u0131n\u0131n a\u015f\u0131r\u0131 kullan\u0131m\u0131 gibi nedenlerle g\u00f6l kurutulmu\u015f durumda. G\u00f6l taban\u0131nda yasad\u0131\u015f\u0131 olarak ger\u00e7ekle\u015ftirilen tar\u0131m faaliyetlerine kamu personelleri m\u00fcdahale etmedi\u011fi i\u00e7in halk aras\u0131nda \u00e7at\u0131\u015fmalar ba\u015f g\u00f6steriyor. Bu nedenle Manisa Valili\u011fi, Devlet Su \u0130\u015fleri Genel M\u00fcd\u00fcrl\u00fc\u011f\u00fc, Do\u011fa Koruma ve Milli Parklar Genel M\u00fcd\u00fcrl\u00fc\u011f\u00fc ile Tar\u0131m \u0130\u015fletmeleri Genel M\u00fcd\u00fcrl\u00fc\u011f\u00fc (T\u0130GEM) aras\u0131nda 4 Kas\u0131m 2022\u2019de Marmara G\u00f6l\u00fc Sulak Alan\u0131 Rehabilitasyon \u00dczerine \u0130\u015f Birli\u011fi Protokol\u00fc imzaland\u0131. Bu karar, g\u00f6l\u00fcn eski haline d\u00f6n\u00fc\u015fmesine kadar olan s\u00fcre\u00e7te, alanda T\u0130GEM taraf\u0131ndan tar\u0131m faaliyetlerinin ger\u00e7ekle\u015ftirilece\u011fi anlam\u0131na geliyor.&nbsp;<\/p>\n\n\n\n<p>Tescilli bir sulak alan\u0131n tar\u0131msal ama\u00e7l\u0131 kullan\u0131ma a\u00e7\u0131lmas\u0131 ulusal ve uluslararas\u0131 mevzuatlara ayk\u0131r\u0131 bir uygulama. Bu kapsamda Ulusal Sulak Alan Komisyonu\u2019nun sulak alan s\u0131n\u0131r revizyonu karar\u0131na ve i\u015fbirli\u011fi protokol\u00fcne kar\u015f\u0131, S.S. G\u00f6lmarmara ve \u00c7evresi Su \u00dcr\u00fcnleri Kooperatifi, WWF-T\u00fcrkiye (Do\u011fal Hayat\u0131 Koruma Vakf\u0131), Salihli \u00c7evre Derne\u011fi, Akhisar \u00c7evre Derne\u011fi, Manisa K\u00fclt\u00fcr ve Tabiat Varl\u0131klar\u0131n\u0131 Koruma ve \u00c7evre Derne\u011fi ve g\u00f6l \u00e7evresinde ya\u015fayan ki\u015filerle birlikte bir dava a\u00e7t\u0131k.&nbsp;<\/p>\n\n\n\n<p>Yakla\u015f\u0131k 2.6 milyon ya\u015f\u0131nda olan g\u00f6l, k\u0131\u015f aylar\u0131nda ya\u011fmur sular\u0131yla beslenmeye \u00e7al\u0131\u015f\u0131yor. Fakat sadece ya\u011fmur sular\u0131 g\u00f6l\u00fc eski haline d\u00f6nd\u00fcrmeye yetmiyor. Alan\u0131n tekrardan sa\u011fl\u0131kl\u0131 bir ekosistem i\u015flevi g\u00f6rmesi i\u00e7in \u00e7ok katmanl\u0131 bir \u00e7al\u0131\u015fma y\u00fcr\u00fct\u00fclmesi gerekiyor. Bu motivasyonla, g\u00f6l\u00fcn yasa d\u0131\u015f\u0131 olarak kullan\u0131m\u0131 kar\u015f\u0131s\u0131ndaki hukuki m\u00fccadelemizi ve kampanyam\u0131z\u0131 s\u00fcrd\u00fcr\u00fcyoruz.<\/p>\n\n\n\n<p>Yapt\u0131\u011f\u0131m\u0131z \u00e7al\u0131\u015fmalar neticesinde, Marmara G\u00f6l\u00fc\u2019n\u00fcn ya\u015famas\u0131 i\u00e7in yap\u0131lmas\u0131 gerekenleri \u015fu \u015fekilde ortaya koyduk:<\/p>\n\n\n\n<ul class=\"wp-block-list\">\n<li>T\u0130GEM\u2019in alanda tar\u0131m yap\u0131lmas\u0131n\u0131n \u00f6n\u00fcn\u00fc a\u00e7an protokol\u00fcn iptal edilmesi\u00a0<\/li>\n\n\n\n<li>\u00a0G\u00f6rdes Baraj\u0131\u2019ndan Marmara G\u00f6l\u00fc\u2019ne su b\u0131rak\u0131lmas\u0131.<\/li>\n\n\n\n<li>Ahmetli Reg\u00fclat\u00f6r\u00fc\u2019nden Marmara G\u00f6l\u00fc\u2019ne su verilmesi.<\/li>\n\n\n\n<li>G\u00f6l \u00e7evresindeki alternatif su kaynaklar\u0131ndan g\u00f6le su sa\u011flanmas\u0131.<\/li>\n\n\n\n<li>Kum \u00c7ay\u0131\u2019n\u0131n nehir yata\u011f\u0131nda kontrols\u00fcz ve denetimsiz kum oca\u011f\u0131 i\u015fletme faaliyetlerinin sona erdirilmesi.<\/li>\n\n\n\n<li>Derivasyon hatt\u0131nda nehir yata\u011f\u0131n\u0131n d\u00fczenlenmesi.<\/li>\n\n\n\n<li>G\u00f6l \u00e7evresinde tar\u0131msal \u00fcretim kuyular\u0131 ve su \u00e7ekiminin ivedilikle kontrol alt\u0131na al\u0131nmas\u0131.<\/li>\n<\/ul>\n<\/div><\/div>\n\n\n\n<div class=\"wp-block-uagb-container uagb-block-4fd4d8a3 alignfull uagb-is-root-container\"><div class=\"uagb-container-inner-blocks-wrap\">\n\t\t\t<div class=\"wp-block-uagb-post-grid uagb-post-grid  uagb-post__image-position-top uagb-post__image-enabled uagb-block-714e4fc9     uagb-post__items uagb-post__columns-4 is-grid uagb-post__columns-tablet-2 uagb-post__columns-mobile-1 uagb-post__equal-height uagb-equal_height_inline-read-more-buttons\" data-total=\"2\" style=\"\">\n\n\t\t\t\t\t\t\t\t\t\t\t\t<article class=\"uagb-post__inner-wrap\">\t\t\t\t\t\t\t\t<div class='uagb-post__image'>\n\t\t\t\t\t\t\t\t\t<a href=\"https:\/\/dogadernegi.org\/tr\/marmara-golundeki-hukuksuz-uygulamalara-karsi-actigimiz-davayi-kazandik\/\" target=\"_self\" rel=\"bookmark noopener noreferrer\" class='uagb-image-ratio-inherit'><img loading=\"lazy\" decoding=\"async\" width=\"300\" height=\"300\" src=\"https:\/\/dogadernegi.org\/wp-content\/uploads\/2024\/11\/MGK_2024-twpost-300x300.jpg\" class=\"attachment-thumbnail size-thumbnail\" alt=\"\" \/>\t\t\t\t\t<\/a>\n\t\t\t\t\t\t\t<\/div>\n\t\t\t\t\t\t<h6 class=\"uagb-post__title uagb-post__text\">\n\t\t\t\t<a href=\"https:\/\/dogadernegi.org\/tr\/marmara-golundeki-hukuksuz-uygulamalara-karsi-actigimiz-davayi-kazandik\/\" target=\"_self\" rel=\"bookmark noopener noreferrer\">Marmara G\u00f6l\u00fc\u2019ndeki Hukuksuz Uygulamalara Kar\u015f\u0131 A\u00e7t\u0131\u011f\u0131m\u0131z Davay\u0131 Kazand\u0131k.<\/a>\n\t\t\t<\/h6>\n\t\t\t\t\t\t<div class='uagb-post__text uagb-post-grid-byline'>\n\t\t\t\t\t\t\t\t<time datetime=\"2024-11-25T20:02:58+03:00\" class=\"uagb-post__date\">\n\t\t\t\t<span class=\"dashicons-calendar dashicons\"><\/span>\t\t\t\t\t25 Kas\u0131m 2024\t\t\t\t<\/time>\n\t\t\t\t\t\t<\/div>\n\t\t\t\t\t\t\t<div class='uagb-post__text uagb-post__excerpt'>\n\t\t\t\t\t<p>Do\u011fa Derne\u011fi\u2019nin sivil toplum kurulu\u015flar\u0131 ve vatanda\u015flarla birlikte, Marmara G\u00f6l\u00fc\u2019n\u00fc tar\u0131m alan\u0131na d\u00f6n\u00fc\u015ft\u00fcren Manisa Valili\u011fi,&#8230;\t\t\t\t<\/div>\n\t\t\t\t\t\t<div class=\"uagb-post__text uagb-post__cta wp-block-button\">\n\t\t\t\t<a class=\"wp-block-button__link uagb-text-link\" style=\"\" href=\"https:\/\/dogadernegi.org\/tr\/marmara-golundeki-hukuksuz-uygulamalara-karsi-actigimiz-davayi-kazandik\/\" target=\"_self\" rel=\"bookmark noopener noreferrer\">Devam\u0131<\/a>\n\t\t\t<\/div>\n\t\t\t\n\t\t\t\t\t\t\t\t\t<\/article>\n\t\t\t\t\t\t\t\t\t\t\t\t\t\t\t\t<article class=\"uagb-post__inner-wrap\">\t\t\t\t\t\t\t\t<div class='uagb-post__image'>\n\t\t\t\t\t\t\t\t\t<a href=\"https:\/\/dogadernegi.org\/tr\/marmara-golundeki-hukuksuz-uygulamalara-karsi-acilan-davada-sona-yaklasildi-mahkemeden-iptal-karari-bekleniyor\/\" target=\"_self\" rel=\"bookmark noopener noreferrer\" class='uagb-image-ratio-inherit'><img loading=\"lazy\" decoding=\"async\" width=\"300\" height=\"300\" src=\"https:\/\/dogadernegi.org\/wp-content\/uploads\/2024\/08\/Photographer_-Ismail-Memis-1-300x300.jpg\" class=\"attachment-thumbnail size-thumbnail\" alt=\"\" \/>\t\t\t\t\t<\/a>\n\t\t\t\t\t\t\t<\/div>\n\t\t\t\t\t\t<h6 class=\"uagb-post__title uagb-post__text\">\n\t\t\t\t<a href=\"https:\/\/dogadernegi.org\/tr\/marmara-golundeki-hukuksuz-uygulamalara-karsi-acilan-davada-sona-yaklasildi-mahkemeden-iptal-karari-bekleniyor\/\" target=\"_self\" rel=\"bookmark noopener noreferrer\">Marmara G\u00f6l\u00fc\u2019ndeki Hukuksuz Uygulamalara Kar\u015f\u0131 A\u00e7\u0131lan Davada Sona Yakla\u015f\u0131ld\u0131, Mahkemeden \u0130ptal Karar\u0131 Bekleniyor.<\/a>\n\t\t\t<\/h6>\n\t\t\t\t\t\t<div class='uagb-post__text uagb-post-grid-byline'>\n\t\t\t\t\t\t\t\t<time datetime=\"2024-11-04T12:55:16+03:00\" class=\"uagb-post__date\">\n\t\t\t\t<span class=\"dashicons-calendar dashicons\"><\/span>\t\t\t\t\t4 Kas\u0131m 2024\t\t\t\t<\/time>\n\t\t\t\t\t\t<\/div>\n\t\t\t\t\t\t\t<div class='uagb-post__text uagb-post__excerpt'>\n\t\t\t\t\t<p>Sivil toplum kurulu\u015flar\u0131 ve vatanda\u015flarla birlikte, Marmara G\u00f6l\u00fc\u2019n\u00fc tar\u0131m alan\u0131na d\u00f6n\u00fc\u015ft\u00fcren Manisa Valili\u011fi, DS\u0130 Genel&#8230;\t\t\t\t<\/div>\n\t\t\t\t\t\t<div class=\"uagb-post__text uagb-post__cta wp-block-button\">\n\t\t\t\t<a class=\"wp-block-button__link uagb-text-link\" style=\"\" href=\"https:\/\/dogadernegi.org\/tr\/marmara-golundeki-hukuksuz-uygulamalara-karsi-acilan-davada-sona-yaklasildi-mahkemeden-iptal-karari-bekleniyor\/\" target=\"_self\" rel=\"bookmark noopener noreferrer\">Devam\u0131<\/a>\n\t\t\t<\/div>\n\t\t\t\n\t\t\t\t\t\t\t\t\t<\/article>\n\t\t\t\t\t\t\t\t\t\t\t\t\t\t\t\t<article class=\"uagb-post__inner-wrap\">\t\t\t\t\t\t\t\t<div class='uagb-post__image'>\n\t\t\t\t\t\t\t\t\t<a href=\"https:\/\/dogadernegi.org\/tr\/manisa-marmara-golunu-tarim-alanina-donusturen-uygulamalara-mahkemeden-yurutmeyi-durdurma-karari\/\" target=\"_self\" rel=\"bookmark noopener noreferrer\" class='uagb-image-ratio-inherit'><img loading=\"lazy\" decoding=\"async\" width=\"300\" height=\"300\" src=\"https:\/\/dogadernegi.org\/wp-content\/uploads\/2024\/08\/Credit_Berkay-Tunali_Drone_Marmara-Colu-5-2-scaled-1-300x300.jpg\" class=\"attachment-thumbnail size-thumbnail\" alt=\"\" \/>\t\t\t\t\t<\/a>\n\t\t\t\t\t\t\t<\/div>\n\t\t\t\t\t\t<h6 class=\"uagb-post__title uagb-post__text\">\n\t\t\t\t<a href=\"https:\/\/dogadernegi.org\/tr\/manisa-marmara-golunu-tarim-alanina-donusturen-uygulamalara-mahkemeden-yurutmeyi-durdurma-karari\/\" target=\"_self\" rel=\"bookmark noopener noreferrer\">Manisa Marmara G\u00f6l\u00fc\u2019n\u00fc Tar\u0131m Alan\u0131na D\u00f6n\u00fc\u015ft\u00fcren Uygulamalara Mahkemeden Y\u00fcr\u00fctmeyi Durdurma Karar\u0131!<\/a>\n\t\t\t<\/h6>\n\t\t\t\t\t\t<div class='uagb-post__text uagb-post-grid-byline'>\n\t\t\t\t\t\t\t\t<time datetime=\"2024-08-02T20:13:54+03:00\" class=\"uagb-post__date\">\n\t\t\t\t<span class=\"dashicons-calendar dashicons\"><\/span>\t\t\t\t\t2 A\u011fustos 2024\t\t\t\t<\/time>\n\t\t\t\t\t\t<\/div>\n\t\t\t\t\t\t\t<div class='uagb-post__text uagb-post__excerpt'>\n\t\t\t\t\t<p> Kurutulan Marmara G\u00f6l\u00fc, Berkay Tunal\u0131 Sivil toplum kurulu\u015flar\u0131 ve vatanda\u015flarla birlikte,&#8230;\t\t\t\t<\/div>\n\t\t\t\t\t\t<div class=\"uagb-post__text uagb-post__cta wp-block-button\">\n\t\t\t\t<a class=\"wp-block-button__link uagb-text-link\" style=\"\" href=\"https:\/\/dogadernegi.org\/tr\/manisa-marmara-golunu-tarim-alanina-donusturen-uygulamalara-mahkemeden-yurutmeyi-durdurma-karari\/\" target=\"_self\" rel=\"bookmark noopener noreferrer\">Devam\u0131<\/a>\n\t\t\t<\/div>\n\t\t\t\n\t\t\t\t\t\t\t\t\t<\/article>\n\t\t\t\t\t\t\t\t\t\t\t\t\t\t\t\t<article class=\"uagb-post__inner-wrap\">\t\t\t\t\t\t\t\t<div class='uagb-post__image'>\n\t\t\t\t\t\t\t\t\t<a href=\"https:\/\/dogadernegi.org\/tr\/marmara-golunun-tarim-alanina-donusturulmesine-tepki\/\" target=\"_self\" rel=\"bookmark noopener noreferrer\" class='uagb-image-ratio-inherit'><img loading=\"lazy\" decoding=\"async\" width=\"300\" height=\"300\" src=\"https:\/\/dogadernegi.org\/wp-content\/uploads\/2024\/03\/DSC4559-scaled-1-300x300.jpg\" class=\"attachment-thumbnail size-thumbnail\" alt=\"\" \/>\t\t\t\t\t<\/a>\n\t\t\t\t\t\t\t<\/div>\n\t\t\t\t\t\t<h6 class=\"uagb-post__title uagb-post__text\">\n\t\t\t\t<a href=\"https:\/\/dogadernegi.org\/tr\/marmara-golunun-tarim-alanina-donusturulmesine-tepki\/\" target=\"_self\" rel=\"bookmark noopener noreferrer\">Marmara G\u00f6l\u00fc i\u00e7in Bulu\u015ftuk!<\/a>\n\t\t\t<\/h6>\n\t\t\t\t\t\t<div class='uagb-post__text uagb-post-grid-byline'>\n\t\t\t\t\t\t\t\t<time datetime=\"2024-03-25T15:37:44+03:00\" class=\"uagb-post__date\">\n\t\t\t\t<span class=\"dashicons-calendar dashicons\"><\/span>\t\t\t\t\t25 Mart 2024\t\t\t\t<\/time>\n\t\t\t\t\t\t<\/div>\n\t\t\t\t\t\t\t<div class='uagb-post__text uagb-post__excerpt'>\n\t\t\t\t\t<p>Manisa Marmara G\u00f6l\u00fc\u2019n\u00fcn ya\u015famas\u0131 i\u00e7in g\u00f6l \u00e7evresinde ya\u015fayanlar ve sivil toplum kurulu\u015flar\u0131 bilirki\u015fi incelemesi ve&#8230;\t\t\t\t<\/div>\n\t\t\t\t\t\t<div class=\"uagb-post__text uagb-post__cta wp-block-button\">\n\t\t\t\t<a class=\"wp-block-button__link uagb-text-link\" style=\"\" href=\"https:\/\/dogadernegi.org\/tr\/marmara-golunun-tarim-alanina-donusturulmesine-tepki\/\" target=\"_self\" rel=\"bookmark noopener noreferrer\">Devam\u0131<\/a>\n\t\t\t<\/div>\n\t\t\t\n\t\t\t\t\t\t\t\t\t<\/article>\n\t\t\t\t\t\t\t\t\t\t\t\t\t\t\t\t<article class=\"uagb-post__inner-wrap\">\t\t\t\t\t\t\t\t<h6 class=\"uagb-post__title uagb-post__text\">\n\t\t\t\t<a href=\"https:\/\/dogadernegi.org\/tr\/kus-cenneti-marmara-golu-tarim-alanina-donusturuluyor\/\" target=\"_self\" rel=\"bookmark noopener noreferrer\">Ku\u015f Cenneti Marmara G\u00f6l\u00fc Tar\u0131m Alan\u0131na D\u00f6n\u00fc\u015ft\u00fcr\u00fclemez!<\/a>\n\t\t\t<\/h6>\n\t\t\t\t\t\t<div class='uagb-post__text uagb-post-grid-byline'>\n\t\t\t\t\t\t\t\t<time datetime=\"2023-04-13T15:51:55+03:00\" class=\"uagb-post__date\">\n\t\t\t\t<span class=\"dashicons-calendar dashicons\"><\/span>\t\t\t\t\t13 Nisan 2023\t\t\t\t<\/time>\n\t\t\t\t\t\t<\/div>\n\t\t\t\t\t\t\t<div class='uagb-post__text uagb-post__excerpt'>\n\t\t\t\t\t<p>Sulak Alanlar\u0131n Korunmas\u0131 Y\u00f6netmeli\u011fi\u2019ne g\u00f6re 2017 y\u0131l\u0131nda Ulusal \u00d6neme Haiz Sulak Alan olarak tescillenen Marmara&#8230;\t\t\t\t<\/div>\n\t\t\t\t\t\t<div class=\"uagb-post__text uagb-post__cta wp-block-button\">\n\t\t\t\t<a class=\"wp-block-button__link uagb-text-link\" style=\"\" href=\"https:\/\/dogadernegi.org\/tr\/kus-cenneti-marmara-golu-tarim-alanina-donusturuluyor\/\" target=\"_self\" rel=\"bookmark noopener noreferrer\">Devam\u0131<\/a>\n\t\t\t<\/div>\n\t\t\t\n\t\t\t\t\t\t\t\t\t<\/article>\n\t\t\t\t\t\t\t\t\t\t\t\t\t\t\t\t<article class=\"uagb-post__inner-wrap\">\t\t\t\t\t\t\t\t<h6 class=\"uagb-post__title uagb-post__text\">\n\t\t\t\t<a href=\"https:\/\/dogadernegi.org\/tr\/doga-dernegi-marmara-golunu-kurtarmak-icin-ombudsmana-basvuruyor\/\" target=\"_self\" rel=\"bookmark noopener noreferrer\">Marmara G\u00f6l\u00fc\u2019n\u00fc kurtarmak i\u00e7in Ombudsman\u2019a ba\u015fvurduk.<\/a>\n\t\t\t<\/h6>\n\t\t\t\t\t\t<div class='uagb-post__text uagb-post-grid-byline'>\n\t\t\t\t\t\t\t\t<time datetime=\"2022-06-15T16:11:46+03:00\" class=\"uagb-post__date\">\n\t\t\t\t<span class=\"dashicons-calendar dashicons\"><\/span>\t\t\t\t\t15 Haziran 2022\t\t\t\t<\/time>\n\t\t\t\t\t\t<\/div>\n\t\t\t\t\t\t\t<div class='uagb-post__text uagb-post__excerpt'>\n\t\t\t\t\t<p>Ulusal \u00d6neme Haiz Sulak Alan Marmara G\u00f6l\u00fc, uluslararas\u0131 s\u00f6zle\u015fmelere g\u00f6re koruma alt\u0131nda olmas\u0131 gereken bir&#8230;\t\t\t\t<\/div>\n\t\t\t\t\t\t<div class=\"uagb-post__text uagb-post__cta wp-block-button\">\n\t\t\t\t<a class=\"wp-block-button__link uagb-text-link\" style=\"\" href=\"https:\/\/dogadernegi.org\/tr\/doga-dernegi-marmara-golunu-kurtarmak-icin-ombudsmana-basvuruyor\/\" target=\"_self\" rel=\"bookmark noopener noreferrer\">Devam\u0131<\/a>\n\t\t\t<\/div>\n\t\t\t\n\t\t\t\t\t\t\t\t\t<\/article>\n\t\t\t\t\t\t\t\t\t\t\t\t\t\t\t\t<article class=\"uagb-post__inner-wrap\">\t\t\t\t\t\t\t\t<div class='uagb-post__image'>\n\t\t\t\t\t\t\t\t\t<a href=\"https:\/\/dogadernegi.org\/tr\/22-mart-dunya-su-gununde-marmara-golundeyiz\/\" target=\"_self\" rel=\"bookmark noopener noreferrer\" class='uagb-image-ratio-inherit'><img loading=\"lazy\" decoding=\"async\" width=\"300\" height=\"300\" src=\"https:\/\/dogadernegi.org\/wp-content\/uploads\/2022\/03\/marmara-goxxluxx-sxxuxxkruxx-kaygisiz6-300x300.jpg\" class=\"attachment-thumbnail size-thumbnail\" alt=\"\" \/>\t\t\t\t\t<\/a>\n\t\t\t\t\t\t\t<\/div>\n\t\t\t\t\t\t<h6 class=\"uagb-post__title uagb-post__text\">\n\t\t\t\t<a href=\"https:\/\/dogadernegi.org\/tr\/22-mart-dunya-su-gununde-marmara-golundeyiz\/\" target=\"_self\" rel=\"bookmark noopener noreferrer\">22 Mart D\u00fcnya Su G\u00fcn\u00fc\u2019nde Marmara G\u00f6l\u00fc\u2019ndeyiz<\/a>\n\t\t\t<\/h6>\n\t\t\t\t\t\t<div class='uagb-post__text uagb-post-grid-byline'>\n\t\t\t\t\t\t\t\t<time datetime=\"2022-03-17T11:11:30+03:00\" class=\"uagb-post__date\">\n\t\t\t\t<span class=\"dashicons-calendar dashicons\"><\/span>\t\t\t\t\t17 Mart 2022\t\t\t\t<\/time>\n\t\t\t\t\t\t<\/div>\n\t\t\t\t\t\t\t<div class='uagb-post__text uagb-post__excerpt'>\n\t\t\t\t\t<p>D\u00fcnya Su G\u00fcn\u00fc vesilesiyle sivil toplum, \u0130zmir B\u00fcy\u00fck\u015fehir Belediyesi ve g\u00f6l \u00e7evresinde ya\u015fayanlar Ege Belediyeler&#8230;\t\t\t\t<\/div>\n\t\t\t\t\t\t<div class=\"uagb-post__text uagb-post__cta wp-block-button\">\n\t\t\t\t<a class=\"wp-block-button__link uagb-text-link\" style=\"\" href=\"https:\/\/dogadernegi.org\/tr\/22-mart-dunya-su-gununde-marmara-golundeyiz\/\" target=\"_self\" rel=\"bookmark noopener noreferrer\">Devam\u0131<\/a>\n\t\t\t<\/div>\n\t\t\t\n\t\t\t\t\t\t\t\t\t<\/article>\n\t\t\t\t\t\t\t\t\t\t\t\t\t\t\t\t<article class=\"uagb-post__inner-wrap\">\t\t\t\t\t\t\t\t<div class='uagb-post__image'>\n\t\t\t\t\t\t\t\t\t<a href=\"https:\/\/dogadernegi.org\/tr\/marmara-golune-neden-su-verilmiyor\/\" target=\"_self\" rel=\"bookmark noopener noreferrer\" class='uagb-image-ratio-inherit'><img loading=\"lazy\" decoding=\"async\" width=\"300\" height=\"300\" src=\"https:\/\/dogadernegi.org\/wp-content\/uploads\/2022\/02\/photoby-xmuratbilgicc-54-of-80-1-300x300.jpg\" class=\"attachment-thumbnail size-thumbnail\" alt=\"\" \/>\t\t\t\t\t<\/a>\n\t\t\t\t\t\t\t<\/div>\n\t\t\t\t\t\t<h6 class=\"uagb-post__title uagb-post__text\">\n\t\t\t\t<a href=\"https:\/\/dogadernegi.org\/tr\/marmara-golune-neden-su-verilmiyor\/\" target=\"_self\" rel=\"bookmark noopener noreferrer\">Marmara G\u00f6l\u00fc\u2019ne neden su verilmiyor?<\/a>\n\t\t\t<\/h6>\n\t\t\t\t\t\t<div class='uagb-post__text uagb-post-grid-byline'>\n\t\t\t\t\t\t\t\t<time datetime=\"2022-02-24T11:35:29+03:00\" class=\"uagb-post__date\">\n\t\t\t\t<span class=\"dashicons-calendar dashicons\"><\/span>\t\t\t\t\t24 \u015eubat 2022\t\t\t\t<\/time>\n\t\t\t\t\t\t<\/div>\n\t\t\t\t\t\t\t<div class='uagb-post__text uagb-post__excerpt'>\n\t\t\t\t\t<p>Ulusal \u00d6neme Haiz Sulak Alan stat\u00fcs\u00fcnde olan Marmara G\u00f6l\u00fc, ge\u00e7ti\u011fimiz yaz aylar\u0131nda tamamen kurumu\u015ftu. Kurakl\u0131\u011f\u0131n&#8230;\t\t\t\t<\/div>\n\t\t\t\t\t\t<div class=\"uagb-post__text uagb-post__cta wp-block-button\">\n\t\t\t\t<a class=\"wp-block-button__link uagb-text-link\" style=\"\" href=\"https:\/\/dogadernegi.org\/tr\/marmara-golune-neden-su-verilmiyor\/\" target=\"_self\" rel=\"bookmark noopener noreferrer\">Devam\u0131<\/a>\n\t\t\t<\/div>\n\t\t\t\n\t\t\t\t\t\t\t\t\t<\/article>\n\t\t\t\t\t\t\t\t\t\t\t<\/div>\n\t\t\t<\/div><\/div>\n","protected":false},"excerpt":{"rendered":"<p>Marmara G\u00f6l\u00fc, Manisa ilinin do\u011fusunda ve Gediz Nehri\u2019nin kuzeyinde yer al\u0131r. Sulak alan, G\u00f6rdes \u00c7ay\u0131 ve yer alt\u0131 sular\u0131yla beslenen, rezervuara d\u00f6n\u00fc\u015ft\u00fcr\u00fclm\u00fc\u015f bir tatl\u0131 su g\u00f6l\u00fc \u00f6zelli\u011fi ta\u015f\u0131r. Marmara G\u00f6l\u00fc, T\u00fcrkiye\u2019deki 305 \u00d6nemli Do\u011fa Alan\u0131\u2019ndan (\u00d6DA) biri. Alan ayn\u0131 zamanda Ulusal \u00d6neme Haiz Sulak Alan stat\u00fcs\u00fcne sahip. K\u0131\u015f aylar\u0131nda g\u00f6lde yakla\u015f\u0131k 65 bin su ku\u015fu [&#8230;]<\/p>\n<p><a class=\"dd-btn dd-btn-secondary text-sm\" href=\"https:\/\/dogadernegi.org\/tr\/calismalarimiz\/ekosistemler\/sulak-alanlar\/marmara-golu\/\">Daha Fazlas\u0131n\u0131 Oku&#8230;<span class=\"dd-sr-only\"> from Marmara G\u00f6l\u00fc<\/span><\/a><\/p>\n","protected":false},"author":10,"featured_media":0,"parent":26269,"menu_order":0,"comment_status":"closed","ping_status":"closed","template":"page-templates\/fullheightcover.php","meta":{"_acf_changed":false,"_uag_custom_page_level_css":"","footnotes":""},"class_list":["post-26290","page","type-page","status-publish","hentry"],"acf":[],"uagb_featured_image_src":{"full":false,"thumbnail":false,"medium":false,"medium_large":false,"large":false,"1536x1536":false,"2048x2048":false},"uagb_author_info":{"display_name":"A. Erdem \u015eent\u00fcrk","author_link":"https:\/\/dogadernegi.org\/tr\/author\/erdem\/"},"uagb_comment_info":0,"uagb_excerpt":"Marmara G\u00f6l\u00fc, Manisa ilinin do\u011fusunda ve Gediz Nehri\u2019nin kuzeyinde yer al\u0131r. Sulak alan, G\u00f6rdes \u00c7ay\u0131 ve yer alt\u0131 sular\u0131yla beslenen, rezervuara d\u00f6n\u00fc\u015ft\u00fcr\u00fclm\u00fc\u015f bir tatl\u0131 su g\u00f6l\u00fc \u00f6zelli\u011fi ta\u015f\u0131r. Marmara G\u00f6l\u00fc, T\u00fcrkiye\u2019deki 305 \u00d6nemli Do\u011fa Alan\u0131\u2019ndan (\u00d6DA) biri. Alan ayn\u0131 zamanda Ulusal \u00d6neme Haiz Sulak Alan stat\u00fcs\u00fcne sahip. K\u0131\u015f aylar\u0131nda g\u00f6lde yakla\u015f\u0131k 65 bin su ku\u015fu&hellip;","_links":{"self":[{"href":"https:\/\/dogadernegi.org\/tr\/wp-json\/wp\/v2\/pages\/26290","targetHints":{"allow":["GET"]}}],"collection":[{"href":"https:\/\/dogadernegi.org\/tr\/wp-json\/wp\/v2\/pages"}],"about":[{"href":"https:\/\/dogadernegi.org\/tr\/wp-json\/wp\/v2\/types\/page"}],"author":[{"embeddable":true,"href":"https:\/\/dogadernegi.org\/tr\/wp-json\/wp\/v2\/users\/10"}],"replies":[{"embeddable":true,"href":"https:\/\/dogadernegi.org\/tr\/wp-json\/wp\/v2\/comments?post=26290"}],"version-history":[{"count":0,"href":"https:\/\/dogadernegi.org\/tr\/wp-json\/wp\/v2\/pages\/26290\/revisions"}],"up":[{"embeddable":true,"href":"https:\/\/dogadernegi.org\/tr\/wp-json\/wp\/v2\/pages\/26269"}],"wp:attachment":[{"href":"https:\/\/dogadernegi.org\/tr\/wp-json\/wp\/v2\/media?parent=26290"}],"curies":[{"name":"wp","href":"https:\/\/api.w.org\/{rel}","templated":true}]}}