{"id":26293,"date":"2024-05-07T22:21:07","date_gmt":"2024-05-07T19:21:07","guid":{"rendered":"https:\/\/dogadernegi.org\/?page_id=26293"},"modified":"2026-03-20T20:14:09","modified_gmt":"2026-03-20T17:14:09","slug":"tuz-golu","status":"publish","type":"page","link":"https:\/\/dogadernegi.org\/tr\/calismalarimiz\/ekosistemler\/sulak-alanlar\/tuz-golu\/","title":{"rendered":"Tuz G\u00f6l\u00fc"},"content":{"rendered":"\n<div class=\"wp-block-uagb-container container uagb-block-b933f6dc alignfull uagb-is-root-container\"><div class=\"uagb-container-inner-blocks-wrap\">\n<p>Ankara, Aksaray ve Konya illerine s\u0131n\u0131r\u0131 olan Tuz G\u00f6l\u00fc, T\u00fcrkiye\u2019nin Van G\u00f6l\u00fc\u2019nden sonra en b\u00fcy\u00fck ikinci g\u00f6l\u00fc. \u00d6zel \u00c7evre Koruma B\u00f6lgesi ve do\u011fal sit alan\u0131 olan g\u00f6l, T\u00fcrkiye\u2019deki 305 \u00d6nemli Do\u011fa Alan\u0131\u2019ndan (\u00d6DA) ve 184 \u00d6nemli Ku\u015f Alan\u0131\u2019ndan (\u00d6KA) biri.&nbsp;<\/p>\n\n\n\n<p>1960\u2019l\u0131 y\u0131llardan bu yana, g\u00f6l\u00fc besleyen su kaynaklar\u0131na m\u00fcdahale ediliyor. Tuz G\u00f6l\u00fc\u2019n\u00fcn de yer ald\u0131\u011f\u0131 Konya Kapal\u0131 Havzas\u0131\u2019nda yayg\u0131n sulu tar\u0131m faaliyetleri nedeniyle, ka\u00e7ak kuyularla havzadaki yer alt\u0131 suyu \u00e7ekiliyor. Konya Ovas\u0131 Tahliye Kanal\u0131\u2019ndan ar\u0131t\u0131lan su, Konya\u2019da kullan\u0131ld\u0131\u011f\u0131 i\u00e7in art\u0131k g\u00f6l alan\u0131na ula\u015fam\u0131yor. Yanl\u0131\u015f su ve tar\u0131m politikalar\u0131, denetimsizlik Tuz G\u00f6l\u00fc\u2019n\u00fc tehdit ediyor.<\/p>\n\n\n\n<p>\u0130ki milyon ya\u015f\u0131ndaki g\u00f6l, Tetis Denizi\u2019nden kopan bir i\u00e7 denizin g\u00fcn\u00fcm\u00fcze kadar ula\u015fm\u0131\u015f son kal\u0131nt\u0131s\u0131. G\u00f6l, T\u00fcrkiye\u2019nin ba\u015fka hi\u00e7bir yerinde g\u00f6r\u00fclmeyen pek \u00e7ok t\u00fcr i\u00e7in b\u00fcy\u00fck \u00f6nem ta\u015f\u0131yor. Tuz G\u00f6l\u00fc, Anadolu\u2019da bozulmadan bug\u00fcne ula\u015fabilmi\u015f ova bozk\u0131rlar\u0131n\u0131n en g\u00fczel \u00f6rneklerini bar\u0131nd\u0131r\u0131yor.&nbsp; Endemik bitkiler ile nesli tehlike alt\u0131nda olan pek \u00e7ok canl\u0131 t\u00fcr\u00fc Tuz G\u00f6l\u00fc\u2019n\u00fcn \u00e7evresindeki farkl\u0131 habitatlarda ya\u015f\u0131yor. Sulak alandaki \u00e7amur adac\u0131klar flamingolar\u0131n (<em>Phoenicopterus roseus<\/em>) T\u00fcrkiye\u2019deki iki \u00fcreme alan\u0131ndan ve d\u00fcnyadaki en \u00f6nemli \u00fcreme alanlar\u0131ndan biri. G\u00f6l, nesli d\u00fcnya \u00f6l\u00e7e\u011finde tehlikede olan bozk\u0131r kartal\u0131 (<em>Aquila nipalensis<\/em>) ve toyun (<em>Otis tarda<\/em>) \u00f6nemli ya\u015fam alanlar\u0131n\u0131 bar\u0131nd\u0131r\u0131yor. Tuz G\u00f6l\u00fc, su \u00e7ullu\u011funun (<em>Gallinago gallinago<\/em>) T\u00fcrkiye\u2019de bilinen tek \u00fcreme pop\u00fclasyonunu bar\u0131nd\u0131r\u0131yor. G\u00f6l etraf\u0131nda sulak \u00e7ay\u0131rlar, geni\u015f tuzcul bozk\u0131rlar, sazl\u0131k alanlar, mera alanlar\u0131, sulu ve kuru tar\u0131m alanlar\u0131 bulunuyor. T\u00fcrkiye\u2019nin tuz ihtiyac\u0131n\u0131n b\u00fcy\u00fck bir b\u00f6l\u00fcm\u00fc g\u00f6lden kar\u015f\u0131lan\u0131yor. (Tuz, g\u00f6ldeki suyun buharla\u015ft\u0131r\u0131lmas\u0131 yoluyla elde ediliyor.)&nbsp;<\/p>\n\n\n\n<p>Tuz G\u00f6l\u00fc ve \u00e7evresi yaban hayat\u0131 su\u00e7lar\u0131 y\u00fcz\u00fcnden b\u00fcy\u00fck bir bask\u0131 alt\u0131nda. Her y\u0131l flamingo, ang\u0131t, suna, bozk\u0131r kartal\u0131, toy gibi ku\u015flar\u0131n yumurtalar\u0131 ya da yavrular\u0131 toplan\u0131yor, ka\u00e7\u0131r\u0131l\u0131yor ve sat\u0131l\u0131yor. Avc\u0131l\u0131k faaliyetleri de y\u0131l boyunca ku\u015flar\u0131 tehdit ediyor. Denetimlerin yetersiz olmas\u0131, etkin y\u00f6netmeliklerin bulunmamas\u0131 ve cezalar\u0131n cayd\u0131r\u0131c\u0131 olmamas\u0131 nedeniyle vakalar her y\u0131l giderek art\u0131yor.&nbsp;<\/p>\n\n\n\n<p>Tuz G\u00f6l\u00fc \u00d6DA\u2019s\u0131nda; toy, bozk\u0131r kartal\u0131, flamingo gibi \u00f6nemli t\u00fcrlerin pop\u00fclasyonlar\u0131n\u0131 korumak ve g\u00f6ldeki kurakl\u0131\u011f\u0131n \u00f6n\u00fcne ge\u00e7mek i\u00e7in uzun y\u0131llard\u0131r \u00e7al\u0131\u015fmalar y\u00fcr\u00fct\u00fcyoruz. 2021 y\u0131l\u0131 \u00fcreme d\u00f6nemi i\u00e7erisinde g\u00f6le ula\u015fan su kaynaklar\u0131n\u0131n \u00f6n\u00fcn\u00fcn kesilmesi nedeniyle yavru flamingolar\u0131n tamam\u0131 \u00f6ld\u00fc. Yereldeki payda\u015flar\u0131m\u0131z\u0131n b\u00fcy\u00fck \u00e7abas\u0131yla 2022 y\u0131l\u0131nda g\u00f6le ek su sa\u011fland\u0131 ve yavrular o y\u0131l i\u00e7in kurtar\u0131ld\u0131. Ancak ge\u00e7ici \u00e7\u00f6z\u00fcmler yerine g\u00f6l\u00fcn ve bar\u0131nd\u0131rd\u0131\u011f\u0131 zengin biyo\u00e7e\u015fitlili\u011fin gelece\u011fi i\u00e7in Konya Havzas\u0131\u2019ndaki yanl\u0131\u015f tar\u0131m ve su politikalar\u0131n\u0131n acilen de\u011fi\u015fmesi; biyo\u00e7e\u015fitlilik temelli \u00fcretim ve uygulamalar\u0131n y\u00fcr\u00fcrl\u00fc\u011fe al\u0131nmas\u0131 gerekiyor.<\/p>\n<\/div><\/div>\n","protected":false},"excerpt":{"rendered":"<p>Ankara, Aksaray ve Konya illerine s\u0131n\u0131r\u0131 olan Tuz G\u00f6l\u00fc, T\u00fcrkiye\u2019nin Van G\u00f6l\u00fc\u2019nden sonra en b\u00fcy\u00fck ikinci g\u00f6l\u00fc. \u00d6zel \u00c7evre Koruma B\u00f6lgesi ve do\u011fal sit alan\u0131 olan g\u00f6l, T\u00fcrkiye\u2019deki 305 \u00d6nemli Do\u011fa Alan\u0131\u2019ndan (\u00d6DA) ve 184 \u00d6nemli Ku\u015f Alan\u0131\u2019ndan (\u00d6KA) biri.&nbsp; 1960\u2019l\u0131 y\u0131llardan bu yana, g\u00f6l\u00fc besleyen su kaynaklar\u0131na m\u00fcdahale ediliyor. Tuz G\u00f6l\u00fc\u2019n\u00fcn de yer ald\u0131\u011f\u0131 [&#8230;]<\/p>\n<p><a class=\"dd-btn dd-btn-secondary text-sm\" href=\"https:\/\/dogadernegi.org\/tr\/calismalarimiz\/ekosistemler\/sulak-alanlar\/tuz-golu\/\">Daha Fazlas\u0131n\u0131 Oku&#8230;<span class=\"dd-sr-only\"> from Tuz G\u00f6l\u00fc<\/span><\/a><\/p>\n","protected":false},"author":10,"featured_media":0,"parent":26269,"menu_order":0,"comment_status":"closed","ping_status":"closed","template":"page-templates\/fullheightcover.php","meta":{"_acf_changed":false,"_uag_custom_page_level_css":"","footnotes":""},"class_list":["post-26293","page","type-page","status-publish","hentry"],"acf":[],"uagb_featured_image_src":{"full":false,"thumbnail":false,"medium":false,"medium_large":false,"large":false,"1536x1536":false,"2048x2048":false},"uagb_author_info":{"display_name":"A. Erdem \u015eent\u00fcrk","author_link":"https:\/\/dogadernegi.org\/tr\/author\/erdem\/"},"uagb_comment_info":0,"uagb_excerpt":"Ankara, Aksaray ve Konya illerine s\u0131n\u0131r\u0131 olan Tuz G\u00f6l\u00fc, T\u00fcrkiye\u2019nin Van G\u00f6l\u00fc\u2019nden sonra en b\u00fcy\u00fck ikinci g\u00f6l\u00fc. \u00d6zel \u00c7evre Koruma B\u00f6lgesi ve do\u011fal sit alan\u0131 olan g\u00f6l, T\u00fcrkiye\u2019deki 305 \u00d6nemli Do\u011fa Alan\u0131\u2019ndan (\u00d6DA) ve 184 \u00d6nemli Ku\u015f Alan\u0131\u2019ndan (\u00d6KA) biri.&nbsp; 1960\u2019l\u0131 y\u0131llardan bu yana, g\u00f6l\u00fc besleyen su kaynaklar\u0131na m\u00fcdahale ediliyor. Tuz G\u00f6l\u00fc\u2019n\u00fcn de yer ald\u0131\u011f\u0131&hellip;","_links":{"self":[{"href":"https:\/\/dogadernegi.org\/tr\/wp-json\/wp\/v2\/pages\/26293","targetHints":{"allow":["GET"]}}],"collection":[{"href":"https:\/\/dogadernegi.org\/tr\/wp-json\/wp\/v2\/pages"}],"about":[{"href":"https:\/\/dogadernegi.org\/tr\/wp-json\/wp\/v2\/types\/page"}],"author":[{"embeddable":true,"href":"https:\/\/dogadernegi.org\/tr\/wp-json\/wp\/v2\/users\/10"}],"replies":[{"embeddable":true,"href":"https:\/\/dogadernegi.org\/tr\/wp-json\/wp\/v2\/comments?post=26293"}],"version-history":[{"count":0,"href":"https:\/\/dogadernegi.org\/tr\/wp-json\/wp\/v2\/pages\/26293\/revisions"}],"up":[{"embeddable":true,"href":"https:\/\/dogadernegi.org\/tr\/wp-json\/wp\/v2\/pages\/26269"}],"wp:attachment":[{"href":"https:\/\/dogadernegi.org\/tr\/wp-json\/wp\/v2\/media?parent=26293"}],"curies":[{"name":"wp","href":"https:\/\/api.w.org\/{rel}","templated":true}]}}