{"id":26295,"date":"2024-05-07T22:22:17","date_gmt":"2024-05-07T19:22:17","guid":{"rendered":"https:\/\/dogadernegi.org\/?page_id=26295"},"modified":"2025-08-21T17:25:03","modified_gmt":"2025-08-21T14:25:03","slug":"gediz-deltasi","status":"publish","type":"page","link":"https:\/\/dogadernegi.org\/tr\/calismalarimiz\/ekosistemler\/sulak-alanlar\/gediz-deltasi\/","title":{"rendered":"Gediz Deltas\u0131"},"content":{"rendered":"\n<div class=\"wp-block-uagb-container container uagb-block-12ad3c7d alignfull uagb-is-root-container\"><div class=\"uagb-container-inner-blocks-wrap\">\n<p><strong>D\u00fcnya Miras\u0131 Gediz Deltas\u0131<\/strong><\/p>\n\n\n\n<p>Gediz Deltas\u0131, \u0130zmir K\u00f6rfezi\u2019nin bat\u0131 k\u0131y\u0131s\u0131nda Gediz Nehri\u2019nin denizle bulu\u015ftu\u011fu noktada olu\u015fmu\u015f olan ve yakla\u015f\u0131k 40 bin hektarl\u0131k alan\u0131 kapsayan geni\u015f bir sulak alan ekosistemi. Delta, Bat\u0131 Anadolu\u2019nun en b\u00fcy\u00fck, T\u00fcrkiye\u2019nin ise d\u00f6rd\u00fcnc\u00fc b\u00fcy\u00fck deltas\u0131.&nbsp;&nbsp;<\/p>\n\n\n\n<p>Gediz Deltas\u0131, T\u00fcrkiye\u2019deki uluslararas\u0131 \u00f6neme sahip 14 Ramsar alan\u0131ndan biri. Delta, ulusal olarak do\u011fal sit alan\u0131, yaban hayat\u0131 geli\u015ftirme sahas\u0131 ve sulak alan koruma stat\u00fclerine sahip. T\u00fcrkiye\u2019deki 305 \u00d6nemli Do\u011fa Alan\u0131\u2019ndan (\u00d6DA) ve 184 \u00d6nemli Ku\u015f Alan\u0131\u2019ndan (\u00d6KA) biri. Bununla birlikte Gediz Deltas\u0131\u2019n\u0131n k\u0131y\u0131lar\u0131, Kadim \u00dcretim Havzas\u0131 (K\u00dcH) olarak do\u011fayla uyumlu \u00fcretim d\u00f6ng\u00fclerinin s\u00fcrd\u00fcr\u00fcld\u00fc\u011f\u00fc bir alan \u00f6zelli\u011fi ta\u015f\u0131yor.<\/p>\n\n\n\n<p>Gediz Deltas\u0131, ku\u015flar i\u00e7in sahip oldu\u011fu uygun iklim ko\u015fullar\u0131 ve beslenme alanlar\u0131 sayesinde \u00f6nemli bir k\u0131\u015flama, beslenme ve \u00fcreme alan\u0131. Farkl\u0131 habitat tipleriyle farkl\u0131 ekolojik isteklere cevap verebiliyor. Gediz Deltas\u0131\u2019nda T\u00fcrkiye\u2019de bug\u00fcne kadar kaydedilen yakla\u015f\u0131k 500 ku\u015f t\u00fcr\u00fcnden 301\u2019i g\u00f6zlemlenmi\u015f durumda. 2021 y\u0131l\u0131nda alanda yapt\u0131\u011f\u0131m\u0131z \u00fcreyen ku\u015f atlas\u0131 \u00e7al\u0131\u015fmas\u0131na g\u00f6re, deltada 113 ku\u015f t\u00fcr\u00fcn\u00fcn \u00fcreme aktivitesi g\u00f6sterdi\u011fini tespit ettik. Delta, flamingolar\u0131n (Phoenicopterus roseus) d\u00fcnya n\u00fcfusunun y\u00fczde 10\u2019una ev sahipli\u011fi yap\u0131yor. Ayn\u0131 zamanda flamingolar\u0131n T\u00fcrkiye\u2019de \u00fcredi\u011fi iki alandan birisi olma \u00f6zelli\u011fi ta\u015f\u0131yor. Alan nesli tehlike alt\u0131na girmeye yak\u0131n tepeli pelikanlar\u0131n<em> (Pelecanus crispus)<\/em> T\u00fcrkiye\u2019de d\u00fczenli olarak \u00fcredi\u011fi 5 alandan biri ve tepeli pelikanlar\u0131n d\u00fcnya n\u00fcfusunun y\u00fczde 3\u2019\u00fcne yuva oluyor.<\/p>\n\n\n\n<p>Gediz Deltas\u0131 yer ald\u0131\u011f\u0131 iklim ku\u015fa\u011f\u0131 sayesinde, 462 bitki t\u00fcr\u00fc ile Akdeniz bitki \u00f6rt\u00fcs\u00fc \u00f6zelliklerini ta\u015f\u0131yor. Deltada 8 orta ve b\u00fcy\u00fck memeli yaban hayvan\u0131 t\u00fcr\u00fc g\u00f6zleniyor. Delta, 28 s\u00fcr\u00fcngen, 7 amfibi (iki ya\u015faml\u0131) ve 71 bal\u0131k t\u00fcr\u00fc i\u00e7in ya\u015fam imkan\u0131 sunuyor. Gediz Deltas\u0131, Akdeniz foku (<em>Monachus monachus<\/em>) ve iriba\u015f deniz kaplumba\u011fas\u0131n\u0131n (<em>Caretta caretta<\/em>) birlikte g\u00f6zlemlenebildi\u011fi nadir alanlar aras\u0131nda bulunuyor.<\/p>\n\n\n\n<p>\u015eehirle\u015fme bask\u0131s\u0131, yanl\u0131\u015f su ve tar\u0131m politikalar\u0131, ka\u00e7ak avc\u0131l\u0131k, k\u0131y\u0131 \u00e7izgisinin gerilemesi ve kirlilik delta \u00fczerindeki ba\u015fl\u0131ca tehditler. Gediz Deltas\u0131\u2019n\u0131n, b\u00f6lgede ya\u015fayan y\u00f6re halk\u0131 taraf\u0131ndan daha iyi tan\u0131nmas\u0131 ve etkin bir \u015fekilde korunmas\u0131 i\u00e7in yereldeki payda\u015flar\u0131m\u0131zla g\u00f6r\u00fc\u015fmeler ger\u00e7ekle\u015ftiriyoruz.<\/p>\n\n\n\n<p>Kuruldu\u011fumuz g\u00fcnden bu yana, Gediz Deltas\u0131\u2019ndaki ya\u015fam\u0131 koruyor ve alan\u0131n hi\u00e7bir zarar g\u00f6rmeden kal\u0131c\u0131 olarak korunmas\u0131n\u0131 sa\u011flamak i\u00e7in \u00e7al\u0131\u015fmalar y\u00fcr\u00fct\u00fcyoruz. Bu kapsamda bilimsel bir rapor haz\u0131rlayarak Gediz Deltas\u0131\u2019n\u0131n UNESCO D\u00fcnya Miras\u0131 kriterlerini sa\u011flad\u0131\u011f\u0131n\u0131 ortaya koyduk. Ba\u015flatt\u0131\u011f\u0131m\u0131z kampanya ile birlikte deltan\u0131n UNESCO D\u00fcnya Miras\u0131 ilan edilmesi i\u00e7in yerel y\u00f6netimle g\u00f6r\u00fc\u015fmeler ger\u00e7ekle\u015ftirdik. Bunun sonucunda \u0130zmir B\u00fcy\u00fck\u015fehir Belediyesi taraf\u0131ndan alan\u0131n UNESCO D\u00fcnya Miras\u0131 ilan edilmesi i\u00e7in resmi adayl\u0131k ba\u015fvurusu ger\u00e7ekle\u015ftirildi.<\/p>\n\n\n\n<p>2020 y\u0131l\u0131ndan bu yana yerel y\u00f6netimlerin deste\u011fi, Do\u011fa Koruma ve Milli Parklar Genel M\u00fcd\u00fcrl\u00fc\u011f\u00fc ve \u0130zmir \u0130l \u015eube M\u00fcd\u00fcrl\u00fc\u011f\u00fc izinleriyle alanda kapsaml\u0131 biyo\u00e7e\u015fitlilik ara\u015ft\u0131rmalar\u0131 ve fark\u0131ndal\u0131k \u00e7al\u0131\u015fmalar\u0131 ger\u00e7ekle\u015ftiriyoruz. Deltada, ilkbahar ve sonbahar ku\u015f g\u00f6\u00e7\u00fc izleme \u00e7al\u0131\u015fmalar\u0131, \u00fcreyen ku\u015f atlas\u0131 \u00e7al\u0131\u015fmalar\u0131, ku\u015flar\u0131n geceleme alanlar\u0131n\u0131n belirlenmesi, flamingo ve tepeli pelikan yuva say\u0131mlar\u0131, orta ve b\u00fcy\u00fck memeli yaban hayvanlar\u0131n\u0131n ya\u015fam alanlar\u0131n\u0131n belirlenmesi gibi ara\u015ft\u0131rmalar\u0131n yan\u0131nda; alan\u0131n tan\u0131nmas\u0131na y\u00f6nelik farkl\u0131 faaliyetler y\u00fcr\u00fctmeye devam ediyoruz.&nbsp;<\/p>\n\n\n\n<p>Gediz Deltas\u0131, iklim de\u011fi\u015fikli\u011finin etkileri ve insan m\u00fcdahaleleri nedeniyle restorasyon ihtiyac\u0131 olan bir alan. Bu kapsamda uluslararas\u0131 ortaklar\u0131m\u0131z, yereldeki payda\u015flar\u0131m\u0131z ve kamu kurumlar\u0131 ile koordineli bir \u015fekilde restorasyon \u00e7al\u0131\u015fmalar\u0131 geli\u015ftiriyoruz. Di\u011fer yandan alan\u0131 tehdit eden projelere kar\u015f\u0131 hukuki yollarla savunuculuk \u00e7al\u0131\u015fmalar\u0131m\u0131z\u0131 s\u00fcrd\u00fcr\u00fcyoruz.<\/p>\n<\/div><\/div>\n\n\n\n<div class=\"wp-block-uagb-container uagb-block-4fd4d8a3 alignfull uagb-is-root-container\"><div class=\"uagb-container-inner-blocks-wrap\">\n\t\t\t<div class=\"wp-block-uagb-post-grid uagb-post-grid  uagb-post__image-position-top uagb-post__image-enabled uagb-block-714e4fc9     uagb-post__items uagb-post__columns-4 is-grid uagb-post__columns-tablet-2 uagb-post__columns-mobile-1 uagb-post__equal-height uagb-equal_height_inline-read-more-buttons\" data-total=\"4\" style=\"\">\n\n\t\t\t\t\t\t\t\t\t\t\t\t<article class=\"uagb-post__inner-wrap\">\t\t\t\t\t\t\t\t<div class='uagb-post__image'>\n\t\t\t\t\t\t\t\t\t<a href=\"https:\/\/dogadernegi.org\/tr\/dunya-sulak-alanlar-gunu-icin-gediz-deltasinda-bulusuyoruz\/\" target=\"_self\" rel=\"bookmark noopener noreferrer\" class='uagb-image-ratio-inherit'><img loading=\"lazy\" decoding=\"async\" width=\"300\" height=\"300\" src=\"https:\/\/dogadernegi.org\/wp-content\/uploads\/2026\/01\/DSAG2026_1subat_twpost-300x300.jpg\" class=\"attachment-thumbnail size-thumbnail\" alt=\"\" \/>\t\t\t\t\t<\/a>\n\t\t\t\t\t\t\t<\/div>\n\t\t\t\t\t\t<h6 class=\"uagb-post__title uagb-post__text\">\n\t\t\t\t<a href=\"https:\/\/dogadernegi.org\/tr\/dunya-sulak-alanlar-gunu-icin-gediz-deltasinda-bulusuyoruz\/\" target=\"_self\" rel=\"bookmark noopener noreferrer\">D\u00fcnya Sulak Alanlar G\u00fcn\u00fc i\u00e7in Gediz Deltas\u0131\u2019nda bulu\u015fuyoruz!<\/a>\n\t\t\t<\/h6>\n\t\t\t\t\t\t<div class='uagb-post__text uagb-post-grid-byline'>\n\t\t\t\t\t\t\t\t<time datetime=\"2026-01-21T18:01:57+03:00\" class=\"uagb-post__date\">\n\t\t\t\t<span class=\"dashicons-calendar dashicons\"><\/span>\t\t\t\t\t21 Ocak 2026\t\t\t\t<\/time>\n\t\t\t\t\t\t<\/div>\n\t\t\t\t\t\t\t<div class='uagb-post__text uagb-post__excerpt'>\n\t\t\t\t\t<p>\u00dclkemizde en fazla tehdit alt\u0131nda olan ekosistemlerin ba\u015f\u0131nda sulak alanlar geliyor. Sulak alanlar; su d\u00f6ng\u00fcs\u00fcn\u00fcn&#8230;\t\t\t\t<\/div>\n\t\t\t\t\t\t<div class=\"uagb-post__text uagb-post__cta wp-block-button\">\n\t\t\t\t<a class=\"wp-block-button__link uagb-text-link\" style=\"\" href=\"https:\/\/dogadernegi.org\/tr\/dunya-sulak-alanlar-gunu-icin-gediz-deltasinda-bulusuyoruz\/\" target=\"_self\" rel=\"bookmark noopener noreferrer\">Devam\u0131<\/a>\n\t\t\t<\/div>\n\t\t\t\n\t\t\t\t\t\t\t\t\t<\/article>\n\t\t\t\t\t\t\t\t\t\t\t\t\t\t\t\t<article class=\"uagb-post__inner-wrap\">\t\t\t\t\t\t\t\t<div class='uagb-post__image'>\n\t\t\t\t\t\t\t\t\t<a href=\"https:\/\/dogadernegi.org\/tr\/gediz-deltasinda-yeni-bir-kus-turu-uzun-gagali-sucullugu-artik-turkiye-kus-listesinde\/\" target=\"_self\" rel=\"bookmark noopener noreferrer\" class='uagb-image-ratio-inherit'><img loading=\"lazy\" decoding=\"async\" width=\"300\" height=\"300\" src=\"https:\/\/dogadernegi.org\/wp-content\/uploads\/2025\/10\/UGS_2025-twpost-300x300.jpg\" class=\"attachment-thumbnail size-thumbnail\" alt=\"\" \/>\t\t\t\t\t<\/a>\n\t\t\t\t\t\t\t<\/div>\n\t\t\t\t\t\t<h6 class=\"uagb-post__title uagb-post__text\">\n\t\t\t\t<a href=\"https:\/\/dogadernegi.org\/tr\/gediz-deltasinda-yeni-bir-kus-turu-uzun-gagali-sucullugu-artik-turkiye-kus-listesinde\/\" target=\"_self\" rel=\"bookmark noopener noreferrer\">Gediz Deltas\u0131\u2019nda Yeni Bir Ku\u015f T\u00fcr\u00fc; Uzun Gagal\u0131 Su\u00e7ullu\u011fu art\u0131k T\u00fcrkiye ku\u015f listesinde!<\/a>\n\t\t\t<\/h6>\n\t\t\t\t\t\t<div class='uagb-post__text uagb-post-grid-byline'>\n\t\t\t\t\t\t\t\t<time datetime=\"2025-10-31T09:52:36+03:00\" class=\"uagb-post__date\">\n\t\t\t\t<span class=\"dashicons-calendar dashicons\"><\/span>\t\t\t\t\t31 Ekim 2025\t\t\t\t<\/time>\n\t\t\t\t\t\t<\/div>\n\t\t\t\t\t\t\t<div class='uagb-post__text uagb-post__excerpt'>\n\t\t\t\t\t<p>\u0130zmir\u2019in Gediz Deltas\u0131, bir kez daha ku\u015f \u00e7e\u015fitlili\u011fi a\u00e7\u0131s\u0131ndan ne kadar \u00f6nemli oldu\u011funu g\u00f6sterdi. T\u00fcrkiye\u2019de&#8230;\t\t\t\t<\/div>\n\t\t\t\t\t\t<div class=\"uagb-post__text uagb-post__cta wp-block-button\">\n\t\t\t\t<a class=\"wp-block-button__link uagb-text-link\" style=\"\" href=\"https:\/\/dogadernegi.org\/tr\/gediz-deltasinda-yeni-bir-kus-turu-uzun-gagali-sucullugu-artik-turkiye-kus-listesinde\/\" target=\"_self\" rel=\"bookmark noopener noreferrer\">Devam\u0131<\/a>\n\t\t\t<\/div>\n\t\t\t\n\t\t\t\t\t\t\t\t\t<\/article>\n\t\t\t\t\t\t\t\t\t\t\t\t\t\t\t\t<article class=\"uagb-post__inner-wrap\">\t\t\t\t\t\t\t\t<div class='uagb-post__image'>\n\t\t\t\t\t\t\t\t\t<a href=\"https:\/\/dogadernegi.org\/tr\/gediz-deltasinda-ekosistem-restorasyonu-icin-yeni-adim\/\" target=\"_self\" rel=\"bookmark noopener noreferrer\" class='uagb-image-ratio-inherit'><img loading=\"lazy\" decoding=\"async\" width=\"300\" height=\"300\" src=\"https:\/\/dogadernegi.org\/wp-content\/uploads\/2024\/11\/MKO_6164-1-1-300x300.jpg\" class=\"attachment-thumbnail size-thumbnail\" alt=\"Foto\u011fraf: Mahmut Koya\u015f\" \/>\t\t\t\t\t<\/a>\n\t\t\t\t\t\t\t<\/div>\n\t\t\t\t\t\t<h6 class=\"uagb-post__title uagb-post__text\">\n\t\t\t\t<a href=\"https:\/\/dogadernegi.org\/tr\/gediz-deltasinda-ekosistem-restorasyonu-icin-yeni-adim\/\" target=\"_self\" rel=\"bookmark noopener noreferrer\">Gediz Deltas\u0131\u2019nda Ekosistem Restorasyonu i\u00e7in Yeni Ad\u0131m<\/a>\n\t\t\t<\/h6>\n\t\t\t\t\t\t<div class='uagb-post__text uagb-post-grid-byline'>\n\t\t\t\t\t\t\t\t<time datetime=\"2024-11-01T14:09:14+03:00\" class=\"uagb-post__date\">\n\t\t\t\t<span class=\"dashicons-calendar dashicons\"><\/span>\t\t\t\t\t1 Kas\u0131m 2024\t\t\t\t<\/time>\n\t\t\t\t\t\t<\/div>\n\t\t\t\t\t\t\t<div class='uagb-post__text uagb-post__excerpt'>\n\t\t\t\t\t<p>T\u00fcrkiye\u2019nin uluslararas\u0131 \u00f6neme sahip ve \u0130zmir\u2019in yan\u0131 ba\u015f\u0131nda yer alan Gediz Deltas\u0131, ekolojik restorasyon uygulamalar\u0131yla&#8230;\t\t\t\t<\/div>\n\t\t\t\t\t\t<div class=\"uagb-post__text uagb-post__cta wp-block-button\">\n\t\t\t\t<a class=\"wp-block-button__link uagb-text-link\" style=\"\" href=\"https:\/\/dogadernegi.org\/tr\/gediz-deltasinda-ekosistem-restorasyonu-icin-yeni-adim\/\" target=\"_self\" rel=\"bookmark noopener noreferrer\">Devam\u0131<\/a>\n\t\t\t<\/div>\n\t\t\t\n\t\t\t\t\t\t\t\t\t<\/article>\n\t\t\t\t\t\t\t\t\t\t\t\t\t\t\t\t<article class=\"uagb-post__inner-wrap\">\t\t\t\t\t\t\t\t<div class='uagb-post__image'>\n\t\t\t\t\t\t\t\t\t<a href=\"https:\/\/dogadernegi.org\/tr\/gediz-deltasini-tehdit-eden-jeotermal-kaynak-arama-projesine-karsi-dava-acildi\/\" target=\"_self\" rel=\"bookmark noopener noreferrer\" class='uagb-image-ratio-inherit'><img loading=\"lazy\" decoding=\"async\" width=\"300\" height=\"300\" src=\"https:\/\/dogadernegi.org\/wp-content\/uploads\/2024\/03\/GJP_2024-twpost-300x300.jpg\" class=\"attachment-thumbnail size-thumbnail\" alt=\"\" \/>\t\t\t\t\t<\/a>\n\t\t\t\t\t\t\t<\/div>\n\t\t\t\t\t\t<h6 class=\"uagb-post__title uagb-post__text\">\n\t\t\t\t<a href=\"https:\/\/dogadernegi.org\/tr\/gediz-deltasini-tehdit-eden-jeotermal-kaynak-arama-projesine-karsi-dava-acildi\/\" target=\"_self\" rel=\"bookmark noopener noreferrer\">Gediz Deltas\u0131\u2019n\u0131 tehdit eden Jeotermal Kaynak Arama Projesine Kar\u015f\u0131 Davac\u0131y\u0131z<\/a>\n\t\t\t<\/h6>\n\t\t\t\t\t\t<div class='uagb-post__text uagb-post-grid-byline'>\n\t\t\t\t\t\t\t\t<time datetime=\"2024-03-20T16:57:24+03:00\" class=\"uagb-post__date\">\n\t\t\t\t<span class=\"dashicons-calendar dashicons\"><\/span>\t\t\t\t\t20 Mart 2024\t\t\t\t<\/time>\n\t\t\t\t\t\t<\/div>\n\t\t\t\t\t\t\t<div class='uagb-post__text uagb-post__excerpt'>\n\t\t\t\t\t<p>UNESCO D\u00fcnya Do\u011fa Miras\u0131 Aday\u0131 Gediz Deltas\u0131 B\u00f6lgesel Is\u0131tma ve Termal Sa\u011fl\u0131k Ama\u00e7l\u0131 Jeotermal Kaynak&#8230;\t\t\t\t<\/div>\n\t\t\t\t\t\t<div class=\"uagb-post__text uagb-post__cta wp-block-button\">\n\t\t\t\t<a class=\"wp-block-button__link uagb-text-link\" style=\"\" href=\"https:\/\/dogadernegi.org\/tr\/gediz-deltasini-tehdit-eden-jeotermal-kaynak-arama-projesine-karsi-dava-acildi\/\" target=\"_self\" rel=\"bookmark noopener noreferrer\">Devam\u0131<\/a>\n\t\t\t<\/div>\n\t\t\t\n\t\t\t\t\t\t\t\t\t<\/article>\n\t\t\t\t\t\t\t\t\t\t\t\t\t\t\t\t<article class=\"uagb-post__inner-wrap\">\t\t\t\t\t\t\t\t<div class='uagb-post__image'>\n\t\t\t\t\t\t\t\t\t<a href=\"https:\/\/dogadernegi.org\/tr\/izmirin-dogasini-yok-edecek-korfez-gecis-projesi-bir-secim-vaadi-olamaz\/\" target=\"_self\" rel=\"bookmark noopener noreferrer\" class='uagb-image-ratio-inherit'><img loading=\"lazy\" decoding=\"async\" width=\"300\" height=\"300\" src=\"https:\/\/dogadernegi.org\/wp-content\/uploads\/2024\/03\/IMG_9073-scaled-1-300x300.jpeg\" class=\"attachment-thumbnail size-thumbnail\" alt=\"\" \/>\t\t\t\t\t<\/a>\n\t\t\t\t\t\t\t<\/div>\n\t\t\t\t\t\t<h6 class=\"uagb-post__title uagb-post__text\">\n\t\t\t\t<a href=\"https:\/\/dogadernegi.org\/tr\/izmirin-dogasini-yok-edecek-korfez-gecis-projesi-bir-secim-vaadi-olamaz\/\" target=\"_self\" rel=\"bookmark noopener noreferrer\">\u0130zmir\u2019in do\u011fas\u0131n\u0131 yok edecek &#8216;K\u00f6rfez Ge\u00e7i\u015f Projesi&#8217; bir se\u00e7im vaadi olamaz!<\/a>\n\t\t\t<\/h6>\n\t\t\t\t\t\t<div class='uagb-post__text uagb-post-grid-byline'>\n\t\t\t\t\t\t\t\t<time datetime=\"2024-03-11T13:32:39+03:00\" class=\"uagb-post__date\">\n\t\t\t\t<span class=\"dashicons-calendar dashicons\"><\/span>\t\t\t\t\t11 Mart 2024\t\t\t\t<\/time>\n\t\t\t\t\t\t<\/div>\n\t\t\t\t\t\t\t<div class='uagb-post__text uagb-post__excerpt'>\n\t\t\t\t\t<p>31 Mart 2024 Yerel Se\u00e7imleri yakla\u015f\u0131rken 2018 y\u0131l\u0131nda \u00c7ED Olumlu Karar\u0131 iptal edilen \u0130zmir K\u00f6rfez&#8230;\t\t\t\t<\/div>\n\t\t\t\t\t\t<div class=\"uagb-post__text uagb-post__cta wp-block-button\">\n\t\t\t\t<a class=\"wp-block-button__link uagb-text-link\" style=\"\" href=\"https:\/\/dogadernegi.org\/tr\/izmirin-dogasini-yok-edecek-korfez-gecis-projesi-bir-secim-vaadi-olamaz\/\" target=\"_self\" rel=\"bookmark noopener noreferrer\">Devam\u0131<\/a>\n\t\t\t<\/div>\n\t\t\t\n\t\t\t\t\t\t\t\t\t<\/article>\n\t\t\t\t\t\t\t\t\t\t\t\t\t\t\t\t<article class=\"uagb-post__inner-wrap\">\t\t\t\t\t\t\t\t<div class='uagb-post__image'>\n\t\t\t\t\t\t\t\t\t<a href=\"https:\/\/dogadernegi.org\/tr\/izmir-gediz-deltasina-jeotermal-tehdidi\/\" target=\"_self\" rel=\"bookmark noopener noreferrer\" class='uagb-image-ratio-inherit'><img loading=\"lazy\" decoding=\"async\" width=\"300\" height=\"300\" src=\"https:\/\/dogadernegi.org\/wp-content\/uploads\/2024\/02\/Uzunbacak_Ahmet-KAYA-scaled-1-300x300.jpg\" class=\"attachment-thumbnail size-thumbnail\" alt=\"\" \/>\t\t\t\t\t<\/a>\n\t\t\t\t\t\t\t<\/div>\n\t\t\t\t\t\t<h6 class=\"uagb-post__title uagb-post__text\">\n\t\t\t\t<a href=\"https:\/\/dogadernegi.org\/tr\/izmir-gediz-deltasina-jeotermal-tehdidi\/\" target=\"_self\" rel=\"bookmark noopener noreferrer\">\u0130zmir Gediz Deltas\u0131\u2019na Jeotermal Tehdidi.<\/a>\n\t\t\t<\/h6>\n\t\t\t\t\t\t<div class='uagb-post__text uagb-post-grid-byline'>\n\t\t\t\t\t\t\t\t<time datetime=\"2024-02-29T11:49:09+03:00\" class=\"uagb-post__date\">\n\t\t\t\t<span class=\"dashicons-calendar dashicons\"><\/span>\t\t\t\t\t29 \u015eubat 2024\t\t\t\t<\/time>\n\t\t\t\t\t\t<\/div>\n\t\t\t\t\t\t\t<div class='uagb-post__text uagb-post__excerpt'>\n\t\t\t\t\t<p>UNESCO D\u00fcnya Do\u011fa Miras\u0131 Adayl\u0131\u011f\u0131 konu\u015fulan Gediz Deltas\u0131 Jeotermal B\u00f6lgesel Is\u0131tma ve Termal Sa\u011fl\u0131k Ama\u00e7l\u0131&#8230;\t\t\t\t<\/div>\n\t\t\t\t\t\t<div class=\"uagb-post__text uagb-post__cta wp-block-button\">\n\t\t\t\t<a class=\"wp-block-button__link uagb-text-link\" style=\"\" href=\"https:\/\/dogadernegi.org\/tr\/izmir-gediz-deltasina-jeotermal-tehdidi\/\" target=\"_self\" rel=\"bookmark noopener noreferrer\">Devam\u0131<\/a>\n\t\t\t<\/div>\n\t\t\t\n\t\t\t\t\t\t\t\t\t<\/article>\n\t\t\t\t\t\t\t\t\t\t\t\t\t\t\t\t<article class=\"uagb-post__inner-wrap\">\t\t\t\t\t\t\t\t<div class='uagb-post__image'>\n\t\t\t\t\t\t\t\t\t<a href=\"https:\/\/dogadernegi.org\/tr\/gediz-deltasinda-bulusuyoruz\/\" target=\"_self\" rel=\"bookmark noopener noreferrer\" class='uagb-image-ratio-inherit'><img loading=\"lazy\" decoding=\"async\" width=\"300\" height=\"300\" src=\"https:\/\/dogadernegi.org\/wp-content\/uploads\/2024\/01\/DSAG2024_3subat_twpost-300x300.jpg\" class=\"attachment-thumbnail size-thumbnail\" alt=\"\" \/>\t\t\t\t\t<\/a>\n\t\t\t\t\t\t\t<\/div>\n\t\t\t\t\t\t<h6 class=\"uagb-post__title uagb-post__text\">\n\t\t\t\t<a href=\"https:\/\/dogadernegi.org\/tr\/gediz-deltasinda-bulusuyoruz\/\" target=\"_self\" rel=\"bookmark noopener noreferrer\">Gediz Deltas\u0131\u2019nda Bulu\u015fuyoruz.<\/a>\n\t\t\t<\/h6>\n\t\t\t\t\t\t<div class='uagb-post__text uagb-post-grid-byline'>\n\t\t\t\t\t\t\t\t<time datetime=\"2024-01-30T14:24:28+03:00\" class=\"uagb-post__date\">\n\t\t\t\t<span class=\"dashicons-calendar dashicons\"><\/span>\t\t\t\t\t30 Ocak 2024\t\t\t\t<\/time>\n\t\t\t\t\t\t<\/div>\n\t\t\t\t\t\t\t<div class='uagb-post__text uagb-post__excerpt'>\n\t\t\t\t\t<p>D\u00fcnya Sulak Alanlar G\u00fcn\u00fc her y\u0131l sulak alanlara dikkat \u00e7ekmek ve bu alanlar\u0131n korunmas\u0131n\u0131 sa\u011flamak&#8230;\t\t\t\t<\/div>\n\t\t\t\t\t\t<div class=\"uagb-post__text uagb-post__cta wp-block-button\">\n\t\t\t\t<a class=\"wp-block-button__link uagb-text-link\" style=\"\" href=\"https:\/\/dogadernegi.org\/tr\/gediz-deltasinda-bulusuyoruz\/\" target=\"_self\" rel=\"bookmark noopener noreferrer\">Devam\u0131<\/a>\n\t\t\t<\/div>\n\t\t\t\n\t\t\t\t\t\t\t\t\t<\/article>\n\t\t\t\t\t\t\t\t\t\t\t\t\t\t\t\t<article class=\"uagb-post__inner-wrap\">\t\t\t\t\t\t\t\t<div class='uagb-post__image'>\n\t\t\t\t\t\t\t\t\t<a href=\"https:\/\/dogadernegi.org\/tr\/turkiye-ve-slovenyada-kuraklik-ve-sulak-alanlar-icin-ortak-calisma-basliyor\/\" target=\"_self\" rel=\"bookmark noopener noreferrer\" class='uagb-image-ratio-inherit'><img loading=\"lazy\" decoding=\"async\" width=\"300\" height=\"300\" src=\"https:\/\/dogadernegi.org\/wp-content\/uploads\/2023\/10\/mko-1951-300x300.jpg\" class=\"attachment-thumbnail size-thumbnail\" alt=\"\" \/>\t\t\t\t\t<\/a>\n\t\t\t\t\t\t\t<\/div>\n\t\t\t\t\t\t<h6 class=\"uagb-post__title uagb-post__text\">\n\t\t\t\t<a href=\"https:\/\/dogadernegi.org\/tr\/turkiye-ve-slovenyada-kuraklik-ve-sulak-alanlar-icin-ortak-calisma-basliyor\/\" target=\"_self\" rel=\"bookmark noopener noreferrer\">T\u00fcrkiye ve Slovenya\u2019da Kurakl\u0131k ve Sulak Alanlar i\u00e7in Ortak \u00c7al\u0131\u015fma Ba\u015fl\u0131yor.<\/a>\n\t\t\t<\/h6>\n\t\t\t\t\t\t<div class='uagb-post__text uagb-post-grid-byline'>\n\t\t\t\t\t\t\t\t<time datetime=\"2023-10-31T15:44:26+03:00\" class=\"uagb-post__date\">\n\t\t\t\t<span class=\"dashicons-calendar dashicons\"><\/span>\t\t\t\t\t31 Ekim 2023\t\t\t\t<\/time>\n\t\t\t\t\t\t<\/div>\n\t\t\t\t\t\t\t<div class='uagb-post__text uagb-post__excerpt'>\n\t\t\t\t\t<p>Do\u011fa Derne\u011fi, \u0130zmir B\u00fcy\u00fck\u015fehir Belediyesi, K\u00f6y-Koop \u0130zmir Birli\u011fi ve uluslararas\u0131 ortaklar\u0131 DOPPS\/BirdLife Slovenya, L\u00fcbliyana Belediyesi,&#8230;\t\t\t\t<\/div>\n\t\t\t\t\t\t<div class=\"uagb-post__text uagb-post__cta wp-block-button\">\n\t\t\t\t<a class=\"wp-block-button__link uagb-text-link\" style=\"\" href=\"https:\/\/dogadernegi.org\/tr\/turkiye-ve-slovenyada-kuraklik-ve-sulak-alanlar-icin-ortak-calisma-basliyor\/\" target=\"_self\" rel=\"bookmark noopener noreferrer\">Devam\u0131<\/a>\n\t\t\t<\/div>\n\t\t\t\n\t\t\t\t\t\t\t\t\t<\/article>\n\t\t\t\t\t\t\t\t\t\t\t<\/div>\n\t\t\t<\/div><\/div>\n","protected":false},"excerpt":{"rendered":"<p>D\u00fcnya Miras\u0131 Gediz Deltas\u0131 Gediz Deltas\u0131, \u0130zmir K\u00f6rfezi\u2019nin bat\u0131 k\u0131y\u0131s\u0131nda Gediz Nehri\u2019nin denizle bulu\u015ftu\u011fu noktada olu\u015fmu\u015f olan ve yakla\u015f\u0131k 40 bin hektarl\u0131k alan\u0131 kapsayan geni\u015f bir sulak alan ekosistemi. Delta, Bat\u0131 Anadolu\u2019nun en b\u00fcy\u00fck, T\u00fcrkiye\u2019nin ise d\u00f6rd\u00fcnc\u00fc b\u00fcy\u00fck deltas\u0131.&nbsp;&nbsp; Gediz Deltas\u0131, T\u00fcrkiye\u2019deki uluslararas\u0131 \u00f6neme sahip 14 Ramsar alan\u0131ndan biri. Delta, ulusal olarak do\u011fal sit alan\u0131, [&#8230;]<\/p>\n<p><a class=\"dd-btn dd-btn-secondary text-sm\" href=\"https:\/\/dogadernegi.org\/tr\/calismalarimiz\/ekosistemler\/sulak-alanlar\/gediz-deltasi\/\">Daha Fazlas\u0131n\u0131 Oku&#8230;<span class=\"dd-sr-only\"> from Gediz Deltas\u0131<\/span><\/a><\/p>\n","protected":false},"author":10,"featured_media":0,"parent":26269,"menu_order":0,"comment_status":"closed","ping_status":"closed","template":"page-templates\/fullheightcover.php","meta":{"_acf_changed":false,"_uag_custom_page_level_css":"","footnotes":""},"class_list":["post-26295","page","type-page","status-publish","hentry"],"acf":[],"uagb_featured_image_src":{"full":false,"thumbnail":false,"medium":false,"medium_large":false,"large":false,"1536x1536":false,"2048x2048":false},"uagb_author_info":{"display_name":"A. Erdem \u015eent\u00fcrk","author_link":"https:\/\/dogadernegi.org\/tr\/author\/erdem\/"},"uagb_comment_info":0,"uagb_excerpt":"D\u00fcnya Miras\u0131 Gediz Deltas\u0131 Gediz Deltas\u0131, \u0130zmir K\u00f6rfezi\u2019nin bat\u0131 k\u0131y\u0131s\u0131nda Gediz Nehri\u2019nin denizle bulu\u015ftu\u011fu noktada olu\u015fmu\u015f olan ve yakla\u015f\u0131k 40 bin hektarl\u0131k alan\u0131 kapsayan geni\u015f bir sulak alan ekosistemi. Delta, Bat\u0131 Anadolu\u2019nun en b\u00fcy\u00fck, T\u00fcrkiye\u2019nin ise d\u00f6rd\u00fcnc\u00fc b\u00fcy\u00fck deltas\u0131.&nbsp;&nbsp; Gediz Deltas\u0131, T\u00fcrkiye\u2019deki uluslararas\u0131 \u00f6neme sahip 14 Ramsar alan\u0131ndan biri. Delta, ulusal olarak do\u011fal sit alan\u0131,&hellip;","_links":{"self":[{"href":"https:\/\/dogadernegi.org\/tr\/wp-json\/wp\/v2\/pages\/26295","targetHints":{"allow":["GET"]}}],"collection":[{"href":"https:\/\/dogadernegi.org\/tr\/wp-json\/wp\/v2\/pages"}],"about":[{"href":"https:\/\/dogadernegi.org\/tr\/wp-json\/wp\/v2\/types\/page"}],"author":[{"embeddable":true,"href":"https:\/\/dogadernegi.org\/tr\/wp-json\/wp\/v2\/users\/10"}],"replies":[{"embeddable":true,"href":"https:\/\/dogadernegi.org\/tr\/wp-json\/wp\/v2\/comments?post=26295"}],"version-history":[{"count":0,"href":"https:\/\/dogadernegi.org\/tr\/wp-json\/wp\/v2\/pages\/26295\/revisions"}],"up":[{"embeddable":true,"href":"https:\/\/dogadernegi.org\/tr\/wp-json\/wp\/v2\/pages\/26269"}],"wp:attachment":[{"href":"https:\/\/dogadernegi.org\/tr\/wp-json\/wp\/v2\/media?parent=26295"}],"curies":[{"name":"wp","href":"https:\/\/api.w.org\/{rel}","templated":true}]}}