{"id":26310,"date":"2024-05-07T23:00:43","date_gmt":"2024-05-07T20:00:43","guid":{"rendered":"https:\/\/dogadernegi.org\/?page_id=26310"},"modified":"2025-08-21T17:25:03","modified_gmt":"2025-08-21T14:25:03","slug":"koroglu-daglari","status":"publish","type":"page","link":"https:\/\/dogadernegi.org\/tr\/calismalarimiz\/ekosistemler\/daglar\/koroglu-daglari\/","title":{"rendered":"K\u00f6ro\u011flu Da\u011flar\u0131"},"content":{"rendered":"\n<div class=\"wp-block-uagb-container container uagb-block-788621ff alignfull uagb-is-root-container\"><div class=\"uagb-container-inner-blocks-wrap\">\n<p>K\u00f6ro\u011flu Da\u011flar\u0131, Ankara ilinin kuzeyindeki da\u011flar\u0131n bat\u0131 k\u0131sm\u0131n\u0131 i\u00e7ine al\u0131yor. Kuzeybat\u0131-g\u00fcneydo\u011fu do\u011frultusunda uzanan bu da\u011f silsilesi; kuzeyde ve do\u011fuda Ankara-Bolu yoluyla bat\u0131da ise Beypazar\u0131-Bolu yoluyla s\u0131n\u0131rlan\u0131yor. Alan\u0131n g\u00fcney k\u0131sm\u0131nda Kavakl\u0131 Da\u011f\u0131 yer al\u0131yor. Kavakl\u0131 Da\u011f\u0131\u2019ndan do\u011fan S\u00fcvari \u00c7ay\u0131, Sakarya Nehri\u2019nin bir kolu olan Kirmir \u00c7ay\u0131 ile birle\u015fiyor. Bu da\u011flar, bodur me\u015feliklerle kapl\u0131 k\u0131ra\u00e7 tepelerden, daha y\u00fckseklerden ise sar\u0131\u00e7am ve kara\u00e7am a\u011f\u0131rl\u0131kl\u0131 i\u011fne yaprakl\u0131 ormanlardan, y\u00fcksek da\u011f \u00e7ay\u0131rlar\u0131ndan ve az miktarda tar\u0131m alan\u0131ndan olu\u015fuyor.&nbsp;<\/p>\n\n\n\n<p>Endemik bitki t\u00fcrlerini bar\u0131nd\u0131ran K\u00f6ro\u011flu Da\u011flar\u0131, T\u00fcrkiye\u2019nin en b\u00fcy\u00fck kara akbaba <em>(Aegypius monachus<\/em>) \u00fcreme pop\u00fclasyonuna ev sahipli\u011fi yap\u0131yor. Sakall\u0131 akbaba (<em>Gypaetus barbatus<\/em>), kaya kartal\u0131 (A<em>quila chrysaetos<\/em>) g\u00f6kdo\u011fan (<em>Falco peregrinus<\/em>), kara a\u011fa\u00e7kakan (<em>Dryocopus martius<\/em>), ak s\u0131rtl\u0131 a\u011fa\u00e7kakan (<em>Dendrocopos leucotos<\/em>), kara leylek (<em>Ciconia nigra<\/em>) ve \u015fah kartal (<em>Aquila heliaca<\/em>) alanda \u00fcreyen \u00f6ncelikli t\u00fcrler aras\u0131nda bulunuyor. T\u00fcrkiye\u2019de ya\u015fayan a\u011fa\u00e7kakan ve akbaba t\u00fcrlerinin tamam\u0131 bu da\u011flarda g\u00f6zlemlenebiliyor. Kar faresi (<em>Chionomys nivalis<\/em>) ve tarakl\u0131 semender (<em>Triturus karelinii<\/em>) t\u00fcrleri de alanda ya\u015famaya devam ediyor. Ay\u0131 (<em>Ursus arctos<\/em>), k\u0131z\u0131l geyik (<em>Cervus elaphus<\/em>), kurt (<em>Canis lupus<\/em>), va\u015fak (<em>Lynx lynx<\/em>) ve yaban tav\u015fan\u0131 (<em>Lepus europaeus<\/em>) alanda yay\u0131l\u0131\u015f g\u00f6steren memeli yaban hayvanlar\u0131ndan baz\u0131lar\u0131.<\/p>\n\n\n\n<p>B\u00f6lge halk\u0131 genel olarak ormanc\u0131l\u0131k, tar\u0131m ve hayvanc\u0131l\u0131k faaliyetleriyle ge\u00e7imini sa\u011fl\u0131yor. Ancak a\u015f\u0131r\u0131 ormanc\u0131l\u0131k faaliyetleri bu b\u00f6lgede ya\u015fayan t\u00fcrler i\u00e7in tehdit olu\u015fturuyor. Yuva a\u011fa\u00e7lar\u0131n\u0131n kesilmesi ve insan hareketlili\u011fi t\u00fcrlerin d\u00f6ng\u00fclerini olumsuz etkiliyor. Alan\u0131n y\u00fcksek kesimleri yaz aylar\u0131nda yayla olarak kullan\u0131l\u0131yor. Alan\u0131n g\u00fcney s\u0131n\u0131r\u0131nda \u00e7ok say\u0131da tavuk \u00fcretme \u00e7iftli\u011fi bulunuyor ve \u00f6nemli k\u0131\u015f sporlar\u0131 merkezlerinden biri olan Kartalkaya Kayak Merkezi burada yer al\u0131yor.<\/p>\n\n\n\n<p>K\u00f6ro\u011flu Da\u011flar\u0131\u2019nda ya\u015fayan akbabalar ve di\u011fer canl\u0131lar \u00fczerine \u00e7al\u0131\u015fmalar ger\u00e7ekle\u015ftirmeye devam ediyoruz. T\u00fcrkiye\u2019deki zengin biyo\u00e7e\u015fitlilik alanlar\u0131ndan biri olan K\u00f6ro\u011flu Da\u011flar\u0131\u2019n\u0131nda y\u00fcr\u00fct\u00fclen koruma faaliyetleri, biyolojik \u00e7e\u015fitlili\u011fin korunmas\u0131 i\u00e7in hayati \u00f6nem ta\u015f\u0131yor.<\/p>\n<\/div><\/div>\n\n\n\n<div class=\"wp-block-uagb-container uagb-block-4fd4d8a3 alignfull uagb-is-root-container\"><div class=\"uagb-container-inner-blocks-wrap\">\n\t\t\t<div class=\"wp-block-uagb-post-grid uagb-post-grid  uagb-post__image-position-top uagb-post__image-enabled uagb-block-714e4fc9     uagb-post__items uagb-post__columns-4 is-grid uagb-post__columns-tablet-2 uagb-post__columns-mobile-1 uagb-post__equal-height uagb-equal_height_inline-read-more-buttons\" data-total=\"1\" style=\"\">\n\n\t\t\t\t\t\t\t\t\t\t\t\t<article class=\"uagb-post__inner-wrap\">\t\t\t\t\t\t\t\t<h6 class=\"uagb-post__title uagb-post__text\">\n\t\t\t\t<a href=\"https:\/\/dogadernegi.org\/tr\/17-tr-kus-konferansi\/\" target=\"_self\" rel=\"bookmark noopener noreferrer\">17. T\u00fcrkiye Ku\u015f Konferans\u0131<\/a>\n\t\t\t<\/h6>\n\t\t\t\t\t\t<div class='uagb-post__text uagb-post-grid-byline'>\n\t\t\t\t\t\t\t\t<time datetime=\"2016-06-04T15:30:22+03:00\" class=\"uagb-post__date\">\n\t\t\t\t<span class=\"dashicons-calendar dashicons\"><\/span>\t\t\t\t\t4 Haziran 2016\t\t\t\t<\/time>\n\t\t\t\t\t\t<\/div>\n\t\t\t\t\t\t\t<div class='uagb-post__text uagb-post__excerpt'>\n\t\t\t\t\t<p>Ku\u015flar\u0131n d\u00fcnyas\u0131n\u0131 anlamak ve payla\u015fmak i\u00e7in 90\u2019lar\u0131n sonunda ku\u015f ara\u015ft\u0131rmac\u0131lar\u0131n\u0131n ve g\u00f6zlemcilerinin birlikte ba\u015flatt\u0131\u011f\u0131 konferanslar&#8230;\t\t\t\t<\/div>\n\t\t\t\t\t\t<div class=\"uagb-post__text uagb-post__cta wp-block-button\">\n\t\t\t\t<a class=\"wp-block-button__link uagb-text-link\" style=\"\" href=\"https:\/\/dogadernegi.org\/tr\/17-tr-kus-konferansi\/\" target=\"_self\" rel=\"bookmark noopener noreferrer\">Devam\u0131<\/a>\n\t\t\t<\/div>\n\t\t\t\n\t\t\t\t\t\t\t\t\t<\/article>\n\t\t\t\t\t\t\t\t\t\t\t<\/div>\n\t\t\t<\/div><\/div>\n","protected":false},"excerpt":{"rendered":"<p>K\u00f6ro\u011flu Da\u011flar\u0131, Ankara ilinin kuzeyindeki da\u011flar\u0131n bat\u0131 k\u0131sm\u0131n\u0131 i\u00e7ine al\u0131yor. Kuzeybat\u0131-g\u00fcneydo\u011fu do\u011frultusunda uzanan bu da\u011f silsilesi; kuzeyde ve do\u011fuda Ankara-Bolu yoluyla bat\u0131da ise Beypazar\u0131-Bolu yoluyla s\u0131n\u0131rlan\u0131yor. Alan\u0131n g\u00fcney k\u0131sm\u0131nda Kavakl\u0131 Da\u011f\u0131 yer al\u0131yor. Kavakl\u0131 Da\u011f\u0131\u2019ndan do\u011fan S\u00fcvari \u00c7ay\u0131, Sakarya Nehri\u2019nin bir kolu olan Kirmir \u00c7ay\u0131 ile birle\u015fiyor. Bu da\u011flar, bodur me\u015feliklerle kapl\u0131 k\u0131ra\u00e7 tepelerden, daha [&#8230;]<\/p>\n<p><a class=\"dd-btn dd-btn-secondary text-sm\" href=\"https:\/\/dogadernegi.org\/tr\/calismalarimiz\/ekosistemler\/daglar\/koroglu-daglari\/\">Daha Fazlas\u0131n\u0131 Oku&#8230;<span class=\"dd-sr-only\"> from K\u00f6ro\u011flu Da\u011flar\u0131<\/span><\/a><\/p>\n","protected":false},"author":10,"featured_media":0,"parent":26308,"menu_order":0,"comment_status":"closed","ping_status":"closed","template":"page-templates\/fullheightcover.php","meta":{"_acf_changed":false,"_uag_custom_page_level_css":"","footnotes":""},"class_list":["post-26310","page","type-page","status-publish","hentry"],"acf":[],"uagb_featured_image_src":{"full":false,"thumbnail":false,"medium":false,"medium_large":false,"large":false,"1536x1536":false,"2048x2048":false},"uagb_author_info":{"display_name":"A. Erdem \u015eent\u00fcrk","author_link":"https:\/\/dogadernegi.org\/tr\/author\/erdem\/"},"uagb_comment_info":0,"uagb_excerpt":"K\u00f6ro\u011flu Da\u011flar\u0131, Ankara ilinin kuzeyindeki da\u011flar\u0131n bat\u0131 k\u0131sm\u0131n\u0131 i\u00e7ine al\u0131yor. Kuzeybat\u0131-g\u00fcneydo\u011fu do\u011frultusunda uzanan bu da\u011f silsilesi; kuzeyde ve do\u011fuda Ankara-Bolu yoluyla bat\u0131da ise Beypazar\u0131-Bolu yoluyla s\u0131n\u0131rlan\u0131yor. Alan\u0131n g\u00fcney k\u0131sm\u0131nda Kavakl\u0131 Da\u011f\u0131 yer al\u0131yor. Kavakl\u0131 Da\u011f\u0131\u2019ndan do\u011fan S\u00fcvari \u00c7ay\u0131, Sakarya Nehri\u2019nin bir kolu olan Kirmir \u00c7ay\u0131 ile birle\u015fiyor. Bu da\u011flar, bodur me\u015feliklerle kapl\u0131 k\u0131ra\u00e7 tepelerden, daha&hellip;","_links":{"self":[{"href":"https:\/\/dogadernegi.org\/tr\/wp-json\/wp\/v2\/pages\/26310","targetHints":{"allow":["GET"]}}],"collection":[{"href":"https:\/\/dogadernegi.org\/tr\/wp-json\/wp\/v2\/pages"}],"about":[{"href":"https:\/\/dogadernegi.org\/tr\/wp-json\/wp\/v2\/types\/page"}],"author":[{"embeddable":true,"href":"https:\/\/dogadernegi.org\/tr\/wp-json\/wp\/v2\/users\/10"}],"replies":[{"embeddable":true,"href":"https:\/\/dogadernegi.org\/tr\/wp-json\/wp\/v2\/comments?post=26310"}],"version-history":[{"count":0,"href":"https:\/\/dogadernegi.org\/tr\/wp-json\/wp\/v2\/pages\/26310\/revisions"}],"up":[{"embeddable":true,"href":"https:\/\/dogadernegi.org\/tr\/wp-json\/wp\/v2\/pages\/26308"}],"wp:attachment":[{"href":"https:\/\/dogadernegi.org\/tr\/wp-json\/wp\/v2\/media?parent=26310"}],"curies":[{"name":"wp","href":"https:\/\/api.w.org\/{rel}","templated":true}]}}