{"id":26312,"date":"2024-05-07T23:04:09","date_gmt":"2024-05-07T20:04:09","guid":{"rendered":"https:\/\/dogadernegi.org\/?page_id=26312"},"modified":"2025-08-21T17:25:03","modified_gmt":"2025-08-21T14:25:03","slug":"bolkar-daglari","status":"publish","type":"page","link":"https:\/\/dogadernegi.org\/tr\/calismalarimiz\/ekosistemler\/daglar\/bolkar-daglari\/","title":{"rendered":"Bolkar Da\u011flar\u0131"},"content":{"rendered":"\n<div class=\"wp-block-uagb-container container uagb-block-c7b87b67 alignfull uagb-is-root-container\"><div class=\"uagb-container-inner-blocks-wrap\">\n<p>Bolkar Da\u011flar\u0131, Do\u011fu Akdeniz B\u00f6lgesi ve Orta Anadolu Platosu aras\u0131nda kalan b\u00fcy\u00fck bir da\u011f silsilesi. \u0130ki b\u00f6lgenin ge\u00e7i\u015f noktas\u0131nda bulunmas\u0131 ve b\u00fcy\u00fck \u00e7e\u015fitlilik g\u00f6steren jeomorfolojik yap\u0131s\u0131, Bolkar Da\u011flar\u0131\u2019n\u0131n do\u011fal ya\u015fam ve nadir t\u00fcrler a\u00e7\u0131s\u0131ndan T\u00fcrkiye\u2019nin en benzersiz alanlar\u0131ndan biri olmas\u0131n\u0131 sa\u011flar. Da\u011f\u0131n orta b\u00f6l\u00fcm\u00fcndeki y\u00fcksek da\u011f \u00e7ay\u0131rlar\u0131 (alpin ku\u015fak) Temmuz ay\u0131na kadar karlarla kapl\u0131d\u0131r ve yer yer buzul g\u00f6lleri i\u00e7erir. Bu g\u00f6llerden biri olan Karag\u00f6l&#8217;de endemik ve nesli t\u00fckenmekte olan Toros kurba\u011fas\u0131 (<em>Rana holtzi<\/em>) ya\u015fam\u0131n\u0131 s\u00fcrd\u00fcr\u00fcr. Yaban hayat\u0131 a\u00e7\u0131s\u0131ndan olduk\u00e7a zengin olan bu da\u011f silsilesi, yaban ke\u00e7isi (<em>Capra aegagrus<\/em>), va\u015fak (<em>Lynx lynx<\/em>), kurt (<em>Canis lupus<\/em>) gibi memeli yaban hayvanlar\u0131 ile birlikte, y\u00fcksek rak\u0131mlarda ya\u015fayan urkeklik (<em>Tetraogallus caspius<\/em>) i\u00e7in \u00f6nemli habitatlar\u0131 bar\u0131nd\u0131r\u0131r.&nbsp;<\/p>\n\n\n\n<p>Bolkar Da\u011flar\u0131, Akdeniz B\u00f6lgesi\u2019ndeki en geni\u015f y\u00fcksek da\u011f \u00e7ay\u0131r\u0131 topluluklar\u0131n\u0131 i\u00e7ermektedir. Da\u011flar\u0131n g\u00fcney yama\u00e7lar\u0131nda farkl\u0131 Akdeniz bitki \u00f6rt\u00fcs\u00fc tipleri bulunur. Bu b\u00f6lgedeki derin kanyonlar \u0131l\u0131man ve nemli mikroklimaya sahiptir. Bu nedenle, T\u00fcrkiye\u2019nin ba\u015fka b\u00f6lgelerinde g\u00f6r\u00fclmeyen baz\u0131 yar\u0131 tropikal canl\u0131 t\u00fcrlerini bar\u0131nd\u0131r\u0131r. Kuzey yama\u00e7larda ise tipik Orta Anadolu karasal iklimi g\u00f6zlemlenir ve bu b\u00f6lge da\u011f bozk\u0131rlar\u0131 ve seyrelmi\u015f orman \u00f6rt\u00fcs\u00fcyle kapl\u0131d\u0131r. Endemik bitkiler bu b\u00f6lgenin \u00e7e\u015fitlili\u011fin bir di\u011fer g\u00f6stergesi olarak kabul edilir.&nbsp;<\/p>\n\n\n\n<p>Bolkar Da\u011flar\u0131\u2019n\u0131n ku\u015f t\u00fcrleri aras\u0131nda \u00f6zellikle y\u0131rt\u0131c\u0131 ku\u015f t\u00fcrlerinin \u00e7e\u015fitlili\u011fi dikkat \u00e7eker. Alanda \u00fcreyen b\u0131y\u0131kl\u0131 do\u011fan (<em>Falco biarmicus<\/em>), sakall\u0131 akbaba (<em>Gypaetos barbatus<\/em>), k\u00fc\u00e7\u00fck akbaba (<em>Neophron percnopterus<\/em>) ve kara \u00e7aylak (<em>Milvus migrans<\/em>) korumada \u00f6ncelikli ku\u015flardan baz\u0131lar\u0131d\u0131r. Bolkar Da\u011flar\u0131 kelebekler ve k\u0131zb\u00f6cekleri a\u00e7\u0131s\u0131ndan da \u00f6nem ta\u015f\u0131r.&nbsp;<\/p>\n\n\n\n<p>Bolkar Da\u011flar\u0131, Akdeniz g\u00f6\u00e7er k\u00fclt\u00fcr\u00fcn\u00fcn ya\u015famaya devam etti\u011fi nadir alanlardan biri. Yaz aylar\u0131nda yaylalara g\u00f6\u00e7 eden y\u00f6r\u00fckler, alan\u0131 ba\u015fta hayvanc\u0131l\u0131k faaliyetleri olmak \u00fczere yo\u011fun olarak kullan\u0131r. Bolkar Da\u011flar\u0131\u2019nda \u00f6ncelikli t\u00fcrler \u00fczerine ara\u015ft\u0131rma ve koruma \u00e7al\u0131\u015fmalar\u0131 ger\u00e7ekle\u015ftirirken di\u011fer yandan konar g\u00f6\u00e7er y\u00f6r\u00fcklerle yak\u0131n temas halinde g\u00f6r\u00fc\u015fmelerimizi s\u00fcrd\u00fcr\u00fcyoruz. Burada kurdu\u011fumuz yerel koruma a\u011f\u0131 sayesinde b\u00f6lgedeki yaban hayat\u0131yla ilgili bilgilere ula\u015f\u0131yor, b\u00f6lgedeki biyolojik \u00e7e\u015fitlili\u011fi etkileyen tehditleri ortadan kald\u0131rmak i\u00e7in koruma faaliyetlerimizi yerel payda\u015flar\u0131m\u0131zla ortakl\u0131k i\u00e7erisinde y\u00fcr\u00fct\u00fcyoruz.<\/p>\n<\/div><\/div>\n\n\n\n<div class=\"wp-block-uagb-container uagb-block-4fd4d8a3 alignfull uagb-is-root-container\"><div class=\"uagb-container-inner-blocks-wrap\">\n\t\t\t<div class=\"wp-block-uagb-post-grid uagb-post-grid  uagb-post__image-position-top uagb-post__image-enabled uagb-block-714e4fc9     uagb-post__items uagb-post__columns-4 is-grid uagb-post__columns-tablet-2 uagb-post__columns-mobile-1 uagb-post__equal-height uagb-equal_height_inline-read-more-buttons\" data-total=\"1\" style=\"\">\n\n\t\t\t\t\t\t\t\t\t\t\t\t<article class=\"uagb-post__inner-wrap\">\t\t\t\t\t\t\t\t<div class='uagb-post__image'>\n\t\t\t\t\t\t\t\t\t<a href=\"https:\/\/dogadernegi.org\/tr\/19tkkmersin\/\" target=\"_self\" rel=\"bookmark noopener noreferrer\" class='uagb-image-ratio-inherit'><img loading=\"lazy\" decoding=\"async\" width=\"300\" height=\"300\" src=\"https:\/\/dogadernegi.org\/wp-content\/uploads\/2019\/05\/1-1-300x300.jpg\" class=\"attachment-thumbnail size-thumbnail\" alt=\"\" \/>\t\t\t\t\t<\/a>\n\t\t\t\t\t\t\t<\/div>\n\t\t\t\t\t\t<h6 class=\"uagb-post__title uagb-post__text\">\n\t\t\t\t<a href=\"https:\/\/dogadernegi.org\/tr\/19tkkmersin\/\" target=\"_self\" rel=\"bookmark noopener noreferrer\">Ku\u015f G\u00f6zlemcisi, Foto\u011fraf\u00e7\u0131 ve Ara\u015ft\u0131rmac\u0131lar 19. T\u00fcrkiye Ku\u015f Konferans\u0131\u2019nda Bulu\u015ftu<\/a>\n\t\t\t<\/h6>\n\t\t\t\t\t\t<div class='uagb-post__text uagb-post-grid-byline'>\n\t\t\t\t\t\t\t\t<time datetime=\"2019-05-23T10:06:03+03:00\" class=\"uagb-post__date\">\n\t\t\t\t<span class=\"dashicons-calendar dashicons\"><\/span>\t\t\t\t\t23 May\u0131s 2019\t\t\t\t<\/time>\n\t\t\t\t\t\t<\/div>\n\t\t\t\t\t\t\t<div class='uagb-post__text uagb-post__excerpt'>\n\t\t\t\t\t<p>17-22 May\u0131s tarihlerinde Mersin \u00c7aml\u0131yayla\u2019da ger\u00e7ekle\u015fen T\u00fcrkiye Ku\u015f Konferans\u0131, Do\u011fa Derne\u011fi organizat\u00f6rl\u00fc\u011f\u00fcnde, Mersin B\u00fcy\u00fck \u015eehir&#8230;\t\t\t\t<\/div>\n\t\t\t\t\t\t<div class=\"uagb-post__text uagb-post__cta wp-block-button\">\n\t\t\t\t<a class=\"wp-block-button__link uagb-text-link\" style=\"\" href=\"https:\/\/dogadernegi.org\/tr\/19tkkmersin\/\" target=\"_self\" rel=\"bookmark noopener noreferrer\">Devam\u0131<\/a>\n\t\t\t<\/div>\n\t\t\t\n\t\t\t\t\t\t\t\t\t<\/article>\n\t\t\t\t\t\t\t\t\t\t\t\t\t\t\t\t<article class=\"uagb-post__inner-wrap\">\t\t\t\t\t\t\t\t<div class='uagb-post__image'>\n\t\t\t\t\t\t\t\t\t<a href=\"https:\/\/dogadernegi.org\/tr\/19tkk\/\" target=\"_self\" rel=\"bookmark noopener noreferrer\" class='uagb-image-ratio-inherit'><img loading=\"lazy\" decoding=\"async\" width=\"300\" height=\"300\" src=\"https:\/\/dogadernegi.org\/wp-content\/uploads\/2018\/11\/kus-konferansi-site-01-300x300.jpg\" class=\"attachment-thumbnail size-thumbnail\" alt=\"\" \/>\t\t\t\t\t<\/a>\n\t\t\t\t\t\t\t<\/div>\n\t\t\t\t\t\t<h6 class=\"uagb-post__title uagb-post__text\">\n\t\t\t\t<a href=\"https:\/\/dogadernegi.org\/tr\/19tkk\/\" target=\"_self\" rel=\"bookmark noopener noreferrer\">19. T\u00fcrkiye Ku\u015f Konferans\u0131<\/a>\n\t\t\t<\/h6>\n\t\t\t\t\t\t<div class='uagb-post__text uagb-post-grid-byline'>\n\t\t\t\t\t\t\t\t<time datetime=\"2018-11-06T12:40:38+03:00\" class=\"uagb-post__date\">\n\t\t\t\t<span class=\"dashicons-calendar dashicons\"><\/span>\t\t\t\t\t6 Kas\u0131m 2018\t\t\t\t<\/time>\n\t\t\t\t\t\t<\/div>\n\t\t\t\t\t\t\t<div class='uagb-post__text uagb-post__excerpt'>\n\t\t\t\t\t<p>19. T\u00fcrkiye Ku\u015f Konferans\u0131 i\u00e7in 17 &#8211; 22 May\u0131s 2019 tarihlerinde, Mersin \u00c7aml\u0131yayla\u2019da bulu\u015fuyoruz. T\u00fcrkiye&#8230;\t\t\t\t<\/div>\n\t\t\t\t\t\t<div class=\"uagb-post__text uagb-post__cta wp-block-button\">\n\t\t\t\t<a class=\"wp-block-button__link uagb-text-link\" style=\"\" href=\"https:\/\/dogadernegi.org\/tr\/19tkk\/\" target=\"_self\" rel=\"bookmark noopener noreferrer\">Devam\u0131<\/a>\n\t\t\t<\/div>\n\t\t\t\n\t\t\t\t\t\t\t\t\t<\/article>\n\t\t\t\t\t\t\t\t\t\t\t\t\t\t\t\t<article class=\"uagb-post__inner-wrap\">\t\t\t\t\t\t\t\t<div class='uagb-post__image'>\n\t\t\t\t\t\t\t\t\t<a href=\"https:\/\/dogadernegi.org\/tr\/kus-sesi-yayinda\/\" target=\"_self\" rel=\"bookmark noopener noreferrer\" class='uagb-image-ratio-inherit'><img loading=\"lazy\" decoding=\"async\" width=\"300\" height=\"300\" src=\"https:\/\/dogadernegi.org\/wp-content\/uploads\/2017\/05\/kus-sesi5-twitter-300x300.jpg\" class=\"attachment-thumbnail size-thumbnail\" alt=\"\" \/>\t\t\t\t\t<\/a>\n\t\t\t\t\t\t\t<\/div>\n\t\t\t\t\t\t<h6 class=\"uagb-post__title uagb-post__text\">\n\t\t\t\t<a href=\"https:\/\/dogadernegi.org\/tr\/kus-sesi-yayinda\/\" target=\"_self\" rel=\"bookmark noopener noreferrer\">Ku\u015f Sesi<\/a>\n\t\t\t<\/h6>\n\t\t\t\t\t\t<div class='uagb-post__text uagb-post-grid-byline'>\n\t\t\t\t\t\t\t\t<time datetime=\"2017-05-11T12:00:52+03:00\" class=\"uagb-post__date\">\n\t\t\t\t<span class=\"dashicons-calendar dashicons\"><\/span>\t\t\t\t\t11 May\u0131s 2017\t\t\t\t<\/time>\n\t\t\t\t\t\t<\/div>\n\t\t\t\t\t\t\t<div class='uagb-post__text uagb-post__excerpt'>\n\t\t\t\t\t<p>Ku\u015f Sesi&#8217;nin 7. say\u0131s\u0131 yay\u0131nda! Ku\u015f Sesi&#8217;nin yedinci say\u0131s\u0131nda eski ve yeni d\u00fcnya akbabalar\u0131ndan, s\u00fcrmeli&#8230;\t\t\t\t<\/div>\n\t\t\t\t\t\t<div class=\"uagb-post__text uagb-post__cta wp-block-button\">\n\t\t\t\t<a class=\"wp-block-button__link uagb-text-link\" style=\"\" href=\"https:\/\/dogadernegi.org\/tr\/kus-sesi-yayinda\/\" target=\"_self\" rel=\"bookmark noopener noreferrer\">Devam\u0131<\/a>\n\t\t\t<\/div>\n\t\t\t\n\t\t\t\t\t\t\t\t\t<\/article>\n\t\t\t\t\t\t\t\t\t\t\t<\/div>\n\t\t\t<\/div><\/div>\n","protected":false},"excerpt":{"rendered":"<p>Bolkar Da\u011flar\u0131, Do\u011fu Akdeniz B\u00f6lgesi ve Orta Anadolu Platosu aras\u0131nda kalan b\u00fcy\u00fck bir da\u011f silsilesi. \u0130ki b\u00f6lgenin ge\u00e7i\u015f noktas\u0131nda bulunmas\u0131 ve b\u00fcy\u00fck \u00e7e\u015fitlilik g\u00f6steren jeomorfolojik yap\u0131s\u0131, Bolkar Da\u011flar\u0131\u2019n\u0131n do\u011fal ya\u015fam ve nadir t\u00fcrler a\u00e7\u0131s\u0131ndan T\u00fcrkiye\u2019nin en benzersiz alanlar\u0131ndan biri olmas\u0131n\u0131 sa\u011flar. Da\u011f\u0131n orta b\u00f6l\u00fcm\u00fcndeki y\u00fcksek da\u011f \u00e7ay\u0131rlar\u0131 (alpin ku\u015fak) Temmuz ay\u0131na kadar karlarla kapl\u0131d\u0131r ve [&#8230;]<\/p>\n<p><a class=\"dd-btn dd-btn-secondary text-sm\" href=\"https:\/\/dogadernegi.org\/tr\/calismalarimiz\/ekosistemler\/daglar\/bolkar-daglari\/\">Daha Fazlas\u0131n\u0131 Oku&#8230;<span class=\"dd-sr-only\"> from Bolkar Da\u011flar\u0131<\/span><\/a><\/p>\n","protected":false},"author":10,"featured_media":0,"parent":26308,"menu_order":0,"comment_status":"closed","ping_status":"closed","template":"page-templates\/fullheightcover.php","meta":{"_acf_changed":false,"_uag_custom_page_level_css":"","footnotes":""},"class_list":["post-26312","page","type-page","status-publish","hentry"],"acf":[],"uagb_featured_image_src":{"full":false,"thumbnail":false,"medium":false,"medium_large":false,"large":false,"1536x1536":false,"2048x2048":false},"uagb_author_info":{"display_name":"A. Erdem \u015eent\u00fcrk","author_link":"https:\/\/dogadernegi.org\/tr\/author\/erdem\/"},"uagb_comment_info":0,"uagb_excerpt":"Bolkar Da\u011flar\u0131, Do\u011fu Akdeniz B\u00f6lgesi ve Orta Anadolu Platosu aras\u0131nda kalan b\u00fcy\u00fck bir da\u011f silsilesi. \u0130ki b\u00f6lgenin ge\u00e7i\u015f noktas\u0131nda bulunmas\u0131 ve b\u00fcy\u00fck \u00e7e\u015fitlilik g\u00f6steren jeomorfolojik yap\u0131s\u0131, Bolkar Da\u011flar\u0131\u2019n\u0131n do\u011fal ya\u015fam ve nadir t\u00fcrler a\u00e7\u0131s\u0131ndan T\u00fcrkiye\u2019nin en benzersiz alanlar\u0131ndan biri olmas\u0131n\u0131 sa\u011flar. Da\u011f\u0131n orta b\u00f6l\u00fcm\u00fcndeki y\u00fcksek da\u011f \u00e7ay\u0131rlar\u0131 (alpin ku\u015fak) Temmuz ay\u0131na kadar karlarla kapl\u0131d\u0131r ve&hellip;","_links":{"self":[{"href":"https:\/\/dogadernegi.org\/tr\/wp-json\/wp\/v2\/pages\/26312","targetHints":{"allow":["GET"]}}],"collection":[{"href":"https:\/\/dogadernegi.org\/tr\/wp-json\/wp\/v2\/pages"}],"about":[{"href":"https:\/\/dogadernegi.org\/tr\/wp-json\/wp\/v2\/types\/page"}],"author":[{"embeddable":true,"href":"https:\/\/dogadernegi.org\/tr\/wp-json\/wp\/v2\/users\/10"}],"replies":[{"embeddable":true,"href":"https:\/\/dogadernegi.org\/tr\/wp-json\/wp\/v2\/comments?post=26312"}],"version-history":[{"count":0,"href":"https:\/\/dogadernegi.org\/tr\/wp-json\/wp\/v2\/pages\/26312\/revisions"}],"up":[{"embeddable":true,"href":"https:\/\/dogadernegi.org\/tr\/wp-json\/wp\/v2\/pages\/26308"}],"wp:attachment":[{"href":"https:\/\/dogadernegi.org\/tr\/wp-json\/wp\/v2\/media?parent=26312"}],"curies":[{"name":"wp","href":"https:\/\/api.w.org\/{rel}","templated":true}]}}