{"id":26586,"date":"2025-06-22T23:25:54","date_gmt":"2025-06-22T20:25:54","guid":{"rendered":"https:\/\/dogadernegi.org\/?page_id=26586"},"modified":"2026-03-31T12:09:18","modified_gmt":"2026-03-31T09:09:18","slug":"katil","status":"publish","type":"page","link":"https:\/\/dogadernegi.org\/tr\/katil\/","title":{"rendered":"Kat\u0131l"},"content":{"rendered":"\n<div class=\"wp-block-uagb-container uagb-block-192254d2 alignfull uagb-is-root-container\">\n<div class=\"wp-block-uagb-container uagb-block-5bf0baf1\"><\/div>\n\n\n<a class=\"spectra-container-link-overlay\" rel=\"noopener\" href=\"#gonullu-ol\"> <\/a><\/div>\n\n\n\n<div id=\"gonullu-ol\" class=\"wp-block-uagb-container scroll-margin-top uagb-block-3a10b996 alignfull uagb-is-root-container\">\n<div class=\"wp-block-uagb-container uagb-block-452e7fd1\">\n<div class=\"wp-block-uagb-container uagb-block-2e537f2f\">\n<div class=\"wp-block-uagb-advanced-heading uagb-block-27b71bf3\"><h2 class=\"uagb-heading-text\">G\u00f6n\u00fcll\u00fc Ol<\/h2><\/div>\n\n\n\n<div class=\"wp-block-uagb-advanced-heading uagb-block-673646d5\"><h5 class=\"uagb-heading-text\">Do\u011fa Derne\u011fi, insan ve do\u011fay\u0131 birbirinden ay\u0131rm\u0131yor ve do\u011fay\u0131 koruman\u0131n en g\u00fc\u00e7l\u00fc yolunun onun kendi ya\u015famlar\u0131m\u0131zdaki yerini korumak oldu\u011funu d\u00fc\u015f\u00fcn\u00fcyor. Ba\u015fka bir deyi\u015fle, ya\u015farken her ne yap\u0131yorsak bunu do\u011fayla uyum i\u00e7inde ve di\u011fer varl\u0131klar\u0131 incitmeden ger\u00e7ekle\u015ftirebiliriz. Bu nedenle, Do\u011fa Derne\u011fi g\u00f6n\u00fcll\u00fcs\u00fcn\u00fcn yapabileceklerinin de bir s\u0131n\u0131r\u0131 yok.<\/h5><\/div>\n<\/div>\n<\/div>\n\n\n\n<div class=\"wp-block-uagb-container uagb-block-ac4e970e\">\n<div class=\"wp-block-uagb-container scroll-margin-top uagb-block-37a1622c default uagb-is-root-container\">\n<p>Do\u011fa Derne\u011fi\u2019nin \u00e7al\u0131\u015fmalar\u0131na online veya fiziksel olarak g\u00f6n\u00fcll\u00fc olmak i\u00e7in<a href=\"https:\/\/fonzip.com\/dogadernegi\/form\/doga-askina\" target=\"_blank\" rel=\"noopener\"> <strong>buradaki<\/strong><\/a> g\u00f6n\u00fcll\u00fc formunu doldurman yeterli. Doldurdu\u011fun formu ald\u0131\u011f\u0131m\u0131zda ve ilgilendi\u011fin g\u00f6n\u00fcll\u00fcl\u00fck konular\u0131na g\u00f6re uygun \u00e7al\u0131\u015fmalar olu\u015ftu\u011funda seninle ileti\u015fime ge\u00e7ece\u011fiz.<\/p>\n\n\n\n<p>Formda g\u00f6rece\u011fin konu ba\u015fl\u0131klar\u0131 g\u00f6n\u00fcll\u00fcleri ilgi ve bilgilerine g\u00f6re y\u00f6nlendirebilmenin bir arac\u0131. Bu nedenle bu ba\u015fl\u0131klar\u0131 da k\u0131s\u0131tlay\u0131c\u0131 bir format olarak de\u011fil, y\u00f6nlendirici bir liste olarak de\u011ferlendirebilirsin.<\/p>\n\n\n\n<p><strong>Ku\u015f G\u00f6zlemcili\u011fi<\/strong><\/p>\n\n\n\n<p>Do\u011fam\u0131z\u0131n ayr\u0131lmaz bir par\u00e7as\u0131 olan ku\u015flar\u0131n g\u00f6zlemlenmesi ve ara\u015ft\u0131r\u0131lmas\u0131, do\u011fam\u0131z\u0131n korunmas\u0131 i\u00e7in y\u00fcr\u00fct\u00fclen \u00e7al\u0131\u015fmalar\u0131n s\u00fcrd\u00fcr\u00fclebilmesi i\u00e7in hayati \u00f6nem ta\u015f\u0131yor. Do\u011fa Derne\u011fi g\u00f6n\u00fcll\u00fcs\u00fc olarak ku\u015f t\u00fcrlerini koruma ve izleme \u00e7al\u0131\u015fmalar\u0131na destek olabilirsin.<\/p>\n\n\n\n<p><strong>\u00d6nemli Do\u011fa Alanlar\u0131 (\u00d6DA)<\/strong><\/p>\n\n\n\n<p>\u00d6nemli Do\u011fa Alan\u0131 (\u00d6DA) kavram\u0131, hassas ve benzersiz do\u011fal alanlar\u0131 belirlemek \u00fczere kullan\u0131lan bir \u00f6nceliklendirme yakla\u015f\u0131m\u0131d\u0131r. Bunun i\u00e7in ba\u015fta nesli tehlike alt\u0131nda olan ve\/veya k\u0131s\u0131tl\u0131 bir co\u011frafi yay\u0131l\u0131\u015fa sahip canl\u0131 t\u00fcrleri olmak \u00fczere bir dizi ekolojik g\u00f6sterge kullan\u0131l\u0131r. 2006 y\u0131l\u0131nda tamamlanan T\u00fcrkiye\u2019nin \u00d6nemli Do\u011fa Alanlar\u0131 Envanteri\u2019nde \u00fclke genelinde bitkiler, k\u0131z b\u00f6cekleri, kelebekler, i\u00e7 su bal\u0131klar\u0131, \u00e7ift ya\u015faml\u0131lar, s\u00fcr\u00fcngenler, ku\u015flar ve memeliler ile ilgili veriler sentezlendi ve sonu\u00e7 olarak 305 \u00d6DA tan\u0131mland\u0131. E\u011fer ya\u015fad\u0131\u011f\u0131n b\u00f6lgedeki \u00d6DA\u2019lar ile ili\u015fkili ve bu \u00e7al\u0131\u015fmalara merakl\u0131 isen \u00d6DA izleme program\u0131m\u0131z ile \u00d6DA g\u00fcncelleme \u00e7al\u0131\u015fmalar\u0131na destek olabilirsin.<\/p>\n\n\n\n<p><strong>Savunuculuk<\/strong><\/p>\n\n\n\n<p>Savunuculuk, belli bir t\u00fcr veya do\u011fal ya\u015fam alan\u0131na y\u00f6nelik tehditlerin ortadan kald\u0131r\u0131lmas\u0131 ile t\u00fcr\u00fcn ve\/veya alan\u0131n korunmas\u0131d\u0131r. Bunun i\u00e7in do\u011faya zarar veren \u00e7al\u0131\u015fmalar\u0131n belgelenmesi, resmi yaz\u0131\u015fmalar\u0131n yap\u0131lmas\u0131, hukuki s\u00fcre\u00e7lerin harekete ge\u00e7irilmesi, bas\u0131na ve kamuoyuna bilgi sa\u011flanmas\u0131 gibi bir\u00e7ok konuda g\u00f6n\u00fcll\u00fc deste\u011fine ihtiya\u00e7 duyuyoruz.<\/p>\n\n\n\n<p><strong>Yava\u015f D\u00fckkan<\/strong><\/p>\n\n\n\n<p>Yava\u015f D\u00fckkan, T\u00fcrkiye\u2019nin narin ekosistemlerini, canl\u0131lar\u0131n\u0131 ve onlarla i\u00e7 i\u00e7e ge\u00e7mi\u015f do\u011fa k\u00fclt\u00fcr\u00fc uygulamalar\u0131n\u0131 ya\u015fatmay\u0131 ama\u00e7layan bir do\u011fa koruma projesidir. Yava\u015f D\u00fckkan\u2019da payla\u015f\u0131lan her \u00fcr\u00fcn, \u00fcretildikleri \u00d6nemli Do\u011fa Alanlar\u0131n\u0131, Kadim \u00dcretim Havzalar\u0131n\u0131 ve i\u00e7erisinde ya\u015fayan canl\u0131lar\u0131 koruyor, biyolojik ve k\u00fclt\u00fcrel \u00e7e\u015fitlili\u011fe destek oluyor. Yava\u015f D\u00fckkan, insan\u0131n do\u011fan\u0131n sahibi de\u011fil de sadece onun i\u00e7indeki varl\u0131klardan biri gibi davrand\u0131\u011f\u0131, \u00fcretici ve t\u00fcketici kavramlar\u0131n\u0131n ortadan kalkt\u0131\u011f\u0131 ve \u00fcretimin do\u011fan\u0131n kadim d\u00f6ng\u00fcleri i\u00e7erisinde ger\u00e7ekle\u015fti\u011fi bir imece. Do\u011fa Derne\u011fi g\u00f6n\u00fcll\u00fcs\u00fc olarak bu imeceye kat\u0131labilirsin.<\/p>\n\n\n\n<p><strong>\u0130leti\u015fim&nbsp;<\/strong><\/p>\n\n\n\n<p>Do\u011fa Derne\u011fi ku\u015flar, biyo\u00e7e\u015fitlilik, \u00d6nemli Do\u011fa Alanlar\u0131, ekosistemler, Kadim \u00dcretim Havzalar\u0131 ve do\u011fa k\u00fclt\u00fcr\u00fc alanlar\u0131nda yapt\u0131\u011f\u0131 \u00e7al\u0131\u015fmalar\u0131, bilimsel olarak raporlaman\u0131n yan\u0131 s\u0131ra g\u00f6rsel ve i\u015fitsel sanatlarla da destekleyerek her an her yerde insan\u0131n do\u011fan\u0131n ayr\u0131lmaz bir par\u00e7as\u0131 oldu\u011funu hat\u0131rlamay\u0131 ama\u00e7lar. Do\u011fa Derne\u011fi g\u00f6n\u00fcll\u00fcs\u00fc olarak, yaz\u0131l\u0131 ve g\u00f6rsel ileti\u015fim \u00e7al\u0131\u015fmalar\u0131m\u0131z\u0131 destekleyebilirsin.<\/p>\n\n\n\n<p>Anadolu\u2019nun hemen her yerinde say\u0131s\u0131z canl\u0131 t\u00fcr\u00fc ve do\u011fal alan bulunuyor. Bu nedenle, do\u011fay\u0131 anlatabilmek, belgelemek, sanatsal \u00e7al\u0131\u015fmalar ger\u00e7ekle\u015ftirmek ve hukuksal m\u00fccadelelere delil olu\u015fturmak i\u00e7in \u00e7ok say\u0131da do\u011fa foto\u011fraf\u00e7\u0131s\u0131na ve filme alan g\u00f6n\u00fcll\u00fclere ihtiyac\u0131m\u0131z var.<\/p>\n\n\n\n<p><strong>Teknik Destek<\/strong><\/p>\n\n\n\n<p>D\u00fcnyan\u0131n her yerinde ayn\u0131 ama\u00e7larla \u00e7al\u0131\u015fan ki\u015fi ve kurumlarla ileti\u015fimimiz i\u00e7in yaz\u0131l\u0131 ve simultane \u00e7eviri yaparak ya da mekansal verilerin analizine ve modellemeye imkan veren Co\u011frafi Bilgi Sistemleri gibi teknik alanlarda Do\u011fa Derne\u011fi g\u00f6n\u00fcll\u00fcs\u00fc olarak \u00e7al\u0131\u015fmalar\u0131m\u0131z\u0131 destekleyebilirsin.<\/p>\n\n\n\n<p>Yukar\u0131daki konularda veya bamba\u015fka alanlarda Do\u011fa Derne\u011fi\u2019ne g\u00f6n\u00fcll\u00fc destek vermek i\u00e7in alttaki formu ilgi alan\u0131ndaki konu ba\u015fl\u0131klar\u0131n\u0131 dikkate alarak doldurman yeterli.<\/p>\n\n\n\n<p>Do\u011fa biziz!<\/p>\n\n\n\n<p><a href=\"https:\/\/fonzip.com\/dogadernegi\/form\/doga-askina\" target=\"_blank\" rel=\"noopener\"><strong>Do\u011fa Derne\u011fi g\u00f6n\u00fcll\u00fcl\u00fck ba\u015fvuru formu<\/strong><\/a><\/p>\n\n\n\n<p>Her t\u00fcrl\u00fc soru, yorum ve \u00f6nerin i\u00e7in: <strong><a href=\"mailto:gonullu@dogadernegi.org\">gonullu@dogadernegi.org<\/a><\/strong><\/p>\n<\/div>\n<\/div>\n<\/div>\n\n\n\n<div id=\"uye-ol\" class=\"wp-block-uagb-container scroll-margin-top uagb-block-e55b4c66 alignfull uagb-is-root-container\">\n<div class=\"wp-block-uagb-container uagb-block-f07394f8\">\n<div class=\"wp-block-uagb-container uagb-block-b9ec436b\">\n<div class=\"wp-block-uagb-advanced-heading uagb-block-f15b18ca\"><h2 class=\"uagb-heading-text\">\u00dcye Ol<\/h2><\/div>\n\n\n\n<div class=\"wp-block-uagb-advanced-heading uagb-block-be50b81b\"><h5 class=\"uagb-heading-text\">Ya\u015fayan binlerce insan ve bize yol g\u00f6steren Do\u011fa\u2019y\u0131z.<\/h5><\/div>\n<\/div>\n<\/div>\n\n\n\n<div class=\"wp-block-uagb-container uagb-block-3f9d42b6\">\n<div class=\"wp-block-uagb-container scroll-margin-top uagb-block-30836e4a default uagb-is-root-container\">\n<p>Do\u011fa Derne\u011fi\u2019ne \u00fcye olmak i\u00e7in alttaki \u00fcye ba\u015fvuru formunu eksiksiz doldurup imzalayarak, banka dekontunuzla birlikte alttaki adrese posta yolu ile g\u00f6ndermeniz gerekmektedir.<\/p>\n\n\n\n<p>Do\u011fa Derne\u011fi \u00fcye aidat\u0131 y\u0131ll\u0131k 150 TL\u2019dir.<\/p>\n\n\n\n<p><a href=\"https:\/\/dogadernegi.org\/wp-content\/uploads\/2018\/12\/doga-dernegi-tuzuk.pdf\" target=\"_blank\" rel=\"noreferrer noopener\"><strong>Do\u011fa Derne\u011fi T\u00fcz\u00fc\u011f\u00fc<\/strong><\/a><\/p>\n\n\n\n<p><a href=\"https:\/\/dogadernegi.org\/wp-content\/uploads\/2025\/02\/DD-uye-formu-2025.pdf\" target=\"_blank\" rel=\"noreferrer noopener\"><strong>Do\u011fa Derne\u011fi \u00dcyelik Formu<\/strong><\/a><\/p>\n\n\n\n<p>Adres: Orhanl\u0131 Mahallesi 7102 sokak No:1 Seferihisar\/\u0130zmir<\/p>\n<\/div>\n<\/div>\n<\/div>\n\n\n\n<div id=\"destek-ol\" class=\"wp-block-uagb-container scroll-margin-top uagb-block-34ead03d alignfull uagb-is-root-container\">\n<div class=\"wp-block-uagb-container uagb-block-8cd02af1\">\n<div class=\"wp-block-uagb-container uagb-block-6006a85a\">\n<div class=\"wp-block-uagb-advanced-heading uagb-block-30bd661c\"><h2 class=\"uagb-heading-text\">Destek Ol<\/h2><\/div>\n\n\n\n<div class=\"wp-block-uagb-advanced-heading uagb-block-77e103f1\"><h5 class=\"uagb-heading-text\"><strong>Do\u011fa Derne\u011fi\u2019ne Fonzip sistemi \u00fczerinden veya hesap bilgilerimizi kullanarak ba\u011f\u0131\u015f yaparak, do\u011fa koruma \u00e7al\u0131\u015fmalar\u0131na do\u011frudan katk\u0131da bulunabilirsiniz.<\/strong><\/h5><\/div>\n<\/div>\n<\/div>\n\n\n\n<div class=\"wp-block-uagb-container uagb-block-a8cf244e\">\n<div class=\"wp-block-uagb-container scroll-margin-top uagb-block-5fabb3dd default uagb-is-root-container\">\n<p><strong>Fonzip sayfam\u0131z:<\/strong><\/p>\n\n\n\n<p><a href=\"https:\/\/fonzip.com\/dogadernegi\/bagis\" target=\"_blank\" rel=\"noopener\"><strong>https:\/\/fonzip.com\/dogadernegi\/bagis<\/strong><\/a><\/p>\n\n\n\n<p><strong>Ba\u011f\u0131\u015f hesap numaram\u0131z:<\/strong><\/p>\n\n\n\n<p>Do\u011fa Derne\u011fi<br>T\u00fcrkiye Cumhuriyeti Ziraat Bankas\u0131 \u0130zmir Seferihisar \u015eubesi<br>\u015eube Kodu: 142<br>Hesap No: 68563001-5088<br>IBAN: TR 1400 0100 0142 6856 3001 5088<\/p>\n\n\n\n<p><strong>Ba\u011f\u0131\u015f\u00e7\u0131 Haklar\u0131 Beyannamesi<\/strong><\/p>\n\n\n\n<p>Do\u011fa Derne\u011fi\u2019nde, ba\u011f\u0131\u015f\u00e7\u0131l\u0131\u011f\u0131n g\u00f6n\u00fcll\u00fc bir davran\u0131\u015f oldu\u011funa, vermenin ve payla\u015fman\u0131n ya\u015fam kalitemizi artt\u0131r\u0131rd\u0131\u011f\u0131na inan\u0131yoruz. STK\u2019lar\u0131n ve projelerinin halk\u0131n g\u00fcvenini ve sayg\u0131s\u0131n\u0131 kazanmas\u0131na, ba\u011f\u0131\u015f\u00e7\u0131lar\u0131n ve potansiyel ba\u011f\u0131\u015f\u00e7\u0131lar\u0131n g\u00fcvenli ve ak\u0131ll\u0131 ba\u011f\u0131\u015f yapmas\u0131na \u00f6nem verdi\u011fimiz i\u00e7in ba\u011f\u0131\u015f\u00e7\u0131 haklar\u0131n\u0131n arkas\u0131nda duruyor ve destekliyoruz. B\u00fct\u00fcn ba\u011f\u0131\u015f\u00e7\u0131lar\u0131n a\u015fa\u011f\u0131daki haklara sahip oldu\u011funu kabul ediyoruz.<\/p>\n\n\n\n<p><strong>Ba\u011f\u0131\u015f\u00e7\u0131 Haklar\u0131<\/strong><\/p>\n\n\n\n<ol class=\"wp-block-list\">\n<li>STK\u2019n\u0131n misyon ve vizyonu, ba\u011f\u0131\u015f\u0131n nas\u0131l kullan\u0131laca\u011f\u0131 hakk\u0131nda ve ba\u011f\u0131\u015f\u0131 ama\u00e7lar\u0131 do\u011frultusunda verimli olarak kullanma kapasitesi ve niyeti hakk\u0131nda bilgilenme,<\/li>\n\n\n\n<li>Y\u00f6netim kurulu ve y\u00f6neticiler hakk\u0131nda bilgi edinme ve y\u00f6neticilerin ihtiyatl\u0131 ve basiretli bir \u015fekilde g\u00f6revlerini yerine getirmesini bekleme,<\/li>\n\n\n\n<li>G\u00fcncel finansal bilgilere eri\u015fim,<\/li>\n\n\n\n<li>Verilen ba\u011f\u0131\u015f\u0131n amac\u0131na uygun kullan\u0131laca\u011f\u0131 konusunda garanti isteme,<\/li>\n\n\n\n<li>Uygun bir te\u015fekk\u00fcr edilmesi,<\/li>\n\n\n\n<li>Kanunlara uygun \u015fekilde ba\u011f\u0131\u015flar\u0131n\u0131n gizlili\u011fini talep etme,<\/li>\n\n\n\n<li>Kurumu temsil eden b\u00fct\u00fcn \u00e7al\u0131\u015fanlar\u0131n kendisi ile kurdu\u011fu b\u00fct\u00fcn ili\u015fkilerin profesyonel d\u00fczeyde olmas\u0131n\u0131 talep etme,<\/li>\n\n\n\n<li>Ba\u011f\u0131\u015f\u0131 isteyenin g\u00f6n\u00fcll\u00fc m\u00fc, \u00e7al\u0131\u015fan m\u0131 yoksa sadece bu i\u015f i\u00e7in d\u0131\u015far\u0131dan tutulmu\u015f birisi mi oldu\u011funu bilme,<\/li>\n\n\n\n<li>E\u011fer ba\u015fkas\u0131 ile payla\u015f\u0131lacaksa ileti\u015fim bilgilerinin listelerden silinmesini isteme,<\/li>\n\n\n\n<li>Ba\u011f\u0131\u015f yaparken soru sorma, an\u0131nda, do\u011fru ve a\u00e7\u0131k cevaplar\u0131 alma hakk\u0131 vard\u0131r.<\/li>\n<\/ol>\n\n\n\n<p>Do\u011fa Derne\u011fi Y\u00f6netim Kurulu ile ilgili bilgilere ve ba\u011f\u0131\u015flar konusundaki sorular\u0131n\u0131z i\u00e7in<strong> <a href=\"mailto:doga@dogadernegi.org\">doga@dogadernegi.org<\/a> <\/strong>adresine eposta atabilirsiniz.<\/p>\n<\/div>\n<\/div>\n<\/div>\n","protected":false},"excerpt":{"rendered":"<p>Kat\u0131l G\u00f6n\u00fcll\u00fc Ol Do\u011fa Derne\u011fi, insan ve do\u011fay\u0131 birbirinden ay\u0131rm\u0131yor ve do\u011fay\u0131 koruman\u0131n en g\u00fc\u00e7l\u00fc yolunun onun kendi ya\u015famlar\u0131m\u0131zdaki yerini korumak oldu\u011funu d\u00fc\u015f\u00fcn\u00fcyor. Ba\u015fka bir deyi\u015fle, ya\u015farken her ne yap\u0131yorsak bunu do\u011fayla uyum i\u00e7inde ve di\u011fer varl\u0131klar\u0131 incitmeden ger\u00e7ekle\u015ftirebiliriz. Bu nedenle, Do\u011fa Derne\u011fi g\u00f6n\u00fcll\u00fcs\u00fcn\u00fcn yapabileceklerinin de bir s\u0131n\u0131r\u0131 yok. Do\u011fa Derne\u011fi\u2019nin \u00e7al\u0131\u015fmalar\u0131na online veya fiziksel [&#8230;]<\/p>\n<p><a class=\"dd-btn dd-btn-secondary text-sm\" href=\"https:\/\/dogadernegi.org\/tr\/katil\/\">Daha Fazlas\u0131n\u0131 Oku&#8230;<span class=\"dd-sr-only\"> from Kat\u0131l<\/span><\/a><\/p>\n","protected":false},"author":10,"featured_media":25148,"parent":0,"menu_order":0,"comment_status":"closed","ping_status":"closed","template":"page-templates\/fullwidthpage.php","meta":{"_acf_changed":false,"_uag_custom_page_level_css":"","footnotes":""},"class_list":["post-26586","page","type-page","status-publish","has-post-thumbnail","hentry"],"acf":[],"uagb_featured_image_src":{"full":["https:\/\/dogadernegi.org\/wp-content\/uploads\/2024\/11\/MKO_7595.jpg",1920,1282,false],"thumbnail":["https:\/\/dogadernegi.org\/wp-content\/uploads\/2024\/11\/MKO_7595-300x300.jpg",300,300,true],"medium":["https:\/\/dogadernegi.org\/wp-content\/uploads\/2024\/11\/MKO_7595-300x200.jpg",300,200,true],"medium_large":["https:\/\/dogadernegi.org\/wp-content\/uploads\/2024\/11\/MKO_7595-768x513.jpg",768,513,true],"large":["https:\/\/dogadernegi.org\/wp-content\/uploads\/2024\/11\/MKO_7595-1024x684.jpg",1024,684,true],"1536x1536":["https:\/\/dogadernegi.org\/wp-content\/uploads\/2024\/11\/MKO_7595-1536x1026.jpg",1536,1026,true],"2048x2048":["https:\/\/dogadernegi.org\/wp-content\/uploads\/2024\/11\/MKO_7595.jpg",1920,1282,false]},"uagb_author_info":{"display_name":"A. Erdem \u015eent\u00fcrk","author_link":"https:\/\/dogadernegi.org\/tr\/author\/erdem\/"},"uagb_comment_info":0,"uagb_excerpt":"Kat\u0131l G\u00f6n\u00fcll\u00fc Ol Do\u011fa Derne\u011fi, insan ve do\u011fay\u0131 birbirinden ay\u0131rm\u0131yor ve do\u011fay\u0131 koruman\u0131n en g\u00fc\u00e7l\u00fc yolunun onun kendi ya\u015famlar\u0131m\u0131zdaki yerini korumak oldu\u011funu d\u00fc\u015f\u00fcn\u00fcyor. Ba\u015fka bir deyi\u015fle, ya\u015farken her ne yap\u0131yorsak bunu do\u011fayla uyum i\u00e7inde ve di\u011fer varl\u0131klar\u0131 incitmeden ger\u00e7ekle\u015ftirebiliriz. Bu nedenle, Do\u011fa Derne\u011fi g\u00f6n\u00fcll\u00fcs\u00fcn\u00fcn yapabileceklerinin de bir s\u0131n\u0131r\u0131 yok. Do\u011fa Derne\u011fi\u2019nin \u00e7al\u0131\u015fmalar\u0131na online veya fiziksel&hellip;","_links":{"self":[{"href":"https:\/\/dogadernegi.org\/tr\/wp-json\/wp\/v2\/pages\/26586","targetHints":{"allow":["GET"]}}],"collection":[{"href":"https:\/\/dogadernegi.org\/tr\/wp-json\/wp\/v2\/pages"}],"about":[{"href":"https:\/\/dogadernegi.org\/tr\/wp-json\/wp\/v2\/types\/page"}],"author":[{"embeddable":true,"href":"https:\/\/dogadernegi.org\/tr\/wp-json\/wp\/v2\/users\/10"}],"replies":[{"embeddable":true,"href":"https:\/\/dogadernegi.org\/tr\/wp-json\/wp\/v2\/comments?post=26586"}],"version-history":[{"count":6,"href":"https:\/\/dogadernegi.org\/tr\/wp-json\/wp\/v2\/pages\/26586\/revisions"}],"predecessor-version":[{"id":28187,"href":"https:\/\/dogadernegi.org\/tr\/wp-json\/wp\/v2\/pages\/26586\/revisions\/28187"}],"wp:featuredmedia":[{"embeddable":true,"href":"https:\/\/dogadernegi.org\/tr\/wp-json\/wp\/v2\/media\/25148"}],"wp:attachment":[{"href":"https:\/\/dogadernegi.org\/tr\/wp-json\/wp\/v2\/media?parent=26586"}],"curies":[{"name":"wp","href":"https:\/\/api.w.org\/{rel}","templated":true}]}}