{"id":26598,"date":"2025-06-23T00:25:57","date_gmt":"2025-06-22T21:25:57","guid":{"rendered":"https:\/\/dogadernegi.org\/?page_id=26598"},"modified":"2026-03-26T22:39:33","modified_gmt":"2026-03-26T19:39:33","slug":"dogaokulu","status":"publish","type":"page","link":"https:\/\/dogadernegi.org\/tr\/dogaokulu\/","title":{"rendered":"Do\u011fa Okulu"},"content":{"rendered":"\n<div class=\"wp-block-uagb-container container uagb-block-60d417dc alignfull uagb-is-root-container\"><div class=\"uagb-container-inner-blocks-wrap\">\n<div class=\"wp-block-uagb-container uagb-block-5fabb3dd default uagb-is-root-container\">\n<h2 class=\"wp-block-heading\"><strong>Do\u011fa Okulu\u00a0<\/strong><\/h2>\n\n\n\n<p>Do\u011fa Derne\u011fi, do\u011fa koruma \u00e7al\u0131\u015fmalar\u0131n\u0131 y\u00fcr\u00fct\u00fcrken, do\u011fa k\u00fclt\u00fcr\u00fcn\u00fc temel de\u011fer olarak kabul ediyor. \u00c7\u00fcnk\u00fc bir ekosistemin, bir t\u00fcr\u00fcn ve genel olarak do\u011fam\u0131z\u0131n tehlike alt\u0131nda olmas\u0131, insanlar aras\u0131ndaki iyili\u011fe dayal\u0131 ili\u015fkilerin bozulmas\u0131na ve do\u011fa k\u00fclt\u00fcr\u00fc bilgisinin yok olmas\u0131na ba\u011fl\u0131. bir ba\u015fka deyi\u015fle do\u011fan\u0131n k\u00fclt\u00fcr\u00fcn\u00fc korumazsak, do\u011fay\u0131 koruyamay\u0131z.<br><br>Do\u011fa Derne\u011fi 2012 y\u0131l\u0131nda bu \u00f6z de\u011ferden hareketle, do\u011fa k\u00fclt\u00fcr\u00fc ara\u015ft\u0131rmalar\u0131 y\u00fcr\u00fcten ve kadim toplumlar\u0131n do\u011fayla uyumlu ya\u015fam bilgisini yaymay\u0131 ama\u00e7layan Do\u011fa Okulu\u2019nun kurulmas\u0131 i\u00e7in harekete ge\u00e7ti. Derne\u011fin, Do\u011fa Okulu\u2019nun kurulmas\u0131 i\u00e7in ba\u015flatt\u0131\u011f\u0131 imeceye, pek \u00e7ok kurum, d\u00fc\u015f\u00fcn\u00fcr, bilim insan\u0131, sanat\u00e7\u0131 ve Anadolu\u2019nun farkl\u0131 yerlerinde do\u011fayla uyumlu ya\u015fam\u0131 \u00e7o\u011faltmaya \u00e7al\u0131\u015fan insanlar dahil oldu.<\/p>\n\n\n\n<p>Do\u011fa Okulu, d\u00f6nemin Seferihisar Belediye Ba\u015fkan\u0131 Tun\u00e7 Soyer\u2019in deste\u011fi ve sanat\u00e7\u0131 Tarkan\u2019\u0131n okulun kurulmas\u0131 i\u00e7in d\u00fczenledi\u011fi yard\u0131m konserlerinin gelirleriyle T\u00fcrkiye\u2019nin ilk Citta Slow\u2019u Seferihisar\u2019da 2014 y\u0131l\u0131nda hayat buldu.&nbsp;<\/p>\n\n\n\n<p>Okulun ara\u015ft\u0131rma binas\u0131 Seferihisar\u2019\u0131n Orhanl\u0131 k\u00f6y\u00fcnde alt\u0131 d\u00f6n\u00fcml\u00fck bir zeytinlik ve makili\u011fin i\u00e7inde yer al\u0131yor. Buradaki Eski Orhanl\u0131 \u0130lkokulu \u00f6zel bir restorasyon \u00e7al\u0131\u015fmas\u0131yla, asl\u0131na uygun bir \u015fekilde restore edilerek Do\u011fa Okulu\u2019nun ara\u015ft\u0131rma binas\u0131 haline getirildi.&nbsp;<\/p>\n\n\n\n<p>Ya\u015fayan Bina ismini verdi\u011fimiz ve \u015fu anda derne\u011fimizin ana \u00e7al\u0131\u015fma alan\u0131n\u0131n da yer ald\u0131\u011f\u0131 bu \u00f6zel yap\u0131n\u0131n yeniden hayat bulmas\u0131 i\u00e7in y\u00fcr\u00fctt\u00fc\u011f\u00fcm\u00fcz \u00e7al\u0131\u015fmalar\u0131n detaylar\u0131na, bu ba\u011flant\u0131y\u0131 kullanarak ula\u015fabilirsiniz.<br><\/p>\n\n\n\n<p>Binlerce y\u0131ld\u0131r Anadolu\u2019nun ve d\u00fcnyan\u0131n farkl\u0131 yerlerinde do\u011fayla uyumlu bir ya\u015fam s\u00fcren toplumlar\u0131n do\u011fa k\u00fclt\u00fcr\u00fc bilgisi, Do\u011fa Okulu\u2019nun ana ilham kayna\u011f\u0131. Do\u011fa Okulu, yok olma tehlikesiyle kar\u015f\u0131 kar\u015f\u0131ya olan bu \u00e7ok de\u011ferli bilgiyi ara\u015ft\u0131rmak, ya\u015fatmak ve \u00e7o\u011faltmak i\u00e7in kuruldu\u011fu g\u00fcnden bu yana \u00e7al\u0131\u015f\u0131yor. Bu do\u011frultuda 2014 y\u0131l\u0131ndan beri yamakl\u0131k ve \u00e7\u0131rakl\u0131k kurslar\u0131 d\u00fczenleniyor. Okula kat\u0131lan binlerce kat\u0131l\u0131mc\u0131, kendi k\u00fclt\u00fcr\u00fc ve deneyimiyle yap\u0131lan \u00e7al\u0131\u015fmalara dahil oldu ve Do\u011fa Okulu\u2019ndan ald\u0131\u011f\u0131 mayay\u0131 T\u00fcrkiye ve d\u00fcnyan\u0131n farkl\u0131 yerlerinde \u00e7o\u011faltmaya devam ediyor.<\/p>\n\n\n\n<p>Do\u011fa Okulu\u2019nda; 2014- 2019 y\u0131llar\u0131 aras\u0131nda Do\u011faya \u0130lk Ad\u0131m, Zeytin Okulu, Ku\u015f Okulu, Su Okulu, Edit\u00f6rl\u00fck ve Yazarl\u0131k Okulu, Zeybek Okulu, Kopuz Okulu, Kerpi\u00e7 Okulu gibi ya\u015fam\u0131n her alan\u0131ndan 55\u2019e yak\u0131n kurs d\u00fczenlendi. Bununla birlikte Anadolu\u2019nun farkl\u0131 yerlerinde Mucizeler Yolculu\u011fu, Da\u011f Okulu gibi kurslar ger\u00e7ekle\u015ftirildi.<\/p>\n\n\n\n<p>Do\u011fa Derne\u011fi\u2019nin ku\u015flar, biyolojik \u00e7e\u015fitlilik ve sulak alanlar gibi \u00e7al\u0131\u015fma alanlar\u0131na, zeytin ekosistemleri ve Kadim \u00dcretim Havzalar\u0131 gibi yeni kavramlar\u0131n eklenmesi, Do\u011fa Okulu\u2019ndaki bu kurslar\u0131n ve ara\u015ft\u0131rmalar\u0131n katk\u0131s\u0131yla \u015fekillendi.<\/p>\n\n\n\n<p>Covid-19 salg\u0131n\u0131 nedeniyle fiziksel kurslar\u0131na ara veren Do\u011fa Okulu, bu d\u00f6nemde daha \u00e7ok \u00e7evrimi\u00e7i kanallar\u0131 kullanarak e\u011fitimler d\u00fczenledi. Pandemi d\u00f6neminin sona ermesiyle birlikte Hukuk ve Do\u011fa Okulu, Do\u011fa Okuryazarl\u0131\u011f\u0131, Yerelde Do\u011fa Koruma gibi tematik konularda kurslar ger\u00e7ekle\u015ftirmeye devam ediyor, do\u011fa k\u00fclt\u00fcr\u00fcn\u00fcn ara\u015ft\u0131r\u0131lmas\u0131 ve korunmas\u0131 i\u00e7in \u00e7al\u0131\u015f\u0131yoruz.<\/p>\n<\/div>\n<\/div><\/div>\n","protected":false},"excerpt":{"rendered":"<p>Do\u011fa Okulu\u00a0 Do\u011fa Derne\u011fi, do\u011fa koruma \u00e7al\u0131\u015fmalar\u0131n\u0131 y\u00fcr\u00fct\u00fcrken, do\u011fa k\u00fclt\u00fcr\u00fcn\u00fc temel de\u011fer olarak kabul ediyor. \u00c7\u00fcnk\u00fc bir ekosistemin, bir t\u00fcr\u00fcn ve genel olarak do\u011fam\u0131z\u0131n tehlike alt\u0131nda olmas\u0131, insanlar aras\u0131ndaki iyili\u011fe dayal\u0131 ili\u015fkilerin bozulmas\u0131na ve do\u011fa k\u00fclt\u00fcr\u00fc bilgisinin yok olmas\u0131na ba\u011fl\u0131. bir ba\u015fka deyi\u015fle do\u011fan\u0131n k\u00fclt\u00fcr\u00fcn\u00fc korumazsak, do\u011fay\u0131 koruyamay\u0131z. Do\u011fa Derne\u011fi 2012 y\u0131l\u0131nda bu \u00f6z de\u011ferden [&#8230;]<\/p>\n<p><a class=\"dd-btn dd-btn-secondary text-sm\" href=\"https:\/\/dogadernegi.org\/tr\/dogaokulu\/\">Daha Fazlas\u0131n\u0131 Oku&#8230;<span class=\"dd-sr-only\"> from Do\u011fa Okulu<\/span><\/a><\/p>\n","protected":false},"author":10,"featured_media":0,"parent":0,"menu_order":0,"comment_status":"closed","ping_status":"closed","template":"page-templates\/do.php","meta":{"_acf_changed":false,"_uag_custom_page_level_css":"","footnotes":""},"class_list":["post-26598","page","type-page","status-publish","hentry"],"acf":[],"uagb_featured_image_src":{"full":false,"thumbnail":false,"medium":false,"medium_large":false,"large":false,"1536x1536":false,"2048x2048":false},"uagb_author_info":{"display_name":"A. Erdem \u015eent\u00fcrk","author_link":"https:\/\/dogadernegi.org\/tr\/author\/erdem\/"},"uagb_comment_info":0,"uagb_excerpt":"Do\u011fa Okulu\u00a0 Do\u011fa Derne\u011fi, do\u011fa koruma \u00e7al\u0131\u015fmalar\u0131n\u0131 y\u00fcr\u00fct\u00fcrken, do\u011fa k\u00fclt\u00fcr\u00fcn\u00fc temel de\u011fer olarak kabul ediyor. \u00c7\u00fcnk\u00fc bir ekosistemin, bir t\u00fcr\u00fcn ve genel olarak do\u011fam\u0131z\u0131n tehlike alt\u0131nda olmas\u0131, insanlar aras\u0131ndaki iyili\u011fe dayal\u0131 ili\u015fkilerin bozulmas\u0131na ve do\u011fa k\u00fclt\u00fcr\u00fc bilgisinin yok olmas\u0131na ba\u011fl\u0131. bir ba\u015fka deyi\u015fle do\u011fan\u0131n k\u00fclt\u00fcr\u00fcn\u00fc korumazsak, do\u011fay\u0131 koruyamay\u0131z. Do\u011fa Derne\u011fi 2012 y\u0131l\u0131nda bu \u00f6z de\u011ferden&hellip;","_links":{"self":[{"href":"https:\/\/dogadernegi.org\/tr\/wp-json\/wp\/v2\/pages\/26598","targetHints":{"allow":["GET"]}}],"collection":[{"href":"https:\/\/dogadernegi.org\/tr\/wp-json\/wp\/v2\/pages"}],"about":[{"href":"https:\/\/dogadernegi.org\/tr\/wp-json\/wp\/v2\/types\/page"}],"author":[{"embeddable":true,"href":"https:\/\/dogadernegi.org\/tr\/wp-json\/wp\/v2\/users\/10"}],"replies":[{"embeddable":true,"href":"https:\/\/dogadernegi.org\/tr\/wp-json\/wp\/v2\/comments?post=26598"}],"version-history":[{"count":2,"href":"https:\/\/dogadernegi.org\/tr\/wp-json\/wp\/v2\/pages\/26598\/revisions"}],"predecessor-version":[{"id":28074,"href":"https:\/\/dogadernegi.org\/tr\/wp-json\/wp\/v2\/pages\/26598\/revisions\/28074"}],"wp:attachment":[{"href":"https:\/\/dogadernegi.org\/tr\/wp-json\/wp\/v2\/media?parent=26598"}],"curies":[{"name":"wp","href":"https:\/\/api.w.org\/{rel}","templated":true}]}}