{"id":26612,"date":"2025-06-23T00:58:27","date_gmt":"2025-06-22T21:58:27","guid":{"rendered":"https:\/\/dogadernegi.org\/?page_id=26612"},"modified":"2026-03-25T16:41:41","modified_gmt":"2026-03-25T13:41:41","slug":"dogakutuphanesi","status":"publish","type":"page","link":"https:\/\/dogadernegi.org\/tr\/dogakutuphanesi\/","title":{"rendered":"Do\u011fa K\u00fct\u00fcphanesi"},"content":{"rendered":"\n<div class=\"wp-block-uagb-advanced-heading uagb-block-fd2eefa9\"><h2 class=\"uagb-heading-text\">Do\u011fa K\u00fct\u00fcphanesi<\/h2><\/div>\n\n\n\n<div class=\"wp-block-uagb-container uagb-block-2cda3d18 default uagb-is-root-container\">\n<div class=\"wp-block-group is-nowrap is-layout-flex wp-container-core-group-is-layout-ad2f72ca wp-block-group-is-layout-flex\">\n<p>Do\u011fa K\u00fct\u00fcphanesi, do\u011fa koruma ve do\u011fa k\u00fclt\u00fcr\u00fc \u00fczerine \u00e7al\u0131\u015fmalar yapan ara\u015ft\u0131rmac\u0131lar i\u00e7in kurulan bir konu k\u00fct\u00fcphanesidir. <br><br>Do\u011fa K\u00fct\u00fcphanesi fikri, do\u011fa koruma alan\u0131nda \u00e7al\u0131\u015fmalar yapan ara\u015ft\u0131rmac\u0131lar\u0131n, bu alandaki bilgi kaynaklar\u0131na ihtiya\u00e7 duymalar\u0131 halinde ba\u015fvurabilecekleri bir konu k\u00fct\u00fcphanesine olan ihtiya\u00e7lar\u0131ndan do\u011fmu\u015ftur. K\u00fct\u00fcphane kurulum \u00e7al\u0131\u015fmalar\u0131 2018 y\u0131l\u0131nda ba\u015flam\u0131\u015f olup, do\u011fa koruma alan\u0131nda T\u00fcrkiye\u2019deki ve d\u00fcnyadaki bilgi kaynaklar\u0131n\u0131 derleyerek ara\u015ft\u0131rmac\u0131lar\u0131n kullan\u0131m\u0131na sunmay\u0131 ama\u00e7lamaktad\u0131r.<\/p>\n<\/div>\n\n\n\n<div class=\"wp-block-uagb-image uagb-block-7beb7180 wp-block-uagb-image--layout-default wp-block-uagb-image--effect-static wp-block-uagb-image--align-none\"><figure class=\"wp-block-uagb-image__figure\"><img decoding=\"async\" srcset=\"https:\/\/dogadernegi.org\/wp-content\/uploads\/2026\/03\/dk-bg-1.png ,https:\/\/dogadernegi.org\/wp-content\/uploads\/2026\/03\/dk-bg-1.png 780w, https:\/\/dogadernegi.org\/wp-content\/uploads\/2026\/03\/dk-bg-1.png 360w\" sizes=\"auto, (max-width: 480px) 150px\" src=\"https:\/\/dogadernegi.org\/wp-content\/uploads\/2026\/03\/dk-bg-1.png\" alt=\"\" class=\"uag-image-28155\" width=\"464\" height=\"400\" title=\"dk-bg-1\" loading=\"lazy\" role=\"img\"\/><\/figure><\/div>\n<\/div>\n\n\n\n<div class=\"wp-block-uagb-container uagb-block-68f359fb default uagb-is-root-container\">\n<div class=\"wp-block-uagb-image uagb-block-3b158682 wp-block-uagb-image--layout-default wp-block-uagb-image--effect-static wp-block-uagb-image--align-none\"><figure class=\"wp-block-uagb-image__figure\"><img decoding=\"async\" srcset=\"https:\/\/dogadernegi.org\/wp-content\/uploads\/2026\/03\/dk-bg-2.png ,https:\/\/dogadernegi.org\/wp-content\/uploads\/2026\/03\/dk-bg-2.png 780w, https:\/\/dogadernegi.org\/wp-content\/uploads\/2026\/03\/dk-bg-2.png 360w\" sizes=\"auto, (max-width: 480px) 150px\" src=\"https:\/\/dogadernegi.org\/wp-content\/uploads\/2026\/03\/dk-bg-2.png\" alt=\"\" class=\"uag-image-28156\" width=\"521\" height=\"350\" title=\"dk-bg-2\" loading=\"lazy\" role=\"img\"\/><\/figure><\/div>\n\n\n\n<p>Ku\u015flar, tehlikedeki t\u00fcrler, \u00d6nemli Do\u011fa Alanlar\u0131, \u00d6nemli Ku\u015f Alanlar\u0131 ve Kadim \u00dcretim Havzalar\u0131 ba\u015fta olmak \u00fczere biyolojik \u00e7e\u015fitlili\u011fin korunmas\u0131, do\u011fa k\u00fclt\u00fcr\u00fc, do\u011fa hukuku, do\u011fa felsefesi, do\u011fa okuryazarl\u0131\u011f\u0131, do\u011fa sanatlar\u0131 gibi konular Do\u011fa K\u00fct\u00fcphanesi\u2019nin i\u00e7eri\u011fini olu\u015fturmaktad\u0131r.<\/p>\n<\/div>\n\n\n\n<div class=\"wp-block-uagb-container uagb-block-742eeb17 default uagb-is-root-container\">\n<p>Do\u011fa K\u00fct\u00fcphanesi, Do\u011fa Okulu\u2019nun ara\u015ft\u0131rma binas\u0131 i\u00e7inde, Seferihisar\u2019\u0131n Orhanl\u0131 k\u00f6y\u00fcnde yer al\u0131yor. Do\u011fa K\u00fct\u00fcphanesi\u2019nden yararlanmak isteyen ara\u015ft\u0131rmac\u0131lar\u0131n k\u00fct\u00fcphaneye \u00fcye olmalar\u0131 gerekmemektedir. Do\u011fa K\u00fct\u00fcphanesi, biyolojik \u00e7e\u015fitlili\u011fi ya\u015fatmak, do\u011fa haklar\u0131n\u0131 savunmak, do\u011fan\u0131n k\u00fclt\u00fcr\u00fcn\u00fc ta\u015f\u0131mak \u00fczerine \u00e7al\u0131\u015fan herkesin kullan\u0131m\u0131na a\u00e7\u0131kt\u0131r. Ara\u015ft\u0131rmac\u0131lar, bas\u0131l\u0131 kaynaklar\u0131 (kitap, dergi, rapor vb.) \u00f6d\u00fcn\u00e7 alamazlar. Do\u011fa K\u00fct\u00fcphanesi bilgi kaynaklar\u0131ndan fotokopi \u00e7ekebilir ya da kaynaklardan dijital olarak yararlanabilirler. Do\u011fa K\u00fct\u00fcphanesi kullan\u0131c\u0131lar\u0131, kulland\u0131klar\u0131 her t\u00fcrl\u00fc bilgi ve bilgi kayna\u011f\u0131n\u0131 fikri ve s\u0131na\u00ee haklar do\u011frultusunda kullan\u0131p, eser sahiplerinin haklar\u0131na sayg\u0131 g\u00f6stermelidir. K\u00fct\u00fcphanedeki t\u00fcm kaynaklar\u0131n internet ortam\u0131nda aranabildi\u011fi ve nadir kaynaklar\u0131n dijital olarak g\u00f6r\u00fclebildi\u011fi sistem 2018 y\u0131l\u0131 i\u00e7erisinde kurulmaya ba\u015flanm\u0131\u015f ve 2019 Kas\u0131m ay\u0131nda ara\u015ft\u0131rmac\u0131lar\u0131n kullan\u0131m\u0131na a\u00e7\u0131lm\u0131\u015ft\u0131r.<\/p>\n\n\n\n<div class=\"wp-block-uagb-image uagb-block-51ff1fe3 wp-block-uagb-image--layout-default wp-block-uagb-image--effect-static wp-block-uagb-image--align-none\"><figure class=\"wp-block-uagb-image__figure\"><img decoding=\"async\" srcset=\"https:\/\/dogadernegi.org\/wp-content\/uploads\/2026\/03\/dk-bg-3.png ,https:\/\/dogadernegi.org\/wp-content\/uploads\/2026\/03\/dk-bg-3.png 780w, https:\/\/dogadernegi.org\/wp-content\/uploads\/2026\/03\/dk-bg-3.png 360w\" sizes=\"auto, (max-width: 480px) 150px\" src=\"https:\/\/dogadernegi.org\/wp-content\/uploads\/2026\/03\/dk-bg-3.png\" alt=\"\" class=\"uag-image-28157\" width=\"521\" height=\"400\" title=\"dk-bg-3\" loading=\"lazy\" role=\"img\"\/><\/figure><\/div>\n<\/div>\n\n\n\n<div class=\"wp-block-uagb-container uagb-block-067c9337 alignfull uagb-is-root-container\">\n<div style=\"height:64px\" aria-hidden=\"true\" class=\"wp-block-spacer\"><\/div>\n\n\n\n<p class=\"has-text-align-center has-medium-font-size\" style=\"line-height:.9\">Do\u011fa k\u00fct\u00fcphanesine katk\u0131da bulunmak ister misiniz?<\/p>\n\n\n\n<div class=\"wp-block-buttons is-horizontal is-content-justification-center is-layout-flex wp-container-core-buttons-is-layout-499968f5 wp-block-buttons-is-layout-flex\">\n<div class=\"wp-block-button is-style-outline is-style-outline--1\"><a class=\"wp-block-button__link has-small-font-size has-custom-font-size wp-element-button\">Ba\u011f\u0131\u015f Yap<\/a><\/div>\n<\/div>\n\n\n\n<div style=\"height:64px\" aria-hidden=\"true\" class=\"wp-block-spacer\"><\/div>\n<\/div>\n\n\n\n\n\n<div class=\"wp-block-uagb-container uagb-block-df10e94a default uagb-is-root-container\">\n<div class=\"wp-block-uagb-advanced-heading uagb-block-5f728398\"><h2 class=\"uagb-heading-text\">\u0130leti\u015fim<\/h2><\/div>\n\n\n\n<div class=\"wp-block-group\"><div class=\"wp-block-group__inner-container is-layout-constrained wp-block-group-is-layout-constrained\">\n<p><strong>Do\u011fa K\u00fct\u00fcphanesi<\/strong><\/p>\n\n\n\n<p>Do\u011fa K\u00fct\u00fcphanesi, \u0130zmir\u2019in Seferihisar il\u00e7esi Orhanl\u0131 k\u00f6y\u00fcndeki Do\u011fa Okulu Ara\u015ft\u0131rma Binas\u0131\u2019nda yer almaktad\u0131r. Do\u011fa K\u00fct\u00fcphanesi ile ilgili her t\u00fcrl\u00fc soru ve \u00f6nerileriniz i\u00e7in Doga Dernegi\u2019ne telefonla veya e-posta ile ula\u015fabilirsiniz.<\/p>\n\n\n\n<p><a href=\"mailto:doga@dogadernegi.org\">doga@dogadernegi.org<\/a><\/p>\n\n\n\n<p>Orhanl\u0131 Mahallesi. 7102 Sokak. No:1 Seferihisar\/\u0130zmir<\/p>\n\n\n\n<p>+90 850&nbsp;840 60 49<\/p>\n<\/div><\/div>\n<\/div>\n","protected":false},"excerpt":{"rendered":"<p>Do\u011fa K\u00fct\u00fcphanesi Do\u011fa K\u00fct\u00fcphanesi, do\u011fa koruma ve do\u011fa k\u00fclt\u00fcr\u00fc \u00fczerine \u00e7al\u0131\u015fmalar yapan ara\u015ft\u0131rmac\u0131lar i\u00e7in kurulan bir konu k\u00fct\u00fcphanesidir. Do\u011fa K\u00fct\u00fcphanesi fikri, do\u011fa koruma alan\u0131nda \u00e7al\u0131\u015fmalar yapan ara\u015ft\u0131rmac\u0131lar\u0131n, bu alandaki bilgi kaynaklar\u0131na ihtiya\u00e7 duymalar\u0131 halinde ba\u015fvurabilecekleri bir konu k\u00fct\u00fcphanesine olan ihtiya\u00e7lar\u0131ndan do\u011fmu\u015ftur. K\u00fct\u00fcphane kurulum \u00e7al\u0131\u015fmalar\u0131 2018 y\u0131l\u0131nda ba\u015flam\u0131\u015f olup, do\u011fa koruma alan\u0131nda T\u00fcrkiye\u2019deki ve d\u00fcnyadaki bilgi [&#8230;]<\/p>\n<p><a class=\"dd-btn dd-btn-secondary text-sm\" href=\"https:\/\/dogadernegi.org\/tr\/dogakutuphanesi\/\">Daha Fazlas\u0131n\u0131 Oku&#8230;<span class=\"dd-sr-only\"> from Do\u011fa K\u00fct\u00fcphanesi<\/span><\/a><\/p>\n","protected":false},"author":10,"featured_media":0,"parent":0,"menu_order":0,"comment_status":"closed","ping_status":"closed","template":"page-templates\/dk.php","meta":{"_acf_changed":false,"_uag_custom_page_level_css":"","footnotes":""},"class_list":["post-26612","page","type-page","status-publish","hentry"],"acf":[],"uagb_featured_image_src":{"full":false,"thumbnail":false,"medium":false,"medium_large":false,"large":false,"1536x1536":false,"2048x2048":false},"uagb_author_info":{"display_name":"A. Erdem \u015eent\u00fcrk","author_link":"https:\/\/dogadernegi.org\/tr\/author\/erdem\/"},"uagb_comment_info":0,"uagb_excerpt":"Do\u011fa K\u00fct\u00fcphanesi Do\u011fa K\u00fct\u00fcphanesi, do\u011fa koruma ve do\u011fa k\u00fclt\u00fcr\u00fc \u00fczerine \u00e7al\u0131\u015fmalar yapan ara\u015ft\u0131rmac\u0131lar i\u00e7in kurulan bir konu k\u00fct\u00fcphanesidir. Do\u011fa K\u00fct\u00fcphanesi fikri, do\u011fa koruma alan\u0131nda \u00e7al\u0131\u015fmalar yapan ara\u015ft\u0131rmac\u0131lar\u0131n, bu alandaki bilgi kaynaklar\u0131na ihtiya\u00e7 duymalar\u0131 halinde ba\u015fvurabilecekleri bir konu k\u00fct\u00fcphanesine olan ihtiya\u00e7lar\u0131ndan do\u011fmu\u015ftur. K\u00fct\u00fcphane kurulum \u00e7al\u0131\u015fmalar\u0131 2018 y\u0131l\u0131nda ba\u015flam\u0131\u015f olup, do\u011fa koruma alan\u0131nda T\u00fcrkiye\u2019deki ve d\u00fcnyadaki bilgi&hellip;","_links":{"self":[{"href":"https:\/\/dogadernegi.org\/tr\/wp-json\/wp\/v2\/pages\/26612","targetHints":{"allow":["GET"]}}],"collection":[{"href":"https:\/\/dogadernegi.org\/tr\/wp-json\/wp\/v2\/pages"}],"about":[{"href":"https:\/\/dogadernegi.org\/tr\/wp-json\/wp\/v2\/types\/page"}],"author":[{"embeddable":true,"href":"https:\/\/dogadernegi.org\/tr\/wp-json\/wp\/v2\/users\/10"}],"replies":[{"embeddable":true,"href":"https:\/\/dogadernegi.org\/tr\/wp-json\/wp\/v2\/comments?post=26612"}],"version-history":[{"count":3,"href":"https:\/\/dogadernegi.org\/tr\/wp-json\/wp\/v2\/pages\/26612\/revisions"}],"predecessor-version":[{"id":28158,"href":"https:\/\/dogadernegi.org\/tr\/wp-json\/wp\/v2\/pages\/26612\/revisions\/28158"}],"wp:attachment":[{"href":"https:\/\/dogadernegi.org\/tr\/wp-json\/wp\/v2\/media?parent=26612"}],"curies":[{"name":"wp","href":"https:\/\/api.w.org\/{rel}","templated":true}]}}