{"id":26706,"date":"2025-08-11T22:42:34","date_gmt":"2025-08-11T19:42:34","guid":{"rendered":"https:\/\/dogadernegi.org\/?page_id=26706"},"modified":"2025-08-21T17:25:03","modified_gmt":"2025-08-21T14:25:03","slug":"ic-anadolu-bozkirlari","status":"publish","type":"page","link":"https:\/\/dogadernegi.org\/tr\/calismalarimiz\/ekosistemler\/bozkirlar\/ic-anadolu-bozkirlari\/","title":{"rendered":"\u0130\u00e7 Anadolu Bozk\u0131rlar\u0131"},"content":{"rendered":"\n<div class=\"wp-block-uagb-container container uagb-block-788621ff alignfull uagb-is-root-container\"><div class=\"uagb-container-inner-blocks-wrap\">\n<p>\u0130\u00e7 Anadolu Bozk\u0131rlar\u0131, genellikle k\u0131ra\u00e7, az ya\u011f\u0131\u015f alan ve bozk\u0131r bitki \u00f6rt\u00fcs\u00fcn\u00fcn hakim oldu\u011fu ekosistemlerdir. Bu bozk\u0131rlar, Ankara, Konya, Aksaray, Ni\u011fde gibi illeri kapsayan T\u00fcrkiye\u2019nin i\u00e7 kesimlerinde yayg\u0131n olarak g\u00f6r\u00fcl\u00fcr. Bar\u0131nd\u0131rd\u0131\u011f\u0131 biyo\u00e7e\u015fitlilik ve ekolojik fonksiyonu a\u00e7\u0131s\u0131ndan b\u00fcy\u00fck \u00f6neme sahip \u0130\u00e7 Anadolu Bozk\u0131rlar\u0131: Aliken, Ac\u0131k\u0131r Bozk\u0131rlar\u0131, Polatl\u0131 \u2013 T\u0130GEM, Akyay Ovas\u0131, Tuz G\u00f6l\u00fc gibi bir\u00e7ok \u00d6nemli Do\u011fa Alan\u0131\u2019na (\u00d6DA) ev sahipli\u011fi yapar.&nbsp;<\/p>\n\n\n\n<p>Bozk\u0131rlar bitkiler a\u00e7\u0131s\u0131ndan son derece zengin habitatlar aras\u0131nda yer al\u0131r. Sadece Ac\u0131k\u0131r\u2019da, tamam\u0131 T\u00fcrkiye\u2019ye endemik olan ve \u00d6DA kriterlerini sa\u011flayan 19 bitki t\u00fcr\u00fc ya\u015far. Beypazar\u0131 geveni (<em>Astragalus beypazaricus<\/em>), yav\u015fanlar (<em>Artemisia santonicum<\/em>) gibi bir\u00e7ok endemik bitki t\u00fcr\u00fc bu b\u00f6lgede yeti\u015fir.<\/p>\n\n\n\n<p>\u0130\u00e7 Anadolu Bozk\u0131rlar\u0131, bitkilerin yan\u0131 s\u0131ra, k\u00fc\u00e7\u00fck kerkenez (<em>Falco naumanni<\/em>), k\u0131z\u0131l \u015fahin (<em>Buteo rufinus<\/em>), \u00e7ay\u0131r delicesi (<em>Circus pygargus<\/em>) ve k\u00fcresel \u00f6l\u00e7ekte tehlike alt\u0131nda olan k\u00fc\u00e7\u00fck akbaba (<em>Neophron percnopterus<\/em>) ve bozk\u0131r kartal\u0131 (<em>Aquila nipalensis<\/em>) gibi bir\u00e7ok ku\u015f t\u00fcr\u00fcne de ev sahipli\u011fi yapar. Aliken, Polatl\u0131 &#8211; T\u0130GEM, Saray\u00f6n\u00fc ve Yenipazar \u00d6DA\u2019lar\u0131 ise en \u00f6nemli toy (<em>Otis tarda<\/em>) habitatlar\u0131 aras\u0131ndad\u0131r.<\/p>\n\n\n\n<p>Anadolu yaban koyunu (<em>Ovis gmelini anatolica<\/em>), kurt (<em>Canis lupus<\/em>) ve Anadolu tarlafaresi (<em>Microtus anatolicus<\/em>) gibi memeliler ile \u015feritli engerek (<em>Montivipera xanthina<\/em>) gibi \u00e7ok say\u0131da s\u00fcr\u00fcngen t\u00fcr\u00fc bu bozk\u0131r ekosisteminde ya\u015far.&nbsp;<\/p>\n\n\n\n<p>Ancak, \u0130\u00e7 Anadolu Bozk\u0131rlar\u0131 \u00e7e\u015fitli tehditlerle kar\u015f\u0131 kar\u015f\u0131ya. Drenaj, baraj in\u015faas\u0131, yeralt\u0131 sular\u0131n\u0131n a\u015f\u0131r\u0131 kullan\u0131m\u0131 sonucu do\u011fal su rejimine m\u00fcdahale, sulu tar\u0131m alanlar\u0131n\u0131n geni\u015fletilmesi, pestisit ve g\u00fcbre kullan\u0131m\u0131, ta\u015f ve kum ocaklar\u0131, \u015fehirle\u015fme, b\u00fcy\u00fck \u00f6l\u00e7ekli g\u00fcne\u015f enerji panelleri, a\u011fa\u00e7land\u0131rma faaliyetleri, kirlilik, a\u015f\u0131r\u0131 otlatma ve avc\u0131l\u0131k, bozk\u0131r ekosistemlerine b\u00fcy\u00fck zarar veriyor. Bu tehditlerin ortadan kald\u0131r\u0131lmas\u0131&nbsp; ve bozk\u0131r ekosistemlerinin korunmas\u0131 i\u00e7in \u00e7al\u0131\u015fmalar\u0131m\u0131z\u0131 s\u00fcrd\u00fcr\u00fcyoruz.<\/p>\n<\/div><\/div>\n","protected":false},"excerpt":{"rendered":"<p>\u0130\u00e7 Anadolu Bozk\u0131rlar\u0131, genellikle k\u0131ra\u00e7, az ya\u011f\u0131\u015f alan ve bozk\u0131r bitki \u00f6rt\u00fcs\u00fcn\u00fcn hakim oldu\u011fu ekosistemlerdir. Bu bozk\u0131rlar, Ankara, Konya, Aksaray, Ni\u011fde gibi illeri kapsayan T\u00fcrkiye\u2019nin i\u00e7 kesimlerinde yayg\u0131n olarak g\u00f6r\u00fcl\u00fcr. Bar\u0131nd\u0131rd\u0131\u011f\u0131 biyo\u00e7e\u015fitlilik ve ekolojik fonksiyonu a\u00e7\u0131s\u0131ndan b\u00fcy\u00fck \u00f6neme sahip \u0130\u00e7 Anadolu Bozk\u0131rlar\u0131: Aliken, Ac\u0131k\u0131r Bozk\u0131rlar\u0131, Polatl\u0131 \u2013 T\u0130GEM, Akyay Ovas\u0131, Tuz G\u00f6l\u00fc gibi bir\u00e7ok \u00d6nemli [&#8230;]<\/p>\n<p><a class=\"dd-btn dd-btn-secondary text-sm\" href=\"https:\/\/dogadernegi.org\/tr\/calismalarimiz\/ekosistemler\/bozkirlar\/ic-anadolu-bozkirlari\/\">Daha Fazlas\u0131n\u0131 Oku&#8230;<span class=\"dd-sr-only\"> from \u0130\u00e7 Anadolu Bozk\u0131rlar\u0131<\/span><\/a><\/p>\n","protected":false},"author":10,"featured_media":26456,"parent":26462,"menu_order":0,"comment_status":"closed","ping_status":"closed","template":"page-templates\/fullheightcover.php","meta":{"_acf_changed":false,"_uag_custom_page_level_css":"","footnotes":""},"class_list":["post-26706","page","type-page","status-publish","has-post-thumbnail","hentry"],"acf":[],"uagb_featured_image_src":{"full":["https:\/\/dogadernegi.org\/wp-content\/uploads\/2024\/06\/ic_anadolu_bozkirlari_mahmut_koyas-min.jpg",1920,1283,false],"thumbnail":["https:\/\/dogadernegi.org\/wp-content\/uploads\/2024\/06\/ic_anadolu_bozkirlari_mahmut_koyas-min-300x300.jpg",300,300,true],"medium":["https:\/\/dogadernegi.org\/wp-content\/uploads\/2024\/06\/ic_anadolu_bozkirlari_mahmut_koyas-min-300x200.jpg",300,200,true],"medium_large":["https:\/\/dogadernegi.org\/wp-content\/uploads\/2024\/06\/ic_anadolu_bozkirlari_mahmut_koyas-min-768x513.jpg",768,513,true],"large":["https:\/\/dogadernegi.org\/wp-content\/uploads\/2024\/06\/ic_anadolu_bozkirlari_mahmut_koyas-min-1024x684.jpg",1024,684,true],"1536x1536":["https:\/\/dogadernegi.org\/wp-content\/uploads\/2024\/06\/ic_anadolu_bozkirlari_mahmut_koyas-min-1536x1026.jpg",1536,1026,true],"2048x2048":["https:\/\/dogadernegi.org\/wp-content\/uploads\/2024\/06\/ic_anadolu_bozkirlari_mahmut_koyas-min.jpg",1920,1283,false]},"uagb_author_info":{"display_name":"A. Erdem \u015eent\u00fcrk","author_link":"https:\/\/dogadernegi.org\/tr\/author\/erdem\/"},"uagb_comment_info":0,"uagb_excerpt":"\u0130\u00e7 Anadolu Bozk\u0131rlar\u0131, genellikle k\u0131ra\u00e7, az ya\u011f\u0131\u015f alan ve bozk\u0131r bitki \u00f6rt\u00fcs\u00fcn\u00fcn hakim oldu\u011fu ekosistemlerdir. Bu bozk\u0131rlar, Ankara, Konya, Aksaray, Ni\u011fde gibi illeri kapsayan T\u00fcrkiye\u2019nin i\u00e7 kesimlerinde yayg\u0131n olarak g\u00f6r\u00fcl\u00fcr. Bar\u0131nd\u0131rd\u0131\u011f\u0131 biyo\u00e7e\u015fitlilik ve ekolojik fonksiyonu a\u00e7\u0131s\u0131ndan b\u00fcy\u00fck \u00f6neme sahip \u0130\u00e7 Anadolu Bozk\u0131rlar\u0131: Aliken, Ac\u0131k\u0131r Bozk\u0131rlar\u0131, Polatl\u0131 \u2013 T\u0130GEM, Akyay Ovas\u0131, Tuz G\u00f6l\u00fc gibi bir\u00e7ok \u00d6nemli&hellip;","_links":{"self":[{"href":"https:\/\/dogadernegi.org\/tr\/wp-json\/wp\/v2\/pages\/26706","targetHints":{"allow":["GET"]}}],"collection":[{"href":"https:\/\/dogadernegi.org\/tr\/wp-json\/wp\/v2\/pages"}],"about":[{"href":"https:\/\/dogadernegi.org\/tr\/wp-json\/wp\/v2\/types\/page"}],"author":[{"embeddable":true,"href":"https:\/\/dogadernegi.org\/tr\/wp-json\/wp\/v2\/users\/10"}],"replies":[{"embeddable":true,"href":"https:\/\/dogadernegi.org\/tr\/wp-json\/wp\/v2\/comments?post=26706"}],"version-history":[{"count":0,"href":"https:\/\/dogadernegi.org\/tr\/wp-json\/wp\/v2\/pages\/26706\/revisions"}],"up":[{"embeddable":true,"href":"https:\/\/dogadernegi.org\/tr\/wp-json\/wp\/v2\/pages\/26462"}],"wp:featuredmedia":[{"embeddable":true,"href":"https:\/\/dogadernegi.org\/tr\/wp-json\/wp\/v2\/media\/26456"}],"wp:attachment":[{"href":"https:\/\/dogadernegi.org\/tr\/wp-json\/wp\/v2\/media?parent=26706"}],"curies":[{"name":"wp","href":"https:\/\/api.w.org\/{rel}","templated":true}]}}