{"id":26709,"date":"2025-08-11T22:50:24","date_gmt":"2025-08-11T19:50:24","guid":{"rendered":"https:\/\/dogadernegi.org\/?page_id=26709"},"modified":"2025-08-21T17:25:03","modified_gmt":"2025-08-21T14:25:03","slug":"beysehir-golu","status":"publish","type":"page","link":"https:\/\/dogadernegi.org\/tr\/calismalarimiz\/ekosistemler\/sulak-alanlar\/beysehir-golu\/","title":{"rendered":"Bey\u015fehir G\u00f6l\u00fc"},"content":{"rendered":"\n<div class=\"wp-block-uagb-container container uagb-block-12ad3c7d alignfull uagb-is-root-container\"><div class=\"uagb-container-inner-blocks-wrap\">\n<p>Bey\u015fehir G\u00f6l\u00fc \u00d6nemli Do\u011fa Alan\u0131 (\u00d6DA), Konya ve Isparta illerine k\u0131y\u0131s\u0131 olan T\u00fcrkiye&#8217;nin en b\u00fcy\u00fck tatl\u0131 su g\u00f6l\u00fc. G\u00f6l i\u00e7erisinde y\u00fckseklikleri 20 ila 50 metre aras\u0131nda de\u011fi\u015fen 33 ada bulunuyor. Zengin sucul bitki \u00f6rt\u00fcs\u00fcne sahip g\u00f6l \u00e7evresinde batakl\u0131k ve sazl\u0131k alanlar, bozk\u0131rlar, tar\u0131m alanlar\u0131 ve me\u015fe ormanlar\u0131 bulunuyor. Kuzey, g\u00fcney ve bat\u0131daki da\u011flar \u0130\u00e7 Anadolu\u2019ya \u00f6zg\u00fc me\u015fe ormanlar\u0131 ve yer yer bozk\u0131rlarla kapl\u0131.&nbsp;<\/p>\n\n\n\n<p>Bey\u015fehir G\u00f6l\u00fc \u00d6DA\u2019s\u0131, sahip oldu\u011fu biyolojik \u00e7e\u015fitlilik ve insan \u00fcretimleri a\u00e7\u0131s\u0131ndan b\u00fcy\u00fck \u00f6nem ta\u015f\u0131yor. Yerel halk\u0131n ana ge\u00e7im kayna\u011f\u0131 tar\u0131m, hayvanc\u0131l\u0131k ve bal\u0131k\u00e7\u0131l\u0131k. \u00d6zellikle g\u00f6l \u00e7evresinde tah\u0131l ve baklagillerin \u00fcretimi yayg\u0131n \u015fekilde devam ediyor. G\u00f6l, sulama ama\u00e7l\u0131 olarak da kullan\u0131l\u0131yor. G\u00f6l\u00fcn g\u00fcneydo\u011fusunda yer alan Bey\u015fehir Kanal\u0131 ile \u00f6nce Su\u011fla Ovas\u0131\u2019na giden g\u00f6l sular\u0131, buradan Apa Baraj\u0131\u2019na aktar\u0131larak \u00c7umra Ovas\u0131\u2019na ula\u015f\u0131yor. \u00c7umra Ovas\u0131\u2019ndan Tuz G\u00f6l\u00fc\u2019ne bo\u015falt\u0131lmas\u0131 gereken su, buraya ula\u015famadan, tar\u0131msal sulama faaliyetleriyle t\u00fcketiliyor. G\u00f6l\u00fcn en b\u00fcy\u00fck adas\u0131 olan Mada Adas\u0131, Anadolu genelinde, i\u00e7 sularda \u00fczerinde ya\u015fam olan tek ada. Bu adada ya\u015fayan y\u00f6re halk\u0131 hayvanc\u0131l\u0131k, tar\u0131m ve meyve yeti\u015ftiricili\u011finin yan\u0131nda bal\u0131k\u00e7\u0131l\u0131kla ge\u00e7imini sa\u011fl\u0131yor.<\/p>\n\n\n\n<p>Bey\u015fehir G\u00f6l\u00fc \u00d6DA\u2019s\u0131 ile g\u00f6l\u00fc besleyen akarsu ve p\u0131narlar 12 endemik tatl\u0131 su bal\u0131\u011f\u0131 t\u00fcr\u00fcne ev sahipli\u011fi yap\u0131yor. G\u00f6ldeki i\u00e7 su bal\u0131klar\u0131na y\u00f6nelik tehditlerin ba\u015f\u0131nda g\u00f6le sonradan a\u015f\u0131lanan t\u00fcrlerden sudak (<em>Sander lucioperca<\/em>)<em>, <\/em>yereldeki ismiyle levrek di\u015fli bal\u0131k geliyor. 1986\u2019da g\u00f6le a\u015f\u0131lanan sudak, et\u00e7il bir bal\u0131k t\u00fcr\u00fc olmas\u0131 nedeniyle g\u00f6ldeki di\u011fer bal\u0131klar\u0131 t\u00fcketerek g\u00f6l\u00fcn ekosistemini tehdit eden yo\u011fun bir bask\u0131 olu\u015fturuyor. Endemik bal\u0131k t\u00fcrleri hayatta kalmak i\u00e7in g\u00f6le ula\u015fan akarsulara ve p\u0131narlara ka\u00e7\u0131yor. Bu durumu ortadan kald\u0131rmak i\u00e7in, 2017\u2019den y\u0131l\u0131ndan bu yana Bey\u015fehir G\u00f6l\u00fc Havzas\u0131\u2019n\u0131n endemik bal\u0131klar\u0131n\u0131 ve ya\u015fam alanlar\u0131n\u0131 korumak i\u00e7in \u00e7al\u0131\u015fmalar y\u00fcr\u00fct\u00fcyoruz.<\/p>\n\n\n\n<p>1970\u2019li y\u0131llar\u0131n ba\u015f\u0131nda Bey\u015fehir G\u00f6l\u00fc \u00d6DA\u2019s\u0131ndaki adalarda \u00fcredi\u011fi bilinen karabataklar\u0131n (<em>Phalacrocorax carbo<\/em>), 2000\u2019li y\u0131llar\u0131n ba\u015f\u0131nda g\u00f6l\u00fc terk etti\u011fi d\u00fc\u015f\u00fcn\u00fcl\u00fcyordu. 2017 y\u0131l\u0131nda yapt\u0131\u011f\u0131m\u0131z saha \u00e7al\u0131\u015fmalar\u0131yla, karabataklar\u0131n \u00d6DA s\u0131n\u0131rlar\u0131 i\u00e7erisinde yeniden \u00fcremeye ba\u015flad\u0131\u011f\u0131n\u0131 tespit ettik.&nbsp;<\/p>\n\n\n\n<p>G\u00f6l\u00fcn su seviyesi, g\u00f6l\u00fc besleyen y\u00fczey ve yer alt\u0131 sular\u0131n\u0131n kullan\u0131m\u0131 nedeniyle \u00f6nemli derecede d\u00fc\u015f\u00fc\u015f g\u00f6steriyor. G\u00f6l ve g\u00f6le ula\u015fan dereler, yak\u0131ndaki yerle\u015fim yerlerinden bo\u015falt\u0131lan at\u0131klar ve tar\u0131m alanlar\u0131ndan gelen s\u0131z\u0131nt\u0131lar nedeniyle kirleniyor. Su ve habitat kalitesinde bozulma, habitatlar\u0131n yok olmas\u0131, suya yap\u0131lan m\u00fcdahaleler Bey\u015fehir G\u00f6l\u00fc Havzas\u0131\u2019n\u0131 tehdit eden ba\u015fl\u0131ca tehlikeler aras\u0131nda yer al\u0131yor.<\/p>\n<\/div><\/div>\n\n\n\n<div class=\"wp-block-uagb-container uagb-block-4fd4d8a3 alignfull uagb-is-root-container\"><div class=\"uagb-container-inner-blocks-wrap\">\n\t\t\t<div class=\"wp-block-uagb-post-grid uagb-post-grid  uagb-post__image-position-top uagb-post__image-enabled uagb-block-714e4fc9     uagb-post__items uagb-post__columns-4 is-grid uagb-post__columns-tablet-2 uagb-post__columns-mobile-1 uagb-post__equal-height uagb-equal_height_inline-read-more-buttons\" data-total=\"1\" style=\"\">\n\n\t\t\t\t\t\t\t\t\t\t\t\t<article class=\"uagb-post__inner-wrap\">\t\t\t\t\t\t\t\t<div class='uagb-post__image'>\n\t\t\t\t\t\t\t\t\t<a href=\"https:\/\/dogadernegi.org\/tr\/beysehir-golu-koruma-planini-yayinladik\/\" target=\"_self\" rel=\"bookmark noopener noreferrer\" class='uagb-image-ratio-inherit'><img loading=\"lazy\" decoding=\"async\" width=\"300\" height=\"300\" src=\"https:\/\/dogadernegi.org\/wp-content\/uploads\/2020\/06\/cansu-kabakcxxi-beysxxehir-goxxluxx-300x300.jpg\" class=\"attachment-thumbnail size-thumbnail\" alt=\"\" \/>\t\t\t\t\t<\/a>\n\t\t\t\t\t\t\t<\/div>\n\t\t\t\t\t\t<h6 class=\"uagb-post__title uagb-post__text\">\n\t\t\t\t<a href=\"https:\/\/dogadernegi.org\/tr\/beysehir-golu-koruma-planini-yayinladik\/\" target=\"_self\" rel=\"bookmark noopener noreferrer\">Bey\u015fehir G\u00f6l\u00fc Koruma Plan\u0131&#8217;n\u0131 Yay\u0131nlad\u0131k<\/a>\n\t\t\t<\/h6>\n\t\t\t\t\t\t<div class='uagb-post__text uagb-post-grid-byline'>\n\t\t\t\t\t\t\t\t<time datetime=\"2020-06-11T13:21:36+03:00\" class=\"uagb-post__date\">\n\t\t\t\t<span class=\"dashicons-calendar dashicons\"><\/span>\t\t\t\t\t11 Haziran 2020\t\t\t\t<\/time>\n\t\t\t\t\t\t<\/div>\n\t\t\t\t\t\t\t<div class='uagb-post__text uagb-post__excerpt'>\n\t\t\t\t\t<p>Konya Kapal\u0131 Havzas\u0131\u2019nda yer alan Bey\u015fehir G\u00f6l\u00fc, Anadolu\u2019nun nadir biyolojik \u00e7e\u015fitlili\u011fe sahip, en b\u00fcy\u00fck tatl\u0131su&#8230;\t\t\t\t<\/div>\n\t\t\t\t\t\t<div class=\"uagb-post__text uagb-post__cta wp-block-button\">\n\t\t\t\t<a class=\"wp-block-button__link uagb-text-link\" style=\"\" href=\"https:\/\/dogadernegi.org\/tr\/beysehir-golu-koruma-planini-yayinladik\/\" target=\"_self\" rel=\"bookmark noopener noreferrer\">Devam\u0131<\/a>\n\t\t\t<\/div>\n\t\t\t\n\t\t\t\t\t\t\t\t\t<\/article>\n\t\t\t\t\t\t\t\t\t\t\t\t\t\t\t\t<article class=\"uagb-post__inner-wrap\">\t\t\t\t\t\t\t\t<div class='uagb-post__image'>\n\t\t\t\t\t\t\t\t\t<a href=\"https:\/\/dogadernegi.org\/tr\/beysehirbaliklar\/\" target=\"_self\" rel=\"bookmark noopener noreferrer\" class='uagb-image-ratio-inherit'><img loading=\"lazy\" decoding=\"async\" width=\"300\" height=\"300\" src=\"https:\/\/dogadernegi.org\/wp-content\/uploads\/2018\/05\/oxxne-cxxiktim-300x300.jpg\" class=\"attachment-thumbnail size-thumbnail\" alt=\"\" \/>\t\t\t\t\t<\/a>\n\t\t\t\t\t\t\t<\/div>\n\t\t\t\t\t\t<h6 class=\"uagb-post__title uagb-post__text\">\n\t\t\t\t<a href=\"https:\/\/dogadernegi.org\/tr\/beysehirbaliklar\/\" target=\"_self\" rel=\"bookmark noopener noreferrer\">On \u0130ki Bal\u0131k T\u00fcr\u00fc Bey\u015fehir G\u00f6l\u00fc&#8217;nde Hayatta Kalmaya M\u00fccadelesi Veriyor<\/a>\n\t\t\t<\/h6>\n\t\t\t\t\t\t<div class='uagb-post__text uagb-post-grid-byline'>\n\t\t\t\t\t\t\t\t<time datetime=\"2018-05-16T11:07:47+03:00\" class=\"uagb-post__date\">\n\t\t\t\t<span class=\"dashicons-calendar dashicons\"><\/span>\t\t\t\t\t16 May\u0131s 2018\t\t\t\t<\/time>\n\t\t\t\t\t\t<\/div>\n\t\t\t\t\t\t\t<div class='uagb-post__text uagb-post__excerpt'>\n\t\t\t\t\t<p> Eflatunp\u0131nar Hitit An\u0131t\u0131&#8217;n\u0131n sakinlerinden biri de Hitit ya\u011f bal\u0131\u011f\u0131 Pseudophoxinus hittitorum&#8230;.\t\t\t\t<\/div>\n\t\t\t\t\t\t<div class=\"uagb-post__text uagb-post__cta wp-block-button\">\n\t\t\t\t<a class=\"wp-block-button__link uagb-text-link\" style=\"\" href=\"https:\/\/dogadernegi.org\/tr\/beysehirbaliklar\/\" target=\"_self\" rel=\"bookmark noopener noreferrer\">Devam\u0131<\/a>\n\t\t\t<\/div>\n\t\t\t\n\t\t\t\t\t\t\t\t\t<\/article>\n\t\t\t\t\t\t\t\t\t\t\t\t\t\t\t\t<article class=\"uagb-post__inner-wrap\">\t\t\t\t\t\t\t\t<div class='uagb-post__image'>\n\t\t\t\t\t\t\t\t\t<a href=\"https:\/\/dogadernegi.org\/tr\/beysehirgolununbaliklari\/\" target=\"_self\" rel=\"bookmark noopener noreferrer\" class='uagb-image-ratio-inherit'><img loading=\"lazy\" decoding=\"async\" width=\"300\" height=\"300\" src=\"https:\/\/dogadernegi.org\/wp-content\/uploads\/2018\/01\/gogce-baligi-alburnus-akili-001-300x300.jpg\" class=\"attachment-thumbnail size-thumbnail\" alt=\"\" \/>\t\t\t\t\t<\/a>\n\t\t\t\t\t\t\t<\/div>\n\t\t\t\t\t\t<h6 class=\"uagb-post__title uagb-post__text\">\n\t\t\t\t<a href=\"https:\/\/dogadernegi.org\/tr\/beysehirgolununbaliklari\/\" target=\"_self\" rel=\"bookmark noopener noreferrer\">On Be\u015f Bal\u0131k T\u00fcr\u00fc D\u00fcnyada Yaln\u0131zca Konya Havzas\u0131\u2019nda Ya\u015f\u0131yor<\/a>\n\t\t\t<\/h6>\n\t\t\t\t\t\t<div class='uagb-post__text uagb-post-grid-byline'>\n\t\t\t\t\t\t\t\t<time datetime=\"2018-01-04T09:25:05+03:00\" class=\"uagb-post__date\">\n\t\t\t\t<span class=\"dashicons-calendar dashicons\"><\/span>\t\t\t\t\t4 Ocak 2018\t\t\t\t<\/time>\n\t\t\t\t\t\t<\/div>\n\t\t\t\t\t\t\t<div class='uagb-post__text uagb-post__excerpt'>\n\t\t\t\t\t<p>Eflatunp\u0131nar Hitit An\u0131t\u0131, nesli tehlike alt\u0131ndaki k\u00fc\u00e7\u00fck bal\u0131klar\u0131n en \u00f6nemli ya\u015fam alanlar\u0131ndan biri. Foto\u011fraf: Mahmut&#8230;\t\t\t\t<\/div>\n\t\t\t\t\t\t<div class=\"uagb-post__text uagb-post__cta wp-block-button\">\n\t\t\t\t<a class=\"wp-block-button__link uagb-text-link\" style=\"\" href=\"https:\/\/dogadernegi.org\/tr\/beysehirgolununbaliklari\/\" target=\"_self\" rel=\"bookmark noopener noreferrer\">Devam\u0131<\/a>\n\t\t\t<\/div>\n\t\t\t\n\t\t\t\t\t\t\t\t\t<\/article>\n\t\t\t\t\t\t\t\t\t\t\t<\/div>\n\t\t\t<\/div><\/div>\n","protected":false},"excerpt":{"rendered":"<p>Bey\u015fehir G\u00f6l\u00fc \u00d6nemli Do\u011fa Alan\u0131 (\u00d6DA), Konya ve Isparta illerine k\u0131y\u0131s\u0131 olan T\u00fcrkiye&#8217;nin en b\u00fcy\u00fck tatl\u0131 su g\u00f6l\u00fc. G\u00f6l i\u00e7erisinde y\u00fckseklikleri 20 ila 50 metre aras\u0131nda de\u011fi\u015fen 33 ada bulunuyor. Zengin sucul bitki \u00f6rt\u00fcs\u00fcne sahip g\u00f6l \u00e7evresinde batakl\u0131k ve sazl\u0131k alanlar, bozk\u0131rlar, tar\u0131m alanlar\u0131 ve me\u015fe ormanlar\u0131 bulunuyor. Kuzey, g\u00fcney ve bat\u0131daki da\u011flar \u0130\u00e7 Anadolu\u2019ya [&#8230;]<\/p>\n<p><a class=\"dd-btn dd-btn-secondary text-sm\" href=\"https:\/\/dogadernegi.org\/tr\/calismalarimiz\/ekosistemler\/sulak-alanlar\/beysehir-golu\/\">Daha Fazlas\u0131n\u0131 Oku&#8230;<span class=\"dd-sr-only\"> from Bey\u015fehir G\u00f6l\u00fc<\/span><\/a><\/p>\n","protected":false},"author":10,"featured_media":24262,"parent":26269,"menu_order":0,"comment_status":"closed","ping_status":"closed","template":"page-templates\/fullheightcover.php","meta":{"_acf_changed":false,"_uag_custom_page_level_css":"","footnotes":""},"class_list":["post-26709","page","type-page","status-publish","has-post-thumbnail","hentry"],"acf":[],"uagb_featured_image_src":{"full":["https:\/\/dogadernegi.org\/wp-content\/uploads\/2023\/12\/cansu-kabakci-beysehir-golu-1.jpg",2000,1334,false],"thumbnail":["https:\/\/dogadernegi.org\/wp-content\/uploads\/2023\/12\/cansu-kabakci-beysehir-golu-1-300x300.jpg",300,300,true],"medium":["https:\/\/dogadernegi.org\/wp-content\/uploads\/2023\/12\/cansu-kabakci-beysehir-golu-1-300x200.jpg",300,200,true],"medium_large":["https:\/\/dogadernegi.org\/wp-content\/uploads\/2023\/12\/cansu-kabakci-beysehir-golu-1-768x512.jpg",768,512,true],"large":["https:\/\/dogadernegi.org\/wp-content\/uploads\/2023\/12\/cansu-kabakci-beysehir-golu-1-1024x683.jpg",1024,683,true],"1536x1536":["https:\/\/dogadernegi.org\/wp-content\/uploads\/2023\/12\/cansu-kabakci-beysehir-golu-1-1536x1025.jpg",1536,1025,true],"2048x2048":["https:\/\/dogadernegi.org\/wp-content\/uploads\/2023\/12\/cansu-kabakci-beysehir-golu-1.jpg",2000,1334,false]},"uagb_author_info":{"display_name":"A. Erdem \u015eent\u00fcrk","author_link":"https:\/\/dogadernegi.org\/tr\/author\/erdem\/"},"uagb_comment_info":0,"uagb_excerpt":"Bey\u015fehir G\u00f6l\u00fc \u00d6nemli Do\u011fa Alan\u0131 (\u00d6DA), Konya ve Isparta illerine k\u0131y\u0131s\u0131 olan T\u00fcrkiye&#8217;nin en b\u00fcy\u00fck tatl\u0131 su g\u00f6l\u00fc. G\u00f6l i\u00e7erisinde y\u00fckseklikleri 20 ila 50 metre aras\u0131nda de\u011fi\u015fen 33 ada bulunuyor. Zengin sucul bitki \u00f6rt\u00fcs\u00fcne sahip g\u00f6l \u00e7evresinde batakl\u0131k ve sazl\u0131k alanlar, bozk\u0131rlar, tar\u0131m alanlar\u0131 ve me\u015fe ormanlar\u0131 bulunuyor. Kuzey, g\u00fcney ve bat\u0131daki da\u011flar \u0130\u00e7 Anadolu\u2019ya&hellip;","_links":{"self":[{"href":"https:\/\/dogadernegi.org\/tr\/wp-json\/wp\/v2\/pages\/26709","targetHints":{"allow":["GET"]}}],"collection":[{"href":"https:\/\/dogadernegi.org\/tr\/wp-json\/wp\/v2\/pages"}],"about":[{"href":"https:\/\/dogadernegi.org\/tr\/wp-json\/wp\/v2\/types\/page"}],"author":[{"embeddable":true,"href":"https:\/\/dogadernegi.org\/tr\/wp-json\/wp\/v2\/users\/10"}],"replies":[{"embeddable":true,"href":"https:\/\/dogadernegi.org\/tr\/wp-json\/wp\/v2\/comments?post=26709"}],"version-history":[{"count":0,"href":"https:\/\/dogadernegi.org\/tr\/wp-json\/wp\/v2\/pages\/26709\/revisions"}],"up":[{"embeddable":true,"href":"https:\/\/dogadernegi.org\/tr\/wp-json\/wp\/v2\/pages\/26269"}],"wp:featuredmedia":[{"embeddable":true,"href":"https:\/\/dogadernegi.org\/tr\/wp-json\/wp\/v2\/media\/24262"}],"wp:attachment":[{"href":"https:\/\/dogadernegi.org\/tr\/wp-json\/wp\/v2\/media?parent=26709"}],"curies":[{"name":"wp","href":"https:\/\/api.w.org\/{rel}","templated":true}]}}