{"id":26714,"date":"2025-08-11T23:02:04","date_gmt":"2025-08-11T20:02:04","guid":{"rendered":"https:\/\/dogadernegi.org\/?page_id=26714"},"modified":"2026-02-01T03:31:36","modified_gmt":"2026-02-01T00:31:36","slug":"mese-ormanlari","status":"publish","type":"page","link":"https:\/\/dogadernegi.org\/tr\/calismalarimiz\/ekosistemler\/ormanlar\/mese-ormanlari\/","title":{"rendered":"Me\u015fe Ormanlar\u0131"},"content":{"rendered":"\n<p>Me\u015fe ormanlar\u0131, i\u00e7erisinde farkl\u0131 me\u015fe t\u00fcrleri ile farkl\u0131 bitki t\u00fcrlerinin bir arada bulundu\u011fu biyo\u00e7e\u015fitlilik a\u00e7\u0131s\u0131ndan olduk\u00e7a zengin do\u011fal orman ekosistemidir. Bu ormanlar, d\u00fc\u015f\u00fck rak\u0131mlardan y\u00fcksek da\u011fl\u0131k b\u00f6lgelere kadar \u00e7e\u015fitli iklim ve arazi ko\u015fullar\u0131nda bulunabilir. Me\u015fe ormanlar\u0131, genellikle yaprak d\u00f6ken ormanlard\u0131r ve geni\u015f yapraklar\u0131 a\u011fa\u00e7lardan olu\u015fur. Me\u015fe a\u011fa\u00e7lar\u0131, <em>Quercus<\/em> cinsine ait geni\u015f yaprakl\u0131 a\u011fa\u00e7lar olarak tan\u0131mlan\u0131r ve d\u00fcnya genelinde yayg\u0131n olarak bulunur.&nbsp;<\/p>\n\n\n\n<p>T\u00fcrkiye, \u00e7e\u015fitli me\u015fe t\u00fcrlerine ev sahipli\u011fi yapan zengin bir me\u015fe orman\u0131 ekosistemine sahiptir. Karadeniz B\u00f6lgesi, Ege B\u00f6lgesi ve Akdeniz B\u00f6lgesi&#8217;nde geni\u015f me\u015fe ormanlar\u0131 bulunur. Bu ormanlar, biyolojik \u00e7e\u015fitlili\u011fi destekler. Ayr\u0131ca, me\u015fe palamudu ve yapraklar\u0131 hayvan yemi olarak kullan\u0131l\u0131r.<\/p>\n\n\n\n<p>Anadolu ve Trakya orman ku\u015fa\u011f\u0131n\u0131 bir zamanlar yo\u011fun olarak kaplayan me\u015fe ormanlar\u0131 pek \u00e7ok nadir ve nesli tehlikedeki canl\u0131n\u0131n ya\u015fam alan\u0131d\u0131r. A\u011fa\u00e7lar\u0131n aralar\u0131nda geni\u015f a\u00e7\u0131kl\u0131k alanlar bulunmas\u0131 sayesinde yak\u0131n ge\u00e7mi\u015fe kadar alageyik ve yaban ke\u00e7isi gibi otoburlar ile Anadolu pars\u0131 gibi etoburlar Anadolu me\u015fe ormanlar\u0131nda ya\u015f\u0131yordu. Anadolu pars\u0131n\u0131n nesli, bat\u0131daki yay\u0131l\u0131\u015f\u0131 a\u00e7\u0131s\u0131ndan de\u011ferlendirildi\u011finde neredeyse t\u00fckenmi\u015f durumda. Alageyikler ciddi \u00f6l\u00e7\u00fcde b\u00fcy\u00fck bir tehlikeyle kar\u015f\u0131 kar\u015f\u0131ya.&nbsp;<\/p>\n\n\n\n<p>Palamut me\u015fesi (<em>Quercus ithaburensis<\/em>) ormanlar\u0131 palamutlar\u0131n\u0131n hasat edilmesine ba\u011fl\u0131 olarak yerelde korunmaya devam ediyor. \u00d6te yandan me\u015fe ormanlar\u0131 T\u00fcrkiye genelinde mera olarak da kullan\u0131l\u0131yor ve bu alanlarda geleneksel mera hayvanc\u0131l\u0131\u011f\u0131 halen devam ediyor.&nbsp;<\/p>\n\n\n\n<p>G\u00fcn\u00fcm\u00fczde me\u015fe ormanlar\u0131 ticari k\u0131z\u0131l\u00e7am ve konvansiyonel zeytin dikimlerinin \u00e7o\u011falmas\u0131 nedeniyle t\u00fcm\u00fcyle yok olma tehlikesiyle kar\u015f\u0131 kar\u015f\u0131ya. Anadolu\u2019nun me\u015fe ormanlar\u0131n\u0131n restore edilmesi ve yeniden geli\u015ftirilmesi i\u00e7in \u00e7al\u0131\u015fmalar\u0131m\u0131z\u0131 s\u00fcrd\u00fcr\u00fcyoruz.<\/p>\n\n\n\n\n\n<div class=\"wp-block-uagb-container uagb-block-4fd4d8a3 alignfull uagb-is-root-container\"><div class=\"uagb-container-inner-blocks-wrap\">\n\t\t\t<div class=\"wp-block-uagb-post-grid uagb-post-grid  uagb-post__image-position-top uagb-post__image-enabled uagb-block-714e4fc9     uagb-post__items uagb-post__columns-4 is-grid uagb-post__columns-tablet-2 uagb-post__columns-mobile-1 uagb-post__equal-height uagb-equal_height_inline-read-more-buttons\" data-total=\"1\" style=\"\">\n\n\t\t\t\t\t\t\t\t\t\t\t\t<article class=\"uagb-post__inner-wrap\">\t\t\t\t\t\t\t\t<div class='uagb-post__image'>\n\t\t\t\t\t\t\t\t\t<a href=\"https:\/\/dogadernegi.org\/tr\/mesepalamuduekimibulusmasi\/\" target=\"_self\" rel=\"bookmark noopener noreferrer\" class='uagb-image-ratio-inherit'><img loading=\"lazy\" decoding=\"async\" width=\"300\" height=\"300\" src=\"https:\/\/dogadernegi.org\/wp-content\/uploads\/2020\/01\/mese-1280x471-300x300.jpg\" class=\"attachment-thumbnail size-thumbnail\" alt=\"\" \/>\t\t\t\t\t<\/a>\n\t\t\t\t\t\t\t<\/div>\n\t\t\t\t\t\t<h6 class=\"uagb-post__title uagb-post__text\">\n\t\t\t\t<a href=\"https:\/\/dogadernegi.org\/tr\/mesepalamuduekimibulusmasi\/\" target=\"_self\" rel=\"bookmark noopener noreferrer\">Me\u015fe Palamudu Ekimi Bulu\u015fmas\u0131<\/a>\n\t\t\t<\/h6>\n\t\t\t\t\t\t<div class='uagb-post__text uagb-post-grid-byline'>\n\t\t\t\t\t\t\t\t<time datetime=\"2020-01-16T21:01:29+03:00\" class=\"uagb-post__date\">\n\t\t\t\t<span class=\"dashicons-calendar dashicons\"><\/span>\t\t\t\t\t16 Ocak 2020\t\t\t\t<\/time>\n\t\t\t\t\t\t<\/div>\n\t\t\t\t\t\t\t<div class='uagb-post__text uagb-post__excerpt'>\n\t\t\t\t\t<p>1 \u015eubat Cumartesi g\u00fcn\u00fc \u0130zmir&#8217;de, \u00e7ocuklar\u0131m\u0131zla me\u015fe ekimi i\u00e7in bulu\u015fuyoruz! Bir zamanlar \u0130zmir, Anadolu&#8217;nun pek&#8230;\t\t\t\t<\/div>\n\t\t\t\t\t\t<div class=\"uagb-post__text uagb-post__cta wp-block-button\">\n\t\t\t\t<a class=\"wp-block-button__link uagb-text-link\" style=\"\" href=\"https:\/\/dogadernegi.org\/tr\/mesepalamuduekimibulusmasi\/\" target=\"_self\" rel=\"bookmark noopener noreferrer\">Devam\u0131<\/a>\n\t\t\t<\/div>\n\t\t\t\n\t\t\t\t\t\t\t\t\t<\/article>\n\t\t\t\t\t\t\t\t\t\t\t<\/div>\n\t\t\t<\/div><\/div>\n","protected":false},"excerpt":{"rendered":"<p>Me\u015fe ormanlar\u0131, i\u00e7erisinde farkl\u0131 me\u015fe t\u00fcrleri ile farkl\u0131 bitki t\u00fcrlerinin bir arada bulundu\u011fu biyo\u00e7e\u015fitlilik a\u00e7\u0131s\u0131ndan olduk\u00e7a zengin do\u011fal orman ekosistemidir. Bu ormanlar, d\u00fc\u015f\u00fck rak\u0131mlardan y\u00fcksek da\u011fl\u0131k b\u00f6lgelere kadar \u00e7e\u015fitli iklim ve arazi ko\u015fullar\u0131nda bulunabilir. Me\u015fe ormanlar\u0131, genellikle yaprak d\u00f6ken ormanlard\u0131r ve geni\u015f yapraklar\u0131 a\u011fa\u00e7lardan olu\u015fur. Me\u015fe a\u011fa\u00e7lar\u0131, Quercus cinsine ait geni\u015f yaprakl\u0131 a\u011fa\u00e7lar olarak tan\u0131mlan\u0131r [&#8230;]<\/p>\n<p><a class=\"dd-btn dd-btn-secondary text-sm\" href=\"https:\/\/dogadernegi.org\/tr\/calismalarimiz\/ekosistemler\/ormanlar\/mese-ormanlari\/\">Daha Fazlas\u0131n\u0131 Oku&#8230;<span class=\"dd-sr-only\"> from Me\u015fe Ormanlar\u0131<\/span><\/a><\/p>\n","protected":false},"author":10,"featured_media":0,"parent":26469,"menu_order":0,"comment_status":"closed","ping_status":"closed","template":"page-templates\/fullheightcover.php","meta":{"_acf_changed":false,"_uag_custom_page_level_css":"","footnotes":""},"class_list":["post-26714","page","type-page","status-publish","hentry"],"acf":[],"uagb_featured_image_src":{"full":false,"thumbnail":false,"medium":false,"medium_large":false,"large":false,"1536x1536":false,"2048x2048":false},"uagb_author_info":{"display_name":"A. Erdem \u015eent\u00fcrk","author_link":"https:\/\/dogadernegi.org\/tr\/author\/erdem\/"},"uagb_comment_info":0,"uagb_excerpt":"Me\u015fe ormanlar\u0131, i\u00e7erisinde farkl\u0131 me\u015fe t\u00fcrleri ile farkl\u0131 bitki t\u00fcrlerinin bir arada bulundu\u011fu biyo\u00e7e\u015fitlilik a\u00e7\u0131s\u0131ndan olduk\u00e7a zengin do\u011fal orman ekosistemidir. Bu ormanlar, d\u00fc\u015f\u00fck rak\u0131mlardan y\u00fcksek da\u011fl\u0131k b\u00f6lgelere kadar \u00e7e\u015fitli iklim ve arazi ko\u015fullar\u0131nda bulunabilir. Me\u015fe ormanlar\u0131, genellikle yaprak d\u00f6ken ormanlard\u0131r ve geni\u015f yapraklar\u0131 a\u011fa\u00e7lardan olu\u015fur. Me\u015fe a\u011fa\u00e7lar\u0131, Quercus cinsine ait geni\u015f yaprakl\u0131 a\u011fa\u00e7lar olarak tan\u0131mlan\u0131r&hellip;","_links":{"self":[{"href":"https:\/\/dogadernegi.org\/tr\/wp-json\/wp\/v2\/pages\/26714","targetHints":{"allow":["GET"]}}],"collection":[{"href":"https:\/\/dogadernegi.org\/tr\/wp-json\/wp\/v2\/pages"}],"about":[{"href":"https:\/\/dogadernegi.org\/tr\/wp-json\/wp\/v2\/types\/page"}],"author":[{"embeddable":true,"href":"https:\/\/dogadernegi.org\/tr\/wp-json\/wp\/v2\/users\/10"}],"replies":[{"embeddable":true,"href":"https:\/\/dogadernegi.org\/tr\/wp-json\/wp\/v2\/comments?post=26714"}],"version-history":[{"count":0,"href":"https:\/\/dogadernegi.org\/tr\/wp-json\/wp\/v2\/pages\/26714\/revisions"}],"up":[{"embeddable":true,"href":"https:\/\/dogadernegi.org\/tr\/wp-json\/wp\/v2\/pages\/26469"}],"wp:attachment":[{"href":"https:\/\/dogadernegi.org\/tr\/wp-json\/wp\/v2\/media?parent=26714"}],"curies":[{"name":"wp","href":"https:\/\/api.w.org\/{rel}","templated":true}]}}