{"id":26854,"date":"2025-08-15T13:14:13","date_gmt":"2025-08-15T10:14:13","guid":{"rendered":"https:\/\/dogadernegi.org\/?page_id=26854"},"modified":"2026-02-01T03:36:40","modified_gmt":"2026-02-01T00:36:40","slug":"kucuk-akbaba","status":"publish","type":"page","link":"https:\/\/dogadernegi.org\/tr\/calismalarimiz\/biyocesitlilik-ve-iklim\/turler\/kucuk-akbaba\/","title":{"rendered":"K\u00fc\u00e7\u00fck Akbaba"},"content":{"rendered":"\n<p>K\u00fc\u00e7\u00fck akbabalar (<em>Neophron percnopterus<\/em>), D\u00fcnya Do\u011fa Koruma Birli\u011fi\u2019nin (IUCN) K\u0131rm\u0131z\u0131 Listesi\u2019nde tehlikede (EN) kategorisinde yer al\u0131yor. T\u00fcr\u00fcn d\u00fcnyada 18.600- 54.000 bireyi kald\u0131\u011f\u0131 tahmin edilirken, Avrupa\u2019da ise pop\u00fclasyonlar\u0131 yaln\u0131zca 6.100-9.000 bireyden olu\u015fuyor. T\u00fcrkiye, bu nadir ku\u015f t\u00fcr\u00fcn\u00fcn Avrupa pop\u00fclasyonunun yar\u0131ya yak\u0131n\u0131na ev sahipli\u011fi yap\u0131yor. Bu nedenle k\u00fc\u00e7\u00fck akbaba ara\u015ft\u0131rma, koruma ve fark\u0131ndal\u0131k \u00e7al\u0131\u015fmalar\u0131 b\u00fcy\u00fck \u00f6nem ta\u015f\u0131yor.<\/p>\n\n\n\n<p>2005 y\u0131l\u0131nda ba\u015flad\u0131\u011f\u0131m\u0131z ara\u015ft\u0131rma \u00e7al\u0131\u015fmalar\u0131yla 3 bin km<sup>2<\/sup>\u2019nin \u00fczerinde bir alan\u0131 kapsayan Nall\u0131han Tepeleri ve Kirmir Vadisi \u00d6nemli Do\u011fa Alanlar\u0131\u2019n\u0131n, k\u00fc\u00e7\u00fck akbabalar i\u00e7in olduk\u00e7a \u00f6nemli ya\u015fam alanlar\u0131n\u0131 bar\u0131nd\u0131rd\u0131\u011f\u0131n\u0131 belirledik. Gelinen son noktada 90\u2019\u0131 aktif durumda olan toplam 109 yuva tespit edilen b\u00f6lgede, \u00fcreme ba\u015far\u0131s\u0131n\u0131n da y\u00fcksek oldu\u011funu g\u00f6rd\u00fck. \u0130lerleyen y\u0131llarda \u00e7al\u0131\u015fmalar\u0131m\u0131z Sivas Hafik ve Kayseri So\u011fanl\u0131 Da\u011flar\u0131\u2019nda devam etti. Bu alanlarda toplam 24 \u00fcreyen \u00e7ift oldu\u011funu belirledik. Son olarak ara\u015ft\u0131rma \u00e7al\u0131\u015fmalar\u0131m\u0131z Bolkar Da\u011flar\u0131\u2019n\u0131n da i\u00e7erisinde bulundu\u011fu Orta Toroslar\u2019da yo\u011funla\u015fmaya ba\u015flad\u0131. 2021 y\u0131l\u0131nda alandaki \u00f6nc\u00fcl verileri elde ettik ve takip eden her y\u0131l d\u00fczenli olarak saha ara\u015ft\u0131rmalar\u0131 ger\u00e7ekle\u015ftirdik. Mevcut durumda b\u00f6lgede 33 k\u00fc\u00e7\u00fck akbaba yuva alan\u0131 belirledik. Yerel halk; \u00f6zellikle \u00e7obanlar ve gen\u00e7 ku\u015f g\u00f6zlemcileri, k\u00fc\u00e7\u00fck akbaba yuva ara\u015ft\u0131rmalar\u0131 ve izleme \u00e7al\u0131\u015fmalar\u0131m\u0131za aktif olarak kat\u0131l\u0131m g\u00f6sterdi. Akbabalarla yak\u0131n etkile\u015fim i\u00e7erisinde ya\u015fayan 162 \u00e7oban ve konarg\u00f6\u00e7erin yer ald\u0131\u011f\u0131 bir a\u011f kurduk. \u00c7oban A\u011f\u0131 ismini verdi\u011fimiz bu a\u011f sayesinde akbabalar\u0131n ve di\u011fer pek \u00e7ok yaban hayvan\u0131n\u0131n b\u00f6lgedeki hareketleri ve kar\u015f\u0131la\u015ft\u0131klar\u0131 tehditler hakk\u0131nda g\u00fcncel veriler elde ediyoruz.<\/p>\n\n\n\n<p>K\u00fc\u00e7\u00fck akbabalar\u0131n T\u00fcrkiye\u2019de kar\u015f\u0131 kar\u015f\u0131ya kald\u0131klar\u0131 tehditleri ortaya koydu\u011fumuz bu \u00e7al\u0131\u015fmalarla, t\u00fcre y\u00f6nelik tehditleri ortadan kald\u0131rmak i\u00e7in \u00e7al\u0131\u015fmalar\u0131m\u0131z\u0131 s\u00fcrd\u00fcr\u00fcyoruz. \u00c7al\u0131\u015fmalar\u0131m\u0131zla; Mersin, Ankara ve Adana dahil olmak \u00fczere t\u00fcr a\u00e7\u0131s\u0131ndan \u00f6ncelikli alanlarda 348 adet tehlikeli elektrik dire\u011fi izole edildi. Bu sayede 40 kilometrenin \u00fczerinde bir alan k\u00fc\u00e7\u00fck akbabalar i\u00e7in izole edilerek g\u00fcvenli hale getirilmi\u015f oldu. Yeni direklerin tespiti, izolasyonu ve izole edilen direklerin kontrol\u00fc i\u00e7in \u00e7al\u0131\u015fmalar\u0131m\u0131z devam ediyor. Ya\u015fam alanlar\u0131n\u0131n yok edilmesi, zehirlenme ve avc\u0131l\u0131k gibi tehditlerin engellenmesi i\u00e7in de \u00e7e\u015fitli faaliyetler y\u00fcr\u00fctmeye devam ediyoruz.<\/p>\n\n\n\n<p>Bu \u00e7al\u0131\u015fmalar kapsam\u0131nda Beypazar\u0131 Belediyesi, Mersin B\u00fcy\u00fck\u015fehir Belediyesi, GEF-SGP, OSME, Bulgaristan Ku\u015flar\u0131 Koruma Derne\u011fi (BSPB) ve \u0130ngiltere Kraliyet Ku\u015flar\u0131 Koruma Derne\u011fi (RSPB) gibi bir\u00e7ok kurulu\u015fla ortakl\u0131klar kuruyoruz. T\u00fcr\u00fcn gelece\u011fi i\u00e7in ara\u015ft\u0131rma ve koruma \u00e7al\u0131\u015fmalar\u0131 b\u00fcy\u00fck rol oynuyor. Payda\u015flar\u0131m\u0131zla birlikte k\u00fc\u00e7\u00fck akbabalar \u00fczerindeki tehditlerinin ortadan kald\u0131r\u0131lmas\u0131 ve ya\u015fam alanlar\u0131n\u0131n belirlenmesi i\u00e7in \u00e7al\u0131\u015f\u0131yoruz.<\/p>\n","protected":false},"excerpt":{"rendered":"<p>K\u00fc\u00e7\u00fck akbabalar (Neophron percnopterus), D\u00fcnya Do\u011fa Koruma Birli\u011fi\u2019nin (IUCN) K\u0131rm\u0131z\u0131 Listesi\u2019nde tehlikede (EN) kategorisinde yer al\u0131yor. T\u00fcr\u00fcn d\u00fcnyada 18.600- 54.000 bireyi kald\u0131\u011f\u0131 tahmin edilirken, Avrupa\u2019da ise pop\u00fclasyonlar\u0131 yaln\u0131zca 6.100-9.000 bireyden olu\u015fuyor. T\u00fcrkiye, bu nadir ku\u015f t\u00fcr\u00fcn\u00fcn Avrupa pop\u00fclasyonunun yar\u0131ya yak\u0131n\u0131na ev sahipli\u011fi yap\u0131yor. Bu nedenle k\u00fc\u00e7\u00fck akbaba ara\u015ft\u0131rma, koruma ve fark\u0131ndal\u0131k \u00e7al\u0131\u015fmalar\u0131 b\u00fcy\u00fck \u00f6nem ta\u015f\u0131yor. [&#8230;]<\/p>\n<p><a class=\"dd-btn dd-btn-secondary text-sm\" href=\"https:\/\/dogadernegi.org\/tr\/calismalarimiz\/biyocesitlilik-ve-iklim\/turler\/kucuk-akbaba\/\">Daha Fazlas\u0131n\u0131 Oku&#8230;<span class=\"dd-sr-only\"> from K\u00fc\u00e7\u00fck Akbaba<\/span><\/a><\/p>\n","protected":false},"author":10,"featured_media":25816,"parent":25810,"menu_order":0,"comment_status":"closed","ping_status":"closed","template":"page-templates\/fullheightcover.php","meta":{"_acf_changed":false,"_uag_custom_page_level_css":"","footnotes":""},"class_list":["post-26854","page","type-page","status-publish","has-post-thumbnail","hentry"],"acf":[],"uagb_featured_image_src":{"full":["https:\/\/dogadernegi.org\/wp-content\/uploads\/2024\/03\/kucuk-akbaba-kadir-dabak.jpg",1920,1080,false],"thumbnail":["https:\/\/dogadernegi.org\/wp-content\/uploads\/2024\/03\/kucuk-akbaba-kadir-dabak-300x300.jpg",300,300,true],"medium":["https:\/\/dogadernegi.org\/wp-content\/uploads\/2024\/03\/kucuk-akbaba-kadir-dabak-300x169.jpg",300,169,true],"medium_large":["https:\/\/dogadernegi.org\/wp-content\/uploads\/2024\/03\/kucuk-akbaba-kadir-dabak-768x432.jpg",768,432,true],"large":["https:\/\/dogadernegi.org\/wp-content\/uploads\/2024\/03\/kucuk-akbaba-kadir-dabak-1024x576.jpg",1024,576,true],"1536x1536":["https:\/\/dogadernegi.org\/wp-content\/uploads\/2024\/03\/kucuk-akbaba-kadir-dabak-1536x864.jpg",1536,864,true],"2048x2048":["https:\/\/dogadernegi.org\/wp-content\/uploads\/2024\/03\/kucuk-akbaba-kadir-dabak.jpg",1920,1080,false]},"uagb_author_info":{"display_name":"A. Erdem \u015eent\u00fcrk","author_link":"https:\/\/dogadernegi.org\/tr\/author\/erdem\/"},"uagb_comment_info":0,"uagb_excerpt":"K\u00fc\u00e7\u00fck akbabalar (Neophron percnopterus), D\u00fcnya Do\u011fa Koruma Birli\u011fi\u2019nin (IUCN) K\u0131rm\u0131z\u0131 Listesi\u2019nde tehlikede (EN) kategorisinde yer al\u0131yor. T\u00fcr\u00fcn d\u00fcnyada 18.600- 54.000 bireyi kald\u0131\u011f\u0131 tahmin edilirken, Avrupa\u2019da ise pop\u00fclasyonlar\u0131 yaln\u0131zca 6.100-9.000 bireyden olu\u015fuyor. T\u00fcrkiye, bu nadir ku\u015f t\u00fcr\u00fcn\u00fcn Avrupa pop\u00fclasyonunun yar\u0131ya yak\u0131n\u0131na ev sahipli\u011fi yap\u0131yor. Bu nedenle k\u00fc\u00e7\u00fck akbaba ara\u015ft\u0131rma, koruma ve fark\u0131ndal\u0131k \u00e7al\u0131\u015fmalar\u0131 b\u00fcy\u00fck \u00f6nem ta\u015f\u0131yor.&hellip;","_links":{"self":[{"href":"https:\/\/dogadernegi.org\/tr\/wp-json\/wp\/v2\/pages\/26854","targetHints":{"allow":["GET"]}}],"collection":[{"href":"https:\/\/dogadernegi.org\/tr\/wp-json\/wp\/v2\/pages"}],"about":[{"href":"https:\/\/dogadernegi.org\/tr\/wp-json\/wp\/v2\/types\/page"}],"author":[{"embeddable":true,"href":"https:\/\/dogadernegi.org\/tr\/wp-json\/wp\/v2\/users\/10"}],"replies":[{"embeddable":true,"href":"https:\/\/dogadernegi.org\/tr\/wp-json\/wp\/v2\/comments?post=26854"}],"version-history":[{"count":0,"href":"https:\/\/dogadernegi.org\/tr\/wp-json\/wp\/v2\/pages\/26854\/revisions"}],"up":[{"embeddable":true,"href":"https:\/\/dogadernegi.org\/tr\/wp-json\/wp\/v2\/pages\/25810"}],"wp:featuredmedia":[{"embeddable":true,"href":"https:\/\/dogadernegi.org\/tr\/wp-json\/wp\/v2\/media\/25816"}],"wp:attachment":[{"href":"https:\/\/dogadernegi.org\/tr\/wp-json\/wp\/v2\/media?parent=26854"}],"curies":[{"name":"wp","href":"https:\/\/api.w.org\/{rel}","templated":true}]}}