{"id":26872,"date":"2025-08-15T13:53:57","date_gmt":"2025-08-15T10:53:57","guid":{"rendered":"https:\/\/dogadernegi.org\/?page_id=26872"},"modified":"2025-08-21T17:25:03","modified_gmt":"2025-08-21T14:25:03","slug":"yelkovan","status":"publish","type":"page","link":"https:\/\/dogadernegi.org\/tr\/calismalarimiz\/biyocesitlilik-ve-iklim\/turler\/yelkovan\/","title":{"rendered":"Yelkovan"},"content":{"rendered":"\n<div class=\"wp-block-uagb-container container uagb-block-788621ff alignfull uagb-is-root-container\"><div class=\"uagb-container-inner-blocks-wrap\">\n<p>D\u00fcnya Do\u011fa Koruma Birli\u011fi (IUCN) K\u0131rm\u0131z\u0131 Liste Kategorilerine g\u00f6re nesli hassas (VU) olarak s\u0131n\u0131fland\u0131r\u0131lan yelkovan (<em>Puffinus yelkouan<\/em>) Akdeniz Havzas\u0131\u2019na endemik bir deniz ku\u015fu. K\u00fcresel pop\u00fclasyonunun 15.337-30.519 \u00e7ift aras\u0131nda oldu\u011fu tahmin ediliyor.<\/p>\n\n\n\n<p>Yelkovanlar, a\u00e7\u0131klarda deniz y\u00fczeyine yak\u0131n, s\u00fcr\u00fcler halinde h\u0131zl\u0131 manevralarla u\u00e7uyor, k\u0131y\u0131larda da y\u00fczd\u00fckleri g\u00f6zlemleniyor. Koyu renkli s\u0131rt\u0131 ve beyaz kanat alt\u0131 \u00f6rt\u00fcleriyle u\u00e7arken kolayca fark edilebiliyorlar. Yelkovanlar diyetlerinde yer alan hamsi, sardalya gibi k\u00fc\u00e7\u00fck bal\u0131k s\u00fcr\u00fclerini takip etmek amac\u0131yla farkl\u0131 denizler aras\u0131nda hareket ediyorlar.&nbsp;<\/p>\n\n\n\n<p>Yelkovanlar ya\u015fam d\u00f6ng\u00fcs\u00fcn\u00fcn b\u00fcy\u00fck b\u00f6l\u00fcm\u00fcn\u00fc denizde ge\u00e7iriyor. Sabah\u0131n ilk \u0131\u015f\u0131klar\u0131ndan \u00f6nce yuvadan ayr\u0131lan yelkovanlar ak\u015fam g\u00fcn bat\u0131m\u0131 sonras\u0131nda yuvalar\u0131na geri d\u00f6n\u00fcyor. Akdeniz&#8217;deki kayal\u0131k k\u0131y\u0131larda, adalarda ve bitki k\u00f6klerinin alt\u0131nda \u00fcr\u00fcyorlar. \u00dcreme mevsimi d\u0131\u015f\u0131nda Akdeniz ve Karadeniz&#8217;de geni\u015f bir alana yay\u0131l\u0131yorlar. Yelkovanlar\u0131n kar\u015f\u0131 kar\u015f\u0131ya kald\u0131klar\u0131 tehditler aras\u0131nda bal\u0131k\u00e7\u0131 a\u011f ve oltalar\u0131na tak\u0131lmalar\u0131 ve \u00fcremek i\u00e7in ayn\u0131 aday\u0131 payla\u015ft\u0131klar\u0131 t\u00fcrlerin bask\u0131s\u0131 yer al\u0131yor.&nbsp;<\/p>\n\n\n\n<p>\u0130stanbul Bo\u011faz\u0131\u2019n\u0131n en yayg\u0131n t\u00fcr\u00fc olan yelkovanlar\u0131n T\u00fcrkiye\u2019de nerede \u00fcredikleri bug\u00fcne kadar tespit edilemedi. \u0130stanbul Bo\u011faz\u0131 ve \u00c7anakkale Bo\u011faz\u0131\u2019nda 2019, 2020 ve 2021 y\u0131llar\u0131nda e\u015f zamanl\u0131 olarak yelkovanlar\u0131n ge\u00e7i\u015flerini izledik. Bu verileri de dikkate alarak, Ege ve Marmara k\u0131y\u0131lar\u0131nda ve adalar\u0131nda \u00fcreme alanlar\u0131n\u0131 belirlemeye y\u00f6nelik \u00e7al\u0131\u015fmalar ger\u00e7ekle\u015ftirdik ancak herhangi bir \u00fcreme bulgusuna rastlayamad\u0131k. Yelkovanlar\u0131n \u00fcreme alanlar\u0131n\u0131 belirlemeye y\u00f6nelik \u00e7al\u0131\u015fmalar\u0131m\u0131z devam ederken, t\u00fcr\u00fcn kar\u015f\u0131 kar\u015f\u0131ya kald\u0131\u011f\u0131 tehditleri ortadan kald\u0131rmak i\u00e7in \u00e7e\u015fitli projeler y\u00fcr\u00fct\u00fcyoruz.<\/p>\n<\/div><\/div>\n\n\n\n<div class=\"wp-block-uagb-container uagb-block-4fd4d8a3 alignfull uagb-is-root-container\"><div class=\"uagb-container-inner-blocks-wrap\">\n\t\t\t<div class=\"wp-block-uagb-post-grid uagb-post-grid  uagb-post__image-position-top uagb-post__image-enabled uagb-block-714e4fc9     uagb-post__items uagb-post__columns-4 is-grid uagb-post__columns-tablet-2 uagb-post__columns-mobile-1 uagb-post__equal-height uagb-equal_height_inline-read-more-buttons\" data-total=\"1\" style=\"\">\n\n\t\t\t\t\t\t\t\t\t\t\t\t<article class=\"uagb-post__inner-wrap\">\t\t\t\t\t\t\t\t<h6 class=\"uagb-post__title uagb-post__text\">\n\t\t\t\t<a href=\"https:\/\/dogadernegi.org\/tr\/yelkovanlaradestek\/\" target=\"_self\" rel=\"bookmark noopener noreferrer\">Yelkovanlara Destek<\/a>\n\t\t\t<\/h6>\n\t\t\t\t\t\t<div class='uagb-post__text uagb-post-grid-byline'>\n\t\t\t\t\t\t\t\t<time datetime=\"2018-04-24T13:08:40+03:00\" class=\"uagb-post__date\">\n\t\t\t\t<span class=\"dashicons-calendar dashicons\"><\/span>\t\t\t\t\t24 Nisan 2018\t\t\t\t<\/time>\n\t\t\t\t\t\t<\/div>\n\t\t\t\t\t\t\t<div class='uagb-post__text uagb-post__excerpt'>\n\t\t\t\t\t<p>Foto\u011fraf: Taner \u015eekercio\u011flu D\u00fcn Arnavutk\u00f6y&#8217;e gittim. \u0130skele ile Ak\u0131nt\u0131burnu aras\u0131nda mah\u015feri bir kalabal\u0131k var. Olta&#8230;\t\t\t\t<\/div>\n\t\t\t\t\t\t<div class=\"uagb-post__text uagb-post__cta wp-block-button\">\n\t\t\t\t<a class=\"wp-block-button__link uagb-text-link\" style=\"\" href=\"https:\/\/dogadernegi.org\/tr\/yelkovanlaradestek\/\" target=\"_self\" rel=\"bookmark noopener noreferrer\">Devam\u0131<\/a>\n\t\t\t<\/div>\n\t\t\t\n\t\t\t\t\t\t\t\t\t<\/article>\n\t\t\t\t\t\t\t\t\t\t\t\t\t\t\t\t<article class=\"uagb-post__inner-wrap\">\t\t\t\t\t\t\t\t<h6 class=\"uagb-post__title uagb-post__text\">\n\t\t\t\t<a href=\"https:\/\/dogadernegi.org\/tr\/yelkovanlaracilcagri\/\" target=\"_self\" rel=\"bookmark noopener noreferrer\">Yelkovanlar \u0130\u00e7in Acil Dilek\u00e7e \u00c7a\u011fr\u0131s\u0131<\/a>\n\t\t\t<\/h6>\n\t\t\t\t\t\t<div class='uagb-post__text uagb-post-grid-byline'>\n\t\t\t\t\t\t\t\t<time datetime=\"2018-04-23T17:42:06+03:00\" class=\"uagb-post__date\">\n\t\t\t\t<span class=\"dashicons-calendar dashicons\"><\/span>\t\t\t\t\t23 Nisan 2018\t\t\t\t<\/time>\n\t\t\t\t\t\t<\/div>\n\t\t\t\t\t\t\t<div class='uagb-post__text uagb-post__excerpt'>\n\t\t\t\t\t<p>Ge\u00e7ti\u011fimiz \u00fc\u00e7 g\u00fcn i\u00e7inde \u00e7ok say\u0131da yelkovan\u0131n Be\u015fikta\u015f Arnavutk\u00f6y\u2019deki bal\u0131k\u00e7\u0131lar\u0131n oltas\u0131na tak\u0131lmas\u0131 kamuoyunda geni\u015f yank\u0131&#8230;\t\t\t\t<\/div>\n\t\t\t\t\t\t<div class=\"uagb-post__text uagb-post__cta wp-block-button\">\n\t\t\t\t<a class=\"wp-block-button__link uagb-text-link\" style=\"\" href=\"https:\/\/dogadernegi.org\/tr\/yelkovanlaracilcagri\/\" target=\"_self\" rel=\"bookmark noopener noreferrer\">Devam\u0131<\/a>\n\t\t\t<\/div>\n\t\t\t\n\t\t\t\t\t\t\t\t\t<\/article>\n\t\t\t\t\t\t\t\t\t\t\t\t\t\t\t\t<article class=\"uagb-post__inner-wrap\">\t\t\t\t\t\t\t\t<div class='uagb-post__image'>\n\t\t\t\t\t\t\t\t\t<a href=\"https:\/\/dogadernegi.org\/tr\/istanbulda-yelkovan-katliami\/\" target=\"_self\" rel=\"bookmark noopener noreferrer\" class='uagb-image-ratio-inherit'><img loading=\"lazy\" decoding=\"async\" width=\"300\" height=\"300\" src=\"https:\/\/dogadernegi.org\/wp-content\/uploads\/2018\/04\/f4-300x300.jpg\" class=\"attachment-thumbnail size-thumbnail\" alt=\"\" \/>\t\t\t\t\t<\/a>\n\t\t\t\t\t\t\t<\/div>\n\t\t\t\t\t\t<h6 class=\"uagb-post__title uagb-post__text\">\n\t\t\t\t<a href=\"https:\/\/dogadernegi.org\/tr\/istanbulda-yelkovan-katliami\/\" target=\"_self\" rel=\"bookmark noopener noreferrer\">\u0130stanbul\u2019da Yelkovan Katliam\u0131<\/a>\n\t\t\t<\/h6>\n\t\t\t\t\t\t<div class='uagb-post__text uagb-post-grid-byline'>\n\t\t\t\t\t\t\t\t<time datetime=\"2018-04-22T13:03:32+03:00\" class=\"uagb-post__date\">\n\t\t\t\t<span class=\"dashicons-calendar dashicons\"><\/span>\t\t\t\t\t22 Nisan 2018\t\t\t\t<\/time>\n\t\t\t\t\t\t<\/div>\n\t\t\t\t\t\t\t<div class='uagb-post__text uagb-post__excerpt'>\n\t\t\t\t\t<p>Nesli d\u00fcnya \u00f6l\u00e7e\u011finde tehlikede olan yelkovan ku\u015flar\u0131n\u0131n binlercesi \u015fu g\u00fcnlerde \u0130stanbul Bo\u011faz\u0131&#8217;nda. Yaz\u0131k ki yelkovanlar&#8230;\t\t\t\t<\/div>\n\t\t\t\t\t\t<div class=\"uagb-post__text uagb-post__cta wp-block-button\">\n\t\t\t\t<a class=\"wp-block-button__link uagb-text-link\" style=\"\" href=\"https:\/\/dogadernegi.org\/tr\/istanbulda-yelkovan-katliami\/\" target=\"_self\" rel=\"bookmark noopener noreferrer\">Devam\u0131<\/a>\n\t\t\t<\/div>\n\t\t\t\n\t\t\t\t\t\t\t\t\t<\/article>\n\t\t\t\t\t\t\t\t\t\t\t<\/div>\n\t\t\t<\/div><\/div>\n","protected":false},"excerpt":{"rendered":"<p>D\u00fcnya Do\u011fa Koruma Birli\u011fi (IUCN) K\u0131rm\u0131z\u0131 Liste Kategorilerine g\u00f6re nesli hassas (VU) olarak s\u0131n\u0131fland\u0131r\u0131lan yelkovan (Puffinus yelkouan) Akdeniz Havzas\u0131\u2019na endemik bir deniz ku\u015fu. K\u00fcresel pop\u00fclasyonunun 15.337-30.519 \u00e7ift aras\u0131nda oldu\u011fu tahmin ediliyor. Yelkovanlar, a\u00e7\u0131klarda deniz y\u00fczeyine yak\u0131n, s\u00fcr\u00fcler halinde h\u0131zl\u0131 manevralarla u\u00e7uyor, k\u0131y\u0131larda da y\u00fczd\u00fckleri g\u00f6zlemleniyor. Koyu renkli s\u0131rt\u0131 ve beyaz kanat alt\u0131 \u00f6rt\u00fcleriyle u\u00e7arken kolayca [&#8230;]<\/p>\n<p><a class=\"dd-btn dd-btn-secondary text-sm\" href=\"https:\/\/dogadernegi.org\/tr\/calismalarimiz\/biyocesitlilik-ve-iklim\/turler\/yelkovan\/\">Daha Fazlas\u0131n\u0131 Oku&#8230;<span class=\"dd-sr-only\"> from Yelkovan<\/span><\/a><\/p>\n","protected":false},"author":10,"featured_media":0,"parent":25810,"menu_order":0,"comment_status":"closed","ping_status":"closed","template":"page-templates\/fullheightcover.php","meta":{"_acf_changed":false,"_uag_custom_page_level_css":"","footnotes":""},"class_list":["post-26872","page","type-page","status-publish","hentry"],"acf":[],"uagb_featured_image_src":{"full":false,"thumbnail":false,"medium":false,"medium_large":false,"large":false,"1536x1536":false,"2048x2048":false},"uagb_author_info":{"display_name":"A. Erdem \u015eent\u00fcrk","author_link":"https:\/\/dogadernegi.org\/tr\/author\/erdem\/"},"uagb_comment_info":0,"uagb_excerpt":"D\u00fcnya Do\u011fa Koruma Birli\u011fi (IUCN) K\u0131rm\u0131z\u0131 Liste Kategorilerine g\u00f6re nesli hassas (VU) olarak s\u0131n\u0131fland\u0131r\u0131lan yelkovan (Puffinus yelkouan) Akdeniz Havzas\u0131\u2019na endemik bir deniz ku\u015fu. K\u00fcresel pop\u00fclasyonunun 15.337-30.519 \u00e7ift aras\u0131nda oldu\u011fu tahmin ediliyor. Yelkovanlar, a\u00e7\u0131klarda deniz y\u00fczeyine yak\u0131n, s\u00fcr\u00fcler halinde h\u0131zl\u0131 manevralarla u\u00e7uyor, k\u0131y\u0131larda da y\u00fczd\u00fckleri g\u00f6zlemleniyor. Koyu renkli s\u0131rt\u0131 ve beyaz kanat alt\u0131 \u00f6rt\u00fcleriyle u\u00e7arken kolayca&hellip;","_links":{"self":[{"href":"https:\/\/dogadernegi.org\/tr\/wp-json\/wp\/v2\/pages\/26872","targetHints":{"allow":["GET"]}}],"collection":[{"href":"https:\/\/dogadernegi.org\/tr\/wp-json\/wp\/v2\/pages"}],"about":[{"href":"https:\/\/dogadernegi.org\/tr\/wp-json\/wp\/v2\/types\/page"}],"author":[{"embeddable":true,"href":"https:\/\/dogadernegi.org\/tr\/wp-json\/wp\/v2\/users\/10"}],"replies":[{"embeddable":true,"href":"https:\/\/dogadernegi.org\/tr\/wp-json\/wp\/v2\/comments?post=26872"}],"version-history":[{"count":0,"href":"https:\/\/dogadernegi.org\/tr\/wp-json\/wp\/v2\/pages\/26872\/revisions"}],"up":[{"embeddable":true,"href":"https:\/\/dogadernegi.org\/tr\/wp-json\/wp\/v2\/pages\/25810"}],"wp:attachment":[{"href":"https:\/\/dogadernegi.org\/tr\/wp-json\/wp\/v2\/media?parent=26872"}],"curies":[{"name":"wp","href":"https:\/\/api.w.org\/{rel}","templated":true}]}}