{"id":26882,"date":"2025-08-15T14:30:31","date_gmt":"2025-08-15T11:30:31","guid":{"rendered":"https:\/\/dogadernegi.org\/?page_id=26882"},"modified":"2025-08-21T17:25:02","modified_gmt":"2025-08-21T14:25:02","slug":"bozkir-kartali","status":"publish","type":"page","link":"https:\/\/dogadernegi.org\/tr\/calismalarimiz\/biyocesitlilik-ve-iklim\/turler\/bozkir-kartali\/","title":{"rendered":"Bozk\u0131r Kartal\u0131"},"content":{"rendered":"\n<div class=\"wp-block-uagb-container container uagb-block-788621ff alignfull uagb-is-root-container\"><div class=\"uagb-container-inner-blocks-wrap\">\n<p>Bozk\u0131r kartal\u0131 (<em>Aquila nipalensis<\/em>), D\u00fcnya Do\u011fa Koruma Birli\u011fi (IUCN) taraf\u0131ndan nesli k\u00fcresel \u00f6l\u00e7ekte tehlikede (EN) kategorisinde s\u0131n\u0131fland\u0131r\u0131l\u0131yor. Bozk\u0131r kartallar\u0131 Orta ve G\u00fcney Asya ve Afrika\u2019n\u0131n do\u011fusunda yay\u0131l\u0131\u015f g\u00f6steriyor ve kurak d\u00fczl\u00fcklerde, a\u00e7\u0131k alanlarda \u00fcr\u00fcyor. 2021 de\u011ferlendirmesine g\u00f6re d\u00fcnya genelinde 50.000-75.000, Avrupa\u2019da ise maksimum 1800 yeti\u015fkin birey bozk\u0131r kartal\u0131 ya\u015f\u0131yor. 40 y\u0131l i\u00e7inde, bozk\u0131r kartal\u0131n\u0131n Avrupa\u2019daki pop\u00fclasyon b\u00fcy\u00fckl\u00fc\u011f\u00fcnde y\u00fczde 80\u2019e yak\u0131n bir azalma oldu\u011fu tahmin ediyor. Bozk\u0131r kartallar\u0131 besin piramidinin en \u00fcst basama\u011f\u0131nda yer ald\u0131\u011f\u0131 i\u00e7in sa\u011fl\u0131kl\u0131 bir ekosistemde kilit rol oynuyor. Di\u011fer y\u0131rt\u0131c\u0131 ku\u015flarla birlikte karkaslar\u0131n yok edilmesinde ve tar\u0131m alanlar\u0131ndaki kemirgen ve b\u00f6cek pop\u00fclasyonlar\u0131n\u0131n kontrol\u00fcnde \u00f6nemli g\u00f6revler \u00fcstleniyor. T\u00fcrkiye\u2019deki yakla\u015f\u0131k 10 \u00e7ift kald\u0131\u011f\u0131 d\u00fc\u015f\u00fcn\u00fclen bozk\u0131r kartallar\u0131n\u0131n \u00fclkemizdeki altt\u00fcr\u00fc <em>A. nipalensis orientalis<\/em> olarak adland\u0131r\u0131l\u0131yor.<\/p>\n\n\n\n<p>Bozk\u0131r kartallar\u0131n\u0131n 2018 y\u0131l\u0131na kadar T\u00fcrkiye\u2019deki durumu hakk\u0131ndaki bilgi olduk\u00e7a s\u0131n\u0131rl\u0131yd\u0131. Bu gizemli t\u00fcr\u00fcn 1960 y\u0131l\u0131ndan itibaren ilkbahar ve sonbahar g\u00f6\u00e7 d\u00f6neminde d\u00fczenli ve az say\u0131larda kay\u0131tlar\u0131 bulunuyordu. \u0130\u00e7 Anadolu, Akdeniz ve Trakya B\u00f6lgesi\u2019nden k\u0131\u015flama kay\u0131tlar\u0131 al\u0131nan t\u00fcr\u00fcn, \u0130\u00e7 Anadolu B\u00f6lgesi (1977), Tuz G\u00f6l\u00fc, (1971), Bolluk G\u00f6l\u00fc (1982) ve Seyfe G\u00f6l\u00fc\u2019nde (2003) de \u00fcreme kay\u0131tlar\u0131 elde edildi.<\/p>\n\n\n\n<p>Bozk\u0131r kartallar\u0131n\u0131 ve ya\u015fam alanlar\u0131n\u0131 korumak i\u00e7in \u00c7evre, \u015eehircilik ve \u0130klim De\u011fi\u015fikli\u011fi Bakanl\u0131\u011f\u0131\u2019na ba\u011fl\u0131 Tuz G\u00f6l\u00fc \u00d6zel \u00c7evre Koruma (\u00d6\u00c7K) B\u00f6lgesi birimi ile birlikte 2018 y\u0131l\u0131nda b\u00f6lgedeki bozk\u0131r kartal\u0131n\u0131n \u00fcreme pop\u00fclasyonu \u00fczerine ara\u015ft\u0131rmalar y\u00fcr\u00fctt\u00fck. T\u00fcrle ayn\u0131 ya\u015fam alanlar\u0131n\u0131 payla\u015fan \u00e7obanlar ve yerel halk ile bozk\u0131r kartal\u0131 hakk\u0131nda g\u00f6r\u00fc\u015fmeler ger\u00e7ekle\u015ftirdik. Saha \u00e7al\u0131\u015fmalar\u0131nda tespit edilen \u00fc\u00e7 bozk\u0131r kartal\u0131 yuvas\u0131n\u0131 d\u00fczenli olarak izledik. 2019 y\u0131l\u0131nda bozk\u0131r kartallar\u0131 i\u00e7in Orta Anadolu b\u00f6lgesinde OSME (Orta Do\u011fu Ornitoloji Derne\u011fi) ile yerel halk ve \u00e7obanlarla birlikte \u00e7al\u0131\u015fmaya devam ettik. Bozk\u0131r kartallar\u0131n\u0131n ya\u015fam alanlar\u0131n\u0131n korunmas\u0131 ve \u00fcreme alanlar\u0131na y\u00f6nelik yeni bilgilerin elde edilmesi i\u00e7in \u00e7al\u0131\u015fmalar\u0131m\u0131za devam ediyoruz.<\/p>\n\n\n\n<p>Bozk\u0131r ekosistemlerinin tar\u0131m arazilerine d\u00f6n\u00fc\u015ft\u00fcr\u00fclmesi, bilin\u00e7siz a\u011fa\u00e7land\u0131rma faaliyetleri, gerilim hatlar\u0131nda elektrik \u00e7arpmas\u0131 ve enerji yap\u0131lar\u0131yla \u00e7arp\u0131\u015fma, pestisit kullan\u0131m\u0131, avc\u0131l\u0131k, yavru ve yumurta ka\u00e7ak\u00e7\u0131l\u0131\u011f\u0131 bozk\u0131r kartal\u0131na y\u00f6nelik ba\u015fl\u0131ca tehditler aras\u0131nda yer al\u0131yor. Do\u011fa Koruma ve Milli Parklar taraf\u0131ndan y\u00fcr\u00fct\u00fclen ve 2022 y\u0131l\u0131ndan tamamlanan Avrupa Birli\u011fi projesi kapsam\u0131nda bozk\u0131r kartallar\u0131n\u0131n eylem plan\u0131 haz\u0131rlan\u0131yor ve bu tehditlerin ortadan kald\u0131r\u0131lmas\u0131 ama\u00e7lan\u0131yor.<\/p>\n<\/div><\/div>\n\n\n\n<div class=\"wp-block-uagb-container uagb-block-4fd4d8a3 alignfull uagb-is-root-container\"><div class=\"uagb-container-inner-blocks-wrap\">\n\t\t\t<div class=\"wp-block-uagb-post-grid uagb-post-grid  uagb-post__image-position-top uagb-post__image-enabled uagb-block-714e4fc9     uagb-post__items uagb-post__columns-4 is-grid uagb-post__columns-tablet-2 uagb-post__columns-mobile-1 uagb-post__equal-height uagb-equal_height_inline-read-more-buttons\" data-total=\"1\" style=\"\">\n\n\t\t\t\t\t\t\t\t\t\t\t\t<article class=\"uagb-post__inner-wrap\">\t\t\t\t\t\t\t\t<div class='uagb-post__image'>\n\t\t\t\t\t\t\t\t\t<a href=\"https:\/\/dogadernegi.org\/tr\/hayvan-kacakciligi-gordugumuzde-ne-yapabiliriz\/\" target=\"_self\" rel=\"bookmark noopener noreferrer\" class='uagb-image-ratio-inherit'><img loading=\"lazy\" decoding=\"async\" width=\"300\" height=\"300\" src=\"https:\/\/dogadernegi.org\/wp-content\/uploads\/2021\/07\/hk-1280x471-300x300.jpg\" class=\"attachment-thumbnail size-thumbnail\" alt=\"\" \/>\t\t\t\t\t<\/a>\n\t\t\t\t\t\t\t<\/div>\n\t\t\t\t\t\t<h6 class=\"uagb-post__title uagb-post__text\">\n\t\t\t\t<a href=\"https:\/\/dogadernegi.org\/tr\/hayvan-kacakciligi-gordugumuzde-ne-yapabiliriz\/\" target=\"_self\" rel=\"bookmark noopener noreferrer\">Hayvan ka\u00e7ak\u00e7\u0131l\u0131\u011f\u0131 g\u00f6rd\u00fc\u011f\u00fcm\u00fczde ne yapabiliriz?<\/a>\n\t\t\t<\/h6>\n\t\t\t\t\t\t<div class='uagb-post__text uagb-post-grid-byline'>\n\t\t\t\t\t\t\t\t<time datetime=\"2021-07-09T13:38:25+03:00\" class=\"uagb-post__date\">\n\t\t\t\t<span class=\"dashicons-calendar dashicons\"><\/span>\t\t\t\t\t9 Temmuz 2021\t\t\t\t<\/time>\n\t\t\t\t\t\t<\/div>\n\t\t\t\t\t\t\t<div class='uagb-post__text uagb-post__excerpt'>\n\t\t\t\t\t<p>Do\u011fal ortamda ya\u015famlar\u0131n\u0131 s\u00fcrd\u00fcren ku\u015flar\u0131n ka\u00e7ak\u00e7\u0131l\u0131\u011f\u0131 d\u00fcnya \u00fczerinde yasak olmas\u0131na ra\u011fmen devam ediyor. Bu konuda&#8230;\t\t\t\t<\/div>\n\t\t\t\t\t\t<div class=\"uagb-post__text uagb-post__cta wp-block-button\">\n\t\t\t\t<a class=\"wp-block-button__link uagb-text-link\" style=\"\" href=\"https:\/\/dogadernegi.org\/tr\/hayvan-kacakciligi-gordugumuzde-ne-yapabiliriz\/\" target=\"_self\" rel=\"bookmark noopener noreferrer\">Devam\u0131<\/a>\n\t\t\t<\/div>\n\t\t\t\n\t\t\t\t\t\t\t\t\t<\/article>\n\t\t\t\t\t\t\t\t\t\t\t\t\t\t\t\t<article class=\"uagb-post__inner-wrap\">\t\t\t\t\t\t\t\t<h6 class=\"uagb-post__title uagb-post__text\">\n\t\t\t\t<a href=\"https:\/\/dogadernegi.org\/tr\/bozkirdaguzeldir\/\" target=\"_self\" rel=\"bookmark noopener noreferrer\">Bozk\u0131r da g\u00fczeldir!<\/a>\n\t\t\t<\/h6>\n\t\t\t\t\t\t<div class='uagb-post__text uagb-post-grid-byline'>\n\t\t\t\t\t\t\t\t<time datetime=\"2016-04-20T00:07:37+03:00\" class=\"uagb-post__date\">\n\t\t\t\t<span class=\"dashicons-calendar dashicons\"><\/span>\t\t\t\t\t20 Nisan 2016\t\t\t\t<\/time>\n\t\t\t\t\t\t<\/div>\n\t\t\t\t\t\t\t<div class='uagb-post__text uagb-post__excerpt'>\n\t\t\t\t\t<p>Nesli tehlike alt\u0131ndaki bozk\u0131r ku\u015flar\u0131 i\u00e7in koruma program\u0131 ba\u015fl\u0131yor. Do\u011fa Derne\u011fi, T\u00fcrkiye bozk\u0131rlar\u0131nda \u00fcreyen nesli&#8230;\t\t\t\t<\/div>\n\t\t\t\t\t\t<div class=\"uagb-post__text uagb-post__cta wp-block-button\">\n\t\t\t\t<a class=\"wp-block-button__link uagb-text-link\" style=\"\" href=\"https:\/\/dogadernegi.org\/tr\/bozkirdaguzeldir\/\" target=\"_self\" rel=\"bookmark noopener noreferrer\">Devam\u0131<\/a>\n\t\t\t<\/div>\n\t\t\t\n\t\t\t\t\t\t\t\t\t<\/article>\n\t\t\t\t\t\t\t\t\t\t\t<\/div>\n\t\t\t<\/div><\/div>\n","protected":false},"excerpt":{"rendered":"<p>Bozk\u0131r kartal\u0131 (Aquila nipalensis), D\u00fcnya Do\u011fa Koruma Birli\u011fi (IUCN) taraf\u0131ndan nesli k\u00fcresel \u00f6l\u00e7ekte tehlikede (EN) kategorisinde s\u0131n\u0131fland\u0131r\u0131l\u0131yor. Bozk\u0131r kartallar\u0131 Orta ve G\u00fcney Asya ve Afrika\u2019n\u0131n do\u011fusunda yay\u0131l\u0131\u015f g\u00f6steriyor ve kurak d\u00fczl\u00fcklerde, a\u00e7\u0131k alanlarda \u00fcr\u00fcyor. 2021 de\u011ferlendirmesine g\u00f6re d\u00fcnya genelinde 50.000-75.000, Avrupa\u2019da ise maksimum 1800 yeti\u015fkin birey bozk\u0131r kartal\u0131 ya\u015f\u0131yor. 40 y\u0131l i\u00e7inde, bozk\u0131r kartal\u0131n\u0131n Avrupa\u2019daki [&#8230;]<\/p>\n<p><a class=\"dd-btn dd-btn-secondary text-sm\" href=\"https:\/\/dogadernegi.org\/tr\/calismalarimiz\/biyocesitlilik-ve-iklim\/turler\/bozkir-kartali\/\">Daha Fazlas\u0131n\u0131 Oku&#8230;<span class=\"dd-sr-only\"> from Bozk\u0131r Kartal\u0131<\/span><\/a><\/p>\n","protected":false},"author":10,"featured_media":0,"parent":25810,"menu_order":0,"comment_status":"closed","ping_status":"closed","template":"page-templates\/fullheightcover.php","meta":{"_acf_changed":false,"_uag_custom_page_level_css":"","footnotes":""},"class_list":["post-26882","page","type-page","status-publish","hentry"],"acf":[],"uagb_featured_image_src":{"full":false,"thumbnail":false,"medium":false,"medium_large":false,"large":false,"1536x1536":false,"2048x2048":false},"uagb_author_info":{"display_name":"A. Erdem \u015eent\u00fcrk","author_link":"https:\/\/dogadernegi.org\/tr\/author\/erdem\/"},"uagb_comment_info":0,"uagb_excerpt":"Bozk\u0131r kartal\u0131 (Aquila nipalensis), D\u00fcnya Do\u011fa Koruma Birli\u011fi (IUCN) taraf\u0131ndan nesli k\u00fcresel \u00f6l\u00e7ekte tehlikede (EN) kategorisinde s\u0131n\u0131fland\u0131r\u0131l\u0131yor. Bozk\u0131r kartallar\u0131 Orta ve G\u00fcney Asya ve Afrika\u2019n\u0131n do\u011fusunda yay\u0131l\u0131\u015f g\u00f6steriyor ve kurak d\u00fczl\u00fcklerde, a\u00e7\u0131k alanlarda \u00fcr\u00fcyor. 2021 de\u011ferlendirmesine g\u00f6re d\u00fcnya genelinde 50.000-75.000, Avrupa\u2019da ise maksimum 1800 yeti\u015fkin birey bozk\u0131r kartal\u0131 ya\u015f\u0131yor. 40 y\u0131l i\u00e7inde, bozk\u0131r kartal\u0131n\u0131n Avrupa\u2019daki&hellip;","_links":{"self":[{"href":"https:\/\/dogadernegi.org\/tr\/wp-json\/wp\/v2\/pages\/26882","targetHints":{"allow":["GET"]}}],"collection":[{"href":"https:\/\/dogadernegi.org\/tr\/wp-json\/wp\/v2\/pages"}],"about":[{"href":"https:\/\/dogadernegi.org\/tr\/wp-json\/wp\/v2\/types\/page"}],"author":[{"embeddable":true,"href":"https:\/\/dogadernegi.org\/tr\/wp-json\/wp\/v2\/users\/10"}],"replies":[{"embeddable":true,"href":"https:\/\/dogadernegi.org\/tr\/wp-json\/wp\/v2\/comments?post=26882"}],"version-history":[{"count":0,"href":"https:\/\/dogadernegi.org\/tr\/wp-json\/wp\/v2\/pages\/26882\/revisions"}],"up":[{"embeddable":true,"href":"https:\/\/dogadernegi.org\/tr\/wp-json\/wp\/v2\/pages\/25810"}],"wp:attachment":[{"href":"https:\/\/dogadernegi.org\/tr\/wp-json\/wp\/v2\/media?parent=26882"}],"curies":[{"name":"wp","href":"https:\/\/api.w.org\/{rel}","templated":true}]}}