{"id":26890,"date":"2025-08-15T14:34:25","date_gmt":"2025-08-15T11:34:25","guid":{"rendered":"https:\/\/dogadernegi.org\/?page_id=26890"},"modified":"2025-08-21T17:25:02","modified_gmt":"2025-08-21T14:25:02","slug":"balik-baykusu","status":"publish","type":"page","link":"https:\/\/dogadernegi.org\/tr\/calismalarimiz\/biyocesitlilik-ve-iklim\/turler\/balik-baykusu\/","title":{"rendered":"Bal\u0131k Bayku\u015fu"},"content":{"rendered":"\n<div class=\"wp-block-uagb-container container uagb-block-788621ff alignfull uagb-is-root-container\"><div class=\"uagb-container-inner-blocks-wrap\">\n<p>Bal\u0131k bayku\u015fu (<em>Ketupa zeylonensis<\/em>), Uzakdo\u011fu, G\u00fcneydo\u011fu Asya ve Toros Da\u011flar\u0131\u2019nda ya\u015fayan bir ku\u015f t\u00fcr\u00fc. S\u0131cak iklim k\u00f6kenli bir ku\u015f oldu\u011fu i\u00e7in T\u00fcrkiye\u2019de yaln\u0131zca Toros Da\u011flar\u0131\u2019n\u0131n eteklerindeki yaz k\u0131\u015f s\u0131cak olan vadilerde ya\u015fayabiliyor.&nbsp;<\/p>\n\n\n\n<p>Bal\u0131k bayku\u015flar\u0131 yuvalar\u0131n\u0131 genelde a\u011fa\u00e7lardaki oyuklara, kaya \u00e7\u0131k\u0131nt\u0131lar\u0131na, suya yak\u0131n yerlere in\u015fa ediyor. Di\u011fer bayku\u015flar\u0131n aksine suda avlan\u0131yor ve \u00e7o\u011funlukla bal\u0131k, tatl\u0131 su yengeci, kurba\u011fa gibi canl\u0131larla besleniyor. D\u00fcnya Do\u011fa Koruma Birli\u011fi (IUCN) K\u0131rm\u0131z\u0131 Liste Kategorilerine g\u00f6re yayg\u0131n (LC) olarak s\u0131n\u0131fland\u0131r\u0131lsa da pop\u00fclasyon e\u011filimi habitat tahribat\u0131 nedeniyle k\u00fcresel \u00f6l\u00e7ekte d\u00fc\u015f\u00fc\u015f g\u00f6steriyor. T\u00fcr\u00fcn Avrupa pop\u00fclasyonunun 50-80 \u00e7ift oldu\u011fu tahmin ediliyor.<\/p>\n\n\n\n<p>Bal\u0131k bayku\u015flar\u0131, Toroslar\u2019\u0131n etraf\u0131 ormanlarla kapl\u0131 vadilerinde temiz akan nehir ve \u00e7aylarda ya\u015f\u0131yor. Hidroelektrik santral in\u015faatlar\u0131 nedeniyle nehirlerin kurumas\u0131 sonucunda azalmaya devam eden bal\u0131k bayku\u015flar\u0131, baraj ve g\u00f6letlerin \u00e7evresinde ya\u015famaya \u00e7al\u0131\u015f\u0131yor.&nbsp;<\/p>\n\n\n\n<p>Yerel payda\u015flar\u0131m\u0131zla birlikte, Toroslar\u2019da t\u00fcr\u00fcn ya\u015fam alanlar\u0131n\u0131n korunmas\u0131 ve bu nadir canl\u0131ya y\u00f6nelik tehditlerin ortadan kald\u0131r\u0131lmas\u0131 i\u00e7in \u00e7al\u0131\u015f\u0131yoruz. Yapt\u0131\u011f\u0131m\u0131z \u00e7al\u0131\u015fmalarla t\u00fcr\u00fcn korunmas\u0131 i\u00e7in haz\u0131rlanan ulusal eylem plan\u0131na katk\u0131da bulunuyoruz.<\/p>\n<\/div><\/div>\n\n\n\n<div class=\"wp-block-uagb-container uagb-block-4fd4d8a3 alignfull uagb-is-root-container\"><div class=\"uagb-container-inner-blocks-wrap\">\n\t\t\t<div class=\"wp-block-uagb-post-grid uagb-post-grid  uagb-post__image-position-top uagb-post__image-enabled uagb-block-714e4fc9     uagb-post__items uagb-post__columns-4 is-grid uagb-post__columns-tablet-2 uagb-post__columns-mobile-1 uagb-post__equal-height uagb-equal_height_inline-read-more-buttons\" data-total=\"13\" style=\"\">\n\n\t\t\t\t\t\t\t\t\t\t\t\t<article class=\"uagb-post__inner-wrap\">\t\t\t\t\t\t\t\t<div class='uagb-post__image'>\n\t\t\t\t\t\t\t\t\t<a href=\"https:\/\/dogadernegi.org\/tr\/dunya-sulak-alanlar-gunu-icin-gediz-deltasinda-bulusuyoruz\/\" target=\"_self\" rel=\"bookmark noopener noreferrer\" class='uagb-image-ratio-inherit'><img loading=\"lazy\" decoding=\"async\" width=\"300\" height=\"300\" src=\"https:\/\/dogadernegi.org\/wp-content\/uploads\/2026\/01\/DSAG2026_1subat_twpost-300x300.jpg\" class=\"attachment-thumbnail size-thumbnail\" alt=\"\" \/>\t\t\t\t\t<\/a>\n\t\t\t\t\t\t\t<\/div>\n\t\t\t\t\t\t<h6 class=\"uagb-post__title uagb-post__text\">\n\t\t\t\t<a href=\"https:\/\/dogadernegi.org\/tr\/dunya-sulak-alanlar-gunu-icin-gediz-deltasinda-bulusuyoruz\/\" target=\"_self\" rel=\"bookmark noopener noreferrer\">D\u00fcnya Sulak Alanlar G\u00fcn\u00fc i\u00e7in Gediz Deltas\u0131\u2019nda bulu\u015fuyoruz!<\/a>\n\t\t\t<\/h6>\n\t\t\t\t\t\t<div class='uagb-post__text uagb-post-grid-byline'>\n\t\t\t\t\t\t\t\t<time datetime=\"2026-01-21T18:01:57+03:00\" class=\"uagb-post__date\">\n\t\t\t\t<span class=\"dashicons-calendar dashicons\"><\/span>\t\t\t\t\t21 Ocak 2026\t\t\t\t<\/time>\n\t\t\t\t\t\t<\/div>\n\t\t\t\t\t\t\t<div class='uagb-post__text uagb-post__excerpt'>\n\t\t\t\t\t<p>\u00dclkemizde en fazla tehdit alt\u0131nda olan ekosistemlerin ba\u015f\u0131nda sulak alanlar geliyor. Sulak alanlar; su d\u00f6ng\u00fcs\u00fcn\u00fcn&#8230;\t\t\t\t<\/div>\n\t\t\t\t\t\t<div class=\"uagb-post__text uagb-post__cta wp-block-button\">\n\t\t\t\t<a class=\"wp-block-button__link uagb-text-link\" style=\"\" href=\"https:\/\/dogadernegi.org\/tr\/dunya-sulak-alanlar-gunu-icin-gediz-deltasinda-bulusuyoruz\/\" target=\"_self\" rel=\"bookmark noopener noreferrer\">Devam\u0131<\/a>\n\t\t\t<\/div>\n\t\t\t\n\t\t\t\t\t\t\t\t\t<\/article>\n\t\t\t\t\t\t\t\t\t\t\t\t\t\t\t\t<article class=\"uagb-post__inner-wrap\">\t\t\t\t\t\t\t\t<div class='uagb-post__image'>\n\t\t\t\t\t\t\t\t\t<a href=\"https:\/\/dogadernegi.org\/tr\/gediz-deltasinda-yeni-bir-kus-turu-uzun-gagali-sucullugu-artik-turkiye-kus-listesinde\/\" target=\"_self\" rel=\"bookmark noopener noreferrer\" class='uagb-image-ratio-inherit'><img loading=\"lazy\" decoding=\"async\" width=\"300\" height=\"300\" src=\"https:\/\/dogadernegi.org\/wp-content\/uploads\/2025\/10\/UGS_2025-twpost-300x300.jpg\" class=\"attachment-thumbnail size-thumbnail\" alt=\"\" \/>\t\t\t\t\t<\/a>\n\t\t\t\t\t\t\t<\/div>\n\t\t\t\t\t\t<h6 class=\"uagb-post__title uagb-post__text\">\n\t\t\t\t<a href=\"https:\/\/dogadernegi.org\/tr\/gediz-deltasinda-yeni-bir-kus-turu-uzun-gagali-sucullugu-artik-turkiye-kus-listesinde\/\" target=\"_self\" rel=\"bookmark noopener noreferrer\">Gediz Deltas\u0131\u2019nda Yeni Bir Ku\u015f T\u00fcr\u00fc; Uzun Gagal\u0131 Su\u00e7ullu\u011fu art\u0131k T\u00fcrkiye ku\u015f listesinde!<\/a>\n\t\t\t<\/h6>\n\t\t\t\t\t\t<div class='uagb-post__text uagb-post-grid-byline'>\n\t\t\t\t\t\t\t\t<time datetime=\"2025-10-31T09:52:36+03:00\" class=\"uagb-post__date\">\n\t\t\t\t<span class=\"dashicons-calendar dashicons\"><\/span>\t\t\t\t\t31 Ekim 2025\t\t\t\t<\/time>\n\t\t\t\t\t\t<\/div>\n\t\t\t\t\t\t\t<div class='uagb-post__text uagb-post__excerpt'>\n\t\t\t\t\t<p>\u0130zmir\u2019in Gediz Deltas\u0131, bir kez daha ku\u015f \u00e7e\u015fitlili\u011fi a\u00e7\u0131s\u0131ndan ne kadar \u00f6nemli oldu\u011funu g\u00f6sterdi. T\u00fcrkiye\u2019de&#8230;\t\t\t\t<\/div>\n\t\t\t\t\t\t<div class=\"uagb-post__text uagb-post__cta wp-block-button\">\n\t\t\t\t<a class=\"wp-block-button__link uagb-text-link\" style=\"\" href=\"https:\/\/dogadernegi.org\/tr\/gediz-deltasinda-yeni-bir-kus-turu-uzun-gagali-sucullugu-artik-turkiye-kus-listesinde\/\" target=\"_self\" rel=\"bookmark noopener noreferrer\">Devam\u0131<\/a>\n\t\t\t<\/div>\n\t\t\t\n\t\t\t\t\t\t\t\t\t<\/article>\n\t\t\t\t\t\t\t\t\t\t\t\t\t\t\t\t<article class=\"uagb-post__inner-wrap\">\t\t\t\t\t\t\t\t<div class='uagb-post__image'>\n\t\t\t\t\t\t\t\t\t<a href=\"https:\/\/dogadernegi.org\/tr\/avrupa-kus-gozlem-gununde-turkiyedeki-kus-gozlemciler-21-noktada-bulustu\/\" target=\"_self\" rel=\"bookmark noopener noreferrer\" class='uagb-image-ratio-inherit'><img loading=\"lazy\" decoding=\"async\" width=\"300\" height=\"300\" src=\"https:\/\/dogadernegi.org\/wp-content\/uploads\/2025\/10\/IMG_1091-scaled-1-300x300.jpg\" class=\"attachment-thumbnail size-thumbnail\" alt=\"\" \/>\t\t\t\t\t<\/a>\n\t\t\t\t\t\t\t<\/div>\n\t\t\t\t\t\t<h6 class=\"uagb-post__title uagb-post__text\">\n\t\t\t\t<a href=\"https:\/\/dogadernegi.org\/tr\/avrupa-kus-gozlem-gununde-turkiyedeki-kus-gozlemciler-21-noktada-bulustu\/\" target=\"_self\" rel=\"bookmark noopener noreferrer\">Avrupa Ku\u015f G\u00f6zlem G\u00fcn\u00fc\u2019nde T\u00fcrkiye\u2019deki Ku\u015f G\u00f6zlemciler 21 Noktada Bulu\u015ftu<\/a>\n\t\t\t<\/h6>\n\t\t\t\t\t\t<div class='uagb-post__text uagb-post-grid-byline'>\n\t\t\t\t\t\t\t\t<time datetime=\"2025-10-06T16:02:30+03:00\" class=\"uagb-post__date\">\n\t\t\t\t<span class=\"dashicons-calendar dashicons\"><\/span>\t\t\t\t\t6 Ekim 2025\t\t\t\t<\/time>\n\t\t\t\t\t\t<\/div>\n\t\t\t\t\t\t\t<div class='uagb-post__text uagb-post__excerpt'>\n\t\t\t\t\t<p>Do\u011fa Derne\u011fi\u2019nin T\u00fcrkiye orta\u011f\u0131 oldu\u011fu D\u00fcnya Ku\u015flar\u0131 Koruma Kurumu (BirdLife International) taraf\u0131ndan 1993 y\u0131l\u0131ndan bu&#8230;\t\t\t\t<\/div>\n\t\t\t\t\t\t<div class=\"uagb-post__text uagb-post__cta wp-block-button\">\n\t\t\t\t<a class=\"wp-block-button__link uagb-text-link\" style=\"\" href=\"https:\/\/dogadernegi.org\/tr\/avrupa-kus-gozlem-gununde-turkiyedeki-kus-gozlemciler-21-noktada-bulustu\/\" target=\"_self\" rel=\"bookmark noopener noreferrer\">Devam\u0131<\/a>\n\t\t\t<\/div>\n\t\t\t\n\t\t\t\t\t\t\t\t\t<\/article>\n\t\t\t\t\t\t\t\t\t\t\t\t\t\t\t\t<article class=\"uagb-post__inner-wrap\">\t\t\t\t\t\t\t\t<div class='uagb-post__image'>\n\t\t\t\t\t\t\t\t\t<a href=\"https:\/\/dogadernegi.org\/tr\/the-killing-3-0-raporuna-gore-kuslarin-yasa-disi-oldurulmesi-artiyor\/\" target=\"_self\" rel=\"bookmark noopener noreferrer\" class='uagb-image-ratio-inherit'><img loading=\"lazy\" decoding=\"async\" width=\"300\" height=\"300\" src=\"https:\/\/dogadernegi.org\/wp-content\/uploads\/2025\/07\/25MILYONKUS_2025-twpost-300x300.jpg\" class=\"attachment-thumbnail size-thumbnail\" alt=\"\" \/>\t\t\t\t\t<\/a>\n\t\t\t\t\t\t\t<\/div>\n\t\t\t\t\t\t<h6 class=\"uagb-post__title uagb-post__text\">\n\t\t\t\t<a href=\"https:\/\/dogadernegi.org\/tr\/the-killing-3-0-raporuna-gore-kuslarin-yasa-disi-oldurulmesi-artiyor\/\" target=\"_self\" rel=\"bookmark noopener noreferrer\">\u201cThe Killing 3.0\u201d Raporu\u2019na G\u00f6re Ku\u015flar\u0131n Yasa D\u0131\u015f\u0131 \u00d6ld\u00fcr\u00fclmesi Art\u0131yor<\/a>\n\t\t\t<\/h6>\n\t\t\t\t\t\t<div class='uagb-post__text uagb-post-grid-byline'>\n\t\t\t\t\t\t\t\t<time datetime=\"2025-07-23T12:06:08+03:00\" class=\"uagb-post__date\">\n\t\t\t\t<span class=\"dashicons-calendar dashicons\"><\/span>\t\t\t\t\t23 Temmuz 2025\t\t\t\t<\/time>\n\t\t\t\t\t\t<\/div>\n\t\t\t\t\t\t\t<div class='uagb-post__text uagb-post__excerpt'>\n\t\t\t\t\t<p>D\u00fcnya Ku\u015flar\u0131 Koruma Kurumu (BirdLife International) ve Avrupa Do\u011fa Vakf\u0131 (EuroNatur) taraf\u0131ndan haz\u0131rlanan \u201cYok Edili\u015f&#8230;\t\t\t\t<\/div>\n\t\t\t\t\t\t<div class=\"uagb-post__text uagb-post__cta wp-block-button\">\n\t\t\t\t<a class=\"wp-block-button__link uagb-text-link\" style=\"\" href=\"https:\/\/dogadernegi.org\/tr\/the-killing-3-0-raporuna-gore-kuslarin-yasa-disi-oldurulmesi-artiyor\/\" target=\"_self\" rel=\"bookmark noopener noreferrer\">Devam\u0131<\/a>\n\t\t\t<\/div>\n\t\t\t\n\t\t\t\t\t\t\t\t\t<\/article>\n\t\t\t\t\t\t\t\t\t\t\t\t\t\t\t\t<article class=\"uagb-post__inner-wrap\">\t\t\t\t\t\t\t\t<div class='uagb-post__image'>\n\t\t\t\t\t\t\t\t\t<a href=\"https:\/\/dogadernegi.org\/tr\/22-turkiye-kus-konferansi-izmirde-gerceklesti\/\" target=\"_self\" rel=\"bookmark noopener noreferrer\" class='uagb-image-ratio-inherit'><img loading=\"lazy\" decoding=\"async\" width=\"300\" height=\"300\" src=\"https:\/\/dogadernegi.org\/wp-content\/uploads\/2025\/06\/IMG_2136-scaled-1-300x300.jpg\" class=\"attachment-thumbnail size-thumbnail\" alt=\"\" \/>\t\t\t\t\t<\/a>\n\t\t\t\t\t\t\t<\/div>\n\t\t\t\t\t\t<h6 class=\"uagb-post__title uagb-post__text\">\n\t\t\t\t<a href=\"https:\/\/dogadernegi.org\/tr\/22-turkiye-kus-konferansi-izmirde-gerceklesti\/\" target=\"_self\" rel=\"bookmark noopener noreferrer\">22. T\u00fcrkiye Ku\u015f Konferans\u0131 \u0130zmir\u2019de Ger\u00e7ekle\u015fti<\/a>\n\t\t\t<\/h6>\n\t\t\t\t\t\t<div class='uagb-post__text uagb-post-grid-byline'>\n\t\t\t\t\t\t\t\t<time datetime=\"2025-06-16T13:09:18+03:00\" class=\"uagb-post__date\">\n\t\t\t\t<span class=\"dashicons-calendar dashicons\"><\/span>\t\t\t\t\t16 Haziran 2025\t\t\t\t<\/time>\n\t\t\t\t\t\t<\/div>\n\t\t\t\t\t\t\t<div class='uagb-post__text uagb-post__excerpt'>\n\t\t\t\t\t<p>Bu y\u0131l 22\u2019ncisini d\u00fczenledi\u011fimiz T\u00fcrkiye Ku\u015f Konferans\u0131, Kuruyan G\u00f6ller ve Tatl\u0131 Su Ekosistemleri temas\u0131yla 14-15&#8230;\t\t\t\t<\/div>\n\t\t\t\t\t\t<div class=\"uagb-post__text uagb-post__cta wp-block-button\">\n\t\t\t\t<a class=\"wp-block-button__link uagb-text-link\" style=\"\" href=\"https:\/\/dogadernegi.org\/tr\/22-turkiye-kus-konferansi-izmirde-gerceklesti\/\" target=\"_self\" rel=\"bookmark noopener noreferrer\">Devam\u0131<\/a>\n\t\t\t<\/div>\n\t\t\t\n\t\t\t\t\t\t\t\t\t<\/article>\n\t\t\t\t\t\t\t\t\t\t\t\t\t\t\t\t<article class=\"uagb-post__inner-wrap\">\t\t\t\t\t\t\t\t<div class='uagb-post__image'>\n\t\t\t\t\t\t\t\t\t<a href=\"https:\/\/dogadernegi.org\/tr\/22-turkiye-kus-konferansi\/\" target=\"_self\" rel=\"bookmark noopener noreferrer\" class='uagb-image-ratio-inherit'><img loading=\"lazy\" decoding=\"async\" width=\"300\" height=\"300\" src=\"https:\/\/dogadernegi.org\/wp-content\/uploads\/2025\/01\/TKK2025-1920x1080-1-300x300.jpg\" class=\"attachment-thumbnail size-thumbnail\" alt=\"\" \/>\t\t\t\t\t<\/a>\n\t\t\t\t\t\t\t<\/div>\n\t\t\t\t\t\t<h6 class=\"uagb-post__title uagb-post__text\">\n\t\t\t\t<a href=\"https:\/\/dogadernegi.org\/tr\/22-turkiye-kus-konferansi\/\" target=\"_self\" rel=\"bookmark noopener noreferrer\">22. T\u00fcrkiye Ku\u015f Konferans\u0131: Kuruyan G\u00f6ller ve Tatl\u0131 Su Ekosistemleri Temas\u0131yla 14-15 Haziran 2025&#8217;te \u0130zmir&#8217;de<\/a>\n\t\t\t<\/h6>\n\t\t\t\t\t\t<div class='uagb-post__text uagb-post-grid-byline'>\n\t\t\t\t\t\t\t\t<time datetime=\"2025-01-16T16:50:32+03:00\" class=\"uagb-post__date\">\n\t\t\t\t<span class=\"dashicons-calendar dashicons\"><\/span>\t\t\t\t\t16 Ocak 2025\t\t\t\t<\/time>\n\t\t\t\t\t\t<\/div>\n\t\t\t\t\t\t\t<div class='uagb-post__text uagb-post__excerpt'>\n\t\t\t\t\t<p>D\u00fcnya y\u00fczeyinin yaln\u0131zca y\u00fczde 6\u2019s\u0131n\u0131 kaplayan sulak alanlar, turbal\u0131klardan deltalara, nehirlerden g\u00f6llere ve lag\u00fcnlere kadar&#8230;\t\t\t\t<\/div>\n\t\t\t\t\t\t<div class=\"uagb-post__text uagb-post__cta wp-block-button\">\n\t\t\t\t<a class=\"wp-block-button__link uagb-text-link\" style=\"\" href=\"https:\/\/dogadernegi.org\/tr\/22-turkiye-kus-konferansi\/\" target=\"_self\" rel=\"bookmark noopener noreferrer\">Devam\u0131<\/a>\n\t\t\t<\/div>\n\t\t\t\n\t\t\t\t\t\t\t\t\t<\/article>\n\t\t\t\t\t\t\t\t\t\t\t\t\t\t\t\t<article class=\"uagb-post__inner-wrap\">\t\t\t\t\t\t\t\t<div class='uagb-post__image'>\n\t\t\t\t\t\t\t\t\t<a href=\"https:\/\/dogadernegi.org\/tr\/dunya-doga-koruma-birligi-iucn-16-kus-turunun-durumunun-kotuye-gittigini-acikladi-bunlardan-5i-turkiyede-gorulen-turler\/\" target=\"_self\" rel=\"bookmark noopener noreferrer\" class='uagb-image-ratio-inherit'><img loading=\"lazy\" decoding=\"async\" width=\"300\" height=\"300\" src=\"https:\/\/dogadernegi.org\/wp-content\/uploads\/2024\/11\/Gumus-yagmurcun_Alper-Tuydes-scaled-1-300x300.jpg\" class=\"attachment-thumbnail size-thumbnail\" alt=\"\" \/>\t\t\t\t\t<\/a>\n\t\t\t\t\t\t\t<\/div>\n\t\t\t\t\t\t<h6 class=\"uagb-post__title uagb-post__text\">\n\t\t\t\t<a href=\"https:\/\/dogadernegi.org\/tr\/dunya-doga-koruma-birligi-iucn-16-kus-turunun-durumunun-kotuye-gittigini-acikladi-bunlardan-5i-turkiyede-gorulen-turler\/\" target=\"_self\" rel=\"bookmark noopener noreferrer\">D\u00fcnya Do\u011fa Koruma Birli\u011fi (IUCN) 16 ku\u015f t\u00fcr\u00fcn\u00fcn durumunun k\u00f6t\u00fcye gitti\u011fini a\u00e7\u0131klad\u0131, bunlardan 5\u2019i T\u00fcrkiye\u2019de g\u00f6r\u00fclen t\u00fcrler<\/a>\n\t\t\t<\/h6>\n\t\t\t\t\t\t<div class='uagb-post__text uagb-post-grid-byline'>\n\t\t\t\t\t\t\t\t<time datetime=\"2024-11-06T16:29:45+03:00\" class=\"uagb-post__date\">\n\t\t\t\t<span class=\"dashicons-calendar dashicons\"><\/span>\t\t\t\t\t6 Kas\u0131m 2024\t\t\t\t<\/time>\n\t\t\t\t\t\t<\/div>\n\t\t\t\t\t\t\t<div class='uagb-post__text uagb-post__excerpt'>\n\t\t\t\t\t<p>Gu\u0308mu\u0308s\u0327 yag\u0306murcun, Alper Tu\u0308ydes\u0327 IUCN, 2024 Ekim ay\u0131nda d\u00fcnya genelinde 16 k\u0131y\u0131 ku\u015fu t\u00fcr\u00fcn\u00fcn tehdit&#8230;\t\t\t\t<\/div>\n\t\t\t\t\t\t<div class=\"uagb-post__text uagb-post__cta wp-block-button\">\n\t\t\t\t<a class=\"wp-block-button__link uagb-text-link\" style=\"\" href=\"https:\/\/dogadernegi.org\/tr\/dunya-doga-koruma-birligi-iucn-16-kus-turunun-durumunun-kotuye-gittigini-acikladi-bunlardan-5i-turkiyede-gorulen-turler\/\" target=\"_self\" rel=\"bookmark noopener noreferrer\">Devam\u0131<\/a>\n\t\t\t<\/div>\n\t\t\t\n\t\t\t\t\t\t\t\t\t<\/article>\n\t\t\t\t\t\t\t\t\t\t\t\t\t\t\t\t<article class=\"uagb-post__inner-wrap\">\t\t\t\t\t\t\t\t<div class='uagb-post__image'>\n\t\t\t\t\t\t\t\t\t<a href=\"https:\/\/dogadernegi.org\/tr\/21-turkiye-kus-konferansi-ankarada-gerceklesti\/\" target=\"_self\" rel=\"bookmark noopener noreferrer\" class='uagb-image-ratio-inherit'><img loading=\"lazy\" decoding=\"async\" width=\"300\" height=\"300\" src=\"https:\/\/dogadernegi.org\/wp-content\/uploads\/2024\/10\/1X9A8060-scaled-1-300x300.jpg\" class=\"attachment-thumbnail size-thumbnail\" alt=\"\" \/>\t\t\t\t\t<\/a>\n\t\t\t\t\t\t\t<\/div>\n\t\t\t\t\t\t<h6 class=\"uagb-post__title uagb-post__text\">\n\t\t\t\t<a href=\"https:\/\/dogadernegi.org\/tr\/21-turkiye-kus-konferansi-ankarada-gerceklesti\/\" target=\"_self\" rel=\"bookmark noopener noreferrer\">21. T\u00fcrkiye Ku\u015f Konferans\u0131 Ankara\u2019da Ger\u00e7ekle\u015fti.<\/a>\n\t\t\t<\/h6>\n\t\t\t\t\t\t<div class='uagb-post__text uagb-post-grid-byline'>\n\t\t\t\t\t\t\t\t<time datetime=\"2024-10-21T12:58:15+03:00\" class=\"uagb-post__date\">\n\t\t\t\t<span class=\"dashicons-calendar dashicons\"><\/span>\t\t\t\t\t21 Ekim 2024\t\t\t\t<\/time>\n\t\t\t\t\t\t<\/div>\n\t\t\t\t\t\t\t<div class='uagb-post__text uagb-post__excerpt'>\n\t\t\t\t\t<p>18-20 Ekim tarihlerinde Gazi \u00dcniversitesi\u2019nde ger\u00e7ekle\u015ftirdi\u011fimiz 21. T\u00fcrkiye Ku\u015f Konferans\u0131\u2019nda bu y\u0131l \u201cYaban Hayat\u0131 Su\u00e7lar\u0131&#8230;\t\t\t\t<\/div>\n\t\t\t\t\t\t<div class=\"uagb-post__text uagb-post__cta wp-block-button\">\n\t\t\t\t<a class=\"wp-block-button__link uagb-text-link\" style=\"\" href=\"https:\/\/dogadernegi.org\/tr\/21-turkiye-kus-konferansi-ankarada-gerceklesti\/\" target=\"_self\" rel=\"bookmark noopener noreferrer\">Devam\u0131<\/a>\n\t\t\t<\/div>\n\t\t\t\n\t\t\t\t\t\t\t\t\t<\/article>\n\t\t\t\t\t\t\t\t\t\t\t<\/div>\n\t\t\t<\/div><\/div>\n","protected":false},"excerpt":{"rendered":"<p>Bal\u0131k bayku\u015fu (Ketupa zeylonensis), Uzakdo\u011fu, G\u00fcneydo\u011fu Asya ve Toros Da\u011flar\u0131\u2019nda ya\u015fayan bir ku\u015f t\u00fcr\u00fc. S\u0131cak iklim k\u00f6kenli bir ku\u015f oldu\u011fu i\u00e7in T\u00fcrkiye\u2019de yaln\u0131zca Toros Da\u011flar\u0131\u2019n\u0131n eteklerindeki yaz k\u0131\u015f s\u0131cak olan vadilerde ya\u015fayabiliyor.&nbsp; Bal\u0131k bayku\u015flar\u0131 yuvalar\u0131n\u0131 genelde a\u011fa\u00e7lardaki oyuklara, kaya \u00e7\u0131k\u0131nt\u0131lar\u0131na, suya yak\u0131n yerlere in\u015fa ediyor. Di\u011fer bayku\u015flar\u0131n aksine suda avlan\u0131yor ve \u00e7o\u011funlukla bal\u0131k, tatl\u0131 su [&#8230;]<\/p>\n<p><a class=\"dd-btn dd-btn-secondary text-sm\" href=\"https:\/\/dogadernegi.org\/tr\/calismalarimiz\/biyocesitlilik-ve-iklim\/turler\/balik-baykusu\/\">Daha Fazlas\u0131n\u0131 Oku&#8230;<span class=\"dd-sr-only\"> from Bal\u0131k Bayku\u015fu<\/span><\/a><\/p>\n","protected":false},"author":10,"featured_media":25869,"parent":25810,"menu_order":0,"comment_status":"closed","ping_status":"closed","template":"page-templates\/fullheightcover.php","meta":{"_acf_changed":false,"_uag_custom_page_level_css":"","footnotes":""},"class_list":["post-26890","page","type-page","status-publish","has-post-thumbnail","hentry"],"acf":[],"uagb_featured_image_src":{"full":["https:\/\/dogadernegi.org\/wp-content\/uploads\/2024\/03\/balik-baykusu-sezai-goksu.jpg",1920,1080,false],"thumbnail":["https:\/\/dogadernegi.org\/wp-content\/uploads\/2024\/03\/balik-baykusu-sezai-goksu-300x300.jpg",300,300,true],"medium":["https:\/\/dogadernegi.org\/wp-content\/uploads\/2024\/03\/balik-baykusu-sezai-goksu-300x169.jpg",300,169,true],"medium_large":["https:\/\/dogadernegi.org\/wp-content\/uploads\/2024\/03\/balik-baykusu-sezai-goksu-768x432.jpg",768,432,true],"large":["https:\/\/dogadernegi.org\/wp-content\/uploads\/2024\/03\/balik-baykusu-sezai-goksu-1024x576.jpg",1024,576,true],"1536x1536":["https:\/\/dogadernegi.org\/wp-content\/uploads\/2024\/03\/balik-baykusu-sezai-goksu-1536x864.jpg",1536,864,true],"2048x2048":["https:\/\/dogadernegi.org\/wp-content\/uploads\/2024\/03\/balik-baykusu-sezai-goksu.jpg",1920,1080,false]},"uagb_author_info":{"display_name":"A. Erdem \u015eent\u00fcrk","author_link":"https:\/\/dogadernegi.org\/tr\/author\/erdem\/"},"uagb_comment_info":0,"uagb_excerpt":"Bal\u0131k bayku\u015fu (Ketupa zeylonensis), Uzakdo\u011fu, G\u00fcneydo\u011fu Asya ve Toros Da\u011flar\u0131\u2019nda ya\u015fayan bir ku\u015f t\u00fcr\u00fc. S\u0131cak iklim k\u00f6kenli bir ku\u015f oldu\u011fu i\u00e7in T\u00fcrkiye\u2019de yaln\u0131zca Toros Da\u011flar\u0131\u2019n\u0131n eteklerindeki yaz k\u0131\u015f s\u0131cak olan vadilerde ya\u015fayabiliyor.&nbsp; Bal\u0131k bayku\u015flar\u0131 yuvalar\u0131n\u0131 genelde a\u011fa\u00e7lardaki oyuklara, kaya \u00e7\u0131k\u0131nt\u0131lar\u0131na, suya yak\u0131n yerlere in\u015fa ediyor. Di\u011fer bayku\u015flar\u0131n aksine suda avlan\u0131yor ve \u00e7o\u011funlukla bal\u0131k, tatl\u0131 su&hellip;","_links":{"self":[{"href":"https:\/\/dogadernegi.org\/tr\/wp-json\/wp\/v2\/pages\/26890","targetHints":{"allow":["GET"]}}],"collection":[{"href":"https:\/\/dogadernegi.org\/tr\/wp-json\/wp\/v2\/pages"}],"about":[{"href":"https:\/\/dogadernegi.org\/tr\/wp-json\/wp\/v2\/types\/page"}],"author":[{"embeddable":true,"href":"https:\/\/dogadernegi.org\/tr\/wp-json\/wp\/v2\/users\/10"}],"replies":[{"embeddable":true,"href":"https:\/\/dogadernegi.org\/tr\/wp-json\/wp\/v2\/comments?post=26890"}],"version-history":[{"count":0,"href":"https:\/\/dogadernegi.org\/tr\/wp-json\/wp\/v2\/pages\/26890\/revisions"}],"up":[{"embeddable":true,"href":"https:\/\/dogadernegi.org\/tr\/wp-json\/wp\/v2\/pages\/25810"}],"wp:featuredmedia":[{"embeddable":true,"href":"https:\/\/dogadernegi.org\/tr\/wp-json\/wp\/v2\/media\/25869"}],"wp:attachment":[{"href":"https:\/\/dogadernegi.org\/tr\/wp-json\/wp\/v2\/media?parent=26890"}],"curies":[{"name":"wp","href":"https:\/\/api.w.org\/{rel}","templated":true}]}}