{"id":26900,"date":"2025-08-15T15:01:51","date_gmt":"2025-08-15T12:01:51","guid":{"rendered":"https:\/\/dogadernegi.org\/?page_id=26900"},"modified":"2025-08-21T17:25:02","modified_gmt":"2025-08-21T14:25:02","slug":"surmeli-kizkusu","status":"publish","type":"page","link":"https:\/\/dogadernegi.org\/tr\/calismalarimiz\/biyocesitlilik-ve-iklim\/turler\/surmeli-kizkusu\/","title":{"rendered":"S\u00fcrmeli K\u0131zku\u015fu"},"content":{"rendered":"\n<div class=\"wp-block-uagb-container container uagb-block-788621ff alignfull uagb-is-root-container\"><div class=\"uagb-container-inner-blocks-wrap\">\n<p>S\u00fcrmeli k\u0131zku\u015fu (<em>Vanellus gregarius<\/em>), D\u00fcnya Do\u011fa Koruma Birli\u011fi (IUCN) taraf\u0131ndan nesli kritik d\u00fczeyde tehdit alt\u0131nda (CR) olarak de\u011ferlendiriliyor. D\u00fcnya \u00fczerinde 11 bin 200 yeti\u015fkin bireyin kald\u0131\u011f\u0131 tahmin ediliyor ve ya\u015fayan son bireyler Rusya ve Kazakistan\u2019da \u00fcr\u00fcyor. S\u00fcrmeli k\u0131zku\u015flar\u0131 her y\u0131l Anadolu \u00fczerinden Orta Do\u011fu ve Sudan\u2019a kadar uzun bir g\u00f6\u00e7 yolculu\u011fu yap\u0131yor. Mu\u015f Bulan\u0131k ve Malazgirt Ovalar\u0131, Erzurum Batakl\u0131klar\u0131 ve Urfa Bozk\u0131rlar\u0131 bu benzersiz canl\u0131lar\u0131n zorlu g\u00f6\u00e7 yolculuklar\u0131nda \u00f6nemli konaklama alanlar\u0131. Y\u00fczlerce s\u00fcrmeli k\u0131zku\u015fu, ilkbahar ve sonbahar g\u00f6\u00e7 d\u00f6nemlerinde bu alanlar \u00fczerinden ge\u00e7i\u015f yap\u0131yor, konakl\u0131yor ve besleniyor.&nbsp;<\/p>\n\n\n\n<p>2007 y\u0131l\u0131nda Dicle \u00dcniversitesi\u2019nden bir uzman ekip ile birlikte, \u015eanl\u0131urfa Ceylanp\u0131nar\u2019da saha \u00e7al\u0131\u015fmalar\u0131 ger\u00e7ekle\u015ftirdik ve alanda 3200 s\u00fcrmeli k\u0131zku\u015funu tespit ettik. Sonras\u0131nda uydu vericisi tak\u0131lan bir bireyin g\u00f6nderdi\u011fi sinyal sayesinde Mu\u015f, Malazgirt ku\u015flar\u0131n T\u00fcrkiye\u2019de konaklad\u0131\u011f\u0131 en \u00f6nemli ikinci yer olarak tescillendi.&nbsp;<\/p>\n\n\n\n<p>2007 y\u0131l\u0131ndan bu yana ba\u015fta Ceylanp\u0131nar olmak \u00fczere ilkbahar ve sonbahar g\u00f6\u00e7leri s\u0131ras\u0131nda \u00f6nemli say\u0131da s\u00fcrmeli k\u0131zku\u015funa ev sahipli\u011fi yapan alanlarda ara\u015ft\u0131rma ve koruma faaliyetlerimizi s\u00fcrd\u00fcr\u00fcyoruz. G\u00f6\u00e7 s\u0131ras\u0131nda s\u00fcrmeli k\u0131zku\u015fu i\u00e7in en \u00f6nemli tehditlerin ba\u015f\u0131nda, geleneksel tar\u0131m y\u00f6ntemlerinin terk edilmesi sonucunda alan kullan\u0131m\u0131 de\u011fi\u015fiklikleri ile t\u00fcre y\u00f6nelik avc\u0131l\u0131k faaliyetleri geliyor. D\u00fcnya \u00f6l\u00e7e\u011finde nesli tehlikede olan bu t\u00fcr\u00fcn g\u00fcncel pop\u00fclasyonunu belirlemek ve bir tehlike durumunda an\u0131nda m\u00fcdahale edebilmek i\u00e7in g\u00f6\u00e7 s\u0131ras\u0131nda T\u00fcrkiye\u2019den ge\u00e7i\u015flerini g\u00f6zlemlemek hayati \u00f6nem ta\u015f\u0131yor.<\/p>\n<\/div><\/div>\n\n\n\n<div class=\"wp-block-uagb-container uagb-block-4fd4d8a3 alignfull uagb-is-root-container\"><div class=\"uagb-container-inner-blocks-wrap\">\n\t\t\t<div class=\"wp-block-uagb-post-grid uagb-post-grid  uagb-post__image-position-top uagb-post__image-enabled uagb-block-714e4fc9     uagb-post__items uagb-post__columns-4 is-grid uagb-post__columns-tablet-2 uagb-post__columns-mobile-1 uagb-post__equal-height uagb-equal_height_inline-read-more-buttons\" data-total=\"1\" style=\"\">\n\n\t\t\t\t\t\t\t\t\t\t\t\t<article class=\"uagb-post__inner-wrap\">\t\t\t\t\t\t\t\t<h6 class=\"uagb-post__title uagb-post__text\">\n\t\t\t\t<a href=\"https:\/\/dogadernegi.org\/tr\/bozkirdaguzeldir\/\" target=\"_self\" rel=\"bookmark noopener noreferrer\">Bozk\u0131r da g\u00fczeldir!<\/a>\n\t\t\t<\/h6>\n\t\t\t\t\t\t<div class='uagb-post__text uagb-post-grid-byline'>\n\t\t\t\t\t\t\t\t<time datetime=\"2016-04-20T00:07:37+03:00\" class=\"uagb-post__date\">\n\t\t\t\t<span class=\"dashicons-calendar dashicons\"><\/span>\t\t\t\t\t20 Nisan 2016\t\t\t\t<\/time>\n\t\t\t\t\t\t<\/div>\n\t\t\t\t\t\t\t<div class='uagb-post__text uagb-post__excerpt'>\n\t\t\t\t\t<p>Nesli tehlike alt\u0131ndaki bozk\u0131r ku\u015flar\u0131 i\u00e7in koruma program\u0131 ba\u015fl\u0131yor. Do\u011fa Derne\u011fi, T\u00fcrkiye bozk\u0131rlar\u0131nda \u00fcreyen nesli&#8230;\t\t\t\t<\/div>\n\t\t\t\t\t\t<div class=\"uagb-post__text uagb-post__cta wp-block-button\">\n\t\t\t\t<a class=\"wp-block-button__link uagb-text-link\" style=\"\" href=\"https:\/\/dogadernegi.org\/tr\/bozkirdaguzeldir\/\" target=\"_self\" rel=\"bookmark noopener noreferrer\">Devam\u0131<\/a>\n\t\t\t<\/div>\n\t\t\t\n\t\t\t\t\t\t\t\t\t<\/article>\n\t\t\t\t\t\t\t\t\t\t\t\t\t\t\t\t<article class=\"uagb-post__inner-wrap\">\t\t\t\t\t\t\t\t<div class='uagb-post__image'>\n\t\t\t\t\t\t\t\t\t<a href=\"https:\/\/dogadernegi.org\/tr\/savasin-kuslari\/\" target=\"_self\" rel=\"bookmark noopener noreferrer\" class='uagb-image-ratio-inherit'><img loading=\"lazy\" decoding=\"async\" width=\"300\" height=\"300\" src=\"https:\/\/dogadernegi.org\/wp-content\/uploads\/2015\/11\/Figure-4-300x300.jpg\" class=\"attachment-thumbnail size-thumbnail\" alt=\"\" \/>\t\t\t\t\t<\/a>\n\t\t\t\t\t\t\t<\/div>\n\t\t\t\t\t\t<h6 class=\"uagb-post__title uagb-post__text\">\n\t\t\t\t<a href=\"https:\/\/dogadernegi.org\/tr\/savasin-kuslari\/\" target=\"_self\" rel=\"bookmark noopener noreferrer\">Sava\u015f\u0131n Ku\u015flar\u0131<\/a>\n\t\t\t<\/h6>\n\t\t\t\t\t\t<div class='uagb-post__text uagb-post-grid-byline'>\n\t\t\t\t\t\t\t\t<time datetime=\"2015-11-09T17:22:25+02:00\" class=\"uagb-post__date\">\n\t\t\t\t<span class=\"dashicons-calendar dashicons\"><\/span>\t\t\t\t\t9 Kas\u0131m 2015\t\t\t\t<\/time>\n\t\t\t\t\t\t<\/div>\n\t\t\t\t\t\t\t<div class='uagb-post__text uagb-post__excerpt'>\n\t\t\t\t\t<p> S\u00fcrmeli k\u0131zku\u015funu korumak i\u00e7in b\u00f6lgedeki insanlara birlikte \u00e7al\u0131\u015fmak hayati \u00f6neme sahip&#8230;.\t\t\t\t<\/div>\n\t\t\t\t\t\t<div class=\"uagb-post__text uagb-post__cta wp-block-button\">\n\t\t\t\t<a class=\"wp-block-button__link uagb-text-link\" style=\"\" href=\"https:\/\/dogadernegi.org\/tr\/savasin-kuslari\/\" target=\"_self\" rel=\"bookmark noopener noreferrer\">Devam\u0131<\/a>\n\t\t\t<\/div>\n\t\t\t\n\t\t\t\t\t\t\t\t\t<\/article>\n\t\t\t\t\t\t\t\t\t\t\t<\/div>\n\t\t\t<\/div><\/div>\n","protected":false},"excerpt":{"rendered":"<p>S\u00fcrmeli k\u0131zku\u015fu (Vanellus gregarius), D\u00fcnya Do\u011fa Koruma Birli\u011fi (IUCN) taraf\u0131ndan nesli kritik d\u00fczeyde tehdit alt\u0131nda (CR) olarak de\u011ferlendiriliyor. D\u00fcnya \u00fczerinde 11 bin 200 yeti\u015fkin bireyin kald\u0131\u011f\u0131 tahmin ediliyor ve ya\u015fayan son bireyler Rusya ve Kazakistan\u2019da \u00fcr\u00fcyor. S\u00fcrmeli k\u0131zku\u015flar\u0131 her y\u0131l Anadolu \u00fczerinden Orta Do\u011fu ve Sudan\u2019a kadar uzun bir g\u00f6\u00e7 yolculu\u011fu yap\u0131yor. Mu\u015f Bulan\u0131k ve [&#8230;]<\/p>\n<p><a class=\"dd-btn dd-btn-secondary text-sm\" href=\"https:\/\/dogadernegi.org\/tr\/calismalarimiz\/biyocesitlilik-ve-iklim\/turler\/surmeli-kizkusu\/\">Daha Fazlas\u0131n\u0131 Oku&#8230;<span class=\"dd-sr-only\"> from S\u00fcrmeli K\u0131zku\u015fu<\/span><\/a><\/p>\n","protected":false},"author":10,"featured_media":0,"parent":25810,"menu_order":0,"comment_status":"closed","ping_status":"closed","template":"page-templates\/fullheightcover.php","meta":{"_acf_changed":false,"_uag_custom_page_level_css":"","footnotes":""},"class_list":["post-26900","page","type-page","status-publish","hentry"],"acf":[],"uagb_featured_image_src":{"full":false,"thumbnail":false,"medium":false,"medium_large":false,"large":false,"1536x1536":false,"2048x2048":false},"uagb_author_info":{"display_name":"A. Erdem \u015eent\u00fcrk","author_link":"https:\/\/dogadernegi.org\/tr\/author\/erdem\/"},"uagb_comment_info":0,"uagb_excerpt":"S\u00fcrmeli k\u0131zku\u015fu (Vanellus gregarius), D\u00fcnya Do\u011fa Koruma Birli\u011fi (IUCN) taraf\u0131ndan nesli kritik d\u00fczeyde tehdit alt\u0131nda (CR) olarak de\u011ferlendiriliyor. D\u00fcnya \u00fczerinde 11 bin 200 yeti\u015fkin bireyin kald\u0131\u011f\u0131 tahmin ediliyor ve ya\u015fayan son bireyler Rusya ve Kazakistan\u2019da \u00fcr\u00fcyor. S\u00fcrmeli k\u0131zku\u015flar\u0131 her y\u0131l Anadolu \u00fczerinden Orta Do\u011fu ve Sudan\u2019a kadar uzun bir g\u00f6\u00e7 yolculu\u011fu yap\u0131yor. Mu\u015f Bulan\u0131k ve&hellip;","_links":{"self":[{"href":"https:\/\/dogadernegi.org\/tr\/wp-json\/wp\/v2\/pages\/26900","targetHints":{"allow":["GET"]}}],"collection":[{"href":"https:\/\/dogadernegi.org\/tr\/wp-json\/wp\/v2\/pages"}],"about":[{"href":"https:\/\/dogadernegi.org\/tr\/wp-json\/wp\/v2\/types\/page"}],"author":[{"embeddable":true,"href":"https:\/\/dogadernegi.org\/tr\/wp-json\/wp\/v2\/users\/10"}],"replies":[{"embeddable":true,"href":"https:\/\/dogadernegi.org\/tr\/wp-json\/wp\/v2\/comments?post=26900"}],"version-history":[{"count":0,"href":"https:\/\/dogadernegi.org\/tr\/wp-json\/wp\/v2\/pages\/26900\/revisions"}],"up":[{"embeddable":true,"href":"https:\/\/dogadernegi.org\/tr\/wp-json\/wp\/v2\/pages\/25810"}],"wp:attachment":[{"href":"https:\/\/dogadernegi.org\/tr\/wp-json\/wp\/v2\/media?parent=26900"}],"curies":[{"name":"wp","href":"https:\/\/api.w.org\/{rel}","templated":true}]}}