{"id":26914,"date":"2025-08-15T15:24:59","date_gmt":"2025-08-15T12:24:59","guid":{"rendered":"https:\/\/dogadernegi.org\/?page_id=26914"},"modified":"2026-02-01T03:42:42","modified_gmt":"2026-02-01T00:42:42","slug":"dag-horozu","status":"publish","type":"page","link":"https:\/\/dogadernegi.org\/tr\/calismalarimiz\/biyocesitlilik-ve-iklim\/turler\/dag-horozu\/","title":{"rendered":"Da\u011f Horozu"},"content":{"rendered":"\n<p>K\u00fcresel \u00f6l\u00e7ekte tehdide a\u00e7\u0131k (NT) stat\u00fcs\u00fcnde olan da\u011f horozu (<em>Lyrurus mlokosiewiczi<\/em>) y\u00fcksek da\u011flarda 1500 metrenin \u00fczerinde ya\u015f\u0131yor. Kafkasya\u2019ya endemik olan bu t\u00fcr G\u00fcrcistan, \u0130ran, Rusya, Ermenistan ve T\u00fcrkiye\u2019nin kuzeydo\u011fusunda yerle\u015fik olarak ya\u015f\u0131yor. \u00dclkemizde Trabzon, Erzurum, Rize, Bing\u00f6l, Artvin ve Ardahan\u2019\u0131n ormang\u00fcllerini ve yo\u011fun hu\u015f \u00e7al\u0131l\u0131klar\u0131n\u0131 bar\u0131nd\u0131ran b\u00f6lgelerde g\u00f6zlemlenebiliyor. Ayr\u0131ca da\u011f horozlar\u0131, pa\u00e7al\u0131 tavuklar (<em>Tetraoninae<\/em>) ailesinin 18 t\u00fcr\u00fcn\u00fcn T\u00fcrkiye\u2019de ya\u015fayan tek temsilcisi. Say\u0131lar\u0131 azalan da\u011f horozunun D\u00fcnya Do\u011fa Koruma Birli\u011fi (IUCN) 2023 y\u0131l\u0131 de\u011ferlendirmesine g\u00f6re d\u00fcnyada sadece 28.000- 58.000 yeti\u015fkin birey kald\u0131\u011f\u0131 tahmin ediliyor. Ara\u015ft\u0131rmalar, da\u011f horozlar\u0131n\u0131n T\u00fcrkiye\u2019de 1000- 1500 bireyi oldu\u011funu g\u00f6steriyor. 2005\u20132006 y\u0131llar\u0131 aras\u0131nda toplad\u0131\u011f\u0131m\u0131z habitat bilgileri ve yap\u0131lan modelleme \u00e7al\u0131\u015fmalar\u0131, T\u00fcrkiye\u2019de yakla\u015f\u0131k 4800 da\u011f horozunun yay\u0131l\u0131\u015f g\u00f6sterme potansiyeli oldu\u011funu g\u00f6steriyor.<\/p>\n\n\n\n<p>Ekosistemin sa\u011fl\u0131kl\u0131 i\u015fleyip i\u015flemedi\u011fi hakk\u0131nda \u00f6nemli bilgiler sunan ve g\u00f6sterge t\u00fcrlerden say\u0131lan da\u011f horozlar\u0131; avc\u0131l\u0131k, plans\u0131z ormanc\u0131l\u0131k faaliyetleri, yap\u0131la\u015fma, a\u015f\u0131r\u0131 otlatma, yol yap\u0131m\u0131 nedeniyle habitat kayb\u0131, yumurta toplama ve ya\u015fam alanlar\u0131nda ger\u00e7ekle\u015ftirilen turizm faaliyetleri gibi tehlikelerle kar\u015f\u0131 kar\u015f\u0131ya.<\/p>\n\n\n\n<p>Da\u011f horozuna y\u00f6nelik T\u00fcrkiye\u2019deki geni\u015f kapsaml\u0131 ilk \u00e7al\u0131\u015fma 1997\u20131998 y\u0131llar\u0131 aras\u0131nda ger\u00e7ekle\u015ftirildi. Bu bulgulardan yola \u00e7\u0131karak t\u00fcr hakk\u0131ndaki bilgi d\u00fczeyini art\u0131rmak ve t\u00fcr\u00fcn T\u00fcrkiye\u2019deki pop\u00fclasyon durumunu belirlemek amac\u0131yla 2005\u20132006 y\u0131llar\u0131 aras\u0131nda \u201cT\u00fcrkiye\u2019de Da\u011f Horozunun Koruma Stat\u00fcs\u00fcn\u00fc \u0130yile\u015ftirme Projesi\u2019ni\u201d y\u00fcr\u00fctt\u00fck. \u00c7al\u0131\u015fmam\u0131z sonucunda t\u00fcr\u00fcn da\u011f\u0131l\u0131m\u0131 ve ekolojisiyle ilgili detayl\u0131 veriler toplad\u0131k ve b\u00f6lgede t\u00fcre y\u00f6nelik tehditleri belirledik.&nbsp;<\/p>\n\n\n\n<p>\u00c7al\u0131\u015fma sahas\u0131nda toplam 45 farkl\u0131 alanda da\u011f horozu g\u00f6zlemledik. T\u00fcr \u00fczerine yapt\u0131\u011f\u0131m\u0131z \u00e7al\u0131\u015fmalar\u0131m\u0131za, 2007\u20132008 y\u0131llar\u0131 aras\u0131nda Do\u011fu Karadeniz B\u00f6lgesi\u2019nde \u201cS\u0131n\u0131r \u00d6tesi \u0130\u015fbirli\u011fi ve \u00d6nemli Do\u011fa Alan\u0131 Koruma E\u011fitim Program\u0131 Olu\u015fturulmas\u0131yla Bat\u0131 A\u015fa\u011f\u0131 Kafkaslar B\u00f6lgesinde Do\u011fa Koruman\u0131n G\u00fc\u00e7lendirilmesi\u201d projesi ile devam ettik. Bu \u00e7al\u0131\u015fma kapsam\u0131nda T\u00fcrkiye ve G\u00fcrcistan aras\u0131nda, ortak korunan alanlara y\u00f6nelik politika geli\u015ftirme ve kapasite art\u0131rma faaliyetlerini ger\u00e7ekle\u015ftirdik. 2009 y\u0131l\u0131nda katk\u0131lar\u0131m\u0131zla haz\u0131rlanan Posof YHGS Y\u00f6netim Plan\u0131 uyar\u0131nca Ardahan ili s\u0131n\u0131rlar\u0131 i\u00e7erisinde yer alan Posof Yaban Hayat\u0131 Geli\u015ftirme Sahas\u0131\u2019nda da\u011f horozlar\u0131n\u0131n envanterini \u00e7\u0131kard\u0131k. B\u00f6lgede 93\u2019\u00fc erkek 26\u2019s\u0131 di\u015fi olmak \u00fczere toplam 119 da\u011f horozu kaydettik.&nbsp;<\/p>\n\n\n\n<p>Do\u011fu Karadeniz B\u00f6lgesi\u2019nde ger\u00e7ekle\u015ftirdi\u011fimiz faaliyetlerle da\u011f horozunun yo\u011fun olarak ya\u015fad\u0131\u011f\u0131 Rize \u0130kizdere b\u00f6lgesinde y\u00f6re halk\u0131n\u0131n t\u00fcr\u00fcn korunmas\u0131 i\u00e7in y\u00fcr\u00fct\u00fclen \u00e7al\u0131\u015fmalara dahil olmas\u0131 sa\u011fland\u0131. Bu kapsamda, \u0130kizdere Da\u011f Horozu \u015eenlikleri ba\u015flat\u0131ld\u0131. Uzun y\u0131llard\u0131r b\u00f6lgede ger\u00e7ekle\u015ftirdi\u011fimiz koruma ve fark\u0131ndal\u0131k \u00e7al\u0131\u015fmalar\u0131n\u0131 y\u00f6re halk\u0131na ve yerel topluluklarla s\u00fcrd\u00fcr\u00fcyoruz. \u0130kizdere Da\u011f Horozu \u015eenlikleri her y\u0131l belediye taraf\u0131ndan geni\u015f bir kat\u0131l\u0131m ve ilgiyle ger\u00e7ekle\u015ftirilmeye devam ediyor.&nbsp;&nbsp;<\/p>\n\n\n\n<div class=\"wp-block-uagb-container uagb-block-4fd4d8a3 alignfull uagb-is-root-container\"><div class=\"uagb-container-inner-blocks-wrap\">\n\t\t\t<div class=\"wp-block-uagb-post-grid uagb-post-grid  uagb-post__image-position-top uagb-post__image-enabled uagb-block-714e4fc9     uagb-post__items uagb-post__columns-4 is-grid uagb-post__columns-tablet-2 uagb-post__columns-mobile-1 uagb-post__equal-height uagb-equal_height_inline-read-more-buttons\" data-total=\"13\" style=\"\">\n\n\t\t\t\t\t\t\t\t\t\t\t\t<article class=\"uagb-post__inner-wrap\">\t\t\t\t\t\t\t\t<div class='uagb-post__image'>\n\t\t\t\t\t\t\t\t\t<a href=\"https:\/\/dogadernegi.org\/tr\/dunya-sulak-alanlar-gunu-icin-gediz-deltasinda-bulusuyoruz\/\" target=\"_self\" rel=\"bookmark noopener noreferrer\" class='uagb-image-ratio-inherit'><img loading=\"lazy\" decoding=\"async\" width=\"300\" height=\"300\" src=\"https:\/\/dogadernegi.org\/wp-content\/uploads\/2026\/01\/DSAG2026_1subat_twpost-300x300.jpg\" class=\"attachment-thumbnail size-thumbnail\" alt=\"\" \/>\t\t\t\t\t<\/a>\n\t\t\t\t\t\t\t<\/div>\n\t\t\t\t\t\t<h6 class=\"uagb-post__title uagb-post__text\">\n\t\t\t\t<a href=\"https:\/\/dogadernegi.org\/tr\/dunya-sulak-alanlar-gunu-icin-gediz-deltasinda-bulusuyoruz\/\" target=\"_self\" rel=\"bookmark noopener noreferrer\">D\u00fcnya Sulak Alanlar G\u00fcn\u00fc i\u00e7in Gediz Deltas\u0131\u2019nda bulu\u015fuyoruz!<\/a>\n\t\t\t<\/h6>\n\t\t\t\t\t\t<div class='uagb-post__text uagb-post-grid-byline'>\n\t\t\t\t\t\t\t\t<time datetime=\"2026-01-21T18:01:57+03:00\" class=\"uagb-post__date\">\n\t\t\t\t<span class=\"dashicons-calendar dashicons\"><\/span>\t\t\t\t\t21 Ocak 2026\t\t\t\t<\/time>\n\t\t\t\t\t\t<\/div>\n\t\t\t\t\t\t\t<div class='uagb-post__text uagb-post__excerpt'>\n\t\t\t\t\t<p>\u00dclkemizde en fazla tehdit alt\u0131nda olan ekosistemlerin ba\u015f\u0131nda sulak alanlar geliyor. Sulak alanlar; su d\u00f6ng\u00fcs\u00fcn\u00fcn&#8230;\t\t\t\t<\/div>\n\t\t\t\t\t\t<div class=\"uagb-post__text uagb-post__cta wp-block-button\">\n\t\t\t\t<a class=\"wp-block-button__link uagb-text-link\" style=\"\" href=\"https:\/\/dogadernegi.org\/tr\/dunya-sulak-alanlar-gunu-icin-gediz-deltasinda-bulusuyoruz\/\" target=\"_self\" rel=\"bookmark noopener noreferrer\">Devam\u0131<\/a>\n\t\t\t<\/div>\n\t\t\t\n\t\t\t\t\t\t\t\t\t<\/article>\n\t\t\t\t\t\t\t\t\t\t\t\t\t\t\t\t<article class=\"uagb-post__inner-wrap\">\t\t\t\t\t\t\t\t<div class='uagb-post__image'>\n\t\t\t\t\t\t\t\t\t<a href=\"https:\/\/dogadernegi.org\/tr\/gediz-deltasinda-yeni-bir-kus-turu-uzun-gagali-sucullugu-artik-turkiye-kus-listesinde\/\" target=\"_self\" rel=\"bookmark noopener noreferrer\" class='uagb-image-ratio-inherit'><img loading=\"lazy\" decoding=\"async\" width=\"300\" height=\"300\" src=\"https:\/\/dogadernegi.org\/wp-content\/uploads\/2025\/10\/UGS_2025-twpost-300x300.jpg\" class=\"attachment-thumbnail size-thumbnail\" alt=\"\" \/>\t\t\t\t\t<\/a>\n\t\t\t\t\t\t\t<\/div>\n\t\t\t\t\t\t<h6 class=\"uagb-post__title uagb-post__text\">\n\t\t\t\t<a href=\"https:\/\/dogadernegi.org\/tr\/gediz-deltasinda-yeni-bir-kus-turu-uzun-gagali-sucullugu-artik-turkiye-kus-listesinde\/\" target=\"_self\" rel=\"bookmark noopener noreferrer\">Gediz Deltas\u0131\u2019nda Yeni Bir Ku\u015f T\u00fcr\u00fc; Uzun Gagal\u0131 Su\u00e7ullu\u011fu art\u0131k T\u00fcrkiye ku\u015f listesinde!<\/a>\n\t\t\t<\/h6>\n\t\t\t\t\t\t<div class='uagb-post__text uagb-post-grid-byline'>\n\t\t\t\t\t\t\t\t<time datetime=\"2025-10-31T09:52:36+03:00\" class=\"uagb-post__date\">\n\t\t\t\t<span class=\"dashicons-calendar dashicons\"><\/span>\t\t\t\t\t31 Ekim 2025\t\t\t\t<\/time>\n\t\t\t\t\t\t<\/div>\n\t\t\t\t\t\t\t<div class='uagb-post__text uagb-post__excerpt'>\n\t\t\t\t\t<p>\u0130zmir\u2019in Gediz Deltas\u0131, bir kez daha ku\u015f \u00e7e\u015fitlili\u011fi a\u00e7\u0131s\u0131ndan ne kadar \u00f6nemli oldu\u011funu g\u00f6sterdi. T\u00fcrkiye\u2019de&#8230;\t\t\t\t<\/div>\n\t\t\t\t\t\t<div class=\"uagb-post__text uagb-post__cta wp-block-button\">\n\t\t\t\t<a class=\"wp-block-button__link uagb-text-link\" style=\"\" href=\"https:\/\/dogadernegi.org\/tr\/gediz-deltasinda-yeni-bir-kus-turu-uzun-gagali-sucullugu-artik-turkiye-kus-listesinde\/\" target=\"_self\" rel=\"bookmark noopener noreferrer\">Devam\u0131<\/a>\n\t\t\t<\/div>\n\t\t\t\n\t\t\t\t\t\t\t\t\t<\/article>\n\t\t\t\t\t\t\t\t\t\t\t\t\t\t\t\t<article class=\"uagb-post__inner-wrap\">\t\t\t\t\t\t\t\t<div class='uagb-post__image'>\n\t\t\t\t\t\t\t\t\t<a href=\"https:\/\/dogadernegi.org\/tr\/avrupa-kus-gozlem-gununde-turkiyedeki-kus-gozlemciler-21-noktada-bulustu\/\" target=\"_self\" rel=\"bookmark noopener noreferrer\" class='uagb-image-ratio-inherit'><img loading=\"lazy\" decoding=\"async\" width=\"300\" height=\"300\" src=\"https:\/\/dogadernegi.org\/wp-content\/uploads\/2025\/10\/IMG_1091-scaled-1-300x300.jpg\" class=\"attachment-thumbnail size-thumbnail\" alt=\"\" \/>\t\t\t\t\t<\/a>\n\t\t\t\t\t\t\t<\/div>\n\t\t\t\t\t\t<h6 class=\"uagb-post__title uagb-post__text\">\n\t\t\t\t<a href=\"https:\/\/dogadernegi.org\/tr\/avrupa-kus-gozlem-gununde-turkiyedeki-kus-gozlemciler-21-noktada-bulustu\/\" target=\"_self\" rel=\"bookmark noopener noreferrer\">Avrupa Ku\u015f G\u00f6zlem G\u00fcn\u00fc\u2019nde T\u00fcrkiye\u2019deki Ku\u015f G\u00f6zlemciler 21 Noktada Bulu\u015ftu<\/a>\n\t\t\t<\/h6>\n\t\t\t\t\t\t<div class='uagb-post__text uagb-post-grid-byline'>\n\t\t\t\t\t\t\t\t<time datetime=\"2025-10-06T16:02:30+03:00\" class=\"uagb-post__date\">\n\t\t\t\t<span class=\"dashicons-calendar dashicons\"><\/span>\t\t\t\t\t6 Ekim 2025\t\t\t\t<\/time>\n\t\t\t\t\t\t<\/div>\n\t\t\t\t\t\t\t<div class='uagb-post__text uagb-post__excerpt'>\n\t\t\t\t\t<p>Do\u011fa Derne\u011fi\u2019nin T\u00fcrkiye orta\u011f\u0131 oldu\u011fu D\u00fcnya Ku\u015flar\u0131 Koruma Kurumu (BirdLife International) taraf\u0131ndan 1993 y\u0131l\u0131ndan bu&#8230;\t\t\t\t<\/div>\n\t\t\t\t\t\t<div class=\"uagb-post__text uagb-post__cta wp-block-button\">\n\t\t\t\t<a class=\"wp-block-button__link uagb-text-link\" style=\"\" href=\"https:\/\/dogadernegi.org\/tr\/avrupa-kus-gozlem-gununde-turkiyedeki-kus-gozlemciler-21-noktada-bulustu\/\" target=\"_self\" rel=\"bookmark noopener noreferrer\">Devam\u0131<\/a>\n\t\t\t<\/div>\n\t\t\t\n\t\t\t\t\t\t\t\t\t<\/article>\n\t\t\t\t\t\t\t\t\t\t\t\t\t\t\t\t<article class=\"uagb-post__inner-wrap\">\t\t\t\t\t\t\t\t<div class='uagb-post__image'>\n\t\t\t\t\t\t\t\t\t<a href=\"https:\/\/dogadernegi.org\/tr\/the-killing-3-0-raporuna-gore-kuslarin-yasa-disi-oldurulmesi-artiyor\/\" target=\"_self\" rel=\"bookmark noopener noreferrer\" class='uagb-image-ratio-inherit'><img loading=\"lazy\" decoding=\"async\" width=\"300\" height=\"300\" src=\"https:\/\/dogadernegi.org\/wp-content\/uploads\/2025\/07\/25MILYONKUS_2025-twpost-300x300.jpg\" class=\"attachment-thumbnail size-thumbnail\" alt=\"\" \/>\t\t\t\t\t<\/a>\n\t\t\t\t\t\t\t<\/div>\n\t\t\t\t\t\t<h6 class=\"uagb-post__title uagb-post__text\">\n\t\t\t\t<a href=\"https:\/\/dogadernegi.org\/tr\/the-killing-3-0-raporuna-gore-kuslarin-yasa-disi-oldurulmesi-artiyor\/\" target=\"_self\" rel=\"bookmark noopener noreferrer\">\u201cThe Killing 3.0\u201d Raporu\u2019na G\u00f6re Ku\u015flar\u0131n Yasa D\u0131\u015f\u0131 \u00d6ld\u00fcr\u00fclmesi Art\u0131yor<\/a>\n\t\t\t<\/h6>\n\t\t\t\t\t\t<div class='uagb-post__text uagb-post-grid-byline'>\n\t\t\t\t\t\t\t\t<time datetime=\"2025-07-23T12:06:08+03:00\" class=\"uagb-post__date\">\n\t\t\t\t<span class=\"dashicons-calendar dashicons\"><\/span>\t\t\t\t\t23 Temmuz 2025\t\t\t\t<\/time>\n\t\t\t\t\t\t<\/div>\n\t\t\t\t\t\t\t<div class='uagb-post__text uagb-post__excerpt'>\n\t\t\t\t\t<p>D\u00fcnya Ku\u015flar\u0131 Koruma Kurumu (BirdLife International) ve Avrupa Do\u011fa Vakf\u0131 (EuroNatur) taraf\u0131ndan haz\u0131rlanan \u201cYok Edili\u015f&#8230;\t\t\t\t<\/div>\n\t\t\t\t\t\t<div class=\"uagb-post__text uagb-post__cta wp-block-button\">\n\t\t\t\t<a class=\"wp-block-button__link uagb-text-link\" style=\"\" href=\"https:\/\/dogadernegi.org\/tr\/the-killing-3-0-raporuna-gore-kuslarin-yasa-disi-oldurulmesi-artiyor\/\" target=\"_self\" rel=\"bookmark noopener noreferrer\">Devam\u0131<\/a>\n\t\t\t<\/div>\n\t\t\t\n\t\t\t\t\t\t\t\t\t<\/article>\n\t\t\t\t\t\t\t\t\t\t\t\t\t\t\t\t<article class=\"uagb-post__inner-wrap\">\t\t\t\t\t\t\t\t<div class='uagb-post__image'>\n\t\t\t\t\t\t\t\t\t<a href=\"https:\/\/dogadernegi.org\/tr\/22-turkiye-kus-konferansi-izmirde-gerceklesti\/\" target=\"_self\" rel=\"bookmark noopener noreferrer\" class='uagb-image-ratio-inherit'><img loading=\"lazy\" decoding=\"async\" width=\"300\" height=\"300\" src=\"https:\/\/dogadernegi.org\/wp-content\/uploads\/2025\/06\/IMG_2136-scaled-1-300x300.jpg\" class=\"attachment-thumbnail size-thumbnail\" alt=\"\" \/>\t\t\t\t\t<\/a>\n\t\t\t\t\t\t\t<\/div>\n\t\t\t\t\t\t<h6 class=\"uagb-post__title uagb-post__text\">\n\t\t\t\t<a href=\"https:\/\/dogadernegi.org\/tr\/22-turkiye-kus-konferansi-izmirde-gerceklesti\/\" target=\"_self\" rel=\"bookmark noopener noreferrer\">22. T\u00fcrkiye Ku\u015f Konferans\u0131 \u0130zmir\u2019de Ger\u00e7ekle\u015fti<\/a>\n\t\t\t<\/h6>\n\t\t\t\t\t\t<div class='uagb-post__text uagb-post-grid-byline'>\n\t\t\t\t\t\t\t\t<time datetime=\"2025-06-16T13:09:18+03:00\" class=\"uagb-post__date\">\n\t\t\t\t<span class=\"dashicons-calendar dashicons\"><\/span>\t\t\t\t\t16 Haziran 2025\t\t\t\t<\/time>\n\t\t\t\t\t\t<\/div>\n\t\t\t\t\t\t\t<div class='uagb-post__text uagb-post__excerpt'>\n\t\t\t\t\t<p>Bu y\u0131l 22\u2019ncisini d\u00fczenledi\u011fimiz T\u00fcrkiye Ku\u015f Konferans\u0131, Kuruyan G\u00f6ller ve Tatl\u0131 Su Ekosistemleri temas\u0131yla 14-15&#8230;\t\t\t\t<\/div>\n\t\t\t\t\t\t<div class=\"uagb-post__text uagb-post__cta wp-block-button\">\n\t\t\t\t<a class=\"wp-block-button__link uagb-text-link\" style=\"\" href=\"https:\/\/dogadernegi.org\/tr\/22-turkiye-kus-konferansi-izmirde-gerceklesti\/\" target=\"_self\" rel=\"bookmark noopener noreferrer\">Devam\u0131<\/a>\n\t\t\t<\/div>\n\t\t\t\n\t\t\t\t\t\t\t\t\t<\/article>\n\t\t\t\t\t\t\t\t\t\t\t\t\t\t\t\t<article class=\"uagb-post__inner-wrap\">\t\t\t\t\t\t\t\t<div class='uagb-post__image'>\n\t\t\t\t\t\t\t\t\t<a href=\"https:\/\/dogadernegi.org\/tr\/22-turkiye-kus-konferansi\/\" target=\"_self\" rel=\"bookmark noopener noreferrer\" class='uagb-image-ratio-inherit'><img loading=\"lazy\" decoding=\"async\" width=\"300\" height=\"300\" src=\"https:\/\/dogadernegi.org\/wp-content\/uploads\/2025\/01\/TKK2025-1920x1080-1-300x300.jpg\" class=\"attachment-thumbnail size-thumbnail\" alt=\"\" \/>\t\t\t\t\t<\/a>\n\t\t\t\t\t\t\t<\/div>\n\t\t\t\t\t\t<h6 class=\"uagb-post__title uagb-post__text\">\n\t\t\t\t<a href=\"https:\/\/dogadernegi.org\/tr\/22-turkiye-kus-konferansi\/\" target=\"_self\" rel=\"bookmark noopener noreferrer\">22. T\u00fcrkiye Ku\u015f Konferans\u0131: Kuruyan G\u00f6ller ve Tatl\u0131 Su Ekosistemleri Temas\u0131yla 14-15 Haziran 2025&#8217;te \u0130zmir&#8217;de<\/a>\n\t\t\t<\/h6>\n\t\t\t\t\t\t<div class='uagb-post__text uagb-post-grid-byline'>\n\t\t\t\t\t\t\t\t<time datetime=\"2025-01-16T16:50:32+03:00\" class=\"uagb-post__date\">\n\t\t\t\t<span class=\"dashicons-calendar dashicons\"><\/span>\t\t\t\t\t16 Ocak 2025\t\t\t\t<\/time>\n\t\t\t\t\t\t<\/div>\n\t\t\t\t\t\t\t<div class='uagb-post__text uagb-post__excerpt'>\n\t\t\t\t\t<p>D\u00fcnya y\u00fczeyinin yaln\u0131zca y\u00fczde 6\u2019s\u0131n\u0131 kaplayan sulak alanlar, turbal\u0131klardan deltalara, nehirlerden g\u00f6llere ve lag\u00fcnlere kadar&#8230;\t\t\t\t<\/div>\n\t\t\t\t\t\t<div class=\"uagb-post__text uagb-post__cta wp-block-button\">\n\t\t\t\t<a class=\"wp-block-button__link uagb-text-link\" style=\"\" href=\"https:\/\/dogadernegi.org\/tr\/22-turkiye-kus-konferansi\/\" target=\"_self\" rel=\"bookmark noopener noreferrer\">Devam\u0131<\/a>\n\t\t\t<\/div>\n\t\t\t\n\t\t\t\t\t\t\t\t\t<\/article>\n\t\t\t\t\t\t\t\t\t\t\t\t\t\t\t\t<article class=\"uagb-post__inner-wrap\">\t\t\t\t\t\t\t\t<div class='uagb-post__image'>\n\t\t\t\t\t\t\t\t\t<a href=\"https:\/\/dogadernegi.org\/tr\/dunya-doga-koruma-birligi-iucn-16-kus-turunun-durumunun-kotuye-gittigini-acikladi-bunlardan-5i-turkiyede-gorulen-turler\/\" target=\"_self\" rel=\"bookmark noopener noreferrer\" class='uagb-image-ratio-inherit'><img loading=\"lazy\" decoding=\"async\" width=\"300\" height=\"300\" src=\"https:\/\/dogadernegi.org\/wp-content\/uploads\/2024\/11\/Gumus-yagmurcun_Alper-Tuydes-scaled-1-300x300.jpg\" class=\"attachment-thumbnail size-thumbnail\" alt=\"\" \/>\t\t\t\t\t<\/a>\n\t\t\t\t\t\t\t<\/div>\n\t\t\t\t\t\t<h6 class=\"uagb-post__title uagb-post__text\">\n\t\t\t\t<a href=\"https:\/\/dogadernegi.org\/tr\/dunya-doga-koruma-birligi-iucn-16-kus-turunun-durumunun-kotuye-gittigini-acikladi-bunlardan-5i-turkiyede-gorulen-turler\/\" target=\"_self\" rel=\"bookmark noopener noreferrer\">D\u00fcnya Do\u011fa Koruma Birli\u011fi (IUCN) 16 ku\u015f t\u00fcr\u00fcn\u00fcn durumunun k\u00f6t\u00fcye gitti\u011fini a\u00e7\u0131klad\u0131, bunlardan 5\u2019i T\u00fcrkiye\u2019de g\u00f6r\u00fclen t\u00fcrler<\/a>\n\t\t\t<\/h6>\n\t\t\t\t\t\t<div class='uagb-post__text uagb-post-grid-byline'>\n\t\t\t\t\t\t\t\t<time datetime=\"2024-11-06T16:29:45+03:00\" class=\"uagb-post__date\">\n\t\t\t\t<span class=\"dashicons-calendar dashicons\"><\/span>\t\t\t\t\t6 Kas\u0131m 2024\t\t\t\t<\/time>\n\t\t\t\t\t\t<\/div>\n\t\t\t\t\t\t\t<div class='uagb-post__text uagb-post__excerpt'>\n\t\t\t\t\t<p>Gu\u0308mu\u0308s\u0327 yag\u0306murcun, Alper Tu\u0308ydes\u0327 IUCN, 2024 Ekim ay\u0131nda d\u00fcnya genelinde 16 k\u0131y\u0131 ku\u015fu t\u00fcr\u00fcn\u00fcn tehdit&#8230;\t\t\t\t<\/div>\n\t\t\t\t\t\t<div class=\"uagb-post__text uagb-post__cta wp-block-button\">\n\t\t\t\t<a class=\"wp-block-button__link uagb-text-link\" style=\"\" href=\"https:\/\/dogadernegi.org\/tr\/dunya-doga-koruma-birligi-iucn-16-kus-turunun-durumunun-kotuye-gittigini-acikladi-bunlardan-5i-turkiyede-gorulen-turler\/\" target=\"_self\" rel=\"bookmark noopener noreferrer\">Devam\u0131<\/a>\n\t\t\t<\/div>\n\t\t\t\n\t\t\t\t\t\t\t\t\t<\/article>\n\t\t\t\t\t\t\t\t\t\t\t\t\t\t\t\t<article class=\"uagb-post__inner-wrap\">\t\t\t\t\t\t\t\t<div class='uagb-post__image'>\n\t\t\t\t\t\t\t\t\t<a href=\"https:\/\/dogadernegi.org\/tr\/21-turkiye-kus-konferansi-ankarada-gerceklesti\/\" target=\"_self\" rel=\"bookmark noopener noreferrer\" class='uagb-image-ratio-inherit'><img loading=\"lazy\" decoding=\"async\" width=\"300\" height=\"300\" src=\"https:\/\/dogadernegi.org\/wp-content\/uploads\/2024\/10\/1X9A8060-scaled-1-300x300.jpg\" class=\"attachment-thumbnail size-thumbnail\" alt=\"\" \/>\t\t\t\t\t<\/a>\n\t\t\t\t\t\t\t<\/div>\n\t\t\t\t\t\t<h6 class=\"uagb-post__title uagb-post__text\">\n\t\t\t\t<a href=\"https:\/\/dogadernegi.org\/tr\/21-turkiye-kus-konferansi-ankarada-gerceklesti\/\" target=\"_self\" rel=\"bookmark noopener noreferrer\">21. T\u00fcrkiye Ku\u015f Konferans\u0131 Ankara\u2019da Ger\u00e7ekle\u015fti.<\/a>\n\t\t\t<\/h6>\n\t\t\t\t\t\t<div class='uagb-post__text uagb-post-grid-byline'>\n\t\t\t\t\t\t\t\t<time datetime=\"2024-10-21T12:58:15+03:00\" class=\"uagb-post__date\">\n\t\t\t\t<span class=\"dashicons-calendar dashicons\"><\/span>\t\t\t\t\t21 Ekim 2024\t\t\t\t<\/time>\n\t\t\t\t\t\t<\/div>\n\t\t\t\t\t\t\t<div class='uagb-post__text uagb-post__excerpt'>\n\t\t\t\t\t<p>18-20 Ekim tarihlerinde Gazi \u00dcniversitesi\u2019nde ger\u00e7ekle\u015ftirdi\u011fimiz 21. T\u00fcrkiye Ku\u015f Konferans\u0131\u2019nda bu y\u0131l \u201cYaban Hayat\u0131 Su\u00e7lar\u0131&#8230;\t\t\t\t<\/div>\n\t\t\t\t\t\t<div class=\"uagb-post__text uagb-post__cta wp-block-button\">\n\t\t\t\t<a class=\"wp-block-button__link uagb-text-link\" style=\"\" href=\"https:\/\/dogadernegi.org\/tr\/21-turkiye-kus-konferansi-ankarada-gerceklesti\/\" target=\"_self\" rel=\"bookmark noopener noreferrer\">Devam\u0131<\/a>\n\t\t\t<\/div>\n\t\t\t\n\t\t\t\t\t\t\t\t\t<\/article>\n\t\t\t\t\t\t\t\t\t\t\t<\/div>\n\t\t\t<\/div><\/div>\n","protected":false},"excerpt":{"rendered":"<p>K\u00fcresel \u00f6l\u00e7ekte tehdide a\u00e7\u0131k (NT) stat\u00fcs\u00fcnde olan da\u011f horozu (Lyrurus mlokosiewiczi) y\u00fcksek da\u011flarda 1500 metrenin \u00fczerinde ya\u015f\u0131yor. Kafkasya\u2019ya endemik olan bu t\u00fcr G\u00fcrcistan, \u0130ran, Rusya, Ermenistan ve T\u00fcrkiye\u2019nin kuzeydo\u011fusunda yerle\u015fik olarak ya\u015f\u0131yor. \u00dclkemizde Trabzon, Erzurum, Rize, Bing\u00f6l, Artvin ve Ardahan\u2019\u0131n ormang\u00fcllerini ve yo\u011fun hu\u015f \u00e7al\u0131l\u0131klar\u0131n\u0131 bar\u0131nd\u0131ran b\u00f6lgelerde g\u00f6zlemlenebiliyor. Ayr\u0131ca da\u011f horozlar\u0131, pa\u00e7al\u0131 tavuklar (Tetraoninae) ailesinin [&#8230;]<\/p>\n<p><a class=\"dd-btn dd-btn-secondary text-sm\" href=\"https:\/\/dogadernegi.org\/tr\/calismalarimiz\/biyocesitlilik-ve-iklim\/turler\/dag-horozu\/\">Daha Fazlas\u0131n\u0131 Oku&#8230;<span class=\"dd-sr-only\"> from Da\u011f Horozu<\/span><\/a><\/p>\n","protected":false},"author":10,"featured_media":0,"parent":25810,"menu_order":0,"comment_status":"closed","ping_status":"closed","template":"page-templates\/fullheightcover.php","meta":{"_acf_changed":false,"_uag_custom_page_level_css":"","footnotes":""},"class_list":["post-26914","page","type-page","status-publish","hentry"],"acf":[],"uagb_featured_image_src":{"full":false,"thumbnail":false,"medium":false,"medium_large":false,"large":false,"1536x1536":false,"2048x2048":false},"uagb_author_info":{"display_name":"A. Erdem \u015eent\u00fcrk","author_link":"https:\/\/dogadernegi.org\/tr\/author\/erdem\/"},"uagb_comment_info":0,"uagb_excerpt":"K\u00fcresel \u00f6l\u00e7ekte tehdide a\u00e7\u0131k (NT) stat\u00fcs\u00fcnde olan da\u011f horozu (Lyrurus mlokosiewiczi) y\u00fcksek da\u011flarda 1500 metrenin \u00fczerinde ya\u015f\u0131yor. Kafkasya\u2019ya endemik olan bu t\u00fcr G\u00fcrcistan, \u0130ran, Rusya, Ermenistan ve T\u00fcrkiye\u2019nin kuzeydo\u011fusunda yerle\u015fik olarak ya\u015f\u0131yor. \u00dclkemizde Trabzon, Erzurum, Rize, Bing\u00f6l, Artvin ve Ardahan\u2019\u0131n ormang\u00fcllerini ve yo\u011fun hu\u015f \u00e7al\u0131l\u0131klar\u0131n\u0131 bar\u0131nd\u0131ran b\u00f6lgelerde g\u00f6zlemlenebiliyor. Ayr\u0131ca da\u011f horozlar\u0131, pa\u00e7al\u0131 tavuklar (Tetraoninae) ailesinin&hellip;","_links":{"self":[{"href":"https:\/\/dogadernegi.org\/tr\/wp-json\/wp\/v2\/pages\/26914","targetHints":{"allow":["GET"]}}],"collection":[{"href":"https:\/\/dogadernegi.org\/tr\/wp-json\/wp\/v2\/pages"}],"about":[{"href":"https:\/\/dogadernegi.org\/tr\/wp-json\/wp\/v2\/types\/page"}],"author":[{"embeddable":true,"href":"https:\/\/dogadernegi.org\/tr\/wp-json\/wp\/v2\/users\/10"}],"replies":[{"embeddable":true,"href":"https:\/\/dogadernegi.org\/tr\/wp-json\/wp\/v2\/comments?post=26914"}],"version-history":[{"count":0,"href":"https:\/\/dogadernegi.org\/tr\/wp-json\/wp\/v2\/pages\/26914\/revisions"}],"up":[{"embeddable":true,"href":"https:\/\/dogadernegi.org\/tr\/wp-json\/wp\/v2\/pages\/25810"}],"wp:attachment":[{"href":"https:\/\/dogadernegi.org\/tr\/wp-json\/wp\/v2\/media?parent=26914"}],"curies":[{"name":"wp","href":"https:\/\/api.w.org\/{rel}","templated":true}]}}