{"id":26959,"date":"2025-08-15T16:38:05","date_gmt":"2025-08-15T13:38:05","guid":{"rendered":"https:\/\/dogadernegi.org\/?page_id=26959"},"modified":"2026-03-20T21:13:35","modified_gmt":"2026-03-20T18:13:35","slug":"biyocesitlilik-ve-iklim","status":"publish","type":"page","link":"https:\/\/dogadernegi.org\/tr\/calismalarimiz\/biyocesitlilik-ve-iklim\/","title":{"rendered":"Biyo\u00e7e\u015fitlilik ve \u0130klim"},"content":{"rendered":"\n\n\n\n\n\n","protected":false},"excerpt":{"rendered":"<p>Biyo\u00e7e\u015fitlilik; genetik \u00e7e\u015fitlilik, t\u00fcr \u00e7e\u015fitlili\u011fi ve ekosistem \u00e7e\u015fitlili\u011fi olmak \u00fczere \u00fc\u00e7 temel d\u00fczeyde tan\u0131mlanan, yery\u00fcz\u00fcndeki t\u00fcm canl\u0131 t\u00fcrleri ile ya\u015fam alanlar\u0131n\u0131n olu\u015fturdu\u011fu bir b\u00fct\u00fcn. T\u00fcrler Foto\u011fraf: \u00a9 Kadir Dabak Foto\u011fraf: \u00a9 ? G\u00f6\u00e7 Yollar\u0131 Ku\u015flar milyonlarca y\u0131ld\u0131r g\u00f6\u00e7 ediyor. K\u0131\u015f aylar\u0131nda kuzey enlemleri so\u011fuk oldu\u011fu i\u00e7in ku\u015flar\u0131n bu alanlarda yiyecek bulmas\u0131 zorla\u015f\u0131yor. Ku\u015flar da beslenebilmek [&#8230;]<\/p>\n<p><a class=\"dd-btn dd-btn-secondary text-sm\" href=\"https:\/\/dogadernegi.org\/tr\/calismalarimiz\/biyocesitlilik-ve-iklim\/\">Daha Fazlas\u0131n\u0131 Oku&#8230;<span class=\"dd-sr-only\"> from Biyo\u00e7e\u015fitlilik ve \u0130klim<\/span><\/a><\/p>\n","protected":false},"author":10,"featured_media":24707,"parent":24438,"menu_order":0,"comment_status":"closed","ping_status":"closed","template":"page-templates\/fullheightcover.php","meta":{"_acf_changed":false,"_uag_custom_page_level_css":"","footnotes":""},"class_list":["post-26959","page","type-page","status-publish","has-post-thumbnail","hentry"],"acf":[],"uagb_featured_image_src":{"full":["https:\/\/dogadernegi.org\/wp-content\/uploads\/2018\/11\/cover-2-acigol-ali-ihsan-gokcen-scaled-1.jpg",2560,1554,false],"thumbnail":["https:\/\/dogadernegi.org\/wp-content\/uploads\/2018\/11\/cover-2-acigol-ali-ihsan-gokcen-scaled-1-300x300.jpg",300,300,true],"medium":["https:\/\/dogadernegi.org\/wp-content\/uploads\/2018\/11\/cover-2-acigol-ali-ihsan-gokcen-scaled-1-300x182.jpg",300,182,true],"medium_large":["https:\/\/dogadernegi.org\/wp-content\/uploads\/2018\/11\/cover-2-acigol-ali-ihsan-gokcen-scaled-1-768x466.jpg",768,466,true],"large":["https:\/\/dogadernegi.org\/wp-content\/uploads\/2018\/11\/cover-2-acigol-ali-ihsan-gokcen-scaled-1-1024x622.jpg",1024,622,true],"1536x1536":["https:\/\/dogadernegi.org\/wp-content\/uploads\/2018\/11\/cover-2-acigol-ali-ihsan-gokcen-scaled-1-1536x932.jpg",1536,932,true],"2048x2048":["https:\/\/dogadernegi.org\/wp-content\/uploads\/2018\/11\/cover-2-acigol-ali-ihsan-gokcen-scaled-1-2048x1243.jpg",2048,1243,true]},"uagb_author_info":{"display_name":"A. Erdem \u015eent\u00fcrk","author_link":"https:\/\/dogadernegi.org\/tr\/author\/erdem\/"},"uagb_comment_info":0,"uagb_excerpt":"Biyo\u00e7e\u015fitlilik; genetik \u00e7e\u015fitlilik, t\u00fcr \u00e7e\u015fitlili\u011fi ve ekosistem \u00e7e\u015fitlili\u011fi olmak \u00fczere \u00fc\u00e7 temel d\u00fczeyde tan\u0131mlanan, yery\u00fcz\u00fcndeki t\u00fcm canl\u0131 t\u00fcrleri ile ya\u015fam alanlar\u0131n\u0131n olu\u015fturdu\u011fu bir b\u00fct\u00fcn. T\u00fcrler Foto\u011fraf: \u00a9 Kadir Dabak Foto\u011fraf: \u00a9 ? G\u00f6\u00e7 Yollar\u0131 Ku\u015flar milyonlarca y\u0131ld\u0131r g\u00f6\u00e7 ediyor. K\u0131\u015f aylar\u0131nda kuzey enlemleri so\u011fuk oldu\u011fu i\u00e7in ku\u015flar\u0131n bu alanlarda yiyecek bulmas\u0131 zorla\u015f\u0131yor. Ku\u015flar da beslenebilmek&hellip;","_links":{"self":[{"href":"https:\/\/dogadernegi.org\/tr\/wp-json\/wp\/v2\/pages\/26959","targetHints":{"allow":["GET"]}}],"collection":[{"href":"https:\/\/dogadernegi.org\/tr\/wp-json\/wp\/v2\/pages"}],"about":[{"href":"https:\/\/dogadernegi.org\/tr\/wp-json\/wp\/v2\/types\/page"}],"author":[{"embeddable":true,"href":"https:\/\/dogadernegi.org\/tr\/wp-json\/wp\/v2\/users\/10"}],"replies":[{"embeddable":true,"href":"https:\/\/dogadernegi.org\/tr\/wp-json\/wp\/v2\/comments?post=26959"}],"version-history":[{"count":0,"href":"https:\/\/dogadernegi.org\/tr\/wp-json\/wp\/v2\/pages\/26959\/revisions"}],"up":[{"embeddable":true,"href":"https:\/\/dogadernegi.org\/tr\/wp-json\/wp\/v2\/pages\/24438"}],"wp:featuredmedia":[{"embeddable":true,"href":"https:\/\/dogadernegi.org\/tr\/wp-json\/wp\/v2\/media\/24707"}],"wp:attachment":[{"href":"https:\/\/dogadernegi.org\/tr\/wp-json\/wp\/v2\/media?parent=26959"}],"curies":[{"name":"wp","href":"https:\/\/api.w.org\/{rel}","templated":true}]}}