{"id":27512,"date":"2025-08-24T02:13:20","date_gmt":"2025-08-23T23:13:20","guid":{"rendered":"https:\/\/dogadernegi.org\/?page_id=27512"},"modified":"2025-08-24T02:13:20","modified_gmt":"2025-08-23T23:13:20","slug":"site-haritasi","status":"publish","type":"page","link":"https:\/\/dogadernegi.org\/tr\/site-haritasi\/","title":{"rendered":"Site Haritas\u0131"},"content":{"rendered":"    <h2>Sayfalar<\/h2>\n    <ul>\n        <li class=\"page_item page-item-25060\"><a href=\"https:\/\/dogadernegi.org\/tr\/\">Ba\u015flang\u0131\u00e7<\/a><\/li>\n<li class=\"page_item page-item-24438 page_item_has_children\"><a href=\"https:\/\/dogadernegi.org\/tr\/calismalarimiz\/\">\u00c7al\u0131\u015fmalar\u0131m\u0131z<\/a>\n<ul class='children'>\n\t<li class=\"page_item page-item-26959 page_item_has_children\"><a href=\"https:\/\/dogadernegi.org\/tr\/calismalarimiz\/biyocesitlilik-ve-iklim\/\">Biyo\u00e7e\u015fitlilik ve \u0130klim<\/a>\n\t<ul class='children'>\n\t\t<li class=\"page_item page-item-15621\"><a href=\"https:\/\/dogadernegi.org\/tr\/calismalarimiz\/biyocesitlilik-ve-iklim\/kus-gozlemciligi\/\">Ku\u015f G\u00f6zlemcili\u011fi<\/a><\/li>\n\t\t<li class=\"page_item page-item-25810 page_item_has_children\"><a href=\"https:\/\/dogadernegi.org\/tr\/calismalarimiz\/biyocesitlilik-ve-iklim\/turler\/\">T\u00fcrler<\/a>\n\t\t<ul class='children'>\n\t\t\t<li class=\"page_item page-item-26919\"><a href=\"https:\/\/dogadernegi.org\/tr\/calismalarimiz\/biyocesitlilik-ve-iklim\/turler\/anadolu-parsi\/\">Anadolu pars\u0131<\/a><\/li>\n\t\t\t<li class=\"page_item page-item-26890\"><a href=\"https:\/\/dogadernegi.org\/tr\/calismalarimiz\/biyocesitlilik-ve-iklim\/turler\/balik-baykusu\/\">Bal\u0131k Bayku\u015fu<\/a><\/li>\n\t\t\t<li class=\"page_item page-item-26882\"><a href=\"https:\/\/dogadernegi.org\/tr\/calismalarimiz\/biyocesitlilik-ve-iklim\/turler\/bozkir-kartali\/\">Bozk\u0131r Kartal\u0131<\/a><\/li>\n\t\t\t<li class=\"page_item page-item-26914\"><a href=\"https:\/\/dogadernegi.org\/tr\/calismalarimiz\/biyocesitlilik-ve-iklim\/turler\/dag-horozu\/\">Da\u011f Horozu<\/a><\/li>\n\t\t\t<li class=\"page_item page-item-26861\"><a href=\"https:\/\/dogadernegi.org\/tr\/calismalarimiz\/biyocesitlilik-ve-iklim\/turler\/kelaynak\/\">Kelaynak<\/a><\/li>\n\t\t\t<li class=\"page_item page-item-26854\"><a href=\"https:\/\/dogadernegi.org\/tr\/calismalarimiz\/biyocesitlilik-ve-iklim\/turler\/kucuk-akbaba\/\">K\u00fc\u00e7\u00fck Akbaba<\/a><\/li>\n\t\t\t<li class=\"page_item page-item-26906\"><a href=\"https:\/\/dogadernegi.org\/tr\/calismalarimiz\/biyocesitlilik-ve-iklim\/turler\/leylek\/\">Leylek<\/a><\/li>\n\t\t\t<li class=\"page_item page-item-26877\"><a href=\"https:\/\/dogadernegi.org\/tr\/calismalarimiz\/biyocesitlilik-ve-iklim\/turler\/sah-kartal\/\">\u015eah Kartal<\/a><\/li>\n\t\t\t<li class=\"page_item page-item-26900\"><a href=\"https:\/\/dogadernegi.org\/tr\/calismalarimiz\/biyocesitlilik-ve-iklim\/turler\/surmeli-kizkusu\/\">S\u00fcrmeli K\u0131zku\u015fu<\/a><\/li>\n\t\t\t<li class=\"page_item page-item-26896\"><a href=\"https:\/\/dogadernegi.org\/tr\/calismalarimiz\/biyocesitlilik-ve-iklim\/turler\/toy\/\">Toy<\/a><\/li>\n\t\t\t<li class=\"page_item page-item-26866\"><a href=\"https:\/\/dogadernegi.org\/tr\/calismalarimiz\/biyocesitlilik-ve-iklim\/turler\/turna\/\">Turna<\/a><\/li>\n\t\t\t<li class=\"page_item page-item-26872\"><a href=\"https:\/\/dogadernegi.org\/tr\/calismalarimiz\/biyocesitlilik-ve-iklim\/turler\/yelkovan\/\">Yelkovan<\/a><\/li>\n\t\t<\/ul>\n<\/li>\n\t<\/ul>\n<\/li>\n\t<li class=\"page_item page-item-26533\"><a href=\"https:\/\/dogadernegi.org\/tr\/calismalarimiz\/doga-hareketi\/\">Do\u011fa Hareketi<\/a><\/li>\n\t<li class=\"page_item page-item-26019 page_item_has_children\"><a href=\"https:\/\/dogadernegi.org\/tr\/calismalarimiz\/doga-kulturu\/\">Do\u011fa K\u00fclt\u00fcr\u00fc<\/a>\n\t<ul class='children'>\n\t\t<li class=\"page_item page-item-22923 page_item_has_children\"><a href=\"https:\/\/dogadernegi.org\/tr\/calismalarimiz\/doga-kulturu\/doganin-haklarini-savunmak\/\">Do\u011fan\u0131n Haklar\u0131n\u0131 Savunmak<\/a>\n\t\t<ul class='children'>\n\t\t\t<li class=\"page_item page-item-22926\"><a href=\"https:\/\/dogadernegi.org\/tr\/calismalarimiz\/doga-kulturu\/doganin-haklarini-savunmak\/doga-hakki\/\">Do\u011fa Hakk\u0131<\/a><\/li>\n\t\t\t<li class=\"page_item page-item-22925\"><a href=\"https:\/\/dogadernegi.org\/tr\/calismalarimiz\/doga-kulturu\/doganin-haklarini-savunmak\/iklim-adaleti\/\">\u0130klim Adaleti<\/a><\/li>\n\t\t\t<li class=\"page_item page-item-22928\"><a href=\"https:\/\/dogadernegi.org\/tr\/calismalarimiz\/doga-kulturu\/doganin-haklarini-savunmak\/savunuculuk-ve-hukuki-yontemler\/\">Savunuculuk ve Hukuki Y\u00f6ntemler<\/a><\/li>\n\t\t\t<li class=\"page_item page-item-23348\"><a href=\"https:\/\/dogadernegi.org\/tr\/calismalarimiz\/doga-kulturu\/doganin-haklarini-savunmak\/yaban-hayati-suclari\/\">Yaban Hayat\u0131 Su\u00e7lar\u0131<\/a><\/li>\n\t\t<\/ul>\n<\/li>\n\t<\/ul>\n<\/li>\n\t<li class=\"page_item page-item-25991 page_item_has_children\"><a href=\"https:\/\/dogadernegi.org\/tr\/calismalarimiz\/ekosistemler\/\">Ekosistemler<\/a>\n\t<ul class='children'>\n\t\t<li class=\"page_item page-item-26462 page_item_has_children\"><a href=\"https:\/\/dogadernegi.org\/tr\/calismalarimiz\/ekosistemler\/bozkirlar\/\">Bozk\u0131rlar<\/a>\n\t\t<ul class='children'>\n\t\t\t<li class=\"page_item page-item-26706\"><a href=\"https:\/\/dogadernegi.org\/tr\/calismalarimiz\/ekosistemler\/bozkirlar\/ic-anadolu-bozkirlari\/\">\u0130\u00e7 Anadolu Bozk\u0131rlar\u0131<\/a><\/li>\n\t\t\t<li class=\"page_item page-item-1012\"><a href=\"https:\/\/dogadernegi.org\/tr\/calismalarimiz\/ekosistemler\/bozkirlar\/urfa-bozkirlari\/\">Urfa Bozk\u0131rlar\u0131<\/a><\/li>\n\t\t<\/ul>\n<\/li>\n\t\t<li class=\"page_item page-item-26308 page_item_has_children\"><a href=\"https:\/\/dogadernegi.org\/tr\/calismalarimiz\/ekosistemler\/daglar\/\">Da\u011flar<\/a>\n\t\t<ul class='children'>\n\t\t\t<li class=\"page_item page-item-26312\"><a href=\"https:\/\/dogadernegi.org\/tr\/calismalarimiz\/ekosistemler\/daglar\/bolkar-daglari\/\">Bolkar Da\u011flar\u0131<\/a><\/li>\n\t\t\t<li class=\"page_item page-item-26726\"><a href=\"https:\/\/dogadernegi.org\/tr\/calismalarimiz\/ekosistemler\/daglar\/dogu-karadeniz-daglari\/\">Do\u011fu Karadeniz Da\u011flar\u0131<\/a><\/li>\n\t\t\t<li class=\"page_item page-item-26310\"><a href=\"https:\/\/dogadernegi.org\/tr\/calismalarimiz\/ekosistemler\/daglar\/koroglu-daglari\/\">K\u00f6ro\u011flu Da\u011flar\u0131<\/a><\/li>\n\t\t<\/ul>\n<\/li>\n\t\t<li class=\"page_item page-item-15586\"><a href=\"https:\/\/dogadernegi.org\/tr\/calismalarimiz\/ekosistemler\/ege-zeytin-meralari\/\">Ege Zeytin Meralar\u0131<\/a><\/li>\n\t\t<li class=\"page_item page-item-26469 page_item_has_children\"><a href=\"https:\/\/dogadernegi.org\/tr\/calismalarimiz\/ekosistemler\/ormanlar\/\">Ormanlar<\/a>\n\t\t<ul class='children'>\n\t\t\t<li class=\"page_item page-item-26714\"><a href=\"https:\/\/dogadernegi.org\/tr\/calismalarimiz\/ekosistemler\/ormanlar\/mese-ormanlari\/\">Me\u015fe Ormanlar\u0131<\/a><\/li>\n\t\t<\/ul>\n<\/li>\n\t\t<li class=\"page_item page-item-26269 page_item_has_children\"><a href=\"https:\/\/dogadernegi.org\/tr\/calismalarimiz\/ekosistemler\/sulak-alanlar\/\">Sulak Alanlar<\/a>\n\t\t<ul class='children'>\n\t\t\t<li class=\"page_item page-item-26709\"><a href=\"https:\/\/dogadernegi.org\/tr\/calismalarimiz\/ekosistemler\/sulak-alanlar\/beysehir-golu\/\">Bey\u015fehir G\u00f6l\u00fc<\/a><\/li>\n\t\t\t<li class=\"page_item page-item-26295\"><a href=\"https:\/\/dogadernegi.org\/tr\/calismalarimiz\/ekosistemler\/sulak-alanlar\/gediz-deltasi\/\">Gediz Deltas\u0131<\/a><\/li>\n\t\t\t<li class=\"page_item page-item-993\"><a href=\"https:\/\/dogadernegi.org\/tr\/calismalarimiz\/ekosistemler\/sulak-alanlar\/gediz-deltasi-2\/\">Gediz Deltas\u0131<\/a><\/li>\n\t\t\t<li class=\"page_item page-item-26290\"><a href=\"https:\/\/dogadernegi.org\/tr\/calismalarimiz\/ekosistemler\/sulak-alanlar\/marmara-golu\/\">Marmara G\u00f6l\u00fc<\/a><\/li>\n\t\t\t<li class=\"page_item page-item-26293\"><a href=\"https:\/\/dogadernegi.org\/tr\/calismalarimiz\/ekosistemler\/sulak-alanlar\/tuz-golu\/\">Tuz G\u00f6l\u00fc<\/a><\/li>\n\t\t<\/ul>\n<\/li>\n\t<\/ul>\n<\/li>\n\t<li class=\"page_item page-item-1114 page_item_has_children\"><a href=\"https:\/\/dogadernegi.org\/tr\/calismalarimiz\/onemli-doga-alanlari\/\">\u00d6nemli Do\u011fa Alanlar\u0131<\/a>\n\t<ul class='children'>\n\t\t<li class=\"page_item page-item-15623\"><a href=\"https:\/\/dogadernegi.org\/tr\/calismalarimiz\/onemli-doga-alanlari\/onemli-kus-alanlari\/\">\u00d6nemli Ku\u015f Alanlar\u0131<\/a><\/li>\n\t<\/ul>\n<\/li>\n\t<li class=\"page_item page-item-24644\"><a href=\"https:\/\/dogadernegi.org\/tr\/calismalarimiz\/yayinlar\/\">Yay\u0131nlar<\/a><\/li>\n<\/ul>\n<\/li>\n<li class=\"page_item page-item-26612\"><a href=\"https:\/\/dogadernegi.org\/tr\/dogakutuphanesi\/\">Do\u011fa K\u00fct\u00fcphanesi<\/a><\/li>\n<li class=\"page_item page-item-26598\"><a href=\"https:\/\/dogadernegi.org\/tr\/dogaokulu\/\">Do\u011fa Okulu<\/a><\/li>\n<li class=\"page_item page-item-22051\"><a href=\"https:\/\/dogadernegi.org\/tr\/gizlilik-ilkeleri-ve-politikasi\/\">Gizlilik \u0130lkeleri ve Politikas\u0131<\/a><\/li>\n<li class=\"page_item page-item-96 current_page_parent\"><a href=\"https:\/\/dogadernegi.org\/tr\/haberler\/\">Haberler<\/a><\/li>\n<li class=\"page_item page-item-24224\"><a href=\"https:\/\/dogadernegi.org\/tr\/hakkimizda\/\">Hakk\u0131m\u0131zda<\/a><\/li>\n<li class=\"page_item page-item-959\"><a href=\"https:\/\/dogadernegi.org\/tr\/iletisim\/\">\u0130leti\u015fim<\/a><\/li>\n<li class=\"page_item page-item-27902\"><a href=\"https:\/\/dogadernegi.org\/tr\/izlerimiz\/\">\u0130zlerimiz<\/a><\/li>\n<li class=\"page_item page-item-15643\"><a href=\"https:\/\/dogadernegi.org\/tr\/kadim-uretim-havzalari\/\">Kadim \u00dcretim Havzalar\u0131<\/a><\/li>\n<li class=\"page_item page-item-26586\"><a href=\"https:\/\/dogadernegi.org\/tr\/katil\/\">Kat\u0131l<\/a><\/li>\n<li class=\"page_item page-item-22047\"><a href=\"https:\/\/dogadernegi.org\/tr\/kisisel-verilerin-korunmasi-kanunu-aydinlatma-metni\/\">Ki\u015fisel Verilerin Korunmas\u0131 Kanunu Ayd\u0131nlatma Metni<\/a><\/li>\n<li class=\"page_item page-item-1015\"><a href=\"https:\/\/dogadernegi.org\/tr\/kuslar-icin-guvenli-goc-yollari\/\">Ku\u015flar i\u00e7in G\u00fcvenli G\u00f6\u00e7 Yollar\u0131<\/a><\/li>\n<li class=\"page_item page-item-22055\"><a href=\"https:\/\/dogadernegi.org\/tr\/online-egitim-katilimcilari-i%cc%87cin-aydinlatma-metni\/\">Online E\u011fitim Kat\u0131l\u0131mc\u0131lar\u0131 \u0130\u00e7in Ayd\u0131nlatma Metni<\/a><\/li>\n<li class=\"page_item page-item-27512\"><a href=\"https:\/\/dogadernegi.org\/tr\/site-haritasi\/\">Site Haritas\u0131<\/a><\/li>\n<li class=\"page_item page-item-28159\"><a href=\"https:\/\/dogadernegi.org\/tr\/zeytin-kulturu\/\">Zeytin K\u00fclt\u00fcr\u00fc<\/a><\/li>\n    <\/ul>\n    \n","protected":false},"excerpt":{"rendered":"<p> [&#8230;]<\/p>\n<p><a class=\"dd-btn dd-btn-secondary text-sm\" href=\"https:\/\/dogadernegi.org\/tr\/site-haritasi\/\">Daha Fazlas\u0131n\u0131 Oku&#8230;<span class=\"dd-sr-only\"> from Site Haritas\u0131<\/span><\/a><\/p>\n","protected":false},"author":10,"featured_media":0,"parent":0,"menu_order":0,"comment_status":"closed","ping_status":"closed","template":"","meta":{"_acf_changed":false,"_uag_custom_page_level_css":"","footnotes":""},"class_list":["post-27512","page","type-page","status-publish","hentry"],"acf":[],"uagb_featured_image_src":{"full":false,"thumbnail":false,"medium":false,"medium_large":false,"large":false,"1536x1536":false,"2048x2048":false},"uagb_author_info":{"display_name":"A. Erdem \u015eent\u00fcrk","author_link":"https:\/\/dogadernegi.org\/tr\/author\/erdem\/"},"uagb_comment_info":0,"uagb_excerpt":"[...]Daha Fazlas\u0131n\u0131 Oku... from Site Haritas\u0131","_links":{"self":[{"href":"https:\/\/dogadernegi.org\/tr\/wp-json\/wp\/v2\/pages\/27512","targetHints":{"allow":["GET"]}}],"collection":[{"href":"https:\/\/dogadernegi.org\/tr\/wp-json\/wp\/v2\/pages"}],"about":[{"href":"https:\/\/dogadernegi.org\/tr\/wp-json\/wp\/v2\/types\/page"}],"author":[{"embeddable":true,"href":"https:\/\/dogadernegi.org\/tr\/wp-json\/wp\/v2\/users\/10"}],"replies":[{"embeddable":true,"href":"https:\/\/dogadernegi.org\/tr\/wp-json\/wp\/v2\/comments?post=27512"}],"version-history":[{"count":0,"href":"https:\/\/dogadernegi.org\/tr\/wp-json\/wp\/v2\/pages\/27512\/revisions"}],"wp:attachment":[{"href":"https:\/\/dogadernegi.org\/tr\/wp-json\/wp\/v2\/media?parent=27512"}],"curies":[{"name":"wp","href":"https:\/\/api.w.org\/{rel}","templated":true}]}}