{"id":28159,"date":"2026-03-25T19:53:50","date_gmt":"2026-03-25T16:53:50","guid":{"rendered":"https:\/\/dogadernegi.org\/?page_id=28159"},"modified":"2026-03-25T19:54:57","modified_gmt":"2026-03-25T16:54:57","slug":"zeytin-kulturu","status":"publish","type":"page","link":"https:\/\/dogadernegi.org\/tr\/zeytin-kulturu\/","title":{"rendered":"Zeytin K\u00fclt\u00fcr\u00fc"},"content":{"rendered":"\n<figure class=\"wp-block-image size-large\"><img loading=\"lazy\" decoding=\"async\" width=\"1024\" height=\"576\" src=\"https:\/\/dogadernegi.org\/wp-content\/uploads\/2026\/03\/zeytin_kulturu_min-1024x576.jpg\" alt=\"\" class=\"wp-image-28163\" srcset=\"https:\/\/dogadernegi.org\/wp-content\/uploads\/2026\/03\/zeytin_kulturu_min-1024x576.jpg 1024w, https:\/\/dogadernegi.org\/wp-content\/uploads\/2026\/03\/zeytin_kulturu_min-300x169.jpg 300w, https:\/\/dogadernegi.org\/wp-content\/uploads\/2026\/03\/zeytin_kulturu_min-768x432.jpg 768w, https:\/\/dogadernegi.org\/wp-content\/uploads\/2026\/03\/zeytin_kulturu_min.jpg 1200w\" sizes=\"auto, (max-width: 1024px) 100vw, 1024px\" \/><\/figure>\n\n\n\n<p>\u00d6lmez A\u011fac\u0131n Bilgisi Koruma Alt\u0131nda.<\/p>\n\n\n\n<p>\u201cZeytin Yeti\u015ftiricili\u011fi ile \u0130lgili Geleneksel Bilgi, Y\u00f6ntemler ve Uygulamalar\u201d UNESCO taraf\u0131ndan Acil Koruma Gerektiren Somut Olmayan K\u00fclt\u00fcrel Miras Listesi\u2019ne kaydedildi.<\/p>\n\n\n\n<p>Zeytincilik k\u00fclt\u00fcr\u00fc sayesinde geleneksel bilgi ve \u00fcretim bi\u00e7iminin etraf\u0131nda \u015fekillenen toplumsal uygulamalar ku\u015faktan ku\u015fa\u011fa aktar\u0131lmaya devam edecek. Zeytin a\u015f\u0131lama y\u00f6ntemleri, hasat\u0131, s\u0131k\u0131m\u0131, yard\u0131mla\u015fma gelenekleri ve e\u011flenceleri de art\u0131k korunan birer de\u011fer.<\/p>\n\n\n\n<p>Zeytin k\u00fclt\u00fcr\u00fc ve ekosistemi hakk\u0131nda 2012 y\u0131l\u0131ndan beri \u00e7al\u0131\u015fmalar\u0131m\u0131z devam ediyor. UNESCO s\u00fcrecinde K\u00fclt\u00fcr Bakanl\u0131\u011f\u0131 taraf\u0131ndan haz\u0131rlanan zeytin dosyas\u0131na bilgi ve tecr\u00fcbelerimizle katk\u0131 koyarak bu s\u00fcrecin bir par\u00e7as\u0131 olmaktan \u00e7ok mutluyuz.<\/p>\n\n\n\n<p>\u00c7ok ya\u015fa zeytin a\u011fac\u0131!<\/p>\n","protected":false},"excerpt":{"rendered":"<p>\u00d6lmez A\u011fac\u0131n Bilgisi Koruma Alt\u0131nda. \u201cZeytin Yeti\u015ftiricili\u011fi ile \u0130lgili Geleneksel Bilgi, Y\u00f6ntemler ve Uygulamalar\u201d UNESCO taraf\u0131ndan Acil Koruma Gerektiren Somut Olmayan K\u00fclt\u00fcrel Miras Listesi\u2019ne kaydedildi. Zeytincilik k\u00fclt\u00fcr\u00fc sayesinde geleneksel bilgi ve \u00fcretim bi\u00e7iminin etraf\u0131nda \u015fekillenen toplumsal uygulamalar ku\u015faktan ku\u015fa\u011fa aktar\u0131lmaya devam edecek. Zeytin a\u015f\u0131lama y\u00f6ntemleri, hasat\u0131, s\u0131k\u0131m\u0131, yard\u0131mla\u015fma gelenekleri ve e\u011flenceleri de art\u0131k korunan birer [&#8230;]<\/p>\n<p><a class=\"dd-btn dd-btn-secondary text-sm\" href=\"https:\/\/dogadernegi.org\/tr\/zeytin-kulturu\/\">Daha Fazlas\u0131n\u0131 Oku&#8230;<span class=\"dd-sr-only\"> from Zeytin K\u00fclt\u00fcr\u00fc<\/span><\/a><\/p>\n","protected":false},"author":10,"featured_media":0,"parent":0,"menu_order":0,"comment_status":"closed","ping_status":"closed","template":"","meta":{"_acf_changed":false,"_uag_custom_page_level_css":"","footnotes":""},"class_list":["post-28159","page","type-page","status-publish","hentry"],"acf":[],"uagb_featured_image_src":{"full":false,"thumbnail":false,"medium":false,"medium_large":false,"large":false,"1536x1536":false,"2048x2048":false},"uagb_author_info":{"display_name":"A. Erdem \u015eent\u00fcrk","author_link":"https:\/\/dogadernegi.org\/tr\/author\/erdem\/"},"uagb_comment_info":0,"uagb_excerpt":"\u00d6lmez A\u011fac\u0131n Bilgisi Koruma Alt\u0131nda. \u201cZeytin Yeti\u015ftiricili\u011fi ile \u0130lgili Geleneksel Bilgi, Y\u00f6ntemler ve Uygulamalar\u201d UNESCO taraf\u0131ndan Acil Koruma Gerektiren Somut Olmayan K\u00fclt\u00fcrel Miras Listesi\u2019ne kaydedildi. Zeytincilik k\u00fclt\u00fcr\u00fc sayesinde geleneksel bilgi ve \u00fcretim bi\u00e7iminin etraf\u0131nda \u015fekillenen toplumsal uygulamalar ku\u015faktan ku\u015fa\u011fa aktar\u0131lmaya devam edecek. Zeytin a\u015f\u0131lama y\u00f6ntemleri, hasat\u0131, s\u0131k\u0131m\u0131, yard\u0131mla\u015fma gelenekleri ve e\u011flenceleri de art\u0131k korunan birer&hellip;","_links":{"self":[{"href":"https:\/\/dogadernegi.org\/tr\/wp-json\/wp\/v2\/pages\/28159","targetHints":{"allow":["GET"]}}],"collection":[{"href":"https:\/\/dogadernegi.org\/tr\/wp-json\/wp\/v2\/pages"}],"about":[{"href":"https:\/\/dogadernegi.org\/tr\/wp-json\/wp\/v2\/types\/page"}],"author":[{"embeddable":true,"href":"https:\/\/dogadernegi.org\/tr\/wp-json\/wp\/v2\/users\/10"}],"replies":[{"embeddable":true,"href":"https:\/\/dogadernegi.org\/tr\/wp-json\/wp\/v2\/comments?post=28159"}],"version-history":[{"count":2,"href":"https:\/\/dogadernegi.org\/tr\/wp-json\/wp\/v2\/pages\/28159\/revisions"}],"predecessor-version":[{"id":28164,"href":"https:\/\/dogadernegi.org\/tr\/wp-json\/wp\/v2\/pages\/28159\/revisions\/28164"}],"wp:attachment":[{"href":"https:\/\/dogadernegi.org\/tr\/wp-json\/wp\/v2\/media?parent=28159"}],"curies":[{"name":"wp","href":"https:\/\/api.w.org\/{rel}","templated":true}]}}