{"id":959,"date":"2024-02-14T14:18:00","date_gmt":"2024-02-14T11:18:00","guid":{"rendered":"http:\/\/wp.dogadernegi.net\/?page_id=959"},"modified":"2026-03-31T14:17:38","modified_gmt":"2026-03-31T11:17:38","slug":"iletisim","status":"publish","type":"page","link":"https:\/\/dogadernegi.org\/tr\/iletisim\/","title":{"rendered":"\u0130leti\u015fim"},"content":{"rendered":"\n\n\n<div id=\"iletisim\" class=\"wp-block-uagb-container scroll-margin-top uagb-block-7599560b default uagb-is-root-container\">\n<div class=\"wp-block-uagb-container uagb-block-79b5a2bd\">\n<div class=\"wp-block-uagb-container uagb-block-56dfb987\">\n<div class=\"wp-block-group\"><div class=\"wp-block-group__inner-container is-layout-constrained wp-block-group-is-layout-constrained\">\n<p><strong>Do\u011fa Derne\u011fi Ofisi<\/strong><\/p>\n\n\n\n<p>Adres: Orhanl\u0131 Mahallesi 7102 sokak No:1 Seferihisar\/\u0130zmir<\/p>\n\n\n\n<p>Telefon: 0850 840 60 49<br>Faks: 0850 303 92 12<br>Eposta:&nbsp;<a class=\"link2\" href=\"mailto:doga@dogadernegi.org\">doga@dogadernegi.org<\/a><\/p>\n<\/div><\/div>\n<\/div>\n<\/div>\n<\/div>\n","protected":false},"excerpt":{"rendered":"<p>\u0130leti\u015fim Do\u011fa Derne\u011fi Ofisi Adres: Orhanl\u0131 Mahallesi 7102 sokak No:1 Seferihisar\/\u0130zmir Telefon: 0850 840 60 49Faks: 0850 303 92 12Eposta:&nbsp;doga@dogadernegi.org [&#8230;]<\/p>\n<p><a class=\"dd-btn dd-btn-secondary text-sm\" href=\"https:\/\/dogadernegi.org\/tr\/iletisim\/\">Daha Fazlas\u0131n\u0131 Oku&#8230;<span class=\"dd-sr-only\"> from \u0130leti\u015fim<\/span><\/a><\/p>\n","protected":false},"author":10,"featured_media":0,"parent":0,"menu_order":0,"comment_status":"closed","ping_status":"closed","template":"page-templates\/fullheightcover.php","meta":{"_acf_changed":false,"_uag_custom_page_level_css":"","footnotes":""},"class_list":["post-959","page","type-page","status-publish","hentry"],"acf":[],"uagb_featured_image_src":{"full":false,"thumbnail":false,"medium":false,"medium_large":false,"large":false,"1536x1536":false,"2048x2048":false},"uagb_author_info":{"display_name":"A. Erdem \u015eent\u00fcrk","author_link":"https:\/\/dogadernegi.org\/tr\/author\/erdem\/"},"uagb_comment_info":0,"uagb_excerpt":"\u0130leti\u015fim Do\u011fa Derne\u011fi Ofisi Adres: Orhanl\u0131 Mahallesi 7102 sokak No:1 Seferihisar\/\u0130zmir Telefon: 0850 840 60 49Faks: 0850 303 92 12Eposta:&nbsp;doga@dogadernegi.org [...]Daha Fazlas\u0131n\u0131 Oku... from \u0130leti\u015fim","_links":{"self":[{"href":"https:\/\/dogadernegi.org\/tr\/wp-json\/wp\/v2\/pages\/959","targetHints":{"allow":["GET"]}}],"collection":[{"href":"https:\/\/dogadernegi.org\/tr\/wp-json\/wp\/v2\/pages"}],"about":[{"href":"https:\/\/dogadernegi.org\/tr\/wp-json\/wp\/v2\/types\/page"}],"author":[{"embeddable":true,"href":"https:\/\/dogadernegi.org\/tr\/wp-json\/wp\/v2\/users\/10"}],"replies":[{"embeddable":true,"href":"https:\/\/dogadernegi.org\/tr\/wp-json\/wp\/v2\/comments?post=959"}],"version-history":[{"count":4,"href":"https:\/\/dogadernegi.org\/tr\/wp-json\/wp\/v2\/pages\/959\/revisions"}],"predecessor-version":[{"id":28191,"href":"https:\/\/dogadernegi.org\/tr\/wp-json\/wp\/v2\/pages\/959\/revisions\/28191"}],"wp:attachment":[{"href":"https:\/\/dogadernegi.org\/tr\/wp-json\/wp\/v2\/media?parent=959"}],"curies":[{"name":"wp","href":"https:\/\/api.w.org\/{rel}","templated":true}]}}